{"id":1720,"date":"2025-02-25T12:19:27","date_gmt":"2025-02-25T11:19:27","guid":{"rendered":"https:\/\/evimotor.com\/zasady-ochrany-osobnich-udaju\/"},"modified":"2025-10-29T08:57:52","modified_gmt":"2025-10-29T07:57:52","slug":"zasady-ochrany-osobnich-udaju","status":"publish","type":"page","link":"https:\/\/evimotor.com\/cs\/zasady-ochrany-osobnich-udaju\/","title":{"rendered":"Z\u00e1sady ochrany osobn\u00edch \u00fadaj\u016f"},"content":{"rendered":"\t\t<div data-elementor-type=\"wp-page\" data-elementor-id=\"1720\" class=\"elementor elementor-1720 elementor-3\" data-elementor-post-type=\"page\">\n\t\t\t\t<div class=\"elementor-element elementor-element-7b536ac e-flex e-con-boxed e-con e-parent\" data-id=\"7b536ac\" data-element_type=\"container\" data-e-type=\"container\" data-settings=\"{&quot;background_background&quot;:&quot;classic&quot;}\">\n\t\t\t\t\t<div class=\"e-con-inner\">\n\t\t\t\t<div class=\"elementor-element elementor-element-978c179 elementor-widget elementor-widget-spacer\" data-id=\"978c179\" data-element_type=\"widget\" data-e-type=\"widget\" data-widget_type=\"spacer.default\">\n\t\t\t\t<div class=\"elementor-widget-container\">\n\t\t\t\t\t\t\t<div class=\"elementor-spacer\">\n\t\t\t<div class=\"elementor-spacer-inner\"><\/div>\n\t\t<\/div>\n\t\t\t\t\t\t<\/div>\n\t\t\t\t<\/div>\n\t\t\t\t\t<\/div>\n\t\t\t\t<\/div>\n\t\t<div class=\"elementor-element elementor-element-9deb7f0 e-flex e-con-boxed e-con e-parent\" data-id=\"9deb7f0\" data-element_type=\"container\" data-e-type=\"container\" data-settings=\"{&quot;background_background&quot;:&quot;classic&quot;}\">\n\t\t\t\t\t<div class=\"e-con-inner\">\n\t\t\t\t<div class=\"elementor-element elementor-element-84979ab elementor-widget__width-inherit elementor-invisible elementor-widget elementor-widget-text-editor\" data-id=\"84979ab\" data-element_type=\"widget\" data-e-type=\"widget\" data-settings=\"{&quot;_animation&quot;:&quot;fadeIn&quot;}\" data-widget_type=\"text-editor.default\">\n\t\t\t\t<div class=\"elementor-widget-container\">\n\t\t\t\t\t\t\t\t\t<p>Evi Country<\/p>\n\t\t\t\t\t\t\t\t<\/div>\n\t\t\t\t<\/div>\n\t\t\t\t<div class=\"elementor-element elementor-element-8851182 elementor-widget elementor-widget-text-editor\" data-id=\"8851182\" data-element_type=\"widget\" data-e-type=\"widget\" data-widget_type=\"text-editor.default\">\n\t\t\t\t<div class=\"elementor-widget-container\">\n\t\t\t\t\t\t\t\t\t<p>Tyto informace jsou poskytov\u00e1ny v souladu s \u010dl\u00e1nkem 13 obecn\u00e9ho evropsk\u00e9ho na\u0159\u00edzen\u00ed o ochran\u011b osobn\u00edch \u00fadaj\u016f (na\u0159\u00edzen\u00ed EU 2016\/679).<\/p>\n<p>Tyto informace se vztahuj\u00ed pouze na webov\u00e9 str\u00e1nky www.evimotor.com spole\u010dnosti Evitalia, nikoli na jin\u00e9 webov\u00e9 str\u00e1nky, kter\u00e9 u\u017eivatel p\u0159\u00edpadn\u011b nav\u0161t\u00edv\u00ed prost\u0159ednictv\u00edm odkaz\u016f.<\/p>\n<p><b><strong>Spr\u00e1vce \u00fadaj\u016f<\/strong><\/b><\/p>\n<p>V souladu s na\u0159\u00edzen\u00edm ES 2016\/679 (GDPR) se prohla\u0161uje, \u017ee spr\u00e1vcem \u00fadaj\u016f je spole\u010dnost \u201eEvitalia\u201c, DI\u010c IT04398180242, se s\u00eddlem Via Riale, 3 &#8211; 36040 Grumolo delle Abbadesse (VI) It\u00e1lie.<\/p>\n<p><b><strong>M\u00edsto zpracov\u00e1n\u00ed \u00fadaj\u016f<\/strong><\/b><\/p>\n<p>Zpracov\u00e1n\u00ed souvisej\u00edc\u00ed s webov\u00fdmi slu\u017ebami tohoto webu se prov\u00e1d\u00ed v v\u00fd\u0161e uveden\u00e9m s\u00eddle a zaji\u0161\u0165uje jej pouze person\u00e1l pov\u011b\u0159en\u00fd zpracov\u00e1n\u00edm nebo p\u0159\u00edpadn\u00ed pracovn\u00edci pov\u011b\u0159en\u00ed p\u0159\u00edle\u017eitostn\u00fdmi \u00fadr\u017ebov\u00fdmi pracemi. Osobn\u00ed \u00fadaje poskytnut\u00e9 u\u017eivateli, kte\u0159\u00ed zas\u00edlaj\u00ed konkr\u00e9tn\u00ed po\u017eadavky, se pou\u017e\u00edvaj\u00ed v\u00fdhradn\u011b za \u00fa\u010delem p\u0159\u00edpadn\u00e9ho proveden\u00ed po\u017eadovan\u00e9 slu\u017eby nebo v\u00fdkonu a jsou sd\u011blov\u00e1ny t\u0159et\u00edm stran\u00e1m pouze v p\u0159\u00edpad\u011b, \u017ee je to nezbytn\u00e9 pro tento \u00fa\u010del.<\/p>\n<h4>Typy zpracov\u00e1van\u00fdch \u00fadaj\u016f a \u00fa\u010del<\/h4>\n<p><b><strong>Naviga\u010dn\u00ed \u00fadaje<\/strong><\/b><\/p>\n<p>Po\u010d\u00edta\u010dov\u00e9 syst\u00e9my a softwarov\u00e9 postupy pou\u017e\u00edvan\u00e9 pro provoz t\u00e9to internetov\u00e9 str\u00e1nky shroma\u017e\u010fuj\u00ed b\u011bhem sv\u00e9ho b\u011b\u017en\u00e9ho provozu n\u011bkter\u00e9 osobn\u00ed \u00fadaje, jejich\u017e p\u0159enos je implicitn\u00ed p\u0159i pou\u017e\u00edv\u00e1n\u00ed internetov\u00fdch komunika\u010dn\u00edch protokol\u016f. Jedn\u00e1 se o informace, kter\u00e9 nejsou shroma\u017e\u010fov\u00e1ny za \u00fa\u010delem spojen\u00ed s identifikovan\u00fdmi osobami, ale kter\u00e9 by svou povahou mohly prost\u0159ednictv\u00edm zpracov\u00e1n\u00ed a spojen\u00ed s \u00fadaji dr\u017een\u00fdmi t\u0159et\u00edmi stranami umo\u017enit identifikaci u\u017eivatel\u016f.<\/p>\n<p>Tyto \u00fadaje se pou\u017e\u00edvaj\u00ed v\u00fdhradn\u011b k z\u00edsk\u00e1n\u00ed anonymn\u00edch statistick\u00fdch informac\u00ed o pou\u017e\u00edv\u00e1n\u00ed webu a ke kontrole jeho spr\u00e1vn\u00e9ho fungov\u00e1n\u00ed.<\/p>\n<p><b><strong>\u00dadaje poskytnut\u00e9 u\u017eivatelem dobrovoln\u011b<\/strong><\/b><\/p>\n<p>Dobrovoln\u00e9, v\u00fdslovn\u00e9 a dobrovoln\u00e9 zasl\u00e1n\u00ed e-mailu na adresy uveden\u00e9 na tomto webu m\u00e1 za n\u00e1sledek n\u00e1sledn\u00e9 z\u00edsk\u00e1n\u00ed adresy odes\u00edlatele, kter\u00e1 je nezbytn\u00e1 pro odpov\u011b\u010f na dotazy, jako\u017e i p\u0159\u00edpadn\u00fdch dal\u0161\u00edch osobn\u00edch \u00fadaj\u016f uveden\u00fdch v dopise.<\/p>\n<p><b><strong>Cookies<\/strong><\/b><\/p>\n<p>Pou\u017e\u00edv\u00e1n\u00ed session cookies je nezbytn\u00e9 pro optimalizaci pou\u017e\u00edv\u00e1n\u00ed webov\u00fdch str\u00e1nek a slou\u017e\u00ed tedy v\u00fdhradn\u011b k zaji\u0161t\u011bn\u00ed lep\u0161\u00ed navigace v r\u00e1mci t\u011bchto str\u00e1nek. Jin\u00e9 internetov\u00e9 adresy, na kter\u00e9 mohou tyto str\u00e1nky odkazovat, mohou obsahovat syst\u00e9my sledov\u00e1n\u00ed, s nimi\u017e provozovatel t\u011bchto str\u00e1nek nem\u00e1 nic spole\u010dn\u00e9ho<\/p>\n<p><b><strong>Dobrovolnost poskytov\u00e1n\u00ed \u00fadaj\u016f<\/strong><\/b><\/p>\n<p>Krom\u011b toho, co je uvedeno pro \u00fadaje o prohl\u00ed\u017een\u00ed, m\u00e1 u\u017eivatel mo\u017enost poskytnout osobn\u00ed \u00fadaje, pokud je to po\u017eadov\u00e1no v p\u0159\u00edslu\u0161n\u00fdch \u010d\u00e1stech webu. Neposkytnut\u00ed t\u011bchto \u00fadaj\u016f v\u0161ak m\u016f\u017ee m\u00edt za n\u00e1sledek nemo\u017enost z\u00edskat po\u017eadovan\u00e9 informace.<\/p>\n<p><b><strong>Zp\u016fsob zpracov\u00e1n\u00ed<\/strong><\/b><\/p>\n<p>Osobn\u00ed \u00fadaje jsou zpracov\u00e1v\u00e1ny automatizovan\u00fdmi n\u00e1stroji po dobu nezbytn\u011b nutnou k dosa\u017een\u00ed \u00fa\u010del\u016f, pro kter\u00e9 byly shrom\u00e1\u017ed\u011bny. Specifick\u00e1 bezpe\u010dnostn\u00ed opat\u0159en\u00ed, jak stanov\u00ed \u010dl. 32 na\u0159\u00edzen\u00ed EU 2016\/679, jsou dodr\u017eov\u00e1na, aby se zabr\u00e1nilo ztr\u00e1t\u011b \u00fadaj\u016f, nez\u00e1konn\u00e9mu nebo nespr\u00e1vn\u00e9mu pou\u017eit\u00ed a neopr\u00e1vn\u011bn\u00e9mu p\u0159\u00edstupu.<\/p>\n<p><b><strong>Pr\u00e1va dot\u010den\u00fdch osob<\/strong><\/b><\/p>\n<p>V souladu s \u010dl\u00e1nky 15, 16, 17 a 18 na\u0159\u00edzen\u00ed EU 2016\/679 maj\u00ed subjekty, kter\u00fdch se osobn\u00ed \u00fadaje t\u00fdkaj\u00ed, pr\u00e1vo kdykoli z\u00edskat potvrzen\u00ed o existenci nebo neexistenci t\u011bchto \u00fadaj\u016f, zn\u00e1t jejich obsah a p\u016fvod, ov\u011b\u0159it jejich spr\u00e1vnost nebo po\u017e\u00e1dat o jejich dopln\u011bn\u00ed, aktualizaci nebo opravu, po\u017e\u00e1dat o jejich vymaz\u00e1n\u00ed, anonymizaci nebo blokov\u00e1n\u00ed \u00fadaj\u016f zpracov\u00e1van\u00fdch v rozporu se z\u00e1konem, jako\u017e i v ka\u017ed\u00e9m p\u0159\u00edpad\u011b z opr\u00e1vn\u011bn\u00fdch d\u016fvod\u016f vzn\u00e9st n\u00e1mitku proti jejich zpracov\u00e1n\u00ed.<\/p>\n<p><b><strong>Kontakty<\/strong><\/b><\/p>\n<p>Chcete-li uplatnit kter\u00e9koli ze sv\u00fdch pr\u00e1v nebo v p\u0159\u00edpad\u011b dal\u0161\u00edch dotaz\u016f \u010di st\u00ed\u017enost\u00ed t\u00fdkaj\u00edc\u00edch se na\u0161eho pou\u017e\u00edv\u00e1n\u00ed osobn\u00edch \u00fadaj\u016f a ochrany soukrom\u00ed, obra\u0165te se na \u201eEvitalia\u201c Via Riale, 3 &#8211; 36040 Grumolo delle Abbadesse (VI) It\u00e1lie.<\/p>\n<p>M\u00e1te tak\u00e9 pr\u00e1vo podat st\u00ed\u017enost u dozorov\u00e9ho \u00fa\u0159adu, kter\u00fd je v It\u00e1lii z\u0159\u00edzen u Garante per la protezione dei dati personali (www.garanteprivacy.it).<\/p>\n\t\t\t\t\t\t\t\t<\/div>\n\t\t\t\t<\/div>\n\t\t\t\t\t<\/div>\n\t\t\t\t<\/div>\n\t\t\t\t<\/div>\n\t\t","protected":false},"excerpt":{"rendered":"<p>Evi Country Tyto informace jsou poskytov\u00e1ny v souladu s \u010dl\u00e1nkem 13 obecn\u00e9ho evropsk\u00e9ho na\u0159\u00edzen\u00ed o ochran\u011b osobn\u00edch \u00fadaj\u016f (na\u0159\u00edzen\u00ed EU 2016\/679). Tyto informace se vztahuj\u00ed pouze na webov\u00e9 str\u00e1nky www.evimotor.com spole\u010dnosti Evitalia, nikoli na jin\u00e9 webov\u00e9 str\u00e1nky, kter\u00e9 u\u017eivatel p\u0159\u00edpadn\u011b nav\u0161t\u00edv\u00ed prost\u0159ednictv\u00edm odkaz\u016f. Spr\u00e1vce \u00fadaj\u016f V souladu s na\u0159\u00edzen\u00edm ES 2016\/679 (GDPR) se prohla\u0161uje, \u017ee [&hellip;]<\/p>\n","protected":false},"author":1,"featured_media":0,"parent":0,"menu_order":0,"comment_status":"closed","ping_status":"closed","template":"elementor_header_footer","meta":{"footnotes":""},"class_list":["post-1720","page","type-page","status-publish","hentry"],"yoast_head":"<!-- This site is optimized with the Yoast SEO plugin v27.2 - https:\/\/yoast.com\/product\/yoast-seo-wordpress\/ -->\n<title>Z\u00e1sady ochrany osobn\u00edch \u00fadaj\u016f - Evimotor<\/title>\n<meta name=\"robots\" content=\"index, follow, max-snippet:-1, max-image-preview:large, max-video-preview:-1\" \/>\n<link rel=\"canonical\" href=\"https:\/\/evimotor.com\/cs\/zasady-ochrany-osobnich-udaju\/\" \/>\n<meta property=\"og:locale\" content=\"cs_CZ\" \/>\n<meta property=\"og:type\" content=\"article\" \/>\n<meta property=\"og:title\" content=\"Z\u00e1sady ochrany osobn\u00edch \u00fadaj\u016f - Evimotor\" \/>\n<meta property=\"og:description\" content=\"Evi Country Tyto informace jsou poskytov\u00e1ny v souladu s \u010dl\u00e1nkem 13 obecn\u00e9ho evropsk\u00e9ho na\u0159\u00edzen\u00ed o ochran\u011b osobn\u00edch \u00fadaj\u016f (na\u0159\u00edzen\u00ed EU 2016\/679). Tyto informace se vztahuj\u00ed pouze na webov\u00e9 str\u00e1nky www.evimotor.com spole\u010dnosti Evitalia, nikoli na jin\u00e9 webov\u00e9 str\u00e1nky, kter\u00e9 u\u017eivatel p\u0159\u00edpadn\u011b nav\u0161t\u00edv\u00ed prost\u0159ednictv\u00edm odkaz\u016f. Spr\u00e1vce \u00fadaj\u016f V souladu s na\u0159\u00edzen\u00edm ES 2016\/679 (GDPR) se prohla\u0161uje, \u017ee [&hellip;]\" \/>\n<meta property=\"og:url\" content=\"https:\/\/evimotor.com\/cs\/zasady-ochrany-osobnich-udaju\/\" \/>\n<meta property=\"og:site_name\" content=\"Evimotor\" \/>\n<meta property=\"article:modified_time\" content=\"2025-10-29T07:57:52+00:00\" \/>\n<meta name=\"twitter:card\" content=\"summary_large_image\" \/>\n<meta name=\"twitter:label1\" content=\"Odhadovan\u00e1 doba \u010dten\u00ed\" \/>\n\t<meta name=\"twitter:data1\" content=\"4 minuty\" \/>\n<script type=\"application\/ld+json\" class=\"yoast-schema-graph\">{\"@context\":\"https:\/\/schema.org\",\"@graph\":[{\"@type\":\"WebPage\",\"@id\":\"https:\/\/evimotor.com\/cs\/zasady-ochrany-osobnich-udaju\/\",\"url\":\"https:\/\/evimotor.com\/cs\/zasady-ochrany-osobnich-udaju\/\",\"name\":\"Z\u00e1sady ochrany osobn\u00edch \u00fadaj\u016f - Evimotor\",\"isPartOf\":{\"@id\":\"https:\/\/evimotor.com\/cs\/#website\"},\"datePublished\":\"2025-02-25T11:19:27+00:00\",\"dateModified\":\"2025-10-29T07:57:52+00:00\",\"breadcrumb\":{\"@id\":\"https:\/\/evimotor.com\/cs\/zasady-ochrany-osobnich-udaju\/#breadcrumb\"},\"inLanguage\":\"cs\",\"potentialAction\":[{\"@type\":\"ReadAction\",\"target\":[\"https:\/\/evimotor.com\/cs\/zasady-ochrany-osobnich-udaju\/\"]}]},{\"@type\":\"BreadcrumbList\",\"@id\":\"https:\/\/evimotor.com\/cs\/zasady-ochrany-osobnich-udaju\/#breadcrumb\",\"itemListElement\":[{\"@type\":\"ListItem\",\"position\":1,\"name\":\"Home\",\"item\":\"https:\/\/evimotor.com\/cs\/\"},{\"@type\":\"ListItem\",\"position\":2,\"name\":\"Z\u00e1sady ochrany osobn\u00edch \u00fadaj\u016f\"}]},{\"@type\":\"WebSite\",\"@id\":\"https:\/\/evimotor.com\/cs\/#website\",\"url\":\"https:\/\/evimotor.com\/cs\/\",\"name\":\"Evimotor\",\"description\":\"Electric Vehicles Italia\",\"publisher\":{\"@id\":\"https:\/\/evimotor.com\/cs\/#organization\"},\"potentialAction\":[{\"@type\":\"SearchAction\",\"target\":{\"@type\":\"EntryPoint\",\"urlTemplate\":\"https:\/\/evimotor.com\/cs\/?s={search_term_string}\"},\"query-input\":{\"@type\":\"PropertyValueSpecification\",\"valueRequired\":true,\"valueName\":\"search_term_string\"}}],\"inLanguage\":\"cs\"},{\"@type\":\"Organization\",\"@id\":\"https:\/\/evimotor.com\/cs\/#organization\",\"name\":\"Evimotor\",\"url\":\"https:\/\/evimotor.com\/cs\/\",\"logo\":{\"@type\":\"ImageObject\",\"inLanguage\":\"cs\",\"@id\":\"https:\/\/evimotor.com\/cs\/#\/schema\/logo\/image\/\",\"url\":\"https:\/\/evimotor.com\/wp-content\/uploads\/2025\/02\/logo-evimotor.png\",\"contentUrl\":\"https:\/\/evimotor.com\/wp-content\/uploads\/2025\/02\/logo-evimotor.png\",\"width\":594,\"height\":110,\"caption\":\"Evimotor\"},\"image\":{\"@id\":\"https:\/\/evimotor.com\/cs\/#\/schema\/logo\/image\/\"}}]}<\/script>\n<!-- \/ Yoast SEO plugin. -->","yoast_head_json":{"title":"Z\u00e1sady ochrany osobn\u00edch \u00fadaj\u016f - Evimotor","robots":{"index":"index","follow":"follow","max-snippet":"max-snippet:-1","max-image-preview":"max-image-preview:large","max-video-preview":"max-video-preview:-1"},"canonical":"https:\/\/evimotor.com\/cs\/zasady-ochrany-osobnich-udaju\/","og_locale":"cs_CZ","og_type":"article","og_title":"Z\u00e1sady ochrany osobn\u00edch \u00fadaj\u016f - Evimotor","og_description":"Evi Country Tyto informace jsou poskytov\u00e1ny v souladu s \u010dl\u00e1nkem 13 obecn\u00e9ho evropsk\u00e9ho na\u0159\u00edzen\u00ed o ochran\u011b osobn\u00edch \u00fadaj\u016f (na\u0159\u00edzen\u00ed EU 2016\/679). Tyto informace se vztahuj\u00ed pouze na webov\u00e9 str\u00e1nky www.evimotor.com spole\u010dnosti Evitalia, nikoli na jin\u00e9 webov\u00e9 str\u00e1nky, kter\u00e9 u\u017eivatel p\u0159\u00edpadn\u011b nav\u0161t\u00edv\u00ed prost\u0159ednictv\u00edm odkaz\u016f. Spr\u00e1vce \u00fadaj\u016f V souladu s na\u0159\u00edzen\u00edm ES 2016\/679 (GDPR) se prohla\u0161uje, \u017ee [&hellip;]","og_url":"https:\/\/evimotor.com\/cs\/zasady-ochrany-osobnich-udaju\/","og_site_name":"Evimotor","article_modified_time":"2025-10-29T07:57:52+00:00","twitter_card":"summary_large_image","twitter_misc":{"Odhadovan\u00e1 doba \u010dten\u00ed":"4 minuty"},"schema":{"@context":"https:\/\/schema.org","@graph":[{"@type":"WebPage","@id":"https:\/\/evimotor.com\/cs\/zasady-ochrany-osobnich-udaju\/","url":"https:\/\/evimotor.com\/cs\/zasady-ochrany-osobnich-udaju\/","name":"Z\u00e1sady ochrany osobn\u00edch \u00fadaj\u016f - Evimotor","isPartOf":{"@id":"https:\/\/evimotor.com\/cs\/#website"},"datePublished":"2025-02-25T11:19:27+00:00","dateModified":"2025-10-29T07:57:52+00:00","breadcrumb":{"@id":"https:\/\/evimotor.com\/cs\/zasady-ochrany-osobnich-udaju\/#breadcrumb"},"inLanguage":"cs","potentialAction":[{"@type":"ReadAction","target":["https:\/\/evimotor.com\/cs\/zasady-ochrany-osobnich-udaju\/"]}]},{"@type":"BreadcrumbList","@id":"https:\/\/evimotor.com\/cs\/zasady-ochrany-osobnich-udaju\/#breadcrumb","itemListElement":[{"@type":"ListItem","position":1,"name":"Home","item":"https:\/\/evimotor.com\/cs\/"},{"@type":"ListItem","position":2,"name":"Z\u00e1sady ochrany osobn\u00edch \u00fadaj\u016f"}]},{"@type":"WebSite","@id":"https:\/\/evimotor.com\/cs\/#website","url":"https:\/\/evimotor.com\/cs\/","name":"Evimotor","description":"Electric Vehicles Italia","publisher":{"@id":"https:\/\/evimotor.com\/cs\/#organization"},"potentialAction":[{"@type":"SearchAction","target":{"@type":"EntryPoint","urlTemplate":"https:\/\/evimotor.com\/cs\/?s={search_term_string}"},"query-input":{"@type":"PropertyValueSpecification","valueRequired":true,"valueName":"search_term_string"}}],"inLanguage":"cs"},{"@type":"Organization","@id":"https:\/\/evimotor.com\/cs\/#organization","name":"Evimotor","url":"https:\/\/evimotor.com\/cs\/","logo":{"@type":"ImageObject","inLanguage":"cs","@id":"https:\/\/evimotor.com\/cs\/#\/schema\/logo\/image\/","url":"https:\/\/evimotor.com\/wp-content\/uploads\/2025\/02\/logo-evimotor.png","contentUrl":"https:\/\/evimotor.com\/wp-content\/uploads\/2025\/02\/logo-evimotor.png","width":594,"height":110,"caption":"Evimotor"},"image":{"@id":"https:\/\/evimotor.com\/cs\/#\/schema\/logo\/image\/"}}]}},"_links":{"self":[{"href":"https:\/\/evimotor.com\/cs\/wp-json\/wp\/v2\/pages\/1720","targetHints":{"allow":["GET"]}}],"collection":[{"href":"https:\/\/evimotor.com\/cs\/wp-json\/wp\/v2\/pages"}],"about":[{"href":"https:\/\/evimotor.com\/cs\/wp-json\/wp\/v2\/types\/page"}],"author":[{"embeddable":true,"href":"https:\/\/evimotor.com\/cs\/wp-json\/wp\/v2\/users\/1"}],"replies":[{"embeddable":true,"href":"https:\/\/evimotor.com\/cs\/wp-json\/wp\/v2\/comments?post=1720"}],"version-history":[{"count":1,"href":"https:\/\/evimotor.com\/cs\/wp-json\/wp\/v2\/pages\/1720\/revisions"}],"predecessor-version":[{"id":1721,"href":"https:\/\/evimotor.com\/cs\/wp-json\/wp\/v2\/pages\/1720\/revisions\/1721"}],"wp:attachment":[{"href":"https:\/\/evimotor.com\/cs\/wp-json\/wp\/v2\/media?parent=1720"}],"curies":[{"name":"wp","href":"https:\/\/api.w.org\/{rel}","templated":true}]}}