{"id":1722,"date":"2025-05-16T08:55:26","date_gmt":"2025-05-16T06:55:26","guid":{"rendered":"https:\/\/evimotor.com\/volitelne\/"},"modified":"2025-10-29T08:59:21","modified_gmt":"2025-10-29T07:59:21","slug":"volitelne","status":"publish","type":"page","link":"https:\/\/evimotor.com\/cs\/volitelne\/","title":{"rendered":"Voliteln\u00e9"},"content":{"rendered":"\t\t<div data-elementor-type=\"wp-page\" data-elementor-id=\"1722\" class=\"elementor elementor-1722 elementor-674\" data-elementor-post-type=\"page\">\n\t\t\t\t<div class=\"elementor-element elementor-element-86945d0 e-flex e-con-boxed e-con e-parent\" data-id=\"86945d0\" data-element_type=\"container\" data-e-type=\"container\" data-settings=\"{&quot;background_background&quot;:&quot;classic&quot;}\">\n\t\t\t\t\t<div class=\"e-con-inner\">\n\t\t\t\t<div class=\"elementor-element elementor-element-10e6b24 elementor-widget elementor-widget-spacer\" data-id=\"10e6b24\" data-element_type=\"widget\" data-e-type=\"widget\" data-widget_type=\"spacer.default\">\n\t\t\t\t<div class=\"elementor-widget-container\">\n\t\t\t\t\t\t\t<div class=\"elementor-spacer\">\n\t\t\t<div class=\"elementor-spacer-inner\"><\/div>\n\t\t<\/div>\n\t\t\t\t\t\t<\/div>\n\t\t\t\t<\/div>\n\t\t\t\t\t<\/div>\n\t\t\t\t<\/div>\n\t\t<div class=\"elementor-element elementor-element-f9c5022 e-flex e-con-boxed e-con e-parent\" data-id=\"f9c5022\" data-element_type=\"container\" data-e-type=\"container\" data-settings=\"{&quot;background_background&quot;:&quot;classic&quot;}\">\n\t\t\t\t\t<div class=\"e-con-inner\">\n\t\t\t\t<div class=\"elementor-element elementor-element-4c5249a elementor-widget__width-inherit elementor-invisible elementor-widget elementor-widget-text-editor\" data-id=\"4c5249a\" data-element_type=\"widget\" data-e-type=\"widget\" data-settings=\"{&quot;_animation&quot;:&quot;fadeIn&quot;}\" data-widget_type=\"text-editor.default\">\n\t\t\t\t<div class=\"elementor-widget-container\">\n\t\t\t\t\t\t\t\t\t<p>Evi Country<\/p>\n\t\t\t\t\t\t\t\t<\/div>\n\t\t\t\t<\/div>\n\t\t\t\t<div class=\"elementor-element elementor-element-f9376a9 elementor-invisible elementor-widget elementor-widget-heading\" data-id=\"f9376a9\" data-element_type=\"widget\" data-e-type=\"widget\" data-settings=\"{&quot;_animation&quot;:&quot;fadeIn&quot;,&quot;_animation_delay&quot;:200}\" data-widget_type=\"heading.default\">\n\t\t\t\t<div class=\"elementor-widget-container\">\n\t\t\t\t\t<h2 class=\"elementor-heading-title elementor-size-default\">Voliteln\u00e9<\/h2>\t\t\t\t<\/div>\n\t\t\t\t<\/div>\n\t\t\t\t<div class=\"elementor-element elementor-element-0bfd817 elementor-widget elementor-widget-text-editor\" data-id=\"0bfd817\" data-element_type=\"widget\" data-e-type=\"widget\" data-widget_type=\"text-editor.default\">\n\t\t\t\t<div class=\"elementor-widget-container\">\n\t\t\t\t\t\t\t\t\t<p>Na\u0161e vozidlo disponuje \u0159adou <b>dopl\u0148kov\u00fdch mo\u017enost\u00ed<\/b>, kter\u00e9 dopl\u0148uj\u00ed standardn\u00ed integrovan\u00e9 funkce.<\/p>\n\t\t\t\t\t\t\t\t<\/div>\n\t\t\t\t<\/div>\n\t\t<div class=\"elementor-element elementor-element-1006bf6 e-grid e-con-full e-con e-child\" data-id=\"1006bf6\" data-element_type=\"container\" data-e-type=\"container\">\n\t\t<div class=\"elementor-element elementor-element-d66ee06 e-con-full e-flex e-con e-child\" data-id=\"d66ee06\" data-element_type=\"container\" data-e-type=\"container\">\n\t\t\t\t<div class=\"elementor-element elementor-element-378656e elementor-widget elementor-widget-image\" data-id=\"378656e\" data-element_type=\"widget\" data-e-type=\"widget\" data-widget_type=\"image.default\">\n\t\t\t\t<div class=\"elementor-widget-container\">\n\t\t\t\t\t\t\t\t\t\t\t\t\t\t\t<img fetchpriority=\"high\" decoding=\"async\" width=\"1920\" height=\"1371\" src=\"https:\/\/evimotor.com\/wp-content\/uploads\/2025\/05\/Gomme-off-road_immagine-01b.jpg\" class=\"attachment-full size-full wp-image-1725\" alt=\"\" srcset=\"https:\/\/evimotor.com\/wp-content\/uploads\/2025\/05\/Gomme-off-road_immagine-01b.jpg 1920w, https:\/\/evimotor.com\/wp-content\/uploads\/2025\/05\/Gomme-off-road_immagine-01b-300x214.jpg 300w, https:\/\/evimotor.com\/wp-content\/uploads\/2025\/05\/Gomme-off-road_immagine-01b-1024x731.jpg 1024w, https:\/\/evimotor.com\/wp-content\/uploads\/2025\/05\/Gomme-off-road_immagine-01b-768x548.jpg 768w, https:\/\/evimotor.com\/wp-content\/uploads\/2025\/05\/Gomme-off-road_immagine-01b-1536x1097.jpg 1536w\" sizes=\"(max-width: 1920px) 100vw, 1920px\" \/>\t\t\t\t\t\t\t\t\t\t\t\t\t\t\t<\/div>\n\t\t\t\t<\/div>\n\t\t\t\t<div class=\"elementor-element elementor-element-1a62afe elementor-widget elementor-widget-heading\" data-id=\"1a62afe\" data-element_type=\"widget\" data-e-type=\"widget\" data-widget_type=\"heading.default\">\n\t\t\t\t<div class=\"elementor-widget-container\">\n\t\t\t\t\t<h6 class=\"elementor-heading-title elementor-size-default\">Ter\u00e9nn\u00ed pneumatiky<\/h6>\t\t\t\t<\/div>\n\t\t\t\t<\/div>\n\t\t\t\t<\/div>\n\t\t<div class=\"elementor-element elementor-element-adc1113 e-con-full e-flex e-con e-child\" data-id=\"adc1113\" data-element_type=\"container\" data-e-type=\"container\">\n\t\t\t\t<div class=\"elementor-element elementor-element-f5bd113 elementor-widget elementor-widget-image\" data-id=\"f5bd113\" data-element_type=\"widget\" data-e-type=\"widget\" data-widget_type=\"image.default\">\n\t\t\t\t<div class=\"elementor-widget-container\">\n\t\t\t\t\t\t\t\t\t\t\t\t\t\t\t<img decoding=\"async\" width=\"1112\" height=\"794\" src=\"https:\/\/evimotor.com\/wp-content\/uploads\/2025\/05\/Gancio-traino-per-rimorchio-stradle-e-agricolo.jpg\" class=\"attachment-full size-full wp-image-1724\" alt=\"\" srcset=\"https:\/\/evimotor.com\/wp-content\/uploads\/2025\/05\/Gancio-traino-per-rimorchio-stradle-e-agricolo.jpg 1112w, https:\/\/evimotor.com\/wp-content\/uploads\/2025\/05\/Gancio-traino-per-rimorchio-stradle-e-agricolo-300x214.jpg 300w, https:\/\/evimotor.com\/wp-content\/uploads\/2025\/05\/Gancio-traino-per-rimorchio-stradle-e-agricolo-1024x731.jpg 1024w, https:\/\/evimotor.com\/wp-content\/uploads\/2025\/05\/Gancio-traino-per-rimorchio-stradle-e-agricolo-768x548.jpg 768w\" sizes=\"(max-width: 1112px) 100vw, 1112px\" \/>\t\t\t\t\t\t\t\t\t\t\t\t\t\t\t<\/div>\n\t\t\t\t<\/div>\n\t\t\t\t<div class=\"elementor-element elementor-element-91936f9 elementor-widget elementor-widget-heading\" data-id=\"91936f9\" data-element_type=\"widget\" data-e-type=\"widget\" data-widget_type=\"heading.default\">\n\t\t\t\t<div class=\"elementor-widget-container\">\n\t\t\t\t\t<h6 class=\"elementor-heading-title elementor-size-default\">Ta\u017en\u00e9 za\u0159\u00edzen\u00ed pro silni\u010dn\u00ed a zem\u011bd\u011blsk\u00e9 p\u0159\u00edv\u011bsy<\/h6>\t\t\t\t<\/div>\n\t\t\t\t<\/div>\n\t\t\t\t<\/div>\n\t\t<div class=\"elementor-element elementor-element-b868c36 e-con-full e-flex e-con e-child\" data-id=\"b868c36\" data-element_type=\"container\" data-e-type=\"container\">\n\t\t\t\t<div class=\"elementor-element elementor-element-5ab0489 elementor-widget elementor-widget-image\" data-id=\"5ab0489\" data-element_type=\"widget\" data-e-type=\"widget\" data-widget_type=\"image.default\">\n\t\t\t\t<div class=\"elementor-widget-container\">\n\t\t\t\t\t\t\t\t\t\t\t\t\t\t\t<img decoding=\"async\" width=\"1996\" height=\"1426\" src=\"https:\/\/evimotor.com\/wp-content\/uploads\/2025\/05\/Gruppo-HVAC-riscaldamento-e-clima.jpg\" class=\"attachment-full size-full wp-image-1726\" alt=\"\" srcset=\"https:\/\/evimotor.com\/wp-content\/uploads\/2025\/05\/Gruppo-HVAC-riscaldamento-e-clima.jpg 1996w, https:\/\/evimotor.com\/wp-content\/uploads\/2025\/05\/Gruppo-HVAC-riscaldamento-e-clima-300x214.jpg 300w, https:\/\/evimotor.com\/wp-content\/uploads\/2025\/05\/Gruppo-HVAC-riscaldamento-e-clima-1024x732.jpg 1024w, https:\/\/evimotor.com\/wp-content\/uploads\/2025\/05\/Gruppo-HVAC-riscaldamento-e-clima-768x549.jpg 768w, https:\/\/evimotor.com\/wp-content\/uploads\/2025\/05\/Gruppo-HVAC-riscaldamento-e-clima-1536x1097.jpg 1536w\" sizes=\"(max-width: 1996px) 100vw, 1996px\" \/>\t\t\t\t\t\t\t\t\t\t\t\t\t\t\t<\/div>\n\t\t\t\t<\/div>\n\t\t\t\t<div class=\"elementor-element elementor-element-5e06037 elementor-widget elementor-widget-heading\" data-id=\"5e06037\" data-element_type=\"widget\" data-e-type=\"widget\" data-widget_type=\"heading.default\">\n\t\t\t\t<div class=\"elementor-widget-container\">\n\t\t\t\t\t<h6 class=\"elementor-heading-title elementor-size-default\">Skupina HVAC pro vyt\u00e1p\u011bn\u00ed a klimatizaci<\/h6>\t\t\t\t<\/div>\n\t\t\t\t<\/div>\n\t\t\t\t<\/div>\n\t\t<div class=\"elementor-element elementor-element-f56b104 e-con-full e-flex e-con e-child\" data-id=\"f56b104\" data-element_type=\"container\" data-e-type=\"container\">\n\t\t\t\t<div class=\"elementor-element elementor-element-667b73d elementor-widget elementor-widget-image\" data-id=\"667b73d\" data-element_type=\"widget\" data-e-type=\"widget\" data-widget_type=\"image.default\">\n\t\t\t\t<div class=\"elementor-widget-container\">\n\t\t\t\t\t\t\t\t\t\t\t\t\t\t\t<img loading=\"lazy\" decoding=\"async\" width=\"1645\" height=\"1175\" src=\"https:\/\/evimotor.com\/wp-content\/uploads\/2025\/05\/immagine-11_Porte-vetroribaltabile.jpg\" class=\"attachment-full size-full wp-image-1727\" alt=\"\" srcset=\"https:\/\/evimotor.com\/wp-content\/uploads\/2025\/05\/immagine-11_Porte-vetroribaltabile.jpg 1645w, https:\/\/evimotor.com\/wp-content\/uploads\/2025\/05\/immagine-11_Porte-vetroribaltabile-300x214.jpg 300w, https:\/\/evimotor.com\/wp-content\/uploads\/2025\/05\/immagine-11_Porte-vetroribaltabile-1024x731.jpg 1024w, https:\/\/evimotor.com\/wp-content\/uploads\/2025\/05\/immagine-11_Porte-vetroribaltabile-768x549.jpg 768w, https:\/\/evimotor.com\/wp-content\/uploads\/2025\/05\/immagine-11_Porte-vetroribaltabile-1536x1097.jpg 1536w\" sizes=\"(max-width: 1645px) 100vw, 1645px\" \/>\t\t\t\t\t\t\t\t\t\t\t\t\t\t\t<\/div>\n\t\t\t\t<\/div>\n\t\t\t\t<div class=\"elementor-element elementor-element-e093cee elementor-widget elementor-widget-heading\" data-id=\"e093cee\" data-element_type=\"widget\" data-e-type=\"widget\" data-widget_type=\"heading.default\">\n\t\t\t\t<div class=\"elementor-widget-container\">\n\t\t\t\t\t<h6 class=\"elementor-heading-title elementor-size-default\">Sklopn\u00e1 plo\u0161ina<\/h6>\t\t\t\t<\/div>\n\t\t\t\t<\/div>\n\t\t\t\t<\/div>\n\t\t<div class=\"elementor-element elementor-element-3cb4ea3 e-con-full e-flex e-con e-child\" data-id=\"3cb4ea3\" data-element_type=\"container\" data-e-type=\"container\">\n\t\t\t\t<div class=\"elementor-element elementor-element-5c25bbe elementor-widget elementor-widget-image\" data-id=\"5c25bbe\" data-element_type=\"widget\" data-e-type=\"widget\" data-widget_type=\"image.default\">\n\t\t\t\t<div class=\"elementor-widget-container\">\n\t\t\t\t\t\t\t\t\t\t\t\t\t\t\t<img loading=\"lazy\" decoding=\"async\" width=\"1536\" height=\"1098\" src=\"https:\/\/evimotor.com\/wp-content\/uploads\/2025\/05\/9C81066F-111B-4934-AE45-04A75B0230E0.jpg\" class=\"attachment-full size-full wp-image-1723\" alt=\"\" srcset=\"https:\/\/evimotor.com\/wp-content\/uploads\/2025\/05\/9C81066F-111B-4934-AE45-04A75B0230E0.jpg 1536w, https:\/\/evimotor.com\/wp-content\/uploads\/2025\/05\/9C81066F-111B-4934-AE45-04A75B0230E0-300x214.jpg 300w, https:\/\/evimotor.com\/wp-content\/uploads\/2025\/05\/9C81066F-111B-4934-AE45-04A75B0230E0-1024x732.jpg 1024w, https:\/\/evimotor.com\/wp-content\/uploads\/2025\/05\/9C81066F-111B-4934-AE45-04A75B0230E0-768x549.jpg 768w\" sizes=\"(max-width: 1536px) 100vw, 1536px\" \/>\t\t\t\t\t\t\t\t\t\t\t\t\t\t\t<\/div>\n\t\t\t\t<\/div>\n\t\t\t\t<div class=\"elementor-element elementor-element-32d530a elementor-widget elementor-widget-heading\" data-id=\"32d530a\" data-element_type=\"widget\" data-e-type=\"widget\" data-widget_type=\"heading.default\">\n\t\t\t\t<div class=\"elementor-widget-container\">\n\t\t\t\t\t<h6 class=\"elementor-heading-title elementor-size-default\">Zadn\u00ed pracovn\u00ed sv\u011btla<\/h6>\t\t\t\t<\/div>\n\t\t\t\t<\/div>\n\t\t\t\t<\/div>\n\t\t<div class=\"elementor-element elementor-element-4461625 e-con-full e-flex e-con e-child\" data-id=\"4461625\" data-element_type=\"container\" data-e-type=\"container\">\n\t\t\t\t<div class=\"elementor-element elementor-element-c6fc029 elementor-widget elementor-widget-image\" data-id=\"c6fc029\" data-element_type=\"widget\" data-e-type=\"widget\" data-widget_type=\"image.default\">\n\t\t\t\t<div class=\"elementor-widget-container\">\n\t\t\t\t\t\t\t\t\t\t\t\t\t\t\t<img loading=\"lazy\" decoding=\"async\" width=\"815\" height=\"560\" src=\"https:\/\/evimotor.com\/wp-content\/uploads\/2025\/07\/IMG_9148-1.jpg\" class=\"attachment-full size-full wp-image-1729\" alt=\"\" srcset=\"https:\/\/evimotor.com\/wp-content\/uploads\/2025\/07\/IMG_9148-1.jpg 815w, https:\/\/evimotor.com\/wp-content\/uploads\/2025\/07\/IMG_9148-1-300x206.jpg 300w, https:\/\/evimotor.com\/wp-content\/uploads\/2025\/07\/IMG_9148-1-768x528.jpg 768w\" sizes=\"(max-width: 815px) 100vw, 815px\" \/>\t\t\t\t\t\t\t\t\t\t\t\t\t\t\t<\/div>\n\t\t\t\t<\/div>\n\t\t\t\t<div class=\"elementor-element elementor-element-f528a8e elementor-widget elementor-widget-heading\" data-id=\"f528a8e\" data-element_type=\"widget\" data-e-type=\"widget\" data-widget_type=\"heading.default\">\n\t\t\t\t<div class=\"elementor-widget-container\">\n\t\t\t\t\t<h6 class=\"elementor-heading-title elementor-size-default\">Zadn\u00ed kamera<\/h6>\t\t\t\t<\/div>\n\t\t\t\t<\/div>\n\t\t\t\t<\/div>\n\t\t\t\t<\/div>\n\t\t\t\t\t<\/div>\n\t\t\t\t<\/div>\n\t\t\t\t<\/div>\n\t\t","protected":false},"excerpt":{"rendered":"<p>Evi Country Voliteln\u00e9 Na\u0161e vozidlo disponuje \u0159adou dopl\u0148kov\u00fdch mo\u017enost\u00ed, kter\u00e9 dopl\u0148uj\u00ed standardn\u00ed integrovan\u00e9 funkce. Ter\u00e9nn\u00ed pneumatiky Ta\u017en\u00e9 za\u0159\u00edzen\u00ed pro silni\u010dn\u00ed a zem\u011bd\u011blsk\u00e9 p\u0159\u00edv\u011bsy Skupina HVAC pro vyt\u00e1p\u011bn\u00ed a klimatizaci Sklopn\u00e1 plo\u0161ina Zadn\u00ed pracovn\u00ed sv\u011btla Zadn\u00ed kamera<\/p>\n","protected":false},"author":2,"featured_media":0,"parent":0,"menu_order":0,"comment_status":"closed","ping_status":"closed","template":"elementor_header_footer","meta":{"footnotes":""},"class_list":["post-1722","page","type-page","status-publish","hentry"],"yoast_head":"<!-- This site is optimized with the Yoast SEO plugin v27.2 - https:\/\/yoast.com\/product\/yoast-seo-wordpress\/ -->\n<title>Voliteln\u00e9 - Evimotor<\/title>\n<meta name=\"robots\" content=\"index, follow, max-snippet:-1, max-image-preview:large, max-video-preview:-1\" \/>\n<link rel=\"canonical\" href=\"https:\/\/evimotor.com\/cs\/volitelne\/\" \/>\n<meta property=\"og:locale\" content=\"cs_CZ\" \/>\n<meta property=\"og:type\" content=\"article\" \/>\n<meta property=\"og:title\" content=\"Voliteln\u00e9 - Evimotor\" \/>\n<meta property=\"og:description\" content=\"Evi Country Voliteln\u00e9 Na\u0161e vozidlo disponuje \u0159adou dopl\u0148kov\u00fdch mo\u017enost\u00ed, kter\u00e9 dopl\u0148uj\u00ed standardn\u00ed integrovan\u00e9 funkce. Ter\u00e9nn\u00ed pneumatiky Ta\u017en\u00e9 za\u0159\u00edzen\u00ed pro silni\u010dn\u00ed a zem\u011bd\u011blsk\u00e9 p\u0159\u00edv\u011bsy Skupina HVAC pro vyt\u00e1p\u011bn\u00ed a klimatizaci Sklopn\u00e1 plo\u0161ina Zadn\u00ed pracovn\u00ed sv\u011btla Zadn\u00ed kamera\" \/>\n<meta property=\"og:url\" content=\"https:\/\/evimotor.com\/cs\/volitelne\/\" \/>\n<meta property=\"og:site_name\" content=\"Evimotor\" \/>\n<meta property=\"article:modified_time\" content=\"2025-10-29T07:59:21+00:00\" \/>\n<meta property=\"og:image\" content=\"https:\/\/evimotor.com\/wp-content\/uploads\/2025\/05\/Gomme-off-road_immagine-01b.jpg\" \/>\n\t<meta property=\"og:image:width\" content=\"1920\" \/>\n\t<meta property=\"og:image:height\" content=\"1371\" \/>\n\t<meta property=\"og:image:type\" content=\"image\/jpeg\" \/>\n<meta name=\"twitter:card\" content=\"summary_large_image\" \/>\n<script type=\"application\/ld+json\" class=\"yoast-schema-graph\">{\"@context\":\"https:\/\/schema.org\",\"@graph\":[{\"@type\":\"WebPage\",\"@id\":\"https:\/\/evimotor.com\/cs\/volitelne\/\",\"url\":\"https:\/\/evimotor.com\/cs\/volitelne\/\",\"name\":\"Voliteln\u00e9 - Evimotor\",\"isPartOf\":{\"@id\":\"https:\/\/evimotor.com\/cs\/#website\"},\"primaryImageOfPage\":{\"@id\":\"https:\/\/evimotor.com\/cs\/volitelne\/#primaryimage\"},\"image\":{\"@id\":\"https:\/\/evimotor.com\/cs\/volitelne\/#primaryimage\"},\"thumbnailUrl\":\"https:\/\/evimotor.com\/wp-content\/uploads\/2025\/05\/Gomme-off-road_immagine-01b.jpg\",\"datePublished\":\"2025-05-16T06:55:26+00:00\",\"dateModified\":\"2025-10-29T07:59:21+00:00\",\"breadcrumb\":{\"@id\":\"https:\/\/evimotor.com\/cs\/volitelne\/#breadcrumb\"},\"inLanguage\":\"cs\",\"potentialAction\":[{\"@type\":\"ReadAction\",\"target\":[\"https:\/\/evimotor.com\/cs\/volitelne\/\"]}]},{\"@type\":\"ImageObject\",\"inLanguage\":\"cs\",\"@id\":\"https:\/\/evimotor.com\/cs\/volitelne\/#primaryimage\",\"url\":\"https:\/\/evimotor.com\/wp-content\/uploads\/2025\/05\/Gomme-off-road_immagine-01b.jpg\",\"contentUrl\":\"https:\/\/evimotor.com\/wp-content\/uploads\/2025\/05\/Gomme-off-road_immagine-01b.jpg\"},{\"@type\":\"BreadcrumbList\",\"@id\":\"https:\/\/evimotor.com\/cs\/volitelne\/#breadcrumb\",\"itemListElement\":[{\"@type\":\"ListItem\",\"position\":1,\"name\":\"Home\",\"item\":\"https:\/\/evimotor.com\/cs\/\"},{\"@type\":\"ListItem\",\"position\":2,\"name\":\"Voliteln\u00e9\"}]},{\"@type\":\"WebSite\",\"@id\":\"https:\/\/evimotor.com\/cs\/#website\",\"url\":\"https:\/\/evimotor.com\/cs\/\",\"name\":\"Evimotor\",\"description\":\"Electric Vehicles Italia\",\"publisher\":{\"@id\":\"https:\/\/evimotor.com\/cs\/#organization\"},\"potentialAction\":[{\"@type\":\"SearchAction\",\"target\":{\"@type\":\"EntryPoint\",\"urlTemplate\":\"https:\/\/evimotor.com\/cs\/?s={search_term_string}\"},\"query-input\":{\"@type\":\"PropertyValueSpecification\",\"valueRequired\":true,\"valueName\":\"search_term_string\"}}],\"inLanguage\":\"cs\"},{\"@type\":\"Organization\",\"@id\":\"https:\/\/evimotor.com\/cs\/#organization\",\"name\":\"Evimotor\",\"url\":\"https:\/\/evimotor.com\/cs\/\",\"logo\":{\"@type\":\"ImageObject\",\"inLanguage\":\"cs\",\"@id\":\"https:\/\/evimotor.com\/cs\/#\/schema\/logo\/image\/\",\"url\":\"https:\/\/evimotor.com\/wp-content\/uploads\/2025\/02\/logo-evimotor.png\",\"contentUrl\":\"https:\/\/evimotor.com\/wp-content\/uploads\/2025\/02\/logo-evimotor.png\",\"width\":594,\"height\":110,\"caption\":\"Evimotor\"},\"image\":{\"@id\":\"https:\/\/evimotor.com\/cs\/#\/schema\/logo\/image\/\"}}]}<\/script>\n<!-- \/ Yoast SEO plugin. -->","yoast_head_json":{"title":"Voliteln\u00e9 - Evimotor","robots":{"index":"index","follow":"follow","max-snippet":"max-snippet:-1","max-image-preview":"max-image-preview:large","max-video-preview":"max-video-preview:-1"},"canonical":"https:\/\/evimotor.com\/cs\/volitelne\/","og_locale":"cs_CZ","og_type":"article","og_title":"Voliteln\u00e9 - Evimotor","og_description":"Evi Country Voliteln\u00e9 Na\u0161e vozidlo disponuje \u0159adou dopl\u0148kov\u00fdch mo\u017enost\u00ed, kter\u00e9 dopl\u0148uj\u00ed standardn\u00ed integrovan\u00e9 funkce. Ter\u00e9nn\u00ed pneumatiky Ta\u017en\u00e9 za\u0159\u00edzen\u00ed pro silni\u010dn\u00ed a zem\u011bd\u011blsk\u00e9 p\u0159\u00edv\u011bsy Skupina HVAC pro vyt\u00e1p\u011bn\u00ed a klimatizaci Sklopn\u00e1 plo\u0161ina Zadn\u00ed pracovn\u00ed sv\u011btla Zadn\u00ed kamera","og_url":"https:\/\/evimotor.com\/cs\/volitelne\/","og_site_name":"Evimotor","article_modified_time":"2025-10-29T07:59:21+00:00","og_image":[{"width":1920,"height":1371,"url":"https:\/\/evimotor.com\/wp-content\/uploads\/2025\/05\/Gomme-off-road_immagine-01b.jpg","type":"image\/jpeg"}],"twitter_card":"summary_large_image","schema":{"@context":"https:\/\/schema.org","@graph":[{"@type":"WebPage","@id":"https:\/\/evimotor.com\/cs\/volitelne\/","url":"https:\/\/evimotor.com\/cs\/volitelne\/","name":"Voliteln\u00e9 - Evimotor","isPartOf":{"@id":"https:\/\/evimotor.com\/cs\/#website"},"primaryImageOfPage":{"@id":"https:\/\/evimotor.com\/cs\/volitelne\/#primaryimage"},"image":{"@id":"https:\/\/evimotor.com\/cs\/volitelne\/#primaryimage"},"thumbnailUrl":"https:\/\/evimotor.com\/wp-content\/uploads\/2025\/05\/Gomme-off-road_immagine-01b.jpg","datePublished":"2025-05-16T06:55:26+00:00","dateModified":"2025-10-29T07:59:21+00:00","breadcrumb":{"@id":"https:\/\/evimotor.com\/cs\/volitelne\/#breadcrumb"},"inLanguage":"cs","potentialAction":[{"@type":"ReadAction","target":["https:\/\/evimotor.com\/cs\/volitelne\/"]}]},{"@type":"ImageObject","inLanguage":"cs","@id":"https:\/\/evimotor.com\/cs\/volitelne\/#primaryimage","url":"https:\/\/evimotor.com\/wp-content\/uploads\/2025\/05\/Gomme-off-road_immagine-01b.jpg","contentUrl":"https:\/\/evimotor.com\/wp-content\/uploads\/2025\/05\/Gomme-off-road_immagine-01b.jpg"},{"@type":"BreadcrumbList","@id":"https:\/\/evimotor.com\/cs\/volitelne\/#breadcrumb","itemListElement":[{"@type":"ListItem","position":1,"name":"Home","item":"https:\/\/evimotor.com\/cs\/"},{"@type":"ListItem","position":2,"name":"Voliteln\u00e9"}]},{"@type":"WebSite","@id":"https:\/\/evimotor.com\/cs\/#website","url":"https:\/\/evimotor.com\/cs\/","name":"Evimotor","description":"Electric Vehicles Italia","publisher":{"@id":"https:\/\/evimotor.com\/cs\/#organization"},"potentialAction":[{"@type":"SearchAction","target":{"@type":"EntryPoint","urlTemplate":"https:\/\/evimotor.com\/cs\/?s={search_term_string}"},"query-input":{"@type":"PropertyValueSpecification","valueRequired":true,"valueName":"search_term_string"}}],"inLanguage":"cs"},{"@type":"Organization","@id":"https:\/\/evimotor.com\/cs\/#organization","name":"Evimotor","url":"https:\/\/evimotor.com\/cs\/","logo":{"@type":"ImageObject","inLanguage":"cs","@id":"https:\/\/evimotor.com\/cs\/#\/schema\/logo\/image\/","url":"https:\/\/evimotor.com\/wp-content\/uploads\/2025\/02\/logo-evimotor.png","contentUrl":"https:\/\/evimotor.com\/wp-content\/uploads\/2025\/02\/logo-evimotor.png","width":594,"height":110,"caption":"Evimotor"},"image":{"@id":"https:\/\/evimotor.com\/cs\/#\/schema\/logo\/image\/"}}]}},"_links":{"self":[{"href":"https:\/\/evimotor.com\/cs\/wp-json\/wp\/v2\/pages\/1722","targetHints":{"allow":["GET"]}}],"collection":[{"href":"https:\/\/evimotor.com\/cs\/wp-json\/wp\/v2\/pages"}],"about":[{"href":"https:\/\/evimotor.com\/cs\/wp-json\/wp\/v2\/types\/page"}],"author":[{"embeddable":true,"href":"https:\/\/evimotor.com\/cs\/wp-json\/wp\/v2\/users\/2"}],"replies":[{"embeddable":true,"href":"https:\/\/evimotor.com\/cs\/wp-json\/wp\/v2\/comments?post=1722"}],"version-history":[{"count":1,"href":"https:\/\/evimotor.com\/cs\/wp-json\/wp\/v2\/pages\/1722\/revisions"}],"predecessor-version":[{"id":1730,"href":"https:\/\/evimotor.com\/cs\/wp-json\/wp\/v2\/pages\/1722\/revisions\/1730"}],"wp:attachment":[{"href":"https:\/\/evimotor.com\/cs\/wp-json\/wp\/v2\/media?parent=1722"}],"curies":[{"name":"wp","href":"https:\/\/api.w.org\/{rel}","templated":true}]}}