{"id":1225,"date":"2025-02-25T12:19:27","date_gmt":"2025-02-25T11:19:27","guid":{"rendered":"https:\/\/evimotor.com\/fortrolighedspolitik\/"},"modified":"2025-06-10T10:49:28","modified_gmt":"2025-06-10T08:49:28","slug":"fortrolighedspolitik","status":"publish","type":"page","link":"https:\/\/evimotor.com\/da\/fortrolighedspolitik\/","title":{"rendered":"Fortrolighedspolitik"},"content":{"rendered":"\t\t<div data-elementor-type=\"wp-page\" data-elementor-id=\"1225\" class=\"elementor elementor-1225 elementor-3\" data-elementor-post-type=\"page\">\n\t\t\t\t<div class=\"elementor-element elementor-element-7b536ac e-flex e-con-boxed e-con e-parent\" data-id=\"7b536ac\" data-element_type=\"container\" data-e-type=\"container\" data-settings=\"{&quot;background_background&quot;:&quot;classic&quot;}\">\n\t\t\t\t\t<div class=\"e-con-inner\">\n\t\t\t\t<div class=\"elementor-element elementor-element-978c179 elementor-widget elementor-widget-spacer\" data-id=\"978c179\" data-element_type=\"widget\" data-e-type=\"widget\" data-widget_type=\"spacer.default\">\n\t\t\t\t<div class=\"elementor-widget-container\">\n\t\t\t\t\t\t\t<div class=\"elementor-spacer\">\n\t\t\t<div class=\"elementor-spacer-inner\"><\/div>\n\t\t<\/div>\n\t\t\t\t\t\t<\/div>\n\t\t\t\t<\/div>\n\t\t\t\t\t<\/div>\n\t\t\t\t<\/div>\n\t\t<div class=\"elementor-element elementor-element-9deb7f0 e-flex e-con-boxed e-con e-parent\" data-id=\"9deb7f0\" data-element_type=\"container\" data-e-type=\"container\" data-settings=\"{&quot;background_background&quot;:&quot;classic&quot;}\">\n\t\t\t\t\t<div class=\"e-con-inner\">\n\t\t\t\t<div class=\"elementor-element elementor-element-84979ab elementor-widget__width-inherit elementor-invisible elementor-widget elementor-widget-text-editor\" data-id=\"84979ab\" data-element_type=\"widget\" data-e-type=\"widget\" data-settings=\"{&quot;_animation&quot;:&quot;fadeIn&quot;}\" data-widget_type=\"text-editor.default\">\n\t\t\t\t<div class=\"elementor-widget-container\">\n\t\t\t\t\t\t\t\t\t<p>Evi Country<\/p>\n\t\t\t\t\t\t\t\t<\/div>\n\t\t\t\t<\/div>\n\t\t\t\t<div class=\"elementor-element elementor-element-8851182 elementor-widget elementor-widget-text-editor\" data-id=\"8851182\" data-element_type=\"widget\" data-e-type=\"widget\" data-widget_type=\"text-editor.default\">\n\t\t\t\t<div class=\"elementor-widget-container\">\n\t\t\t\t\t\t\t\t\t<p>Oplysningerne gives i henhold til art. 13 i den europ\u00e6iske generelle forordning om databeskyttelse (EU-forordning 2016\/679).<\/p>\n<p>Oplysningerne gives kun for Evitalias hjemmeside www.evimotor.com og ikke for andre hjemmesider, som brugeren m\u00e5tte bes\u00f8ge via links.<\/p>\n<p><b><strong>Dataansvarlig<\/strong><\/b><\/p>\n<p>I henhold til forordning (EU) 2016\/679 (GDPR) erkl\u00e6res det, at den dataansvarlige er \u00bbEvitalia\u00ab, momsnummer IT04398180242 og med hjemsted i Via Riale, 3 &#8211; 36040 Grumolo delle Abbadesse (VI) Italien.<\/p>\n<p><b><strong>Sted for behandling af data<\/strong><\/b><\/p>\n<p>Behandlingen i forbindelse med webtjenesterne p\u00e5 dette websted finder sted p\u00e5 ovenn\u00e6vnte adresse og varetages udelukkende af personale, der er ansvarligt for behandlingen, eller af personer, der er ansvarlig for lejlighedsvis vedligeholdelse. Personoplysninger, der leveres af brugere, der frems\u00e6tter specifikke anmodninger, anvendes udelukkende til at udf\u00f8re den \u00f8nskede service eller ydelse og videregives kun til tredjeparter, hvis dette er n\u00f8dvendigt til dette form\u00e5l.<\/p>\n<h4>Typer af behandlede data og form\u00e5l<\/h4>\n<p><b><strong>Navigationsdata<\/strong><\/b><\/p>\n<p>De it-systemer og softwareprocedurer, der anvendes til driften af dette websted, indsamler under deres normale drift visse personoplysninger, hvis overf\u00f8rsel er implicit i brugen af internetkommunikationsprotokoller. Der er tale om oplysninger, der ikke indsamles med henblik p\u00e5 at blive knyttet til identificerede personer, men som i kraft af deres art kan g\u00f8re det muligt at identificere brugerne gennem behandling og sammenkobling med data, der er i tredjeparts besiddelse.<\/p>\n<p>Disse oplysninger bruges udelukkende til at indhente anonyme statistiske oplysninger om brugen af webstedet og til at kontrollere, at det fungerer korrekt.<\/p>\n<p><b><strong>Oplysninger, der frivilligt afgives af brugeren<\/strong><\/b><\/p>\n<p>Frivillig, eksplicit og frivillig afsendelse af e-mails til de adresser, der er angivet p\u00e5 dette websted, medf\u00f8rer efterf\u00f8lgende registrering af afsenderens adresse, som er n\u00f8dvendig for at besvare foresp\u00f8rgsler, samt eventuelle andre personoplysninger, der er angivet i meddelelsen.<\/p>\n<p><b><strong>Cookies<\/strong><\/b><\/p>\n<p>Brugen af sessionscookies er strengt funktionel for at optimere brugen af webstedet og har derfor udelukkende til form\u00e5l at sikre den bedste navigation p\u00e5 webstedet. Andre internetadresser, som dette websted eventuelt kan \u00bblinke\u00ab til, kan indeholde sporingssystemer, som webstedets ejer ikke har kendskab til.<\/p>\n<p><b><strong>Frivillighed ved afgivelse af data<\/strong><\/b><\/p>\n<p>Bortset fra hvad der er angivet for navigationsdata, er brugeren fri til at afgive personoplysninger, hvis dette kr\u00e6ves i s\u00e6rlige afsnit p\u00e5 webstedet. Manglende afgivelse af disse oplysninger kan dog medf\u00f8re, at det ikke er muligt at opfylde eventuelle anmodninger.<\/p>\n<p><b><strong>Behandlingsmetoder<\/strong><\/b><\/p>\n<p>Personoplysninger behandles med automatiserede v\u00e6rkt\u00f8jer i det tidsrum, der er strengt n\u00f8dvendigt for at n\u00e5 de form\u00e5l, hvortil de er indsamlet. Der overholdes s\u00e6rlige sikkerhedsforanstaltninger, som fastsat i artikel 32 i EU-forordning 2016\/679, for at forhindre tab af data, ulovlig eller ukorrekt brug og uautoriseret adgang.<\/p>\n<p><b><strong>Rettigheder for de registrerede<\/strong><\/b><\/p>\n<p>I henhold til artikel 15, 16, 17 og 18 i EU-forordning 2016\/679 har de personer, som de personoplysninger vedr\u00f8rer, til enhver tid ret til at f\u00e5 bekr\u00e6ftet, om disse oplysninger findes, at f\u00e5 kendskab til indholdet og oprindelsen, kontrollere n\u00f8jagtigheden eller anmode om supplering, ajourf\u00f8ring eller berigtigelse, anmode om sletning, anonymisering eller blokering af data, der er behandlet i strid med loven, samt under alle omst\u00e6ndigheder af legitime grunde mods\u00e6tte sig behandlingen.<\/p>\n<p><b>Kontakt<\/b><\/p>\n<p>For at ud\u00f8ve et af dine rettigheder eller i tilf\u00e6lde af yderligere sp\u00f8rgsm\u00e5l eller klager vedr\u00f8rende vores brug af personoplysninger og privatlivets fred, skal anmodninger rettes til \u00bbEvitalia\u00ab Via Riale, 3 &#8211; 36040 Grumolo delle Abbadesse (VI) Italien.<\/p>\n<p>Du har ogs\u00e5 ret til at indgive en klage til tilsynsmyndigheden, som i Italien er Garante per la protezione dei dati personali (www.garanteprivacy.it).<\/p>\n\t\t\t\t\t\t\t\t<\/div>\n\t\t\t\t<\/div>\n\t\t\t\t\t<\/div>\n\t\t\t\t<\/div>\n\t\t\t\t<\/div>\n\t\t","protected":false},"excerpt":{"rendered":"<p>Evi Country Oplysningerne gives i henhold til art. 13 i den europ\u00e6iske generelle forordning om databeskyttelse (EU-forordning 2016\/679). Oplysningerne gives kun for Evitalias hjemmeside www.evimotor.com og ikke for andre hjemmesider, som brugeren m\u00e5tte bes\u00f8ge via links. Dataansvarlig I henhold til forordning (EU) 2016\/679 (GDPR) erkl\u00e6res det, at den dataansvarlige er \u00bbEvitalia\u00ab, momsnummer IT04398180242 og med [&hellip;]<\/p>\n","protected":false},"author":1,"featured_media":0,"parent":0,"menu_order":0,"comment_status":"closed","ping_status":"closed","template":"elementor_header_footer","meta":{"footnotes":""},"class_list":["post-1225","page","type-page","status-publish","hentry"],"yoast_head":"<!-- This site is optimized with the Yoast SEO plugin v27.2 - https:\/\/yoast.com\/product\/yoast-seo-wordpress\/ -->\n<title>Fortrolighedspolitik - Evimotor<\/title>\n<meta name=\"robots\" content=\"index, follow, max-snippet:-1, max-image-preview:large, max-video-preview:-1\" \/>\n<link rel=\"canonical\" href=\"https:\/\/evimotor.com\/da\/fortrolighedspolitik\/\" \/>\n<meta property=\"og:locale\" content=\"da_DK\" \/>\n<meta property=\"og:type\" content=\"article\" \/>\n<meta property=\"og:title\" content=\"Fortrolighedspolitik - Evimotor\" \/>\n<meta property=\"og:description\" content=\"Evi Country Oplysningerne gives i henhold til art. 13 i den europ\u00e6iske generelle forordning om databeskyttelse (EU-forordning 2016\/679). Oplysningerne gives kun for Evitalias hjemmeside www.evimotor.com og ikke for andre hjemmesider, som brugeren m\u00e5tte bes\u00f8ge via links. Dataansvarlig I henhold til forordning (EU) 2016\/679 (GDPR) erkl\u00e6res det, at den dataansvarlige er \u00bbEvitalia\u00ab, momsnummer IT04398180242 og med [&hellip;]\" \/>\n<meta property=\"og:url\" content=\"https:\/\/evimotor.com\/da\/fortrolighedspolitik\/\" \/>\n<meta property=\"og:site_name\" content=\"Evimotor\" \/>\n<meta property=\"article:modified_time\" content=\"2025-06-10T08:49:28+00:00\" \/>\n<meta name=\"twitter:card\" content=\"summary_large_image\" \/>\n<meta name=\"twitter:label1\" content=\"Estimeret l\u00e6setid\" \/>\n\t<meta name=\"twitter:data1\" content=\"3 minutter\" \/>\n<script type=\"application\/ld+json\" class=\"yoast-schema-graph\">{\"@context\":\"https:\/\/schema.org\",\"@graph\":[{\"@type\":\"WebPage\",\"@id\":\"https:\/\/evimotor.com\/da\/fortrolighedspolitik\/\",\"url\":\"https:\/\/evimotor.com\/da\/fortrolighedspolitik\/\",\"name\":\"Fortrolighedspolitik - Evimotor\",\"isPartOf\":{\"@id\":\"https:\/\/evimotor.com\/da\/#website\"},\"datePublished\":\"2025-02-25T11:19:27+00:00\",\"dateModified\":\"2025-06-10T08:49:28+00:00\",\"breadcrumb\":{\"@id\":\"https:\/\/evimotor.com\/da\/fortrolighedspolitik\/#breadcrumb\"},\"inLanguage\":\"da-DK\",\"potentialAction\":[{\"@type\":\"ReadAction\",\"target\":[\"https:\/\/evimotor.com\/da\/fortrolighedspolitik\/\"]}]},{\"@type\":\"BreadcrumbList\",\"@id\":\"https:\/\/evimotor.com\/da\/fortrolighedspolitik\/#breadcrumb\",\"itemListElement\":[{\"@type\":\"ListItem\",\"position\":1,\"name\":\"Home\",\"item\":\"https:\/\/evimotor.com\/da\/\"},{\"@type\":\"ListItem\",\"position\":2,\"name\":\"Fortrolighedspolitik\"}]},{\"@type\":\"WebSite\",\"@id\":\"https:\/\/evimotor.com\/da\/#website\",\"url\":\"https:\/\/evimotor.com\/da\/\",\"name\":\"Evimotor\",\"description\":\"Electric Vehicles Italia\",\"publisher\":{\"@id\":\"https:\/\/evimotor.com\/da\/#organization\"},\"potentialAction\":[{\"@type\":\"SearchAction\",\"target\":{\"@type\":\"EntryPoint\",\"urlTemplate\":\"https:\/\/evimotor.com\/da\/?s={search_term_string}\"},\"query-input\":{\"@type\":\"PropertyValueSpecification\",\"valueRequired\":true,\"valueName\":\"search_term_string\"}}],\"inLanguage\":\"da-DK\"},{\"@type\":\"Organization\",\"@id\":\"https:\/\/evimotor.com\/da\/#organization\",\"name\":\"Evimotor\",\"url\":\"https:\/\/evimotor.com\/da\/\",\"logo\":{\"@type\":\"ImageObject\",\"inLanguage\":\"da-DK\",\"@id\":\"https:\/\/evimotor.com\/da\/#\/schema\/logo\/image\/\",\"url\":\"https:\/\/evimotor.com\/wp-content\/uploads\/2025\/02\/logo-evimotor.png\",\"contentUrl\":\"https:\/\/evimotor.com\/wp-content\/uploads\/2025\/02\/logo-evimotor.png\",\"width\":594,\"height\":110,\"caption\":\"Evimotor\"},\"image\":{\"@id\":\"https:\/\/evimotor.com\/da\/#\/schema\/logo\/image\/\"}}]}<\/script>\n<!-- \/ Yoast SEO plugin. -->","yoast_head_json":{"title":"Fortrolighedspolitik - Evimotor","robots":{"index":"index","follow":"follow","max-snippet":"max-snippet:-1","max-image-preview":"max-image-preview:large","max-video-preview":"max-video-preview:-1"},"canonical":"https:\/\/evimotor.com\/da\/fortrolighedspolitik\/","og_locale":"da_DK","og_type":"article","og_title":"Fortrolighedspolitik - Evimotor","og_description":"Evi Country Oplysningerne gives i henhold til art. 13 i den europ\u00e6iske generelle forordning om databeskyttelse (EU-forordning 2016\/679). Oplysningerne gives kun for Evitalias hjemmeside www.evimotor.com og ikke for andre hjemmesider, som brugeren m\u00e5tte bes\u00f8ge via links. Dataansvarlig I henhold til forordning (EU) 2016\/679 (GDPR) erkl\u00e6res det, at den dataansvarlige er \u00bbEvitalia\u00ab, momsnummer IT04398180242 og med [&hellip;]","og_url":"https:\/\/evimotor.com\/da\/fortrolighedspolitik\/","og_site_name":"Evimotor","article_modified_time":"2025-06-10T08:49:28+00:00","twitter_card":"summary_large_image","twitter_misc":{"Estimeret l\u00e6setid":"3 minutter"},"schema":{"@context":"https:\/\/schema.org","@graph":[{"@type":"WebPage","@id":"https:\/\/evimotor.com\/da\/fortrolighedspolitik\/","url":"https:\/\/evimotor.com\/da\/fortrolighedspolitik\/","name":"Fortrolighedspolitik - Evimotor","isPartOf":{"@id":"https:\/\/evimotor.com\/da\/#website"},"datePublished":"2025-02-25T11:19:27+00:00","dateModified":"2025-06-10T08:49:28+00:00","breadcrumb":{"@id":"https:\/\/evimotor.com\/da\/fortrolighedspolitik\/#breadcrumb"},"inLanguage":"da-DK","potentialAction":[{"@type":"ReadAction","target":["https:\/\/evimotor.com\/da\/fortrolighedspolitik\/"]}]},{"@type":"BreadcrumbList","@id":"https:\/\/evimotor.com\/da\/fortrolighedspolitik\/#breadcrumb","itemListElement":[{"@type":"ListItem","position":1,"name":"Home","item":"https:\/\/evimotor.com\/da\/"},{"@type":"ListItem","position":2,"name":"Fortrolighedspolitik"}]},{"@type":"WebSite","@id":"https:\/\/evimotor.com\/da\/#website","url":"https:\/\/evimotor.com\/da\/","name":"Evimotor","description":"Electric Vehicles Italia","publisher":{"@id":"https:\/\/evimotor.com\/da\/#organization"},"potentialAction":[{"@type":"SearchAction","target":{"@type":"EntryPoint","urlTemplate":"https:\/\/evimotor.com\/da\/?s={search_term_string}"},"query-input":{"@type":"PropertyValueSpecification","valueRequired":true,"valueName":"search_term_string"}}],"inLanguage":"da-DK"},{"@type":"Organization","@id":"https:\/\/evimotor.com\/da\/#organization","name":"Evimotor","url":"https:\/\/evimotor.com\/da\/","logo":{"@type":"ImageObject","inLanguage":"da-DK","@id":"https:\/\/evimotor.com\/da\/#\/schema\/logo\/image\/","url":"https:\/\/evimotor.com\/wp-content\/uploads\/2025\/02\/logo-evimotor.png","contentUrl":"https:\/\/evimotor.com\/wp-content\/uploads\/2025\/02\/logo-evimotor.png","width":594,"height":110,"caption":"Evimotor"},"image":{"@id":"https:\/\/evimotor.com\/da\/#\/schema\/logo\/image\/"}}]}},"_links":{"self":[{"href":"https:\/\/evimotor.com\/da\/wp-json\/wp\/v2\/pages\/1225","targetHints":{"allow":["GET"]}}],"collection":[{"href":"https:\/\/evimotor.com\/da\/wp-json\/wp\/v2\/pages"}],"about":[{"href":"https:\/\/evimotor.com\/da\/wp-json\/wp\/v2\/types\/page"}],"author":[{"embeddable":true,"href":"https:\/\/evimotor.com\/da\/wp-json\/wp\/v2\/users\/1"}],"replies":[{"embeddable":true,"href":"https:\/\/evimotor.com\/da\/wp-json\/wp\/v2\/comments?post=1225"}],"version-history":[{"count":1,"href":"https:\/\/evimotor.com\/da\/wp-json\/wp\/v2\/pages\/1225\/revisions"}],"predecessor-version":[{"id":1226,"href":"https:\/\/evimotor.com\/da\/wp-json\/wp\/v2\/pages\/1225\/revisions\/1226"}],"wp:attachment":[{"href":"https:\/\/evimotor.com\/da\/wp-json\/wp\/v2\/media?parent=1225"}],"curies":[{"name":"wp","href":"https:\/\/api.w.org\/{rel}","templated":true}]}}