{"id":1268,"date":"2025-03-06T13:58:41","date_gmt":"2025-03-06T12:58:41","guid":{"rendered":"https:\/\/evimotor.com\/anvendelser\/"},"modified":"2026-03-19T11:07:47","modified_gmt":"2026-03-19T10:07:47","slug":"anvendelser","status":"publish","type":"page","link":"https:\/\/evimotor.com\/da\/anvendelser\/","title":{"rendered":"Anvendelser"},"content":{"rendered":"\t\t<div data-elementor-type=\"wp-page\" data-elementor-id=\"1268\" class=\"elementor elementor-1268 elementor-394\" data-elementor-post-type=\"page\">\n\t\t\t\t<div class=\"elementor-element elementor-element-9dc076b e-flex e-con-boxed e-con e-parent\" data-id=\"9dc076b\" data-element_type=\"container\" data-e-type=\"container\" data-settings=\"{&quot;background_background&quot;:&quot;classic&quot;}\">\n\t\t\t\t\t<div class=\"e-con-inner\">\n\t\t\t\t<div class=\"elementor-element elementor-element-32cc97c elementor-widget elementor-widget-spacer\" data-id=\"32cc97c\" data-element_type=\"widget\" data-e-type=\"widget\" data-widget_type=\"spacer.default\">\n\t\t\t\t<div class=\"elementor-widget-container\">\n\t\t\t\t\t\t\t<div class=\"elementor-spacer\">\n\t\t\t<div class=\"elementor-spacer-inner\"><\/div>\n\t\t<\/div>\n\t\t\t\t\t\t<\/div>\n\t\t\t\t<\/div>\n\t\t\t\t\t<\/div>\n\t\t\t\t<\/div>\n\t\t<div class=\"elementor-element elementor-element-00a6fc6 e-flex e-con-boxed e-con e-parent\" data-id=\"00a6fc6\" data-element_type=\"container\" data-e-type=\"container\">\n\t\t\t\t\t<div class=\"e-con-inner\">\n\t\t<div class=\"elementor-element elementor-element-b27523b e-con-full e-flex elementor-invisible e-con e-child\" data-id=\"b27523b\" data-element_type=\"container\" data-e-type=\"container\" data-settings=\"{&quot;background_background&quot;:&quot;classic&quot;,&quot;animation&quot;:&quot;fadeIn&quot;,&quot;animation_delay&quot;:400}\">\n\t\t\t\t<div class=\"elementor-element elementor-element-6479820 elementor-invisible elementor-widget elementor-widget-text-editor\" data-id=\"6479820\" data-element_type=\"widget\" data-e-type=\"widget\" data-settings=\"{&quot;_animation&quot;:&quot;fadeIn&quot;,&quot;_animation_delay&quot;:400}\" data-widget_type=\"text-editor.default\">\n\t\t\t\t<div class=\"elementor-widget-container\">\n\t\t\t\t\t\t\t\t\t<p>L\u00f8sningen til alle typer arbejde og alle k\u00f8restilarter.<\/p>\n\t\t\t\t\t\t\t\t<\/div>\n\t\t\t\t<\/div>\n\t\t\t\t<div class=\"elementor-element elementor-element-91b1012 elementor-widget elementor-widget-text-editor\" data-id=\"91b1012\" data-element_type=\"widget\" data-e-type=\"widget\" data-widget_type=\"text-editor.default\">\n\t\t\t\t<div class=\"elementor-widget-container\">\n\t\t\t\t\t\t\t\t\t<p>Evitalia <b>100 % elektriske<\/b> k\u00f8ret\u00f8jer har ikke kun ingen indvirkning p\u00e5 milj\u00f8et, men er ogs\u00e5 <b>alsidige<\/b> og <b>stille<\/b>, n\u00e5r de k\u00f8rer.<\/p>\n<p>Takket v\u00e6re 4WD-tr\u00e6k kan de k\u00f8re p\u00e5 alle underlag, b\u00e5de med lav friktion som grus, mudder, sne og is og p\u00e5 asfalterede veje.<\/p>\n<p>De <b>mange tilbeh\u00f8rsdele<\/b> g\u00f8r det desuden muligt at udf\u00f8re mange forskellige opgaver uden at skulle have flere k\u00f8ret\u00f8jer.<\/p>\n\t\t\t\t\t\t\t\t<\/div>\n\t\t\t\t<\/div>\n\t\t\t\t<\/div>\n\t\t\t\t\t<\/div>\n\t\t\t\t<\/div>\n\t\t<div class=\"elementor-element elementor-element-3217bc6 e-flex e-con-boxed e-con e-parent\" data-id=\"3217bc6\" data-element_type=\"container\" data-e-type=\"container\" data-settings=\"{&quot;background_background&quot;:&quot;gradient&quot;}\">\n\t\t\t\t\t<div class=\"e-con-inner\">\n\t\t<div class=\"elementor-element elementor-element-1f723c1 e-grid e-con-full e-con e-child\" data-id=\"1f723c1\" data-element_type=\"container\" data-e-type=\"container\">\n\t\t<div class=\"elementor-element elementor-element-c241182 e-con-full e-flex elementor-invisible e-con e-child\" data-id=\"c241182\" data-element_type=\"container\" data-e-type=\"container\" data-settings=\"{&quot;background_background&quot;:&quot;classic&quot;,&quot;animation&quot;:&quot;fadeIn&quot;,&quot;animation_delay&quot;:400}\">\n\t\t\t\t<div class=\"elementor-element elementor-element-e137050 elementor-widget elementor-widget-image\" data-id=\"e137050\" data-element_type=\"widget\" data-e-type=\"widget\" data-widget_type=\"image.default\">\n\t\t\t\t<div class=\"elementor-widget-container\">\n\t\t\t\t\t\t\t\t\t\t\t\t\t\t\t<img fetchpriority=\"high\" decoding=\"async\" width=\"800\" height=\"534\" src=\"https:\/\/evimotor.com\/wp-content\/uploads\/2025\/03\/applicazioni-Municipalizzate-1024x683.jpg\" class=\"attachment-large size-large wp-image-1271\" alt=\"\" srcset=\"https:\/\/evimotor.com\/wp-content\/uploads\/2025\/03\/applicazioni-Municipalizzate-1024x683.jpg 1024w, https:\/\/evimotor.com\/wp-content\/uploads\/2025\/03\/applicazioni-Municipalizzate-300x200.jpg 300w, https:\/\/evimotor.com\/wp-content\/uploads\/2025\/03\/applicazioni-Municipalizzate-768x512.jpg 768w, https:\/\/evimotor.com\/wp-content\/uploads\/2025\/03\/applicazioni-Municipalizzate-1536x1024.jpg 1536w, https:\/\/evimotor.com\/wp-content\/uploads\/2025\/03\/applicazioni-Municipalizzate.jpg 1840w\" sizes=\"(max-width: 800px) 100vw, 800px\" \/>\t\t\t\t\t\t\t\t\t\t\t\t\t\t\t<\/div>\n\t\t\t\t<\/div>\n\t\t<div class=\"elementor-element elementor-element-b4105d4 e-con-full e-flex e-con e-child\" data-id=\"b4105d4\" data-element_type=\"container\" data-e-type=\"container\">\n\t\t\t\t<div class=\"elementor-element elementor-element-916501f elementor-widget elementor-widget-heading\" data-id=\"916501f\" data-element_type=\"widget\" data-e-type=\"widget\" data-widget_type=\"heading.default\">\n\t\t\t\t<div class=\"elementor-widget-container\">\n\t\t\t\t\t<h3 class=\"elementor-heading-title elementor-size-default\">Kommunale virksomheder<\/h3>\t\t\t\t<\/div>\n\t\t\t\t<\/div>\n\t\t\t\t<div class=\"elementor-element elementor-element-ed12b7c elementor-widget elementor-widget-text-editor\" data-id=\"ed12b7c\" data-element_type=\"widget\" data-e-type=\"widget\" data-widget_type=\"text-editor.default\">\n\t\t\t\t<div class=\"elementor-widget-container\">\n\t\t\t\t\t\t\t\t\t<p>Evitalia&#8217;s elektriske k\u00f8ret\u00f8jer er det ideelle redskab til at udf\u00f8re alle opgaver for kommunale virksomheder, der leverer kommunale tjenester. <b>Gr\u00f8nne omr\u00e5der, affaldsindsamling og generel vedligeholdelse <\/b>er blot nogle af de opgaver, hvor vores elektriske transportk\u00f8ret\u00f8jer er effektive.<\/p>\n<p>For at forbedre og g\u00f8re kommunale arbejdsfl\u00e5der meget mere effektive tilbyder Evitalia sine elektriske k\u00f8ret\u00f8jer med et bredt udvalg af tilbeh\u00f8r.<\/p>\n<p>Evitalia-elbiler er ogs\u00e5 ideelle til snerydning. Uanset om det drejer sig om at rydde gader i et bycentrum eller rydde adgangsveje til hoteller, offentlige steder og feriesteder generelt, er EviCountry det ideelle k\u00f8ret\u00f8j.<\/p>\n<p>Udstyret med fire hjul, der drives af to kraftige elmotorer, giver vores k\u00f8ret\u00f8jer dig mulighed for at fjerne sne under alle vejrforhold.<\/p>\n\t\t\t\t\t\t\t\t<\/div>\n\t\t\t\t<\/div>\n\t\t\t\t<\/div>\n\t\t\t\t<\/div>\n\t\t<div class=\"elementor-element elementor-element-e40657a e-con-full e-flex elementor-invisible e-con e-child\" data-id=\"e40657a\" data-element_type=\"container\" data-e-type=\"container\" data-settings=\"{&quot;background_background&quot;:&quot;classic&quot;,&quot;animation&quot;:&quot;fadeIn&quot;,&quot;animation_delay&quot;:400}\">\n\t\t\t\t<div class=\"elementor-element elementor-element-03bf53f elementor-widget elementor-widget-image\" data-id=\"03bf53f\" data-element_type=\"widget\" data-e-type=\"widget\" data-widget_type=\"image.default\">\n\t\t\t\t<div class=\"elementor-widget-container\">\n\t\t\t\t\t\t\t\t\t\t\t\t\t\t\t<img decoding=\"async\" width=\"800\" height=\"534\" src=\"https:\/\/evimotor.com\/wp-content\/uploads\/2025\/03\/applicazioni-Agricoltura-1024x683.jpg\" class=\"attachment-large size-large wp-image-1270\" alt=\"\" srcset=\"https:\/\/evimotor.com\/wp-content\/uploads\/2025\/03\/applicazioni-Agricoltura-1024x683.jpg 1024w, https:\/\/evimotor.com\/wp-content\/uploads\/2025\/03\/applicazioni-Agricoltura-300x200.jpg 300w, https:\/\/evimotor.com\/wp-content\/uploads\/2025\/03\/applicazioni-Agricoltura-768x512.jpg 768w, https:\/\/evimotor.com\/wp-content\/uploads\/2025\/03\/applicazioni-Agricoltura-1536x1024.jpg 1536w, https:\/\/evimotor.com\/wp-content\/uploads\/2025\/03\/applicazioni-Agricoltura.jpg 1840w\" sizes=\"(max-width: 800px) 100vw, 800px\" \/>\t\t\t\t\t\t\t\t\t\t\t\t\t\t\t<\/div>\n\t\t\t\t<\/div>\n\t\t<div class=\"elementor-element elementor-element-efff621 e-con-full e-flex e-con e-child\" data-id=\"efff621\" data-element_type=\"container\" data-e-type=\"container\">\n\t\t\t\t<div class=\"elementor-element elementor-element-8ba8d8d elementor-widget elementor-widget-heading\" data-id=\"8ba8d8d\" data-element_type=\"widget\" data-e-type=\"widget\" data-widget_type=\"heading.default\">\n\t\t\t\t<div class=\"elementor-widget-container\">\n\t\t\t\t\t<h3 class=\"elementor-heading-title elementor-size-default\">Landbrug<\/h3>\t\t\t\t<\/div>\n\t\t\t\t<\/div>\n\t\t\t\t<div class=\"elementor-element elementor-element-0d59690 elementor-widget elementor-widget-text-editor\" data-id=\"0d59690\" data-element_type=\"widget\" data-e-type=\"widget\" data-widget_type=\"text-editor.default\">\n\t\t\t\t<div class=\"elementor-widget-container\">\n\t\t\t\t\t\t\t\t\t<p>Evitalia-elbiler er det ideelle transportmiddel til mange <b>opgaver inden for landbrug, skovbrug<\/b> og meget mere.<\/p>\n<p>Firehjulstr\u00e6k, fuldst\u00e6ndig frav\u00e6r af forurenende emissioner og ingen st\u00f8j fra k\u00f8ret\u00f8jet g\u00f8r det muligt at bruge dem b\u00e5de udend\u00f8rs (p\u00e5 veje og i terr\u00e6n) og indend\u00f8rs.<\/p>\n<p>Evnen til at klare <b>h\u00e6ldninger p\u00e5 35 %<\/b> og en last p\u00e5 op til 1.000 kg g\u00f8r det muligt at bruge dem ogs\u00e5 i bakket og bjergrigt terr\u00e6n.<\/p>\n<p>Evitalias multifunktionelle elektriske k\u00f8ret\u00f8jer er en ideel l\u00f8sning til arbejde i <b>ulempefulde og sv\u00e6rt tilg\u00e6ngelige omgivelser<\/b>. De er lydl\u00f8se, udleder ingen forurenende stoffer og har tilstr\u00e6kkelig r\u00e6kkevidde til at udf\u00f8re langvarige opgaver.<\/p>\n<p>I skovbruget kan multifunktionelle elektriske k\u00f8ret\u00f8jer bruges til: <b>Transport af materialer og udstyr, overv\u00e5gning og kontrol af omr\u00e5det, n\u00f8dhj\u00e6lp, vedligeholdelse og reng\u00f8ring.<\/b><\/p>\n\t\t\t\t\t\t\t\t<\/div>\n\t\t\t\t<\/div>\n\t\t\t\t<\/div>\n\t\t\t\t<\/div>\n\t\t\t\t<\/div>\n\t\t<div class=\"elementor-element elementor-element-682c1e0 e-grid e-con-full e-con e-child\" data-id=\"682c1e0\" data-element_type=\"container\" data-e-type=\"container\">\n\t\t<div class=\"elementor-element elementor-element-20449d3 e-con-full e-flex elementor-invisible e-con e-child\" data-id=\"20449d3\" data-element_type=\"container\" data-e-type=\"container\" data-settings=\"{&quot;background_background&quot;:&quot;classic&quot;,&quot;animation&quot;:&quot;fadeIn&quot;,&quot;animation_delay&quot;:400}\">\n\t\t\t\t<div class=\"elementor-element elementor-element-b1bfb3f elementor-widget elementor-widget-image\" data-id=\"b1bfb3f\" data-element_type=\"widget\" data-e-type=\"widget\" data-widget_type=\"image.default\">\n\t\t\t\t<div class=\"elementor-widget-container\">\n\t\t\t\t\t\t\t\t\t\t\t\t\t\t\t<img decoding=\"async\" width=\"800\" height=\"534\" src=\"https:\/\/evimotor.com\/wp-content\/uploads\/2025\/05\/Industries2-1-1024x683.jpg\" class=\"attachment-large size-large wp-image-1274\" alt=\"\" srcset=\"https:\/\/evimotor.com\/wp-content\/uploads\/2025\/05\/Industries2-1-1024x683.jpg 1024w, https:\/\/evimotor.com\/wp-content\/uploads\/2025\/05\/Industries2-1-300x200.jpg 300w, https:\/\/evimotor.com\/wp-content\/uploads\/2025\/05\/Industries2-1-768x512.jpg 768w, https:\/\/evimotor.com\/wp-content\/uploads\/2025\/05\/Industries2-1.jpg 1200w\" sizes=\"(max-width: 800px) 100vw, 800px\" \/>\t\t\t\t\t\t\t\t\t\t\t\t\t\t\t<\/div>\n\t\t\t\t<\/div>\n\t\t<div class=\"elementor-element elementor-element-f47c41f e-con-full e-flex e-con e-child\" data-id=\"f47c41f\" data-element_type=\"container\" data-e-type=\"container\">\n\t\t\t\t<div class=\"elementor-element elementor-element-d3f6d28 elementor-widget elementor-widget-heading\" data-id=\"d3f6d28\" data-element_type=\"widget\" data-e-type=\"widget\" data-widget_type=\"heading.default\">\n\t\t\t\t<div class=\"elementor-widget-container\">\n\t\t\t\t\t<h3 class=\"elementor-heading-title elementor-size-default\">Boligomr\u00e5de<\/h3>\t\t\t\t<\/div>\n\t\t\t\t<\/div>\n\t\t\t\t<div class=\"elementor-element elementor-element-4872084 elementor-widget elementor-widget-text-editor\" data-id=\"4872084\" data-element_type=\"widget\" data-e-type=\"widget\" data-widget_type=\"text-editor.default\">\n\t\t\t\t<div class=\"elementor-widget-container\">\n\t\t\t\t\t\t\t\t\t<p>Pleje af gr\u00f8nne omr\u00e5der, reng\u00f8ring af veje i et boligomr\u00e5de eller et feriested, <b>vedligeholdelse af campingpladser eller sportscentre<\/b> udf\u00f8res lettere, hvis det anvendte k\u00f8ret\u00f8j er et Evitalia-k\u00f8ret\u00f8j.<\/p>\n<p>Vores k\u00f8ret\u00f8jer, der er godkendt til k\u00f8rsel p\u00e5 offentlig vej, har firehjulstr\u00e6k og kan k\u00f8re p\u00e5 alle typer underlag. Fra vejen til golfbanen. Midt i skoven, i mudder eller sne.<\/p>\n<p>Intet kan stoppe vores k\u00f8ret\u00f8jer, og de tilbyder markedets h\u00f8jeste komfortniveau.<\/p>\n<p>Vedligeholdelse af resorts, hoteller og feriesteder kr\u00e6ver brug af st\u00f8jsvage k\u00f8ret\u00f8jer uden milj\u00f8p\u00e5virkning.<\/p>\n<p>Mange bolig- og turistomr\u00e5der ligger i kuperet og bjergrigt terr\u00e6n, og Evitalia-k\u00f8ret\u00f8jer kan takket v\u00e6re deres firehjulstr\u00e6k k\u00f8re p\u00e5 alle veje, b\u00e5de p\u00e5 og uden for vejen.<\/p>\n\t\t\t\t\t\t\t\t<\/div>\n\t\t\t\t<\/div>\n\t\t\t\t<\/div>\n\t\t\t\t<\/div>\n\t\t<div class=\"elementor-element elementor-element-cd37a7d e-con-full e-flex elementor-invisible e-con e-child\" data-id=\"cd37a7d\" data-element_type=\"container\" data-e-type=\"container\" data-settings=\"{&quot;background_background&quot;:&quot;classic&quot;,&quot;animation&quot;:&quot;fadeIn&quot;,&quot;animation_delay&quot;:400}\">\n\t\t\t\t<div class=\"elementor-element elementor-element-c47d288 elementor-widget elementor-widget-image\" data-id=\"c47d288\" data-element_type=\"widget\" data-e-type=\"widget\" data-widget_type=\"image.default\">\n\t\t\t\t<div class=\"elementor-widget-container\">\n\t\t\t\t\t\t\t\t\t\t\t\t\t\t\t<img loading=\"lazy\" decoding=\"async\" width=\"700\" height=\"467\" src=\"https:\/\/evimotor.com\/wp-content\/uploads\/2025\/05\/Golf-Course-ping-lee-unsplash-700x525-1.jpg\" class=\"attachment-large size-large wp-image-1273\" alt=\"\" srcset=\"https:\/\/evimotor.com\/wp-content\/uploads\/2025\/05\/Golf-Course-ping-lee-unsplash-700x525-1.jpg 700w, https:\/\/evimotor.com\/wp-content\/uploads\/2025\/05\/Golf-Course-ping-lee-unsplash-700x525-1-300x200.jpg 300w\" sizes=\"(max-width: 700px) 100vw, 700px\" \/>\t\t\t\t\t\t\t\t\t\t\t\t\t\t\t<\/div>\n\t\t\t\t<\/div>\n\t\t<div class=\"elementor-element elementor-element-71ef3a7 e-con-full e-flex e-con e-child\" data-id=\"71ef3a7\" data-element_type=\"container\" data-e-type=\"container\">\n\t\t\t\t<div class=\"elementor-element elementor-element-5c745ca elementor-widget elementor-widget-heading\" data-id=\"5c745ca\" data-element_type=\"widget\" data-e-type=\"widget\" data-widget_type=\"heading.default\">\n\t\t\t\t<div class=\"elementor-widget-container\">\n\t\t\t\t\t<h3 class=\"elementor-heading-title elementor-size-default\">Resort<\/h3>\t\t\t\t<\/div>\n\t\t\t\t<\/div>\n\t\t\t\t<div class=\"elementor-element elementor-element-4b81afa elementor-widget elementor-widget-text-editor\" data-id=\"4b81afa\" data-element_type=\"widget\" data-e-type=\"widget\" data-widget_type=\"text-editor.default\">\n\t\t\t\t<div class=\"elementor-widget-container\">\n\t\t\t\t\t\t\t\t\t<p>Vedligeholdelse af gr\u00f8nne omr\u00e5der kr\u00e6ver i dag maskiner, der <b>ikke belaster milj\u00f8et<\/b> og, hvis muligt, <b>ikke forstyrrer freden<\/b>.<\/p>\n<p>Nogle jordtypers bl\u00f8dhed (f.eks. golfbaner) og andre jordtypers ustabilitet (f.eks. mudrede bakker eller snevej) kr\u00e6ver, at k\u00f8ret\u00f8jerne kan bev\u00e6ge sig uden at beskadige eller \u00f8del\u00e6gge det underlag, de k\u00f8rer p\u00e5.<\/p>\n<p>EviCountry kan nemt k\u00f8re p\u00e5 alle typer underlag.<\/p>\n\t\t\t\t\t\t\t\t<\/div>\n\t\t\t\t<\/div>\n\t\t\t\t<\/div>\n\t\t\t\t<\/div>\n\t\t\t\t<\/div>\n\t\t\t\t\t<\/div>\n\t\t\t\t<\/div>\n\t\t\t\t<\/div>\n\t\t","protected":false},"excerpt":{"rendered":"<p>L\u00f8sningen til alle typer arbejde og alle k\u00f8restilarter. Evitalia 100 % elektriske k\u00f8ret\u00f8jer har ikke kun ingen indvirkning p\u00e5 milj\u00f8et, men er ogs\u00e5 alsidige og stille, n\u00e5r de k\u00f8rer. Takket v\u00e6re 4WD-tr\u00e6k kan de k\u00f8re p\u00e5 alle underlag, b\u00e5de med lav friktion som grus, mudder, sne og is og p\u00e5 asfalterede veje. De mange tilbeh\u00f8rsdele [&hellip;]<\/p>\n","protected":false},"author":1,"featured_media":0,"parent":0,"menu_order":0,"comment_status":"closed","ping_status":"closed","template":"elementor_header_footer","meta":{"footnotes":""},"class_list":["post-1268","page","type-page","status-publish","hentry"],"yoast_head":"<!-- This site is optimized with the Yoast SEO plugin v27.2 - https:\/\/yoast.com\/product\/yoast-seo-wordpress\/ -->\n<title>Anvendelser og brug af elektriske erhvervsk\u00f8ret\u00f8jer | Evimotor<\/title>\n<meta name=\"description\" content=\"Se anvendelsesmuligheder for Evimotor: skr\u00e6ddersyede l\u00f8sninger til logistik, affaldsh\u00e5ndtering, kommunal vedligeholdelse og industri. 100 % elektrisk.\" \/>\n<meta name=\"robots\" content=\"index, follow, max-snippet:-1, max-image-preview:large, max-video-preview:-1\" \/>\n<link rel=\"canonical\" href=\"https:\/\/evimotor.com\/da\/anvendelser\/\" \/>\n<meta property=\"og:locale\" content=\"da_DK\" \/>\n<meta property=\"og:type\" content=\"article\" \/>\n<meta property=\"og:title\" content=\"Anvendelser og brug af elektriske erhvervsk\u00f8ret\u00f8jer | Evimotor\" \/>\n<meta property=\"og:description\" content=\"Se anvendelsesmuligheder for Evimotor: skr\u00e6ddersyede l\u00f8sninger til logistik, affaldsh\u00e5ndtering, kommunal vedligeholdelse og industri. 100 % elektrisk.\" \/>\n<meta property=\"og:url\" content=\"https:\/\/evimotor.com\/da\/anvendelser\/\" \/>\n<meta property=\"og:site_name\" content=\"Evimotor\" \/>\n<meta property=\"article:modified_time\" content=\"2026-03-19T10:07:47+00:00\" \/>\n<meta property=\"og:image\" content=\"https:\/\/evimotor.com\/wp-content\/uploads\/2025\/03\/applicazioni-Municipalizzate.jpg\" \/>\n\t<meta property=\"og:image:width\" content=\"1840\" \/>\n\t<meta property=\"og:image:height\" content=\"1227\" \/>\n\t<meta property=\"og:image:type\" content=\"image\/jpeg\" \/>\n<meta name=\"twitter:card\" content=\"summary_large_image\" \/>\n<meta name=\"twitter:label1\" content=\"Estimeret l\u00e6setid\" \/>\n\t<meta name=\"twitter:data1\" content=\"3 minutter\" \/>\n<script type=\"application\/ld+json\" class=\"yoast-schema-graph\">{\"@context\":\"https:\/\/schema.org\",\"@graph\":[{\"@type\":\"WebPage\",\"@id\":\"https:\/\/evimotor.com\/da\/anvendelser\/\",\"url\":\"https:\/\/evimotor.com\/da\/anvendelser\/\",\"name\":\"Anvendelser og brug af elektriske erhvervsk\u00f8ret\u00f8jer | Evimotor\",\"isPartOf\":{\"@id\":\"https:\/\/evimotor.com\/da\/#website\"},\"primaryImageOfPage\":{\"@id\":\"https:\/\/evimotor.com\/da\/anvendelser\/#primaryimage\"},\"image\":{\"@id\":\"https:\/\/evimotor.com\/da\/anvendelser\/#primaryimage\"},\"thumbnailUrl\":\"https:\/\/evimotor.com\/wp-content\/uploads\/2025\/03\/applicazioni-Municipalizzate-1024x683.jpg\",\"datePublished\":\"2025-03-06T12:58:41+00:00\",\"dateModified\":\"2026-03-19T10:07:47+00:00\",\"description\":\"Se anvendelsesmuligheder for Evimotor: skr\u00e6ddersyede l\u00f8sninger til logistik, affaldsh\u00e5ndtering, kommunal vedligeholdelse og industri. 100 % elektrisk.\",\"breadcrumb\":{\"@id\":\"https:\/\/evimotor.com\/da\/anvendelser\/#breadcrumb\"},\"inLanguage\":\"da-DK\",\"potentialAction\":[{\"@type\":\"ReadAction\",\"target\":[\"https:\/\/evimotor.com\/da\/anvendelser\/\"]}]},{\"@type\":\"ImageObject\",\"inLanguage\":\"da-DK\",\"@id\":\"https:\/\/evimotor.com\/da\/anvendelser\/#primaryimage\",\"url\":\"https:\/\/evimotor.com\/wp-content\/uploads\/2025\/03\/applicazioni-Municipalizzate-1024x683.jpg\",\"contentUrl\":\"https:\/\/evimotor.com\/wp-content\/uploads\/2025\/03\/applicazioni-Municipalizzate-1024x683.jpg\"},{\"@type\":\"BreadcrumbList\",\"@id\":\"https:\/\/evimotor.com\/da\/anvendelser\/#breadcrumb\",\"itemListElement\":[{\"@type\":\"ListItem\",\"position\":1,\"name\":\"Home\",\"item\":\"https:\/\/evimotor.com\/da\/\"},{\"@type\":\"ListItem\",\"position\":2,\"name\":\"Anvendelser\"}]},{\"@type\":\"WebSite\",\"@id\":\"https:\/\/evimotor.com\/da\/#website\",\"url\":\"https:\/\/evimotor.com\/da\/\",\"name\":\"Evimotor\",\"description\":\"Electric Vehicles Italia\",\"publisher\":{\"@id\":\"https:\/\/evimotor.com\/da\/#organization\"},\"potentialAction\":[{\"@type\":\"SearchAction\",\"target\":{\"@type\":\"EntryPoint\",\"urlTemplate\":\"https:\/\/evimotor.com\/da\/?s={search_term_string}\"},\"query-input\":{\"@type\":\"PropertyValueSpecification\",\"valueRequired\":true,\"valueName\":\"search_term_string\"}}],\"inLanguage\":\"da-DK\"},{\"@type\":\"Organization\",\"@id\":\"https:\/\/evimotor.com\/da\/#organization\",\"name\":\"Evimotor\",\"url\":\"https:\/\/evimotor.com\/da\/\",\"logo\":{\"@type\":\"ImageObject\",\"inLanguage\":\"da-DK\",\"@id\":\"https:\/\/evimotor.com\/da\/#\/schema\/logo\/image\/\",\"url\":\"https:\/\/evimotor.com\/wp-content\/uploads\/2025\/02\/logo-evimotor.png\",\"contentUrl\":\"https:\/\/evimotor.com\/wp-content\/uploads\/2025\/02\/logo-evimotor.png\",\"width\":594,\"height\":110,\"caption\":\"Evimotor\"},\"image\":{\"@id\":\"https:\/\/evimotor.com\/da\/#\/schema\/logo\/image\/\"}}]}<\/script>\n<!-- \/ Yoast SEO plugin. -->","yoast_head_json":{"title":"Anvendelser og brug af elektriske erhvervsk\u00f8ret\u00f8jer | Evimotor","description":"Se anvendelsesmuligheder for Evimotor: skr\u00e6ddersyede l\u00f8sninger til logistik, affaldsh\u00e5ndtering, kommunal vedligeholdelse og industri. 100 % elektrisk.","robots":{"index":"index","follow":"follow","max-snippet":"max-snippet:-1","max-image-preview":"max-image-preview:large","max-video-preview":"max-video-preview:-1"},"canonical":"https:\/\/evimotor.com\/da\/anvendelser\/","og_locale":"da_DK","og_type":"article","og_title":"Anvendelser og brug af elektriske erhvervsk\u00f8ret\u00f8jer | Evimotor","og_description":"Se anvendelsesmuligheder for Evimotor: skr\u00e6ddersyede l\u00f8sninger til logistik, affaldsh\u00e5ndtering, kommunal vedligeholdelse og industri. 100 % elektrisk.","og_url":"https:\/\/evimotor.com\/da\/anvendelser\/","og_site_name":"Evimotor","article_modified_time":"2026-03-19T10:07:47+00:00","og_image":[{"width":1840,"height":1227,"url":"https:\/\/evimotor.com\/wp-content\/uploads\/2025\/03\/applicazioni-Municipalizzate.jpg","type":"image\/jpeg"}],"twitter_card":"summary_large_image","twitter_misc":{"Estimeret l\u00e6setid":"3 minutter"},"schema":{"@context":"https:\/\/schema.org","@graph":[{"@type":"WebPage","@id":"https:\/\/evimotor.com\/da\/anvendelser\/","url":"https:\/\/evimotor.com\/da\/anvendelser\/","name":"Anvendelser og brug af elektriske erhvervsk\u00f8ret\u00f8jer | Evimotor","isPartOf":{"@id":"https:\/\/evimotor.com\/da\/#website"},"primaryImageOfPage":{"@id":"https:\/\/evimotor.com\/da\/anvendelser\/#primaryimage"},"image":{"@id":"https:\/\/evimotor.com\/da\/anvendelser\/#primaryimage"},"thumbnailUrl":"https:\/\/evimotor.com\/wp-content\/uploads\/2025\/03\/applicazioni-Municipalizzate-1024x683.jpg","datePublished":"2025-03-06T12:58:41+00:00","dateModified":"2026-03-19T10:07:47+00:00","description":"Se anvendelsesmuligheder for Evimotor: skr\u00e6ddersyede l\u00f8sninger til logistik, affaldsh\u00e5ndtering, kommunal vedligeholdelse og industri. 100 % elektrisk.","breadcrumb":{"@id":"https:\/\/evimotor.com\/da\/anvendelser\/#breadcrumb"},"inLanguage":"da-DK","potentialAction":[{"@type":"ReadAction","target":["https:\/\/evimotor.com\/da\/anvendelser\/"]}]},{"@type":"ImageObject","inLanguage":"da-DK","@id":"https:\/\/evimotor.com\/da\/anvendelser\/#primaryimage","url":"https:\/\/evimotor.com\/wp-content\/uploads\/2025\/03\/applicazioni-Municipalizzate-1024x683.jpg","contentUrl":"https:\/\/evimotor.com\/wp-content\/uploads\/2025\/03\/applicazioni-Municipalizzate-1024x683.jpg"},{"@type":"BreadcrumbList","@id":"https:\/\/evimotor.com\/da\/anvendelser\/#breadcrumb","itemListElement":[{"@type":"ListItem","position":1,"name":"Home","item":"https:\/\/evimotor.com\/da\/"},{"@type":"ListItem","position":2,"name":"Anvendelser"}]},{"@type":"WebSite","@id":"https:\/\/evimotor.com\/da\/#website","url":"https:\/\/evimotor.com\/da\/","name":"Evimotor","description":"Electric Vehicles Italia","publisher":{"@id":"https:\/\/evimotor.com\/da\/#organization"},"potentialAction":[{"@type":"SearchAction","target":{"@type":"EntryPoint","urlTemplate":"https:\/\/evimotor.com\/da\/?s={search_term_string}"},"query-input":{"@type":"PropertyValueSpecification","valueRequired":true,"valueName":"search_term_string"}}],"inLanguage":"da-DK"},{"@type":"Organization","@id":"https:\/\/evimotor.com\/da\/#organization","name":"Evimotor","url":"https:\/\/evimotor.com\/da\/","logo":{"@type":"ImageObject","inLanguage":"da-DK","@id":"https:\/\/evimotor.com\/da\/#\/schema\/logo\/image\/","url":"https:\/\/evimotor.com\/wp-content\/uploads\/2025\/02\/logo-evimotor.png","contentUrl":"https:\/\/evimotor.com\/wp-content\/uploads\/2025\/02\/logo-evimotor.png","width":594,"height":110,"caption":"Evimotor"},"image":{"@id":"https:\/\/evimotor.com\/da\/#\/schema\/logo\/image\/"}}]}},"_links":{"self":[{"href":"https:\/\/evimotor.com\/da\/wp-json\/wp\/v2\/pages\/1268","targetHints":{"allow":["GET"]}}],"collection":[{"href":"https:\/\/evimotor.com\/da\/wp-json\/wp\/v2\/pages"}],"about":[{"href":"https:\/\/evimotor.com\/da\/wp-json\/wp\/v2\/types\/page"}],"author":[{"embeddable":true,"href":"https:\/\/evimotor.com\/da\/wp-json\/wp\/v2\/users\/1"}],"replies":[{"embeddable":true,"href":"https:\/\/evimotor.com\/da\/wp-json\/wp\/v2\/comments?post=1268"}],"version-history":[{"count":2,"href":"https:\/\/evimotor.com\/da\/wp-json\/wp\/v2\/pages\/1268\/revisions"}],"predecessor-version":[{"id":1306,"href":"https:\/\/evimotor.com\/da\/wp-json\/wp\/v2\/pages\/1268\/revisions\/1306"}],"wp:attachment":[{"href":"https:\/\/evimotor.com\/da\/wp-json\/wp\/v2\/media?parent=1268"}],"curies":[{"name":"wp","href":"https:\/\/api.w.org\/{rel}","templated":true}]}}