{"id":1105,"date":"2025-03-06T13:58:41","date_gmt":"2025-03-06T12:58:41","guid":{"rendered":"https:\/\/evimotor.com\/anwendungen\/"},"modified":"2026-03-19T11:10:59","modified_gmt":"2026-03-19T10:10:59","slug":"anwendungen","status":"publish","type":"page","link":"https:\/\/evimotor.com\/de\/anwendungen\/","title":{"rendered":"Anwendungen"},"content":{"rendered":"\t\t<div data-elementor-type=\"wp-page\" data-elementor-id=\"1105\" class=\"elementor elementor-1105 elementor-394\" data-elementor-post-type=\"page\">\n\t\t\t\t<div class=\"elementor-element elementor-element-9dc076b e-flex e-con-boxed e-con e-parent\" data-id=\"9dc076b\" data-element_type=\"container\" data-e-type=\"container\" data-settings=\"{&quot;background_background&quot;:&quot;classic&quot;}\">\n\t\t\t\t\t<div class=\"e-con-inner\">\n\t\t\t\t<div class=\"elementor-element elementor-element-32cc97c elementor-widget elementor-widget-spacer\" data-id=\"32cc97c\" data-element_type=\"widget\" data-e-type=\"widget\" data-widget_type=\"spacer.default\">\n\t\t\t\t<div class=\"elementor-widget-container\">\n\t\t\t\t\t\t\t<div class=\"elementor-spacer\">\n\t\t\t<div class=\"elementor-spacer-inner\"><\/div>\n\t\t<\/div>\n\t\t\t\t\t\t<\/div>\n\t\t\t\t<\/div>\n\t\t\t\t\t<\/div>\n\t\t\t\t<\/div>\n\t\t<div class=\"elementor-element elementor-element-00a6fc6 e-flex e-con-boxed e-con e-parent\" data-id=\"00a6fc6\" data-element_type=\"container\" data-e-type=\"container\">\n\t\t\t\t\t<div class=\"e-con-inner\">\n\t\t<div class=\"elementor-element elementor-element-b27523b e-con-full e-flex elementor-invisible e-con e-child\" data-id=\"b27523b\" data-element_type=\"container\" data-e-type=\"container\" data-settings=\"{&quot;background_background&quot;:&quot;classic&quot;,&quot;animation&quot;:&quot;fadeIn&quot;,&quot;animation_delay&quot;:400}\">\n\t\t\t\t<div class=\"elementor-element elementor-element-6479820 elementor-invisible elementor-widget elementor-widget-text-editor\" data-id=\"6479820\" data-element_type=\"widget\" data-e-type=\"widget\" data-settings=\"{&quot;_animation&quot;:&quot;fadeIn&quot;,&quot;_animation_delay&quot;:400}\" data-widget_type=\"text-editor.default\">\n\t\t\t\t<div class=\"elementor-widget-container\">\n\t\t\t\t\t\t\t\t\t<p>Die L\u00f6sung f\u00fcr jede Art von Arbeit und jeden Fahrstil.<\/p>\n\t\t\t\t\t\t\t\t<\/div>\n\t\t\t\t<\/div>\n\t\t\t\t<div class=\"elementor-element elementor-element-91b1012 elementor-widget elementor-widget-text-editor\" data-id=\"91b1012\" data-element_type=\"widget\" data-e-type=\"widget\" data-widget_type=\"text-editor.default\">\n\t\t\t\t<div class=\"elementor-widget-container\">\n\t\t\t\t\t\t\t\t\t<p>Die 100 % elektrischen Fahrzeuge von Evitalia sind nicht nur umweltfreundlich, sondern auch vielseitig und leise unterwegs.<br \/>Dank des Allradantriebs funktionieren sie auf jedem Untergrund mit geringer Bodenhaftung wie Schmutz, Schlamm, Schnee, Eis und auch auf asphaltierten Stra\u00dfen.<br \/>Dank der zahlreichen Zubeh\u00f6rteile k\u00f6nnen zahlreiche Aktivit\u00e4ten durchgef\u00fchrt werden, ohne dass man mehrere Fahrzeuge besitzen muss.<\/p>\n\t\t\t\t\t\t\t\t<\/div>\n\t\t\t\t<\/div>\n\t\t\t\t<\/div>\n\t\t\t\t\t<\/div>\n\t\t\t\t<\/div>\n\t\t<div class=\"elementor-element elementor-element-3217bc6 e-flex e-con-boxed e-con e-parent\" data-id=\"3217bc6\" data-element_type=\"container\" data-e-type=\"container\" data-settings=\"{&quot;background_background&quot;:&quot;gradient&quot;}\">\n\t\t\t\t\t<div class=\"e-con-inner\">\n\t\t<div class=\"elementor-element elementor-element-1f723c1 e-grid e-con-full e-con e-child\" data-id=\"1f723c1\" data-element_type=\"container\" data-e-type=\"container\">\n\t\t<div class=\"elementor-element elementor-element-c241182 e-con-full e-flex elementor-invisible e-con e-child\" data-id=\"c241182\" data-element_type=\"container\" data-e-type=\"container\" data-settings=\"{&quot;background_background&quot;:&quot;classic&quot;,&quot;animation&quot;:&quot;fadeIn&quot;,&quot;animation_delay&quot;:400}\">\n\t\t\t\t<div class=\"elementor-element elementor-element-e137050 elementor-widget elementor-widget-image\" data-id=\"e137050\" data-element_type=\"widget\" data-e-type=\"widget\" data-widget_type=\"image.default\">\n\t\t\t\t<div class=\"elementor-widget-container\">\n\t\t\t\t\t\t\t\t\t\t\t\t\t\t\t<img fetchpriority=\"high\" decoding=\"async\" width=\"800\" height=\"534\" src=\"https:\/\/evimotor.com\/wp-content\/uploads\/2025\/03\/applicazioni-Municipalizzate-1024x683.jpg\" class=\"attachment-large size-large wp-image-1108\" alt=\"\" srcset=\"https:\/\/evimotor.com\/wp-content\/uploads\/2025\/03\/applicazioni-Municipalizzate-1024x683.jpg 1024w, https:\/\/evimotor.com\/wp-content\/uploads\/2025\/03\/applicazioni-Municipalizzate-300x200.jpg 300w, https:\/\/evimotor.com\/wp-content\/uploads\/2025\/03\/applicazioni-Municipalizzate-768x512.jpg 768w, https:\/\/evimotor.com\/wp-content\/uploads\/2025\/03\/applicazioni-Municipalizzate-1536x1024.jpg 1536w, https:\/\/evimotor.com\/wp-content\/uploads\/2025\/03\/applicazioni-Municipalizzate.jpg 1840w\" sizes=\"(max-width: 800px) 100vw, 800px\" \/>\t\t\t\t\t\t\t\t\t\t\t\t\t\t\t<\/div>\n\t\t\t\t<\/div>\n\t\t<div class=\"elementor-element elementor-element-b4105d4 e-con-full e-flex e-con e-child\" data-id=\"b4105d4\" data-element_type=\"container\" data-e-type=\"container\">\n\t\t\t\t<div class=\"elementor-element elementor-element-916501f elementor-widget elementor-widget-heading\" data-id=\"916501f\" data-element_type=\"widget\" data-e-type=\"widget\" data-widget_type=\"heading.default\">\n\t\t\t\t<div class=\"elementor-widget-container\">\n\t\t\t\t\t<h3 class=\"elementor-heading-title elementor-size-default\">Kommunal<\/h3>\t\t\t\t<\/div>\n\t\t\t\t<\/div>\n\t\t\t\t<div class=\"elementor-element elementor-element-ed12b7c elementor-widget elementor-widget-text-editor\" data-id=\"ed12b7c\" data-element_type=\"widget\" data-e-type=\"widget\" data-widget_type=\"text-editor.default\">\n\t\t\t\t<div class=\"elementor-widget-container\">\n\t\t\t\t\t\t\t\t\t<p>Die Elektrofahrzeuge von Evitalia sind das ideale Werkzeug f\u00fcr die Erledigung aller Aufgaben der kommunalen Versorgungsunternehmen. Gr\u00fcnpflege, M\u00fcllabfuhr und allgemeine Wartungsarbeiten sind nur einige der Aufgaben, bei denen unsere elektrischen Transportfahrzeuge effektiv sind.<br \/>Um den Fuhrpark von Stadtwerken zu verbessern und effizienter zu gestalten, bietet Evitalia seine Elektrofahrzeuge mit einer breiten Palette von Zubeh\u00f6rteilen an.<\/p>\n<p>Die Elektrofahrzeuge von Evitalia eignen sich auch hervorragend f\u00fcr Schneer\u00e4umarbeiten. Ob es darum geht, die Stra\u00dfen eines Stadtzentrums zu reinigen oder die Zufahrten zu Hotels, \u00f6ffentlichen Einrichtungen und Resorts im Allgemeinen freizuhalten, EviCountry ist das ideale Fahrzeug.<br \/>Ausgestattet mit vier Antriebsr\u00e4dern, die von zwei leistungsstarken Elektromotoren angetrieben werden, erm\u00f6glichen unsere Fahrzeuge die Schneer\u00e4umung bei allen Wetterbedingungen.<\/p>\n\t\t\t\t\t\t\t\t<\/div>\n\t\t\t\t<\/div>\n\t\t\t\t<\/div>\n\t\t\t\t<\/div>\n\t\t<div class=\"elementor-element elementor-element-e40657a e-con-full e-flex elementor-invisible e-con e-child\" data-id=\"e40657a\" data-element_type=\"container\" data-e-type=\"container\" data-settings=\"{&quot;background_background&quot;:&quot;classic&quot;,&quot;animation&quot;:&quot;fadeIn&quot;,&quot;animation_delay&quot;:400}\">\n\t\t\t\t<div class=\"elementor-element elementor-element-03bf53f elementor-widget elementor-widget-image\" data-id=\"03bf53f\" data-element_type=\"widget\" data-e-type=\"widget\" data-widget_type=\"image.default\">\n\t\t\t\t<div class=\"elementor-widget-container\">\n\t\t\t\t\t\t\t\t\t\t\t\t\t\t\t<img decoding=\"async\" width=\"800\" height=\"534\" src=\"https:\/\/evimotor.com\/wp-content\/uploads\/2025\/03\/applicazioni-Agricoltura-1024x683.jpg\" class=\"attachment-large size-large wp-image-1107\" alt=\"\" srcset=\"https:\/\/evimotor.com\/wp-content\/uploads\/2025\/03\/applicazioni-Agricoltura-1024x683.jpg 1024w, https:\/\/evimotor.com\/wp-content\/uploads\/2025\/03\/applicazioni-Agricoltura-300x200.jpg 300w, https:\/\/evimotor.com\/wp-content\/uploads\/2025\/03\/applicazioni-Agricoltura-768x512.jpg 768w, https:\/\/evimotor.com\/wp-content\/uploads\/2025\/03\/applicazioni-Agricoltura-1536x1024.jpg 1536w, https:\/\/evimotor.com\/wp-content\/uploads\/2025\/03\/applicazioni-Agricoltura.jpg 1840w\" sizes=\"(max-width: 800px) 100vw, 800px\" \/>\t\t\t\t\t\t\t\t\t\t\t\t\t\t\t<\/div>\n\t\t\t\t<\/div>\n\t\t<div class=\"elementor-element elementor-element-efff621 e-con-full e-flex e-con e-child\" data-id=\"efff621\" data-element_type=\"container\" data-e-type=\"container\">\n\t\t\t\t<div class=\"elementor-element elementor-element-8ba8d8d elementor-widget elementor-widget-heading\" data-id=\"8ba8d8d\" data-element_type=\"widget\" data-e-type=\"widget\" data-widget_type=\"heading.default\">\n\t\t\t\t<div class=\"elementor-widget-container\">\n\t\t\t\t\t<h3 class=\"elementor-heading-title elementor-size-default\">Landwirtschaft<\/h3>\t\t\t\t<\/div>\n\t\t\t\t<\/div>\n\t\t\t\t<div class=\"elementor-element elementor-element-0d59690 elementor-widget elementor-widget-text-editor\" data-id=\"0d59690\" data-element_type=\"widget\" data-e-type=\"widget\" data-widget_type=\"text-editor.default\">\n\t\t\t\t<div class=\"elementor-widget-container\">\n\t\t\t\t\t\t\t\t\t<p>Die Elektrofahrzeuge von Evitalia sind das ideale Fahrzeug f\u00fcr zahlreiche T\u00e4tigkeiten in der Land- und Forstwirtschaft und dar\u00fcber hinaus.<br \/>Der Allradantrieb, das v\u00f6llige Fehlen von Schadstoffemissionen und die Ger\u00e4uschlosigkeit des Fahrzeugs erm\u00f6glichen den Einsatz sowohl im Freien (auf der Stra\u00dfe und im Gel\u00e4nde) als auch in geschlossenen R\u00e4umen.<br \/>Die F\u00e4higkeit, Steigungen von 35 % zu \u00fcberwinden, und eine Zuladung von bis zu 1.000 kg erlauben auch den Einsatz in H\u00fcgeln und Bergen.<\/p>\n<p>Die multifunktionalen Elektrofahrzeuge von Evitalia sind eine ideale L\u00f6sung f\u00fcr Arbeiten in unzug\u00e4nglichen und schwer zug\u00e4nglichen Umgebungen. Sie sind ger\u00e4uschlos, sto\u00dfen keine Schadstoffe aus und verf\u00fcgen \u00fcber eine ausreichende Autonomie, um auch \u00fcber lange Zeitr\u00e4ume hinweg Aufgaben zu erf\u00fcllen.<\/p>\n<p>In der Forstwirtschaft k\u00f6nnen multifunktionale Elektrofahrzeuge eingesetzt werden f\u00fcr: Transport von Material und Ausr\u00fcstung, \u00dcberwachung und Kontrolle des Gebiets, Notfalleins\u00e4tze, Wartung und Reinigung.<\/p>\n\t\t\t\t\t\t\t\t<\/div>\n\t\t\t\t<\/div>\n\t\t\t\t<\/div>\n\t\t\t\t<\/div>\n\t\t\t\t<\/div>\n\t\t<div class=\"elementor-element elementor-element-682c1e0 e-grid e-con-full e-con e-child\" data-id=\"682c1e0\" data-element_type=\"container\" data-e-type=\"container\">\n\t\t<div class=\"elementor-element elementor-element-20449d3 e-con-full e-flex elementor-invisible e-con e-child\" data-id=\"20449d3\" data-element_type=\"container\" data-e-type=\"container\" data-settings=\"{&quot;background_background&quot;:&quot;classic&quot;,&quot;animation&quot;:&quot;fadeIn&quot;,&quot;animation_delay&quot;:400}\">\n\t\t\t\t<div class=\"elementor-element elementor-element-b1bfb3f elementor-widget elementor-widget-image\" data-id=\"b1bfb3f\" data-element_type=\"widget\" data-e-type=\"widget\" data-widget_type=\"image.default\">\n\t\t\t\t<div class=\"elementor-widget-container\">\n\t\t\t\t\t\t\t\t\t\t\t\t\t\t\t<img decoding=\"async\" width=\"800\" height=\"534\" src=\"https:\/\/evimotor.com\/wp-content\/uploads\/2025\/05\/Industries2-1-1024x683.jpg\" class=\"attachment-large size-large wp-image-1111\" alt=\"\" srcset=\"https:\/\/evimotor.com\/wp-content\/uploads\/2025\/05\/Industries2-1-1024x683.jpg 1024w, https:\/\/evimotor.com\/wp-content\/uploads\/2025\/05\/Industries2-1-300x200.jpg 300w, https:\/\/evimotor.com\/wp-content\/uploads\/2025\/05\/Industries2-1-768x512.jpg 768w, https:\/\/evimotor.com\/wp-content\/uploads\/2025\/05\/Industries2-1.jpg 1200w\" sizes=\"(max-width: 800px) 100vw, 800px\" \/>\t\t\t\t\t\t\t\t\t\t\t\t\t\t\t<\/div>\n\t\t\t\t<\/div>\n\t\t<div class=\"elementor-element elementor-element-f47c41f e-con-full e-flex e-con e-child\" data-id=\"f47c41f\" data-element_type=\"container\" data-e-type=\"container\">\n\t\t\t\t<div class=\"elementor-element elementor-element-d3f6d28 elementor-widget elementor-widget-heading\" data-id=\"d3f6d28\" data-element_type=\"widget\" data-e-type=\"widget\" data-widget_type=\"heading.default\">\n\t\t\t\t<div class=\"elementor-widget-container\">\n\t\t\t\t\t<h3 class=\"elementor-heading-title elementor-size-default\">Wohnen<\/h3>\t\t\t\t<\/div>\n\t\t\t\t<\/div>\n\t\t\t\t<div class=\"elementor-element elementor-element-4872084 elementor-widget elementor-widget-text-editor\" data-id=\"4872084\" data-element_type=\"widget\" data-e-type=\"widget\" data-widget_type=\"text-editor.default\">\n\t\t\t\t<div class=\"elementor-widget-container\">\n\t\t\t\t\t\t\t\t\t<p>Die Landschaftspflege, die Reinigung der Wege eines Wohngebiets oder einer Ferienanlage, die Instandhaltung von Campingpl\u00e4tzen oder Sportzentren werden durch den Einsatz eines Evitalia-Fahrzeugs erleichtert.<br \/>Unsere Fahrzeuge haben eine Stra\u00dfenzulassung, sind mit Allradantrieb ausgestattet und k\u00f6nnen in jedem Gel\u00e4nde eingesetzt werden. Von der Stra\u00dfe bis zum Golfplatz. Durch die W\u00e4lder, im Schlamm oder im Schnee.<br \/>Nichts h\u00e4lt unsere Fahrzeuge auf, und der Komfort, den sie bieten, ist auf dem h\u00f6chsten Niveau auf dem Markt.<\/p>\n<p>Die Instandhaltung von Resorts, Hotels und Ferienanlagen erfordert den Einsatz leiser Fahrzeuge, die die Umwelt nicht belasten.<br \/>Viele Wohn- und Tourismusgebiete befinden sich in h\u00fcgeligem und bergigem Gel\u00e4nde, und die Fahrzeuge von Evitalia sind dank ihres Allradantriebs in der Lage, sowohl auf der Stra\u00dfe als auch im Gel\u00e4nde zu fahren.<\/p>\n\t\t\t\t\t\t\t\t<\/div>\n\t\t\t\t<\/div>\n\t\t\t\t<\/div>\n\t\t\t\t<\/div>\n\t\t<div class=\"elementor-element elementor-element-cd37a7d e-con-full e-flex elementor-invisible e-con e-child\" data-id=\"cd37a7d\" data-element_type=\"container\" data-e-type=\"container\" data-settings=\"{&quot;background_background&quot;:&quot;classic&quot;,&quot;animation&quot;:&quot;fadeIn&quot;,&quot;animation_delay&quot;:400}\">\n\t\t\t\t<div class=\"elementor-element elementor-element-c47d288 elementor-widget elementor-widget-image\" data-id=\"c47d288\" data-element_type=\"widget\" data-e-type=\"widget\" data-widget_type=\"image.default\">\n\t\t\t\t<div class=\"elementor-widget-container\">\n\t\t\t\t\t\t\t\t\t\t\t\t\t\t\t<img loading=\"lazy\" decoding=\"async\" width=\"700\" height=\"467\" src=\"https:\/\/evimotor.com\/wp-content\/uploads\/2025\/05\/Golf-Course-ping-lee-unsplash-700x525-1.jpg\" class=\"attachment-large size-large wp-image-1110\" alt=\"\" srcset=\"https:\/\/evimotor.com\/wp-content\/uploads\/2025\/05\/Golf-Course-ping-lee-unsplash-700x525-1.jpg 700w, https:\/\/evimotor.com\/wp-content\/uploads\/2025\/05\/Golf-Course-ping-lee-unsplash-700x525-1-300x200.jpg 300w\" sizes=\"(max-width: 700px) 100vw, 700px\" \/>\t\t\t\t\t\t\t\t\t\t\t\t\t\t\t<\/div>\n\t\t\t\t<\/div>\n\t\t<div class=\"elementor-element elementor-element-71ef3a7 e-con-full e-flex e-con e-child\" data-id=\"71ef3a7\" data-element_type=\"container\" data-e-type=\"container\">\n\t\t\t\t<div class=\"elementor-element elementor-element-5c745ca elementor-widget elementor-widget-heading\" data-id=\"5c745ca\" data-element_type=\"widget\" data-e-type=\"widget\" data-widget_type=\"heading.default\">\n\t\t\t\t<div class=\"elementor-widget-container\">\n\t\t\t\t\t<h3 class=\"elementor-heading-title elementor-size-default\">Resort<\/h3>\t\t\t\t<\/div>\n\t\t\t\t<\/div>\n\t\t\t\t<div class=\"elementor-element elementor-element-4b81afa elementor-widget elementor-widget-text-editor\" data-id=\"4b81afa\" data-element_type=\"widget\" data-e-type=\"widget\" data-widget_type=\"text-editor.default\">\n\t\t\t\t<div class=\"elementor-widget-container\">\n\t\t\t\t\t\t\t\t\t<p>Die Pflege von Gr\u00fcnfl\u00e4chen erfordert heute Maschinen, die die Umwelt nicht belasten und nach M\u00f6glichkeit auch nicht die Ruhe st\u00f6ren.<\/p>\n<p>Die Weichheit mancher B\u00f6den (z. B. Golfpl\u00e4tze) und die Instabilit\u00e4t anderer (z. B. schlammige H\u00e4nge oder schneebedeckte Stra\u00dfen) machen es erforderlich, dass die Fahrzeuge in der Lage sind, sich fortzubewegen, ohne den Boden, auf dem sie sich bewegen, zu besch\u00e4digen oder anzugreifen.<\/p>\n<p>EviCountry kann jede Art von Gel\u00e4nde problemlos befahren<\/p>\n\t\t\t\t\t\t\t\t<\/div>\n\t\t\t\t<\/div>\n\t\t\t\t<\/div>\n\t\t\t\t<\/div>\n\t\t\t\t<\/div>\n\t\t\t\t\t<\/div>\n\t\t\t\t<\/div>\n\t\t\t\t<\/div>\n\t\t","protected":false},"excerpt":{"rendered":"<p>Die L\u00f6sung f\u00fcr jede Art von Arbeit und jeden Fahrstil. Die 100 % elektrischen Fahrzeuge von Evitalia sind nicht nur umweltfreundlich, sondern auch vielseitig und leise unterwegs.Dank des Allradantriebs funktionieren sie auf jedem Untergrund mit geringer Bodenhaftung wie Schmutz, Schlamm, Schnee, Eis und auch auf asphaltierten Stra\u00dfen.Dank der zahlreichen Zubeh\u00f6rteile k\u00f6nnen zahlreiche Aktivit\u00e4ten durchgef\u00fchrt werden, [&hellip;]<\/p>\n","protected":false},"author":1,"featured_media":0,"parent":0,"menu_order":0,"comment_status":"closed","ping_status":"closed","template":"elementor_header_footer","meta":{"footnotes":""},"class_list":["post-1105","page","type-page","status-publish","hentry"],"yoast_head":"<!-- This site is optimized with the Yoast SEO plugin v27.2 - https:\/\/yoast.com\/product\/yoast-seo-wordpress\/ -->\n<title>Anwendungen und Einsatzbereiche f\u00fcr Elektro-Nutzfahrzeuge | Evimotor<\/title>\n<meta name=\"description\" content=\"Evimotor L\u00f6sungen: Abfallsammlung, City-Logistik, kommunale Instandhaltung und Industrie. 100 % elektrische Effizienz f\u00fcr St\u00e4dte und Betriebe.\" \/>\n<meta name=\"robots\" content=\"index, follow, max-snippet:-1, max-image-preview:large, max-video-preview:-1\" \/>\n<link rel=\"canonical\" href=\"https:\/\/evimotor.com\/de\/anwendungen\/\" \/>\n<meta property=\"og:locale\" content=\"de_DE\" \/>\n<meta property=\"og:type\" content=\"article\" \/>\n<meta property=\"og:title\" content=\"Anwendungen und Einsatzbereiche f\u00fcr Elektro-Nutzfahrzeuge | Evimotor\" \/>\n<meta property=\"og:description\" content=\"Evimotor L\u00f6sungen: Abfallsammlung, City-Logistik, kommunale Instandhaltung und Industrie. 100 % elektrische Effizienz f\u00fcr St\u00e4dte und Betriebe.\" \/>\n<meta property=\"og:url\" content=\"https:\/\/evimotor.com\/de\/anwendungen\/\" \/>\n<meta property=\"og:site_name\" content=\"Evimotor\" \/>\n<meta property=\"article:modified_time\" content=\"2026-03-19T10:10:59+00:00\" \/>\n<meta property=\"og:image\" content=\"https:\/\/evimotor.com\/wp-content\/uploads\/2025\/03\/applicazioni-Municipalizzate.jpg\" \/>\n\t<meta property=\"og:image:width\" content=\"1840\" \/>\n\t<meta property=\"og:image:height\" content=\"1227\" \/>\n\t<meta property=\"og:image:type\" content=\"image\/jpeg\" \/>\n<meta name=\"twitter:card\" content=\"summary_large_image\" \/>\n<meta name=\"twitter:label1\" content=\"Gesch\u00e4tzte Lesezeit\" \/>\n\t<meta name=\"twitter:data1\" content=\"3\u00a0Minuten\" \/>\n<script type=\"application\/ld+json\" class=\"yoast-schema-graph\">{\"@context\":\"https:\/\/schema.org\",\"@graph\":[{\"@type\":\"WebPage\",\"@id\":\"https:\/\/evimotor.com\/de\/anwendungen\/\",\"url\":\"https:\/\/evimotor.com\/de\/anwendungen\/\",\"name\":\"Anwendungen und Einsatzbereiche f\u00fcr Elektro-Nutzfahrzeuge | Evimotor\",\"isPartOf\":{\"@id\":\"https:\/\/evimotor.com\/de\/#website\"},\"primaryImageOfPage\":{\"@id\":\"https:\/\/evimotor.com\/de\/anwendungen\/#primaryimage\"},\"image\":{\"@id\":\"https:\/\/evimotor.com\/de\/anwendungen\/#primaryimage\"},\"thumbnailUrl\":\"https:\/\/evimotor.com\/wp-content\/uploads\/2025\/03\/applicazioni-Municipalizzate-1024x683.jpg\",\"datePublished\":\"2025-03-06T12:58:41+00:00\",\"dateModified\":\"2026-03-19T10:10:59+00:00\",\"description\":\"Evimotor L\u00f6sungen: Abfallsammlung, City-Logistik, kommunale Instandhaltung und Industrie. 100 % elektrische Effizienz f\u00fcr St\u00e4dte und Betriebe.\",\"breadcrumb\":{\"@id\":\"https:\/\/evimotor.com\/de\/anwendungen\/#breadcrumb\"},\"inLanguage\":\"de\",\"potentialAction\":[{\"@type\":\"ReadAction\",\"target\":[\"https:\/\/evimotor.com\/de\/anwendungen\/\"]}]},{\"@type\":\"ImageObject\",\"inLanguage\":\"de\",\"@id\":\"https:\/\/evimotor.com\/de\/anwendungen\/#primaryimage\",\"url\":\"https:\/\/evimotor.com\/wp-content\/uploads\/2025\/03\/applicazioni-Municipalizzate-1024x683.jpg\",\"contentUrl\":\"https:\/\/evimotor.com\/wp-content\/uploads\/2025\/03\/applicazioni-Municipalizzate-1024x683.jpg\"},{\"@type\":\"BreadcrumbList\",\"@id\":\"https:\/\/evimotor.com\/de\/anwendungen\/#breadcrumb\",\"itemListElement\":[{\"@type\":\"ListItem\",\"position\":1,\"name\":\"Home\",\"item\":\"https:\/\/evimotor.com\/de\/\"},{\"@type\":\"ListItem\",\"position\":2,\"name\":\"Anwendungen\"}]},{\"@type\":\"WebSite\",\"@id\":\"https:\/\/evimotor.com\/de\/#website\",\"url\":\"https:\/\/evimotor.com\/de\/\",\"name\":\"Evimotor\",\"description\":\"Electric Vehicles Italia\",\"publisher\":{\"@id\":\"https:\/\/evimotor.com\/de\/#organization\"},\"potentialAction\":[{\"@type\":\"SearchAction\",\"target\":{\"@type\":\"EntryPoint\",\"urlTemplate\":\"https:\/\/evimotor.com\/de\/?s={search_term_string}\"},\"query-input\":{\"@type\":\"PropertyValueSpecification\",\"valueRequired\":true,\"valueName\":\"search_term_string\"}}],\"inLanguage\":\"de\"},{\"@type\":\"Organization\",\"@id\":\"https:\/\/evimotor.com\/de\/#organization\",\"name\":\"Evimotor\",\"url\":\"https:\/\/evimotor.com\/de\/\",\"logo\":{\"@type\":\"ImageObject\",\"inLanguage\":\"de\",\"@id\":\"https:\/\/evimotor.com\/de\/#\/schema\/logo\/image\/\",\"url\":\"https:\/\/evimotor.com\/wp-content\/uploads\/2025\/02\/logo-evimotor.png\",\"contentUrl\":\"https:\/\/evimotor.com\/wp-content\/uploads\/2025\/02\/logo-evimotor.png\",\"width\":594,\"height\":110,\"caption\":\"Evimotor\"},\"image\":{\"@id\":\"https:\/\/evimotor.com\/de\/#\/schema\/logo\/image\/\"}}]}<\/script>\n<!-- \/ Yoast SEO plugin. -->","yoast_head_json":{"title":"Anwendungen und Einsatzbereiche f\u00fcr Elektro-Nutzfahrzeuge | Evimotor","description":"Evimotor L\u00f6sungen: Abfallsammlung, City-Logistik, kommunale Instandhaltung und Industrie. 100 % elektrische Effizienz f\u00fcr St\u00e4dte und Betriebe.","robots":{"index":"index","follow":"follow","max-snippet":"max-snippet:-1","max-image-preview":"max-image-preview:large","max-video-preview":"max-video-preview:-1"},"canonical":"https:\/\/evimotor.com\/de\/anwendungen\/","og_locale":"de_DE","og_type":"article","og_title":"Anwendungen und Einsatzbereiche f\u00fcr Elektro-Nutzfahrzeuge | Evimotor","og_description":"Evimotor L\u00f6sungen: Abfallsammlung, City-Logistik, kommunale Instandhaltung und Industrie. 100 % elektrische Effizienz f\u00fcr St\u00e4dte und Betriebe.","og_url":"https:\/\/evimotor.com\/de\/anwendungen\/","og_site_name":"Evimotor","article_modified_time":"2026-03-19T10:10:59+00:00","og_image":[{"width":1840,"height":1227,"url":"https:\/\/evimotor.com\/wp-content\/uploads\/2025\/03\/applicazioni-Municipalizzate.jpg","type":"image\/jpeg"}],"twitter_card":"summary_large_image","twitter_misc":{"Gesch\u00e4tzte Lesezeit":"3\u00a0Minuten"},"schema":{"@context":"https:\/\/schema.org","@graph":[{"@type":"WebPage","@id":"https:\/\/evimotor.com\/de\/anwendungen\/","url":"https:\/\/evimotor.com\/de\/anwendungen\/","name":"Anwendungen und Einsatzbereiche f\u00fcr Elektro-Nutzfahrzeuge | Evimotor","isPartOf":{"@id":"https:\/\/evimotor.com\/de\/#website"},"primaryImageOfPage":{"@id":"https:\/\/evimotor.com\/de\/anwendungen\/#primaryimage"},"image":{"@id":"https:\/\/evimotor.com\/de\/anwendungen\/#primaryimage"},"thumbnailUrl":"https:\/\/evimotor.com\/wp-content\/uploads\/2025\/03\/applicazioni-Municipalizzate-1024x683.jpg","datePublished":"2025-03-06T12:58:41+00:00","dateModified":"2026-03-19T10:10:59+00:00","description":"Evimotor L\u00f6sungen: Abfallsammlung, City-Logistik, kommunale Instandhaltung und Industrie. 100 % elektrische Effizienz f\u00fcr St\u00e4dte und Betriebe.","breadcrumb":{"@id":"https:\/\/evimotor.com\/de\/anwendungen\/#breadcrumb"},"inLanguage":"de","potentialAction":[{"@type":"ReadAction","target":["https:\/\/evimotor.com\/de\/anwendungen\/"]}]},{"@type":"ImageObject","inLanguage":"de","@id":"https:\/\/evimotor.com\/de\/anwendungen\/#primaryimage","url":"https:\/\/evimotor.com\/wp-content\/uploads\/2025\/03\/applicazioni-Municipalizzate-1024x683.jpg","contentUrl":"https:\/\/evimotor.com\/wp-content\/uploads\/2025\/03\/applicazioni-Municipalizzate-1024x683.jpg"},{"@type":"BreadcrumbList","@id":"https:\/\/evimotor.com\/de\/anwendungen\/#breadcrumb","itemListElement":[{"@type":"ListItem","position":1,"name":"Home","item":"https:\/\/evimotor.com\/de\/"},{"@type":"ListItem","position":2,"name":"Anwendungen"}]},{"@type":"WebSite","@id":"https:\/\/evimotor.com\/de\/#website","url":"https:\/\/evimotor.com\/de\/","name":"Evimotor","description":"Electric Vehicles Italia","publisher":{"@id":"https:\/\/evimotor.com\/de\/#organization"},"potentialAction":[{"@type":"SearchAction","target":{"@type":"EntryPoint","urlTemplate":"https:\/\/evimotor.com\/de\/?s={search_term_string}"},"query-input":{"@type":"PropertyValueSpecification","valueRequired":true,"valueName":"search_term_string"}}],"inLanguage":"de"},{"@type":"Organization","@id":"https:\/\/evimotor.com\/de\/#organization","name":"Evimotor","url":"https:\/\/evimotor.com\/de\/","logo":{"@type":"ImageObject","inLanguage":"de","@id":"https:\/\/evimotor.com\/de\/#\/schema\/logo\/image\/","url":"https:\/\/evimotor.com\/wp-content\/uploads\/2025\/02\/logo-evimotor.png","contentUrl":"https:\/\/evimotor.com\/wp-content\/uploads\/2025\/02\/logo-evimotor.png","width":594,"height":110,"caption":"Evimotor"},"image":{"@id":"https:\/\/evimotor.com\/de\/#\/schema\/logo\/image\/"}}]}},"_links":{"self":[{"href":"https:\/\/evimotor.com\/de\/wp-json\/wp\/v2\/pages\/1105","targetHints":{"allow":["GET"]}}],"collection":[{"href":"https:\/\/evimotor.com\/de\/wp-json\/wp\/v2\/pages"}],"about":[{"href":"https:\/\/evimotor.com\/de\/wp-json\/wp\/v2\/types\/page"}],"author":[{"embeddable":true,"href":"https:\/\/evimotor.com\/de\/wp-json\/wp\/v2\/users\/1"}],"replies":[{"embeddable":true,"href":"https:\/\/evimotor.com\/de\/wp-json\/wp\/v2\/comments?post=1105"}],"version-history":[{"count":2,"href":"https:\/\/evimotor.com\/de\/wp-json\/wp\/v2\/pages\/1105\/revisions"}],"predecessor-version":[{"id":1309,"href":"https:\/\/evimotor.com\/de\/wp-json\/wp\/v2\/pages\/1105\/revisions\/1309"}],"wp:attachment":[{"href":"https:\/\/evimotor.com\/de\/wp-json\/wp\/v2\/media?parent=1105"}],"curies":[{"name":"wp","href":"https:\/\/api.w.org\/{rel}","templated":true}]}}