{"id":1162,"date":"2025-02-25T12:19:27","date_gmt":"2025-02-25T11:19:27","guid":{"rendered":"https:\/\/evimotor.com\/datenschutzbestimmungen\/"},"modified":"2025-06-09T10:27:31","modified_gmt":"2025-06-09T08:27:31","slug":"datenschutzbestimmungen","status":"publish","type":"page","link":"https:\/\/evimotor.com\/de\/datenschutzbestimmungen\/","title":{"rendered":"Datenschutzbestimmungen"},"content":{"rendered":"\t\t<div data-elementor-type=\"wp-page\" data-elementor-id=\"1162\" class=\"elementor elementor-1162 elementor-3\" data-elementor-post-type=\"page\">\n\t\t\t\t<div class=\"elementor-element elementor-element-7b536ac e-flex e-con-boxed e-con e-parent\" data-id=\"7b536ac\" data-element_type=\"container\" data-e-type=\"container\" data-settings=\"{&quot;background_background&quot;:&quot;classic&quot;}\">\n\t\t\t\t\t<div class=\"e-con-inner\">\n\t\t\t\t<div class=\"elementor-element elementor-element-978c179 elementor-widget elementor-widget-spacer\" data-id=\"978c179\" data-element_type=\"widget\" data-e-type=\"widget\" data-widget_type=\"spacer.default\">\n\t\t\t\t<div class=\"elementor-widget-container\">\n\t\t\t\t\t\t\t<div class=\"elementor-spacer\">\n\t\t\t<div class=\"elementor-spacer-inner\"><\/div>\n\t\t<\/div>\n\t\t\t\t\t\t<\/div>\n\t\t\t\t<\/div>\n\t\t\t\t\t<\/div>\n\t\t\t\t<\/div>\n\t\t<div class=\"elementor-element elementor-element-9deb7f0 e-flex e-con-boxed e-con e-parent\" data-id=\"9deb7f0\" data-element_type=\"container\" data-e-type=\"container\" data-settings=\"{&quot;background_background&quot;:&quot;classic&quot;}\">\n\t\t\t\t\t<div class=\"e-con-inner\">\n\t\t\t\t<div class=\"elementor-element elementor-element-84979ab elementor-widget__width-inherit elementor-invisible elementor-widget elementor-widget-text-editor\" data-id=\"84979ab\" data-element_type=\"widget\" data-e-type=\"widget\" data-settings=\"{&quot;_animation&quot;:&quot;fadeIn&quot;}\" data-widget_type=\"text-editor.default\">\n\t\t\t\t<div class=\"elementor-widget-container\">\n\t\t\t\t\t\t\t\t\t<p>Evi Country<\/p>\n\t\t\t\t\t\t\t\t<\/div>\n\t\t\t\t<\/div>\n\t\t\t\t<div class=\"elementor-element elementor-element-8851182 elementor-widget elementor-widget-text-editor\" data-id=\"8851182\" data-element_type=\"widget\" data-e-type=\"widget\" data-widget_type=\"text-editor.default\">\n\t\t\t\t<div class=\"elementor-widget-container\">\n\t\t\t\t\t\t\t\t\t<p>Diese Informationen werden gem\u00e4\u00df Artikel 13 der Europ\u00e4ischen Datenschutzgrundverordnung (Verordnung (EU) 2016\/679) bereitgestellt.<br \/>Die Informationen werden nur f\u00fcr die Website www.evimotor.com von Evitalia zur Verf\u00fcgung gestellt und nicht f\u00fcr andere Websites, die vom Nutzer \u00fcber Links aufgerufen werden k\u00f6nnen.<\/p>\n<p><strong>Verantwortlicher f\u00fcr die Datenverarbeitung<\/strong><br \/>Gem\u00e4\u00df der EU-Verordnung 2016\/679 (GDPR) erkl\u00e4ren wir hiermit, dass der Verantwortliche f\u00fcr die Datenverarbeitung \u201eEvitalia\u201c, PIVA IT04398180242, mit Sitz in Via Riale, 3 &#8211; 36040 Grumolo delle Abbadesse (VI) Italien ist.<\/p>\n<p><strong>Ort der Datenverarbeitung<\/strong><br \/>Die Verarbeitungen im Zusammenhang mit den Webdiensten dieser Website finden an dem oben genannten Ort statt und werden nur von dem mit der Verarbeitung beauftragten Personal oder von Personen durchgef\u00fchrt, die mit gelegentlichen Wartungsarbeiten beauftragt sind. Die personenbezogenen Daten, die von den Nutzern im Rahmen spezifischer Anfragen zur Verf\u00fcgung gestellt werden, werden ausschlie\u00dflich zur Erbringung der angeforderten Dienstleistung verwendet und nur dann an Dritte weitergegeben, wenn dies zu diesem Zweck erforderlich ist.<\/p>\n<p><strong>Arten der verarbeiteten Daten und Zwecke<\/strong><\/p>\n<p><strong>Navigationsdaten<\/strong><br \/>Die Informatiksysteme und Softwareverfahren, die f\u00fcr den Betrieb dieser Website verwendet werden, erfassen w\u00e4hrend ihres normalen Betriebs einige personenbezogene Daten, deren \u00dcbermittlung durch die Verwendung von Internet-Kommunikationsprotokollen implizit ist. Diese Daten werden nicht gesammelt, um sie mit identifizierten Interessenten in Verbindung zu bringen, sondern k\u00f6nnten aufgrund ihrer Beschaffenheit durch Verarbeitung und Verkn\u00fcpfung mit Daten im Besitz von Dritten die Identifizierung der Nutzer erm\u00f6glichen.<br \/><strong>Diese Daten werden ausschlie\u00dflich dazu verwendet<\/strong>, anonyme statistische Informationen \u00fcber die Nutzung der Website zu erhalten und ihre korrekte Funktionsweise zu \u00fcberpr\u00fcfen.<\/p>\n<p>Vom Benutzer freiwillig zur Verf\u00fcgung gestellte Daten<br \/>Die fakultative, ausdr\u00fcckliche und freiwillige Zusendung von elektronischer Post an die auf dieser Website angegebenen Adressen hat die sp\u00e4tere Erfassung der Adresse des Absenders zur Folge, die f\u00fcr die Beantwortung von Anfragen erforderlich ist, sowie aller anderen in der Nachricht enthaltenen personenbezogenen Daten.<\/p>\n<p><strong>Cookies<\/strong><br \/>Die Verwendung von Sitzungscookies ist rein funktional, um die Nutzung der Website zu optimieren, und zielt daher ausschlie\u00dflich darauf ab, die bestm\u00f6gliche Navigation auf der Website selbst zu gew\u00e4hrleisten. Andere Internetadressen, zu denen diese Website m\u00f6glicherweise \u201everlinkt\u201c ist, k\u00f6nnen Tracking-Systeme enthalten, von denen der Eigent\u00fcmer der Website nichts wei\u00df.<\/p>\n<p><strong>Freiwillige Bereitstellung von Daten<\/strong><br \/>Abgesehen von den f\u00fcr die Navigationsdaten angegebenen Daten steht es dem Nutzer frei, personenbezogene Daten anzugeben, wenn dies in bestimmten Bereichen der Website verlangt wird. Die Nichtbereitstellung dieser Daten kann jedoch dazu f\u00fchren, dass die angeforderten Informationen nicht zur Verf\u00fcgung gestellt werden k\u00f6nnen.<\/p>\n<p><strong>Verarbeitungsmethoden<\/strong><br \/>Die personenbezogenen Daten werden mit Hilfe automatisierter Instrumente so lange verarbeitet, wie es f\u00fcr die Erreichung der Zwecke, f\u00fcr die sie erhoben wurden, unbedingt erforderlich ist. Es werden besondere Sicherheitsma\u00dfnahmen gem\u00e4\u00df Artikel 32 der Verordnung (EU) 2016\/679 ergriffen, um Datenverlust, unrechtm\u00e4\u00dfige oder falsche Verwendung und unbefugten Zugriff zu verhindern.<\/p>\n<p><strong>Rechte der betroffenen Personen<\/strong><br \/>Gem\u00e4\u00df den Artikeln 15, 16, 17 und 18 der Verordnung (EU) 2016\/679 haben die Personen, auf die sich die personenbezogenen Daten beziehen, jederzeit das Recht, eine Best\u00e4tigung \u00fcber das Vorhandensein oder Nichtvorhandensein derselben Daten zu erhalten, ihren Inhalt und Ursprung zu erfahren, ihre Richtigkeit zu \u00fcberpr\u00fcfen oder ihre Erg\u00e4nzung, Aktualisierung oder Berichtigung zu verlangen, ihre L\u00f6schung, Umwandlung in anonyme Form oder Sperrung von Daten, die unter Verletzung des Gesetzes verarbeitet wurden, zu verlangen sowie sich in jedem Fall aus berechtigten Gr\u00fcnden ihrer Verarbeitung zu widersetzen.<\/p>\n<p><strong>Kontakt<\/strong><br \/>Wenn Sie eines Ihrer Rechte aus\u00fcben m\u00f6chten oder wenn Sie weitere Fragen oder Beschwerden bez\u00fcglich unserer Verwendung personenbezogener Daten und des Datenschutzes haben, richten Sie Ihre Anfragen bitte an \u201eEvitalia\u201c Via Riale, 3 &#8211; 36040 Grumolo delle Abbadesse (VI) Italien.<\/p>\n<p>Sie k\u00f6nnen auch eine Beschwerde bei der Aufsichtsbeh\u00f6rde einreichen, die in Italien bei der Garante per la protezione dei dati personali (www.garanteprivacy.it) angesiedelt ist.<\/p>\n\t\t\t\t\t\t\t\t<\/div>\n\t\t\t\t<\/div>\n\t\t\t\t\t<\/div>\n\t\t\t\t<\/div>\n\t\t\t\t<\/div>\n\t\t","protected":false},"excerpt":{"rendered":"<p>Evi Country Diese Informationen werden gem\u00e4\u00df Artikel 13 der Europ\u00e4ischen Datenschutzgrundverordnung (Verordnung (EU) 2016\/679) bereitgestellt.Die Informationen werden nur f\u00fcr die Website www.evimotor.com von Evitalia zur Verf\u00fcgung gestellt und nicht f\u00fcr andere Websites, die vom Nutzer \u00fcber Links aufgerufen werden k\u00f6nnen. Verantwortlicher f\u00fcr die DatenverarbeitungGem\u00e4\u00df der EU-Verordnung 2016\/679 (GDPR) erkl\u00e4ren wir hiermit, dass der Verantwortliche f\u00fcr [&hellip;]<\/p>\n","protected":false},"author":1,"featured_media":0,"parent":0,"menu_order":0,"comment_status":"closed","ping_status":"closed","template":"elementor_header_footer","meta":{"footnotes":""},"class_list":["post-1162","page","type-page","status-publish","hentry"],"yoast_head":"<!-- This site is optimized with the Yoast SEO plugin v27.2 - https:\/\/yoast.com\/product\/yoast-seo-wordpress\/ -->\n<title>Datenschutzbestimmungen - Evimotor<\/title>\n<meta name=\"robots\" content=\"index, follow, max-snippet:-1, max-image-preview:large, max-video-preview:-1\" \/>\n<link rel=\"canonical\" href=\"https:\/\/evimotor.com\/de\/datenschutzbestimmungen\/\" \/>\n<meta property=\"og:locale\" content=\"de_DE\" \/>\n<meta property=\"og:type\" content=\"article\" \/>\n<meta property=\"og:title\" content=\"Datenschutzbestimmungen - Evimotor\" \/>\n<meta property=\"og:description\" content=\"Evi Country Diese Informationen werden gem\u00e4\u00df Artikel 13 der Europ\u00e4ischen Datenschutzgrundverordnung (Verordnung (EU) 2016\/679) bereitgestellt.Die Informationen werden nur f\u00fcr die Website www.evimotor.com von Evitalia zur Verf\u00fcgung gestellt und nicht f\u00fcr andere Websites, die vom Nutzer \u00fcber Links aufgerufen werden k\u00f6nnen. Verantwortlicher f\u00fcr die DatenverarbeitungGem\u00e4\u00df der EU-Verordnung 2016\/679 (GDPR) erkl\u00e4ren wir hiermit, dass der Verantwortliche f\u00fcr [&hellip;]\" \/>\n<meta property=\"og:url\" content=\"https:\/\/evimotor.com\/de\/datenschutzbestimmungen\/\" \/>\n<meta property=\"og:site_name\" content=\"Evimotor\" \/>\n<meta property=\"article:modified_time\" content=\"2025-06-09T08:27:31+00:00\" \/>\n<meta name=\"twitter:card\" content=\"summary_large_image\" \/>\n<meta name=\"twitter:label1\" content=\"Gesch\u00e4tzte Lesezeit\" \/>\n\t<meta name=\"twitter:data1\" content=\"3\u00a0Minuten\" \/>\n<script type=\"application\/ld+json\" class=\"yoast-schema-graph\">{\"@context\":\"https:\/\/schema.org\",\"@graph\":[{\"@type\":\"WebPage\",\"@id\":\"https:\/\/evimotor.com\/de\/datenschutzbestimmungen\/\",\"url\":\"https:\/\/evimotor.com\/de\/datenschutzbestimmungen\/\",\"name\":\"Datenschutzbestimmungen - Evimotor\",\"isPartOf\":{\"@id\":\"https:\/\/evimotor.com\/de\/#website\"},\"datePublished\":\"2025-02-25T11:19:27+00:00\",\"dateModified\":\"2025-06-09T08:27:31+00:00\",\"breadcrumb\":{\"@id\":\"https:\/\/evimotor.com\/de\/datenschutzbestimmungen\/#breadcrumb\"},\"inLanguage\":\"de\",\"potentialAction\":[{\"@type\":\"ReadAction\",\"target\":[\"https:\/\/evimotor.com\/de\/datenschutzbestimmungen\/\"]}]},{\"@type\":\"BreadcrumbList\",\"@id\":\"https:\/\/evimotor.com\/de\/datenschutzbestimmungen\/#breadcrumb\",\"itemListElement\":[{\"@type\":\"ListItem\",\"position\":1,\"name\":\"Home\",\"item\":\"https:\/\/evimotor.com\/de\/\"},{\"@type\":\"ListItem\",\"position\":2,\"name\":\"Datenschutzbestimmungen\"}]},{\"@type\":\"WebSite\",\"@id\":\"https:\/\/evimotor.com\/de\/#website\",\"url\":\"https:\/\/evimotor.com\/de\/\",\"name\":\"Evimotor\",\"description\":\"Electric Vehicles Italia\",\"publisher\":{\"@id\":\"https:\/\/evimotor.com\/de\/#organization\"},\"potentialAction\":[{\"@type\":\"SearchAction\",\"target\":{\"@type\":\"EntryPoint\",\"urlTemplate\":\"https:\/\/evimotor.com\/de\/?s={search_term_string}\"},\"query-input\":{\"@type\":\"PropertyValueSpecification\",\"valueRequired\":true,\"valueName\":\"search_term_string\"}}],\"inLanguage\":\"de\"},{\"@type\":\"Organization\",\"@id\":\"https:\/\/evimotor.com\/de\/#organization\",\"name\":\"Evimotor\",\"url\":\"https:\/\/evimotor.com\/de\/\",\"logo\":{\"@type\":\"ImageObject\",\"inLanguage\":\"de\",\"@id\":\"https:\/\/evimotor.com\/de\/#\/schema\/logo\/image\/\",\"url\":\"https:\/\/evimotor.com\/wp-content\/uploads\/2025\/02\/logo-evimotor.png\",\"contentUrl\":\"https:\/\/evimotor.com\/wp-content\/uploads\/2025\/02\/logo-evimotor.png\",\"width\":594,\"height\":110,\"caption\":\"Evimotor\"},\"image\":{\"@id\":\"https:\/\/evimotor.com\/de\/#\/schema\/logo\/image\/\"}}]}<\/script>\n<!-- \/ Yoast SEO plugin. -->","yoast_head_json":{"title":"Datenschutzbestimmungen - Evimotor","robots":{"index":"index","follow":"follow","max-snippet":"max-snippet:-1","max-image-preview":"max-image-preview:large","max-video-preview":"max-video-preview:-1"},"canonical":"https:\/\/evimotor.com\/de\/datenschutzbestimmungen\/","og_locale":"de_DE","og_type":"article","og_title":"Datenschutzbestimmungen - Evimotor","og_description":"Evi Country Diese Informationen werden gem\u00e4\u00df Artikel 13 der Europ\u00e4ischen Datenschutzgrundverordnung (Verordnung (EU) 2016\/679) bereitgestellt.Die Informationen werden nur f\u00fcr die Website www.evimotor.com von Evitalia zur Verf\u00fcgung gestellt und nicht f\u00fcr andere Websites, die vom Nutzer \u00fcber Links aufgerufen werden k\u00f6nnen. Verantwortlicher f\u00fcr die DatenverarbeitungGem\u00e4\u00df der EU-Verordnung 2016\/679 (GDPR) erkl\u00e4ren wir hiermit, dass der Verantwortliche f\u00fcr [&hellip;]","og_url":"https:\/\/evimotor.com\/de\/datenschutzbestimmungen\/","og_site_name":"Evimotor","article_modified_time":"2025-06-09T08:27:31+00:00","twitter_card":"summary_large_image","twitter_misc":{"Gesch\u00e4tzte Lesezeit":"3\u00a0Minuten"},"schema":{"@context":"https:\/\/schema.org","@graph":[{"@type":"WebPage","@id":"https:\/\/evimotor.com\/de\/datenschutzbestimmungen\/","url":"https:\/\/evimotor.com\/de\/datenschutzbestimmungen\/","name":"Datenschutzbestimmungen - Evimotor","isPartOf":{"@id":"https:\/\/evimotor.com\/de\/#website"},"datePublished":"2025-02-25T11:19:27+00:00","dateModified":"2025-06-09T08:27:31+00:00","breadcrumb":{"@id":"https:\/\/evimotor.com\/de\/datenschutzbestimmungen\/#breadcrumb"},"inLanguage":"de","potentialAction":[{"@type":"ReadAction","target":["https:\/\/evimotor.com\/de\/datenschutzbestimmungen\/"]}]},{"@type":"BreadcrumbList","@id":"https:\/\/evimotor.com\/de\/datenschutzbestimmungen\/#breadcrumb","itemListElement":[{"@type":"ListItem","position":1,"name":"Home","item":"https:\/\/evimotor.com\/de\/"},{"@type":"ListItem","position":2,"name":"Datenschutzbestimmungen"}]},{"@type":"WebSite","@id":"https:\/\/evimotor.com\/de\/#website","url":"https:\/\/evimotor.com\/de\/","name":"Evimotor","description":"Electric Vehicles Italia","publisher":{"@id":"https:\/\/evimotor.com\/de\/#organization"},"potentialAction":[{"@type":"SearchAction","target":{"@type":"EntryPoint","urlTemplate":"https:\/\/evimotor.com\/de\/?s={search_term_string}"},"query-input":{"@type":"PropertyValueSpecification","valueRequired":true,"valueName":"search_term_string"}}],"inLanguage":"de"},{"@type":"Organization","@id":"https:\/\/evimotor.com\/de\/#organization","name":"Evimotor","url":"https:\/\/evimotor.com\/de\/","logo":{"@type":"ImageObject","inLanguage":"de","@id":"https:\/\/evimotor.com\/de\/#\/schema\/logo\/image\/","url":"https:\/\/evimotor.com\/wp-content\/uploads\/2025\/02\/logo-evimotor.png","contentUrl":"https:\/\/evimotor.com\/wp-content\/uploads\/2025\/02\/logo-evimotor.png","width":594,"height":110,"caption":"Evimotor"},"image":{"@id":"https:\/\/evimotor.com\/de\/#\/schema\/logo\/image\/"}}]}},"_links":{"self":[{"href":"https:\/\/evimotor.com\/de\/wp-json\/wp\/v2\/pages\/1162","targetHints":{"allow":["GET"]}}],"collection":[{"href":"https:\/\/evimotor.com\/de\/wp-json\/wp\/v2\/pages"}],"about":[{"href":"https:\/\/evimotor.com\/de\/wp-json\/wp\/v2\/types\/page"}],"author":[{"embeddable":true,"href":"https:\/\/evimotor.com\/de\/wp-json\/wp\/v2\/users\/1"}],"replies":[{"embeddable":true,"href":"https:\/\/evimotor.com\/de\/wp-json\/wp\/v2\/comments?post=1162"}],"version-history":[{"count":1,"href":"https:\/\/evimotor.com\/de\/wp-json\/wp\/v2\/pages\/1162\/revisions"}],"predecessor-version":[{"id":1163,"href":"https:\/\/evimotor.com\/de\/wp-json\/wp\/v2\/pages\/1162\/revisions\/1163"}],"wp:attachment":[{"href":"https:\/\/evimotor.com\/de\/wp-json\/wp\/v2\/media?parent=1162"}],"curies":[{"name":"wp","href":"https:\/\/api.w.org\/{rel}","templated":true}]}}