{"id":1774,"date":"2025-02-25T12:19:27","date_gmt":"2025-02-25T11:19:27","guid":{"rendered":"https:\/\/evimotor.com\/politica-de-privacidad\/"},"modified":"2025-10-30T07:21:50","modified_gmt":"2025-10-30T06:21:50","slug":"politica-de-privacidad","status":"publish","type":"page","link":"https:\/\/evimotor.com\/es\/politica-de-privacidad\/","title":{"rendered":"Pol\u00edtica de privacidad"},"content":{"rendered":"\t\t<div data-elementor-type=\"wp-page\" data-elementor-id=\"1774\" class=\"elementor elementor-1774 elementor-3\" data-elementor-post-type=\"page\">\n\t\t\t\t<div class=\"elementor-element elementor-element-7b536ac e-flex e-con-boxed e-con e-parent\" data-id=\"7b536ac\" data-element_type=\"container\" data-e-type=\"container\" data-settings=\"{&quot;background_background&quot;:&quot;classic&quot;}\">\n\t\t\t\t\t<div class=\"e-con-inner\">\n\t\t\t\t<div class=\"elementor-element elementor-element-978c179 elementor-widget elementor-widget-spacer\" data-id=\"978c179\" data-element_type=\"widget\" data-e-type=\"widget\" data-widget_type=\"spacer.default\">\n\t\t\t\t<div class=\"elementor-widget-container\">\n\t\t\t\t\t\t\t<div class=\"elementor-spacer\">\n\t\t\t<div class=\"elementor-spacer-inner\"><\/div>\n\t\t<\/div>\n\t\t\t\t\t\t<\/div>\n\t\t\t\t<\/div>\n\t\t\t\t\t<\/div>\n\t\t\t\t<\/div>\n\t\t<div class=\"elementor-element elementor-element-9deb7f0 e-flex e-con-boxed e-con e-parent\" data-id=\"9deb7f0\" data-element_type=\"container\" data-e-type=\"container\" data-settings=\"{&quot;background_background&quot;:&quot;classic&quot;}\">\n\t\t\t\t\t<div class=\"e-con-inner\">\n\t\t\t\t<div class=\"elementor-element elementor-element-84979ab elementor-widget__width-inherit elementor-invisible elementor-widget elementor-widget-text-editor\" data-id=\"84979ab\" data-element_type=\"widget\" data-e-type=\"widget\" data-settings=\"{&quot;_animation&quot;:&quot;fadeIn&quot;}\" data-widget_type=\"text-editor.default\">\n\t\t\t\t<div class=\"elementor-widget-container\">\n\t\t\t\t\t\t\t\t\t<p>Evi Country<\/p>\n\t\t\t\t\t\t\t\t<\/div>\n\t\t\t\t<\/div>\n\t\t\t\t<div class=\"elementor-element elementor-element-8851182 elementor-widget elementor-widget-text-editor\" data-id=\"8851182\" data-element_type=\"widget\" data-e-type=\"widget\" data-widget_type=\"text-editor.default\">\n\t\t\t\t<div class=\"elementor-widget-container\">\n\t\t\t\t\t\t\t\t\t<p>La informaci\u00f3n se proporciona de conformidad con el art\u00edculo 13 del Reglamento General Europeo de Protecci\u00f3n de Datos (Reglamento UE 2016\/679).<\/p>\n<p>La informaci\u00f3n se proporciona \u00fanicamente para el sitio web www.evimotor.com de Evitalia y no para otros sitios web que el usuario pueda consultar a trav\u00e9s de enlaces.<\/p>\n<p><b><strong>Responsable del tratamiento<\/strong><\/b><\/p>\n<p>De conformidad con el Reglamento CE 2016\/679 (RGPD), se declara que el responsable del tratamiento de los datos es \u00abEvitalia\u00bb, con n\u00famero de identificaci\u00f3n fiscal IT04398180242 y sede en Via Riale, 3 &#8211; 36040 Grumolo delle Abbadesse (VI) Italia.<\/p>\n<p><b><strong>Lugar de tratamiento de los datos<\/strong><\/b><\/p>\n<p>Los tratamientos relacionados con los servicios web de este sitio tienen lugar en la sede mencionada y son realizados \u00fanicamente por personal encargado del tratamiento o por personas encargadas de operaciones de mantenimiento ocasionales. Los datos personales proporcionados por los usuarios que env\u00edan solicitudes espec\u00edficas se utilizan \u00fanicamente con el fin de prestar el servicio o la prestaci\u00f3n solicitada y se comunican a terceros solo en caso de que sea necesario para tal fin.<\/p>\n<h4>Tipos de datos tratados y finalidad<\/h4>\n<p><b><strong>Datos de navegaci\u00f3n<\/strong><\/b><\/p>\n<p>Los sistemas inform\u00e1ticos y los procedimientos de software utilizados para el funcionamiento de este sitio web adquieren, durante su funcionamiento normal, algunos datos personales cuya transmisi\u00f3n est\u00e1 impl\u00edcita en el uso de los protocolos de comunicaci\u00f3n de Internet. Se trata de informaci\u00f3n que no se recopila para ser asociada con interesados identificados, pero que por su propia naturaleza podr\u00eda, mediante su elaboraci\u00f3n y asociaci\u00f3n con datos en poder de terceros, permitir la identificaci\u00f3n de los usuarios.<\/p>\n<p>Estos datos se utilizan con el \u00fanico fin de obtener informaci\u00f3n estad\u00edstica an\u00f3nima sobre el uso del sitio web y para controlar su correcto funcionamiento.<\/p>\n<p><b><strong>Datos facilitados voluntariamente por usted<\/strong><\/b><\/p>\n<p>El env\u00edo facultativo, expl\u00edcito y voluntario de correo electr\u00f3nico a las direcciones indicadas en este sitio web implica la posterior adquisici\u00f3n de la direcci\u00f3n del remitente, necesaria para responder a las solicitudes, as\u00ed como de cualquier otro dato personal incluido en el mensaje.<\/p>\n<p><b><strong>Cookies<\/strong><\/b><\/p>\n<p>El uso de cookies de sesi\u00f3n es estrictamente funcional para optimizar el uso del sitio web y, por lo tanto, tiene como \u00fanico objetivo garantizar la mejor navegaci\u00f3n dentro del propio sitio web. Otras direcciones de Internet a las que este sitio web puede \u00abenlazar\u00bb podr\u00edan contener sistemas de seguimiento ajenos al propietario del sitio web.<\/p>\n<p><b><strong>Car\u00e1cter facultativo del suministro de datos<\/strong><\/b><\/p>\n<p>Aparte de lo especificado para los datos de navegaci\u00f3n, el usuario es libre de proporcionar sus datos personales cuando se le soliciten en secciones espec\u00edficas del sitio web. Sin embargo, el hecho de no proporcionarlos puede implicar la imposibilidad de obtener lo que se solicite.<\/p>\n<p><b><strong>Modalidad del tratamiento<\/strong><\/b><\/p>\n<p>Los datos personales se tratan con herramientas automatizadas durante el tiempo estrictamente necesario para alcanzar los fines para los que han sido recopilados. Se observan medidas de seguridad espec\u00edficas, tal y como prev\u00e9 el art. 32 del Reglamento UE 2016\/679, para prevenir la p\u00e9rdida de datos, usos il\u00edcitos o incorrectos y accesos no autorizados.<\/p>\n<p><b><strong>Derechos de los interesados<\/strong><\/b><\/p>\n<p>De conformidad con los art\u00edculos 15, 16, 17 y 18 del Reglamento UE 2016\/679, los sujetos a los que se refieren los datos personales tienen derecho en cualquier momento a obtener la confirmaci\u00f3n de la existencia o no de dichos datos, a conocer su contenido y origen, a verificar su exactitud o a solicitar su integraci\u00f3n, actualizaci\u00f3n o rectificaci\u00f3n, solicitar su cancelaci\u00f3n, transformaci\u00f3n en forma an\u00f3nima o bloqueo de los datos tratados en violaci\u00f3n de la ley, as\u00ed como oponerse en cualquier caso, por motivos leg\u00edtimos, a su tratamiento.<\/p>\n<p><b><strong>Contactos<\/strong><\/b><\/p>\n<p>Para ejercer cualquiera de sus derechos, o en caso de tener m\u00e1s preguntas o reclamaciones sobre nuestro uso de los datos personales y la privacidad, las solicitudes deben dirigirse a \u00abEvitalia\u00bb Via Riale, 3 &#8211; 36040 Grumolo delle Abbadesse (VI) Italia.<\/p>\n<p>Tambi\u00e9n tiene derecho a presentar una reclamaci\u00f3n ante la autoridad de control, en Italia establecida en el Garante per la protezione dei dati personali (www.garanteprivacy.it).<\/p>\n\t\t\t\t\t\t\t\t<\/div>\n\t\t\t\t<\/div>\n\t\t\t\t\t<\/div>\n\t\t\t\t<\/div>\n\t\t\t\t<\/div>\n\t\t","protected":false},"excerpt":{"rendered":"<p>Evi Country La informaci\u00f3n se proporciona de conformidad con el art\u00edculo 13 del Reglamento General Europeo de Protecci\u00f3n de Datos (Reglamento UE 2016\/679). La informaci\u00f3n se proporciona \u00fanicamente para el sitio web www.evimotor.com de Evitalia y no para otros sitios web que el usuario pueda consultar a trav\u00e9s de enlaces. Responsable del tratamiento De conformidad [&hellip;]<\/p>\n","protected":false},"author":1,"featured_media":0,"parent":0,"menu_order":0,"comment_status":"closed","ping_status":"closed","template":"elementor_header_footer","meta":{"footnotes":""},"class_list":["post-1774","page","type-page","status-publish","hentry"],"yoast_head":"<!-- This site is optimized with the Yoast SEO plugin v27.2 - https:\/\/yoast.com\/product\/yoast-seo-wordpress\/ -->\n<title>Pol\u00edtica de privacidad - Evimotor<\/title>\n<meta name=\"robots\" content=\"index, follow, max-snippet:-1, max-image-preview:large, max-video-preview:-1\" \/>\n<link rel=\"canonical\" href=\"https:\/\/evimotor.com\/es\/politica-de-privacidad\/\" \/>\n<meta property=\"og:locale\" content=\"es_ES\" \/>\n<meta property=\"og:type\" content=\"article\" \/>\n<meta property=\"og:title\" content=\"Pol\u00edtica de privacidad - Evimotor\" \/>\n<meta property=\"og:description\" content=\"Evi Country La informaci\u00f3n se proporciona de conformidad con el art\u00edculo 13 del Reglamento General Europeo de Protecci\u00f3n de Datos (Reglamento UE 2016\/679). La informaci\u00f3n se proporciona \u00fanicamente para el sitio web www.evimotor.com de Evitalia y no para otros sitios web que el usuario pueda consultar a trav\u00e9s de enlaces. Responsable del tratamiento De conformidad [&hellip;]\" \/>\n<meta property=\"og:url\" content=\"https:\/\/evimotor.com\/es\/politica-de-privacidad\/\" \/>\n<meta property=\"og:site_name\" content=\"Evimotor\" \/>\n<meta property=\"article:modified_time\" content=\"2025-10-30T06:21:50+00:00\" \/>\n<meta name=\"twitter:card\" content=\"summary_large_image\" \/>\n<meta name=\"twitter:label1\" content=\"Tiempo de lectura\" \/>\n\t<meta name=\"twitter:data1\" content=\"3 minutos\" \/>\n<script type=\"application\/ld+json\" class=\"yoast-schema-graph\">{\"@context\":\"https:\/\/schema.org\",\"@graph\":[{\"@type\":\"WebPage\",\"@id\":\"https:\/\/evimotor.com\/es\/politica-de-privacidad\/\",\"url\":\"https:\/\/evimotor.com\/es\/politica-de-privacidad\/\",\"name\":\"Pol\u00edtica de privacidad - Evimotor\",\"isPartOf\":{\"@id\":\"https:\/\/evimotor.com\/es\/#website\"},\"datePublished\":\"2025-02-25T11:19:27+00:00\",\"dateModified\":\"2025-10-30T06:21:50+00:00\",\"breadcrumb\":{\"@id\":\"https:\/\/evimotor.com\/es\/politica-de-privacidad\/#breadcrumb\"},\"inLanguage\":\"es\",\"potentialAction\":[{\"@type\":\"ReadAction\",\"target\":[\"https:\/\/evimotor.com\/es\/politica-de-privacidad\/\"]}]},{\"@type\":\"BreadcrumbList\",\"@id\":\"https:\/\/evimotor.com\/es\/politica-de-privacidad\/#breadcrumb\",\"itemListElement\":[{\"@type\":\"ListItem\",\"position\":1,\"name\":\"Home\",\"item\":\"https:\/\/evimotor.com\/es\/\"},{\"@type\":\"ListItem\",\"position\":2,\"name\":\"Pol\u00edtica de privacidad\"}]},{\"@type\":\"WebSite\",\"@id\":\"https:\/\/evimotor.com\/es\/#website\",\"url\":\"https:\/\/evimotor.com\/es\/\",\"name\":\"Evimotor\",\"description\":\"Electric Vehicles Italia\",\"publisher\":{\"@id\":\"https:\/\/evimotor.com\/es\/#organization\"},\"potentialAction\":[{\"@type\":\"SearchAction\",\"target\":{\"@type\":\"EntryPoint\",\"urlTemplate\":\"https:\/\/evimotor.com\/es\/?s={search_term_string}\"},\"query-input\":{\"@type\":\"PropertyValueSpecification\",\"valueRequired\":true,\"valueName\":\"search_term_string\"}}],\"inLanguage\":\"es\"},{\"@type\":\"Organization\",\"@id\":\"https:\/\/evimotor.com\/es\/#organization\",\"name\":\"Evimotor\",\"url\":\"https:\/\/evimotor.com\/es\/\",\"logo\":{\"@type\":\"ImageObject\",\"inLanguage\":\"es\",\"@id\":\"https:\/\/evimotor.com\/es\/#\/schema\/logo\/image\/\",\"url\":\"https:\/\/evimotor.com\/wp-content\/uploads\/2025\/02\/logo-evimotor.png\",\"contentUrl\":\"https:\/\/evimotor.com\/wp-content\/uploads\/2025\/02\/logo-evimotor.png\",\"width\":594,\"height\":110,\"caption\":\"Evimotor\"},\"image\":{\"@id\":\"https:\/\/evimotor.com\/es\/#\/schema\/logo\/image\/\"}}]}<\/script>\n<!-- \/ Yoast SEO plugin. -->","yoast_head_json":{"title":"Pol\u00edtica de privacidad - Evimotor","robots":{"index":"index","follow":"follow","max-snippet":"max-snippet:-1","max-image-preview":"max-image-preview:large","max-video-preview":"max-video-preview:-1"},"canonical":"https:\/\/evimotor.com\/es\/politica-de-privacidad\/","og_locale":"es_ES","og_type":"article","og_title":"Pol\u00edtica de privacidad - Evimotor","og_description":"Evi Country La informaci\u00f3n se proporciona de conformidad con el art\u00edculo 13 del Reglamento General Europeo de Protecci\u00f3n de Datos (Reglamento UE 2016\/679). La informaci\u00f3n se proporciona \u00fanicamente para el sitio web www.evimotor.com de Evitalia y no para otros sitios web que el usuario pueda consultar a trav\u00e9s de enlaces. Responsable del tratamiento De conformidad [&hellip;]","og_url":"https:\/\/evimotor.com\/es\/politica-de-privacidad\/","og_site_name":"Evimotor","article_modified_time":"2025-10-30T06:21:50+00:00","twitter_card":"summary_large_image","twitter_misc":{"Tiempo de lectura":"3 minutos"},"schema":{"@context":"https:\/\/schema.org","@graph":[{"@type":"WebPage","@id":"https:\/\/evimotor.com\/es\/politica-de-privacidad\/","url":"https:\/\/evimotor.com\/es\/politica-de-privacidad\/","name":"Pol\u00edtica de privacidad - Evimotor","isPartOf":{"@id":"https:\/\/evimotor.com\/es\/#website"},"datePublished":"2025-02-25T11:19:27+00:00","dateModified":"2025-10-30T06:21:50+00:00","breadcrumb":{"@id":"https:\/\/evimotor.com\/es\/politica-de-privacidad\/#breadcrumb"},"inLanguage":"es","potentialAction":[{"@type":"ReadAction","target":["https:\/\/evimotor.com\/es\/politica-de-privacidad\/"]}]},{"@type":"BreadcrumbList","@id":"https:\/\/evimotor.com\/es\/politica-de-privacidad\/#breadcrumb","itemListElement":[{"@type":"ListItem","position":1,"name":"Home","item":"https:\/\/evimotor.com\/es\/"},{"@type":"ListItem","position":2,"name":"Pol\u00edtica de privacidad"}]},{"@type":"WebSite","@id":"https:\/\/evimotor.com\/es\/#website","url":"https:\/\/evimotor.com\/es\/","name":"Evimotor","description":"Electric Vehicles Italia","publisher":{"@id":"https:\/\/evimotor.com\/es\/#organization"},"potentialAction":[{"@type":"SearchAction","target":{"@type":"EntryPoint","urlTemplate":"https:\/\/evimotor.com\/es\/?s={search_term_string}"},"query-input":{"@type":"PropertyValueSpecification","valueRequired":true,"valueName":"search_term_string"}}],"inLanguage":"es"},{"@type":"Organization","@id":"https:\/\/evimotor.com\/es\/#organization","name":"Evimotor","url":"https:\/\/evimotor.com\/es\/","logo":{"@type":"ImageObject","inLanguage":"es","@id":"https:\/\/evimotor.com\/es\/#\/schema\/logo\/image\/","url":"https:\/\/evimotor.com\/wp-content\/uploads\/2025\/02\/logo-evimotor.png","contentUrl":"https:\/\/evimotor.com\/wp-content\/uploads\/2025\/02\/logo-evimotor.png","width":594,"height":110,"caption":"Evimotor"},"image":{"@id":"https:\/\/evimotor.com\/es\/#\/schema\/logo\/image\/"}}]}},"_links":{"self":[{"href":"https:\/\/evimotor.com\/es\/wp-json\/wp\/v2\/pages\/1774","targetHints":{"allow":["GET"]}}],"collection":[{"href":"https:\/\/evimotor.com\/es\/wp-json\/wp\/v2\/pages"}],"about":[{"href":"https:\/\/evimotor.com\/es\/wp-json\/wp\/v2\/types\/page"}],"author":[{"embeddable":true,"href":"https:\/\/evimotor.com\/es\/wp-json\/wp\/v2\/users\/1"}],"replies":[{"embeddable":true,"href":"https:\/\/evimotor.com\/es\/wp-json\/wp\/v2\/comments?post=1774"}],"version-history":[{"count":1,"href":"https:\/\/evimotor.com\/es\/wp-json\/wp\/v2\/pages\/1774\/revisions"}],"predecessor-version":[{"id":1775,"href":"https:\/\/evimotor.com\/es\/wp-json\/wp\/v2\/pages\/1774\/revisions\/1775"}],"wp:attachment":[{"href":"https:\/\/evimotor.com\/es\/wp-json\/wp\/v2\/media?parent=1774"}],"curies":[{"name":"wp","href":"https:\/\/api.w.org\/{rel}","templated":true}]}}