{"id":1827,"date":"2025-02-28T09:12:37","date_gmt":"2025-02-28T08:12:37","guid":{"rendered":"https:\/\/evimotor.com\/modelos\/"},"modified":"2026-03-19T11:01:21","modified_gmt":"2026-03-19T10:01:21","slug":"modelos","status":"publish","type":"page","link":"https:\/\/evimotor.com\/es\/modelos\/","title":{"rendered":"Modelos"},"content":{"rendered":"\t\t<div data-elementor-type=\"wp-page\" data-elementor-id=\"1827\" class=\"elementor elementor-1827 elementor-227\" data-elementor-post-type=\"page\">\n\t\t\t\t<div class=\"elementor-element elementor-element-31c8a9c e-flex e-con-boxed e-con e-parent\" data-id=\"31c8a9c\" data-element_type=\"container\" data-e-type=\"container\" data-settings=\"{&quot;background_background&quot;:&quot;classic&quot;}\">\n\t\t\t\t\t<div class=\"e-con-inner\">\n\t\t\t\t<div class=\"elementor-element elementor-element-8aed515 elementor-widget elementor-widget-spacer\" data-id=\"8aed515\" data-element_type=\"widget\" data-e-type=\"widget\" data-widget_type=\"spacer.default\">\n\t\t\t\t<div class=\"elementor-widget-container\">\n\t\t\t\t\t\t\t<div class=\"elementor-spacer\">\n\t\t\t<div class=\"elementor-spacer-inner\"><\/div>\n\t\t<\/div>\n\t\t\t\t\t\t<\/div>\n\t\t\t\t<\/div>\n\t\t\t\t\t<\/div>\n\t\t\t\t<\/div>\n\t\t<div class=\"elementor-element elementor-element-67a283cb e-flex e-con-boxed e-con e-parent\" data-id=\"67a283cb\" data-element_type=\"container\" data-e-type=\"container\">\n\t\t\t\t\t<div class=\"e-con-inner\">\n\t\t\t\t<div class=\"elementor-element elementor-element-26465f80 elementor-invisible elementor-widget elementor-widget-heading\" data-id=\"26465f80\" data-element_type=\"widget\" data-e-type=\"widget\" data-settings=\"{&quot;_animation&quot;:&quot;fadeIn&quot;,&quot;_animation_delay&quot;:200}\" data-widget_type=\"heading.default\">\n\t\t\t\t<div class=\"elementor-widget-container\">\n\t\t\t\t\t<h2 class=\"elementor-heading-title elementor-size-default\">Modelos disponibles<\/h2>\t\t\t\t<\/div>\n\t\t\t\t<\/div>\n\t\t\t\t\t<\/div>\n\t\t\t\t<\/div>\n\t\t<div class=\"elementor-element elementor-element-c6ae247 e-con-full e-flex e-con e-parent\" data-id=\"c6ae247\" data-element_type=\"container\" data-e-type=\"container\">\n\t\t<div class=\"elementor-element elementor-element-697c243 e-con-full e-flex e-con e-child\" data-id=\"697c243\" data-element_type=\"container\" data-e-type=\"container\" data-settings=\"{&quot;background_background&quot;:&quot;gradient&quot;}\">\n\t\t<div class=\"elementor-element elementor-element-273831f e-con-full e-flex e-con e-child\" data-id=\"273831f\" data-element_type=\"container\" data-e-type=\"container\">\n\t\t\t\t<div class=\"elementor-element elementor-element-f74f037 elementor-widget__width-inherit elementor-invisible elementor-widget elementor-widget-text-editor\" data-id=\"f74f037\" data-element_type=\"widget\" data-e-type=\"widget\" data-settings=\"{&quot;_animation&quot;:&quot;fadeIn&quot;}\" data-widget_type=\"text-editor.default\">\n\t\t\t\t<div class=\"elementor-widget-container\">\n\t\t\t\t\t\t\t\t\t<p>EVITALIA<\/p>\n\t\t\t\t\t\t\t\t<\/div>\n\t\t\t\t<\/div>\n\t\t\t\t<div class=\"elementor-element elementor-element-832c38a elementor-invisible elementor-widget elementor-widget-heading\" data-id=\"832c38a\" data-element_type=\"widget\" data-e-type=\"widget\" data-settings=\"{&quot;_animation&quot;:&quot;fadeIn&quot;,&quot;_animation_delay&quot;:200}\" data-widget_type=\"heading.default\">\n\t\t\t\t<div class=\"elementor-widget-container\">\n\t\t\t\t\t<h3 class=\"elementor-heading-title elementor-size-default\">EVI COUNTRY<\/h3>\t\t\t\t<\/div>\n\t\t\t\t<\/div>\n\t\t\t\t<div class=\"elementor-element elementor-element-7e20641 elementor-invisible elementor-widget elementor-widget-text-editor\" data-id=\"7e20641\" data-element_type=\"widget\" data-e-type=\"widget\" data-settings=\"{&quot;_animation&quot;:&quot;fadeIn&quot;,&quot;_animation_delay&quot;:400}\" data-widget_type=\"text-editor.default\">\n\t\t\t\t<div class=\"elementor-widget-container\">\n\t\t\t\t\t\t\t\t\t<p><b><strong>EVI Country tiene el tama\u00f1o perfecto para moverse por cualquier lugar.<\/strong><\/b><\/p>\n<p>No es tan voluminoso como una furgoneta de 3,5 t, pero es lo suficientemente grande como para garantizar una capacidad de carga de 1000 kg (por ejemplo, 2 pal\u00e9s) y una f\u00e1cil maniobrabilidad en espacios reducidos. Su radio de giro m\u00ednimo de 4,63 m facilita el trabajo en espacios reducidos.<\/p>\n<p>La comodidad y la f\u00e1cil maniobrabilidad a gran velocidad (hasta 80 km\/h) est\u00e1n garantizadas gracias a la sofisticada suspensi\u00f3n independiente y la tracci\u00f3n a las 4 ruedas.<\/p>\n\t\t\t\t\t\t\t\t<\/div>\n\t\t\t\t<\/div>\n\t\t\t\t<div class=\"elementor-element elementor-element-2265e3b elementor-invisible elementor-widget elementor-widget-button\" data-id=\"2265e3b\" data-element_type=\"widget\" data-e-type=\"widget\" data-settings=\"{&quot;_animation&quot;:&quot;fadeIn&quot;,&quot;_animation_delay&quot;:600}\" data-widget_type=\"button.default\">\n\t\t\t\t<div class=\"elementor-widget-container\">\n\t\t\t\t\t\t\t\t\t<div class=\"elementor-button-wrapper\">\n\t\t\t\t\t<a class=\"elementor-button elementor-button-link elementor-size-sm\" href=\"https:\/\/evimotor.com\/es\/modelos\/evi-country\/\">\n\t\t\t\t\t\t<span class=\"elementor-button-content-wrapper\">\n\t\t\t\t\t\t\t\t\t<span class=\"elementor-button-text\">Descubra el modelo<\/span>\n\t\t\t\t\t<\/span>\n\t\t\t\t\t<\/a>\n\t\t\t\t<\/div>\n\t\t\t\t\t\t\t\t<\/div>\n\t\t\t\t<\/div>\n\t\t\t\t<\/div>\n\t\t\t\t<\/div>\n\t\t<div class=\"elementor-element elementor-element-86b151b e-con-full e-flex e-con e-child\" data-id=\"86b151b\" data-element_type=\"container\" data-e-type=\"container\">\n\t\t\t\t<div class=\"elementor-element elementor-element-97ef390 elementor-widget elementor-widget-image\" data-id=\"97ef390\" data-element_type=\"widget\" data-e-type=\"widget\" data-widget_type=\"image.default\">\n\t\t\t\t<div class=\"elementor-widget-container\">\n\t\t\t\t\t\t\t\t\t\t\t\t\t\t\t<img fetchpriority=\"high\" decoding=\"async\" width=\"1600\" height=\"900\" src=\"https:\/\/evimotor.com\/wp-content\/uploads\/2025\/02\/Evicountry-by-Evitalia-02.jpg\" class=\"attachment-full size-full wp-image-1786\" alt=\"\" srcset=\"https:\/\/evimotor.com\/wp-content\/uploads\/2025\/02\/Evicountry-by-Evitalia-02.jpg 1600w, https:\/\/evimotor.com\/wp-content\/uploads\/2025\/02\/Evicountry-by-Evitalia-02-300x169.jpg 300w, https:\/\/evimotor.com\/wp-content\/uploads\/2025\/02\/Evicountry-by-Evitalia-02-1024x576.jpg 1024w, https:\/\/evimotor.com\/wp-content\/uploads\/2025\/02\/Evicountry-by-Evitalia-02-768x432.jpg 768w, https:\/\/evimotor.com\/wp-content\/uploads\/2025\/02\/Evicountry-by-Evitalia-02-1536x864.jpg 1536w\" sizes=\"(max-width: 1600px) 100vw, 1600px\" \/>\t\t\t\t\t\t\t\t\t\t\t\t\t\t\t<\/div>\n\t\t\t\t<\/div>\n\t\t\t\t<\/div>\n\t\t\t\t<\/div>\n\t\t<div class=\"elementor-element elementor-element-1007c5c e-con-full e-flex e-con e-parent\" data-id=\"1007c5c\" data-element_type=\"container\" data-e-type=\"container\">\n\t\t<div class=\"elementor-element elementor-element-f5533cb e-con-full e-flex e-con e-child\" data-id=\"f5533cb\" data-element_type=\"container\" data-e-type=\"container\">\n\t\t\t\t<div class=\"elementor-element elementor-element-cef9d2a elementor-widget elementor-widget-image\" data-id=\"cef9d2a\" data-element_type=\"widget\" data-e-type=\"widget\" data-widget_type=\"image.default\">\n\t\t\t\t<div class=\"elementor-widget-container\">\n\t\t\t\t\t\t\t\t\t\t\t\t\t\t\t<img decoding=\"async\" width=\"1960\" height=\"1307\" src=\"https:\/\/evimotor.com\/wp-content\/uploads\/2025\/05\/Evi-road1.jpg\" class=\"attachment-full size-full wp-image-666\" alt=\"\" srcset=\"https:\/\/evimotor.com\/wp-content\/uploads\/2025\/05\/Evi-road1.jpg 1960w, https:\/\/evimotor.com\/wp-content\/uploads\/2025\/05\/Evi-road1-300x200.jpg 300w, https:\/\/evimotor.com\/wp-content\/uploads\/2025\/05\/Evi-road1-1024x683.jpg 1024w, https:\/\/evimotor.com\/wp-content\/uploads\/2025\/05\/Evi-road1-768x512.jpg 768w, https:\/\/evimotor.com\/wp-content\/uploads\/2025\/05\/Evi-road1-1536x1024.jpg 1536w\" sizes=\"(max-width: 1960px) 100vw, 1960px\" \/>\t\t\t\t\t\t\t\t\t\t\t\t\t\t\t<\/div>\n\t\t\t\t<\/div>\n\t\t\t\t<\/div>\n\t\t<div class=\"elementor-element elementor-element-0c7e0c5 e-con-full e-flex e-con e-child\" data-id=\"0c7e0c5\" data-element_type=\"container\" data-e-type=\"container\" data-settings=\"{&quot;background_background&quot;:&quot;gradient&quot;}\">\n\t\t<div class=\"elementor-element elementor-element-a5e6a77 e-con-full e-flex e-con e-child\" data-id=\"a5e6a77\" data-element_type=\"container\" data-e-type=\"container\">\n\t\t\t\t<div class=\"elementor-element elementor-element-1e2b5d6 elementor-widget__width-inherit elementor-invisible elementor-widget elementor-widget-text-editor\" data-id=\"1e2b5d6\" data-element_type=\"widget\" data-e-type=\"widget\" data-settings=\"{&quot;_animation&quot;:&quot;fadeIn&quot;}\" data-widget_type=\"text-editor.default\">\n\t\t\t\t<div class=\"elementor-widget-container\">\n\t\t\t\t\t\t\t\t\t<p>EVITALIA<\/p>\n\t\t\t\t\t\t\t\t<\/div>\n\t\t\t\t<\/div>\n\t\t\t\t<div class=\"elementor-element elementor-element-805395f elementor-invisible elementor-widget elementor-widget-heading\" data-id=\"805395f\" data-element_type=\"widget\" data-e-type=\"widget\" data-settings=\"{&quot;_animation&quot;:&quot;fadeIn&quot;,&quot;_animation_delay&quot;:200}\" data-widget_type=\"heading.default\">\n\t\t\t\t<div class=\"elementor-widget-container\">\n\t\t\t\t\t<h3 class=\"elementor-heading-title elementor-size-default\">EVI ROAD<\/h3>\t\t\t\t<\/div>\n\t\t\t\t<\/div>\n\t\t\t\t<div class=\"elementor-element elementor-element-c26d4da elementor-invisible elementor-widget elementor-widget-text-editor\" data-id=\"c26d4da\" data-element_type=\"widget\" data-e-type=\"widget\" data-settings=\"{&quot;_animation&quot;:&quot;fadeIn&quot;,&quot;_animation_delay&quot;:400}\" data-widget_type=\"text-editor.default\">\n\t\t\t\t<div class=\"elementor-widget-container\">\n\t\t\t\t\t\t\t\t\t<p><b><strong>EviRoad es la furgoneta el\u00e9ctrica que le permite trabajar con total tranquilidad.<\/strong><\/b><\/p>\n<p>Gracias a sus bater\u00edas de 60 kWh, puede recorrer 250 km (Wltp) y transportar hasta 800 kg de mercanc\u00eda. Puede alcanzar una velocidad m\u00e1xima de 95 km\/h.<\/p>\n\t\t\t\t\t\t\t\t<\/div>\n\t\t\t\t<\/div>\n\t\t\t\t<div class=\"elementor-element elementor-element-6ec1f94 elementor-invisible elementor-widget elementor-widget-button\" data-id=\"6ec1f94\" data-element_type=\"widget\" data-e-type=\"widget\" data-settings=\"{&quot;_animation&quot;:&quot;fadeIn&quot;,&quot;_animation_delay&quot;:600}\" data-widget_type=\"button.default\">\n\t\t\t\t<div class=\"elementor-widget-container\">\n\t\t\t\t\t\t\t\t\t<div class=\"elementor-button-wrapper\">\n\t\t\t\t\t<a class=\"elementor-button elementor-button-link elementor-size-sm\" href=\"https:\/\/evimotor.com\/es\/modelos\/evi-road\/\">\n\t\t\t\t\t\t<span class=\"elementor-button-content-wrapper\">\n\t\t\t\t\t\t\t\t\t<span class=\"elementor-button-text\">Descubra el modelo<\/span>\n\t\t\t\t\t<\/span>\n\t\t\t\t\t<\/a>\n\t\t\t\t<\/div>\n\t\t\t\t\t\t\t\t<\/div>\n\t\t\t\t<\/div>\n\t\t\t\t<\/div>\n\t\t\t\t<\/div>\n\t\t\t\t<\/div>\n\t\t<div class=\"elementor-element elementor-element-4ef9285 e-con-full e-flex e-con e-parent\" data-id=\"4ef9285\" data-element_type=\"container\" data-e-type=\"container\">\n\t\t<div class=\"elementor-element elementor-element-c043b55 e-con-full e-flex e-con e-child\" data-id=\"c043b55\" data-element_type=\"container\" data-e-type=\"container\" data-settings=\"{&quot;background_background&quot;:&quot;gradient&quot;}\">\n\t\t<div class=\"elementor-element elementor-element-ac7c2c4 e-con-full e-flex e-con e-child\" data-id=\"ac7c2c4\" data-element_type=\"container\" data-e-type=\"container\">\n\t\t\t\t<div class=\"elementor-element elementor-element-6bd5e40 elementor-widget__width-inherit elementor-invisible elementor-widget elementor-widget-text-editor\" data-id=\"6bd5e40\" data-element_type=\"widget\" data-e-type=\"widget\" data-settings=\"{&quot;_animation&quot;:&quot;fadeIn&quot;}\" data-widget_type=\"text-editor.default\">\n\t\t\t\t<div class=\"elementor-widget-container\">\n\t\t\t\t\t\t\t\t\t<p>EVITALIA<\/p>\n\t\t\t\t\t\t\t\t<\/div>\n\t\t\t\t<\/div>\n\t\t\t\t<div class=\"elementor-element elementor-element-4ed70b1 elementor-invisible elementor-widget elementor-widget-heading\" data-id=\"4ed70b1\" data-element_type=\"widget\" data-e-type=\"widget\" data-settings=\"{&quot;_animation&quot;:&quot;fadeIn&quot;,&quot;_animation_delay&quot;:200}\" data-widget_type=\"heading.default\">\n\t\t\t\t<div class=\"elementor-widget-container\">\n\t\t\t\t\t<h3 class=\"elementor-heading-title elementor-size-default\">EVI COUNTRY PASO LARGO<\/h3>\t\t\t\t<\/div>\n\t\t\t\t<\/div>\n\t\t\t\t<div class=\"elementor-element elementor-element-76bbd4a elementor-invisible elementor-widget elementor-widget-text-editor\" data-id=\"76bbd4a\" data-element_type=\"widget\" data-e-type=\"widget\" data-settings=\"{&quot;_animation&quot;:&quot;fadeIn&quot;,&quot;_animation_delay&quot;:400}\" data-widget_type=\"text-editor.default\">\n\t\t\t\t<div class=\"elementor-widget-container\">\n\t\t\t\t\t\t\t\t\t<p><b><strong>EVI Country LWB tiene el tama\u00f1o perfecto para desplazarse a cualquier lugar.<\/strong><\/b><\/p>\n<p>No es tan voluminoso como cualquier furgoneta de 3,5 t, pero es lo suficientemente grande como para garantizar una capacidad de carga de 1000 kg (por ejemplo, 2 pal\u00e9s) y una f\u00e1cil maniobrabilidad en espacios reducidos. Su radio de giro m\u00ednimo de 4,63 m facilita el trabajo en espacios reducidos.<\/p>\n<p>La comodidad y la f\u00e1cil maniobrabilidad a gran velocidad (hasta 80 km\/h) est\u00e1n garantizadas gracias a la sofisticada suspensi\u00f3n independiente y la tracci\u00f3n a las 4 ruedas.<\/p>\n\t\t\t\t\t\t\t\t<\/div>\n\t\t\t\t<\/div>\n\t\t\t\t<div class=\"elementor-element elementor-element-aa34d72 elementor-invisible elementor-widget elementor-widget-button\" data-id=\"aa34d72\" data-element_type=\"widget\" data-e-type=\"widget\" data-settings=\"{&quot;_animation&quot;:&quot;fadeIn&quot;,&quot;_animation_delay&quot;:600}\" data-widget_type=\"button.default\">\n\t\t\t\t<div class=\"elementor-widget-container\">\n\t\t\t\t\t\t\t\t\t<div class=\"elementor-button-wrapper\">\n\t\t\t\t\t<a class=\"elementor-button elementor-button-link elementor-size-sm\" href=\"https:\/\/evimotor.com\/es\/modelos\/evi-country-paso-largo\/\">\n\t\t\t\t\t\t<span class=\"elementor-button-content-wrapper\">\n\t\t\t\t\t\t\t\t\t<span class=\"elementor-button-text\">Descubra el modelo<\/span>\n\t\t\t\t\t<\/span>\n\t\t\t\t\t<\/a>\n\t\t\t\t<\/div>\n\t\t\t\t\t\t\t\t<\/div>\n\t\t\t\t<\/div>\n\t\t\t\t<\/div>\n\t\t\t\t<\/div>\n\t\t<div class=\"elementor-element elementor-element-4fbff12 e-con-full e-flex e-con e-child\" data-id=\"4fbff12\" data-element_type=\"container\" data-e-type=\"container\">\n\t\t\t\t<div class=\"elementor-element elementor-element-360397a elementor-widget elementor-widget-image\" data-id=\"360397a\" data-element_type=\"widget\" data-e-type=\"widget\" data-widget_type=\"image.default\">\n\t\t\t\t<div class=\"elementor-widget-container\">\n\t\t\t\t\t\t\t\t\t\t\t\t\t\t\t<img decoding=\"async\" width=\"1280\" height=\"848\" src=\"https:\/\/evimotor.com\/wp-content\/uploads\/2025\/07\/Evi-Country-LWB-6.png\" class=\"attachment-full size-full wp-image-1855\" alt=\"\" srcset=\"https:\/\/evimotor.com\/wp-content\/uploads\/2025\/07\/Evi-Country-LWB-6.png 1280w, https:\/\/evimotor.com\/wp-content\/uploads\/2025\/07\/Evi-Country-LWB-6-300x199.png 300w, https:\/\/evimotor.com\/wp-content\/uploads\/2025\/07\/Evi-Country-LWB-6-1024x678.png 1024w, https:\/\/evimotor.com\/wp-content\/uploads\/2025\/07\/Evi-Country-LWB-6-768x509.png 768w\" sizes=\"(max-width: 1280px) 100vw, 1280px\" \/>\t\t\t\t\t\t\t\t\t\t\t\t\t\t\t<\/div>\n\t\t\t\t<\/div>\n\t\t\t\t<\/div>\n\t\t\t\t<\/div>\n\t\t\t\t<\/div>\n\t\t","protected":false},"excerpt":{"rendered":"<p>Modelos disponibles EVITALIA EVI COUNTRY EVI Country tiene el tama\u00f1o perfecto para moverse por cualquier lugar. No es tan voluminoso como una furgoneta de 3,5 t, pero es lo suficientemente grande como para garantizar una capacidad de carga de 1000 kg (por ejemplo, 2 pal\u00e9s) y una f\u00e1cil maniobrabilidad en espacios reducidos. Su radio de [&hellip;]<\/p>\n","protected":false},"author":1,"featured_media":0,"parent":0,"menu_order":0,"comment_status":"closed","ping_status":"closed","template":"elementor_header_footer","meta":{"footnotes":""},"class_list":["post-1827","page","type-page","status-publish","hentry"],"yoast_head":"<!-- This site is optimized with the Yoast SEO plugin v27.2 - https:\/\/yoast.com\/product\/yoast-seo-wordpress\/ -->\n<title>Modelos de Veh\u00edculos El\u00e9ctricos Industriales y Comerciales | Evimotor<\/title>\n<meta name=\"description\" content=\"Descubra la gama completa Evimotor: veh\u00edculos 100% el\u00e9ctricos industriales y comerciales para log\u00edstica, municipios e industria. Alta calidad Made in Italy.\" \/>\n<meta name=\"robots\" content=\"index, follow, max-snippet:-1, max-image-preview:large, max-video-preview:-1\" \/>\n<link rel=\"canonical\" href=\"https:\/\/evimotor.com\/es\/modelos\/\" \/>\n<meta property=\"og:locale\" content=\"es_ES\" \/>\n<meta property=\"og:type\" content=\"article\" \/>\n<meta property=\"og:title\" content=\"Modelos de Veh\u00edculos El\u00e9ctricos Industriales y Comerciales | Evimotor\" \/>\n<meta property=\"og:description\" content=\"Descubra la gama completa Evimotor: veh\u00edculos 100% el\u00e9ctricos industriales y comerciales para log\u00edstica, municipios e industria. Alta calidad Made in Italy.\" \/>\n<meta property=\"og:url\" content=\"https:\/\/evimotor.com\/es\/modelos\/\" \/>\n<meta property=\"og:site_name\" content=\"Evimotor\" \/>\n<meta property=\"article:modified_time\" content=\"2026-03-19T10:01:21+00:00\" \/>\n<meta property=\"og:image\" content=\"https:\/\/evimotor.com\/wp-content\/uploads\/2025\/02\/Evicountry-by-Evitalia-02.jpg\" \/>\n<meta name=\"twitter:card\" content=\"summary_large_image\" \/>\n<meta name=\"twitter:label1\" content=\"Tiempo de lectura\" \/>\n\t<meta name=\"twitter:data1\" content=\"1 minuto\" \/>\n<script type=\"application\/ld+json\" class=\"yoast-schema-graph\">{\"@context\":\"https:\/\/schema.org\",\"@graph\":[{\"@type\":\"WebPage\",\"@id\":\"https:\/\/evimotor.com\/es\/modelos\/\",\"url\":\"https:\/\/evimotor.com\/es\/modelos\/\",\"name\":\"Modelos de Veh\u00edculos El\u00e9ctricos Industriales y Comerciales | Evimotor\",\"isPartOf\":{\"@id\":\"https:\/\/evimotor.com\/es\/#website\"},\"primaryImageOfPage\":{\"@id\":\"https:\/\/evimotor.com\/es\/modelos\/#primaryimage\"},\"image\":{\"@id\":\"https:\/\/evimotor.com\/es\/modelos\/#primaryimage\"},\"thumbnailUrl\":\"https:\/\/evimotor.com\/wp-content\/uploads\/2025\/02\/Evicountry-by-Evitalia-02.jpg\",\"datePublished\":\"2025-02-28T08:12:37+00:00\",\"dateModified\":\"2026-03-19T10:01:21+00:00\",\"description\":\"Descubra la gama completa Evimotor: veh\u00edculos 100% el\u00e9ctricos industriales y comerciales para log\u00edstica, municipios e industria. Alta calidad Made in Italy.\",\"breadcrumb\":{\"@id\":\"https:\/\/evimotor.com\/es\/modelos\/#breadcrumb\"},\"inLanguage\":\"es\",\"potentialAction\":[{\"@type\":\"ReadAction\",\"target\":[\"https:\/\/evimotor.com\/es\/modelos\/\"]}]},{\"@type\":\"ImageObject\",\"inLanguage\":\"es\",\"@id\":\"https:\/\/evimotor.com\/es\/modelos\/#primaryimage\",\"url\":\"https:\/\/evimotor.com\/wp-content\/uploads\/2025\/02\/Evicountry-by-Evitalia-02.jpg\",\"contentUrl\":\"https:\/\/evimotor.com\/wp-content\/uploads\/2025\/02\/Evicountry-by-Evitalia-02.jpg\"},{\"@type\":\"BreadcrumbList\",\"@id\":\"https:\/\/evimotor.com\/es\/modelos\/#breadcrumb\",\"itemListElement\":[{\"@type\":\"ListItem\",\"position\":1,\"name\":\"Home\",\"item\":\"https:\/\/evimotor.com\/es\/\"},{\"@type\":\"ListItem\",\"position\":2,\"name\":\"Modelos\"}]},{\"@type\":\"WebSite\",\"@id\":\"https:\/\/evimotor.com\/es\/#website\",\"url\":\"https:\/\/evimotor.com\/es\/\",\"name\":\"Evimotor\",\"description\":\"Electric Vehicles Italia\",\"publisher\":{\"@id\":\"https:\/\/evimotor.com\/es\/#organization\"},\"potentialAction\":[{\"@type\":\"SearchAction\",\"target\":{\"@type\":\"EntryPoint\",\"urlTemplate\":\"https:\/\/evimotor.com\/es\/?s={search_term_string}\"},\"query-input\":{\"@type\":\"PropertyValueSpecification\",\"valueRequired\":true,\"valueName\":\"search_term_string\"}}],\"inLanguage\":\"es\"},{\"@type\":\"Organization\",\"@id\":\"https:\/\/evimotor.com\/es\/#organization\",\"name\":\"Evimotor\",\"url\":\"https:\/\/evimotor.com\/es\/\",\"logo\":{\"@type\":\"ImageObject\",\"inLanguage\":\"es\",\"@id\":\"https:\/\/evimotor.com\/es\/#\/schema\/logo\/image\/\",\"url\":\"https:\/\/evimotor.com\/wp-content\/uploads\/2025\/02\/logo-evimotor.png\",\"contentUrl\":\"https:\/\/evimotor.com\/wp-content\/uploads\/2025\/02\/logo-evimotor.png\",\"width\":594,\"height\":110,\"caption\":\"Evimotor\"},\"image\":{\"@id\":\"https:\/\/evimotor.com\/es\/#\/schema\/logo\/image\/\"}}]}<\/script>\n<!-- \/ Yoast SEO plugin. -->","yoast_head_json":{"title":"Modelos de Veh\u00edculos El\u00e9ctricos Industriales y Comerciales | Evimotor","description":"Descubra la gama completa Evimotor: veh\u00edculos 100% el\u00e9ctricos industriales y comerciales para log\u00edstica, municipios e industria. Alta calidad Made in Italy.","robots":{"index":"index","follow":"follow","max-snippet":"max-snippet:-1","max-image-preview":"max-image-preview:large","max-video-preview":"max-video-preview:-1"},"canonical":"https:\/\/evimotor.com\/es\/modelos\/","og_locale":"es_ES","og_type":"article","og_title":"Modelos de Veh\u00edculos El\u00e9ctricos Industriales y Comerciales | Evimotor","og_description":"Descubra la gama completa Evimotor: veh\u00edculos 100% el\u00e9ctricos industriales y comerciales para log\u00edstica, municipios e industria. Alta calidad Made in Italy.","og_url":"https:\/\/evimotor.com\/es\/modelos\/","og_site_name":"Evimotor","article_modified_time":"2026-03-19T10:01:21+00:00","og_image":[{"url":"https:\/\/evimotor.com\/wp-content\/uploads\/2025\/02\/Evicountry-by-Evitalia-02.jpg","type":"","width":"","height":""}],"twitter_card":"summary_large_image","twitter_misc":{"Tiempo de lectura":"1 minuto"},"schema":{"@context":"https:\/\/schema.org","@graph":[{"@type":"WebPage","@id":"https:\/\/evimotor.com\/es\/modelos\/","url":"https:\/\/evimotor.com\/es\/modelos\/","name":"Modelos de Veh\u00edculos El\u00e9ctricos Industriales y Comerciales | Evimotor","isPartOf":{"@id":"https:\/\/evimotor.com\/es\/#website"},"primaryImageOfPage":{"@id":"https:\/\/evimotor.com\/es\/modelos\/#primaryimage"},"image":{"@id":"https:\/\/evimotor.com\/es\/modelos\/#primaryimage"},"thumbnailUrl":"https:\/\/evimotor.com\/wp-content\/uploads\/2025\/02\/Evicountry-by-Evitalia-02.jpg","datePublished":"2025-02-28T08:12:37+00:00","dateModified":"2026-03-19T10:01:21+00:00","description":"Descubra la gama completa Evimotor: veh\u00edculos 100% el\u00e9ctricos industriales y comerciales para log\u00edstica, municipios e industria. Alta calidad Made in Italy.","breadcrumb":{"@id":"https:\/\/evimotor.com\/es\/modelos\/#breadcrumb"},"inLanguage":"es","potentialAction":[{"@type":"ReadAction","target":["https:\/\/evimotor.com\/es\/modelos\/"]}]},{"@type":"ImageObject","inLanguage":"es","@id":"https:\/\/evimotor.com\/es\/modelos\/#primaryimage","url":"https:\/\/evimotor.com\/wp-content\/uploads\/2025\/02\/Evicountry-by-Evitalia-02.jpg","contentUrl":"https:\/\/evimotor.com\/wp-content\/uploads\/2025\/02\/Evicountry-by-Evitalia-02.jpg"},{"@type":"BreadcrumbList","@id":"https:\/\/evimotor.com\/es\/modelos\/#breadcrumb","itemListElement":[{"@type":"ListItem","position":1,"name":"Home","item":"https:\/\/evimotor.com\/es\/"},{"@type":"ListItem","position":2,"name":"Modelos"}]},{"@type":"WebSite","@id":"https:\/\/evimotor.com\/es\/#website","url":"https:\/\/evimotor.com\/es\/","name":"Evimotor","description":"Electric Vehicles Italia","publisher":{"@id":"https:\/\/evimotor.com\/es\/#organization"},"potentialAction":[{"@type":"SearchAction","target":{"@type":"EntryPoint","urlTemplate":"https:\/\/evimotor.com\/es\/?s={search_term_string}"},"query-input":{"@type":"PropertyValueSpecification","valueRequired":true,"valueName":"search_term_string"}}],"inLanguage":"es"},{"@type":"Organization","@id":"https:\/\/evimotor.com\/es\/#organization","name":"Evimotor","url":"https:\/\/evimotor.com\/es\/","logo":{"@type":"ImageObject","inLanguage":"es","@id":"https:\/\/evimotor.com\/es\/#\/schema\/logo\/image\/","url":"https:\/\/evimotor.com\/wp-content\/uploads\/2025\/02\/logo-evimotor.png","contentUrl":"https:\/\/evimotor.com\/wp-content\/uploads\/2025\/02\/logo-evimotor.png","width":594,"height":110,"caption":"Evimotor"},"image":{"@id":"https:\/\/evimotor.com\/es\/#\/schema\/logo\/image\/"}}]}},"_links":{"self":[{"href":"https:\/\/evimotor.com\/es\/wp-json\/wp\/v2\/pages\/1827","targetHints":{"allow":["GET"]}}],"collection":[{"href":"https:\/\/evimotor.com\/es\/wp-json\/wp\/v2\/pages"}],"about":[{"href":"https:\/\/evimotor.com\/es\/wp-json\/wp\/v2\/types\/page"}],"author":[{"embeddable":true,"href":"https:\/\/evimotor.com\/es\/wp-json\/wp\/v2\/users\/1"}],"replies":[{"embeddable":true,"href":"https:\/\/evimotor.com\/es\/wp-json\/wp\/v2\/comments?post=1827"}],"version-history":[{"count":4,"href":"https:\/\/evimotor.com\/es\/wp-json\/wp\/v2\/pages\/1827\/revisions"}],"predecessor-version":[{"id":1870,"href":"https:\/\/evimotor.com\/es\/wp-json\/wp\/v2\/pages\/1827\/revisions\/1870"}],"wp:attachment":[{"href":"https:\/\/evimotor.com\/es\/wp-json\/wp\/v2\/media?parent=1827"}],"curies":[{"name":"wp","href":"https:\/\/api.w.org\/{rel}","templated":true}]}}