{"id":2083,"date":"2025-02-25T12:19:27","date_gmt":"2025-02-25T11:19:27","guid":{"rendered":"https:\/\/evimotor.com\/privaatsuspoliitika\/"},"modified":"2025-11-04T07:50:29","modified_gmt":"2025-11-04T06:50:29","slug":"privaatsuspoliitika","status":"publish","type":"page","link":"https:\/\/evimotor.com\/et\/privaatsuspoliitika\/","title":{"rendered":"Privaatsuspoliitika"},"content":{"rendered":"\t\t<div data-elementor-type=\"wp-page\" data-elementor-id=\"2083\" class=\"elementor elementor-2083 elementor-3\" data-elementor-post-type=\"page\">\n\t\t\t\t<div class=\"elementor-element elementor-element-7b536ac e-flex e-con-boxed e-con e-parent\" data-id=\"7b536ac\" data-element_type=\"container\" data-e-type=\"container\" data-settings=\"{&quot;background_background&quot;:&quot;classic&quot;}\">\n\t\t\t\t\t<div class=\"e-con-inner\">\n\t\t\t\t<div class=\"elementor-element elementor-element-978c179 elementor-widget elementor-widget-spacer\" data-id=\"978c179\" data-element_type=\"widget\" data-e-type=\"widget\" data-widget_type=\"spacer.default\">\n\t\t\t\t<div class=\"elementor-widget-container\">\n\t\t\t\t\t\t\t<div class=\"elementor-spacer\">\n\t\t\t<div class=\"elementor-spacer-inner\"><\/div>\n\t\t<\/div>\n\t\t\t\t\t\t<\/div>\n\t\t\t\t<\/div>\n\t\t\t\t\t<\/div>\n\t\t\t\t<\/div>\n\t\t<div class=\"elementor-element elementor-element-9deb7f0 e-flex e-con-boxed e-con e-parent\" data-id=\"9deb7f0\" data-element_type=\"container\" data-e-type=\"container\" data-settings=\"{&quot;background_background&quot;:&quot;classic&quot;}\">\n\t\t\t\t\t<div class=\"e-con-inner\">\n\t\t\t\t<div class=\"elementor-element elementor-element-84979ab elementor-widget__width-inherit elementor-invisible elementor-widget elementor-widget-text-editor\" data-id=\"84979ab\" data-element_type=\"widget\" data-e-type=\"widget\" data-settings=\"{&quot;_animation&quot;:&quot;fadeIn&quot;}\" data-widget_type=\"text-editor.default\">\n\t\t\t\t<div class=\"elementor-widget-container\">\n\t\t\t\t\t\t\t\t\t<p>Evi Country<\/p>\n\t\t\t\t\t\t\t\t<\/div>\n\t\t\t\t<\/div>\n\t\t\t\t<div class=\"elementor-element elementor-element-8851182 elementor-widget elementor-widget-text-editor\" data-id=\"8851182\" data-element_type=\"widget\" data-e-type=\"widget\" data-widget_type=\"text-editor.default\">\n\t\t\t\t<div class=\"elementor-widget-container\">\n\t\t\t\t\t\t\t\t\t<p>Teave esitatakse vastavalt Euroopa \u00fcldise andmekaitse m\u00e4\u00e4ruse (ELi m\u00e4\u00e4rus 2016\/679) artiklile 13.<\/p>\n<p>Teave esitatakse ainult Evitalia veebisaidi www.evimotor.com kohta, mitte teiste veebisaitide kohta, mida kasutaja v\u00f5ib linkide kaudu k\u00fclastada.<\/p>\n<p><b><strong>Andmete t\u00f6\u00f6tleja<\/strong><\/b><\/p>\n<p>Vastavalt m\u00e4\u00e4rusele (EL) 2016\/679 (GDPR) deklareeritakse, et andmete t\u00f6\u00f6tleja on \u201eEvitalia\u201d, k\u00e4ibemaksukohustuslase number IT04398180242 ja asukoht Via Riale, 3 &#8211; 36040 Grumolo delle Abbadesse (VI) Itaalia.<\/p>\n<p><b><strong>Andmete t\u00f6\u00f6tlemise koht<\/strong><\/b><\/p>\n<p>Selle veebisaidi veebiteenustega seotud t\u00f6\u00f6tlemine toimub eespool nimetatud asukohas ja sellega tegelevad ainult t\u00f6\u00f6tlemisega tegelevad t\u00f6\u00f6tajad v\u00f5i juhuslikke hooldust\u00f6id tegevad isikud. Konkreetsete taotlustega kasutajate esitatud isikuandmeid kasutatakse ainult taotletud teenuse v\u00f5i teenuse osutamiseks ja need edastatakse kolmandatele isikutele ainult juhul, kui see on selleks vajalik.<\/p>\n<h4>T\u00f6\u00f6deldavate andmete liigid ja eesm\u00e4rgid<\/h4>\n<p><b><strong>Navigatsiooniandmed<\/strong><\/b><\/p>\n<p>Selle veebisaidi toimimiseks kasutatavad infos\u00fcsteemid ja tarkvaraprotseduurid koguvad oma tavap\u00e4rase t\u00f6\u00f6 k\u00e4igus teatavaid isikuandmeid, mille edastamine on interneti kommunikatsiooniprotokollide kasutamisega seotud. Tegemist on andmetega, mida ei koguta seoses identifitseeritud isikutega, kuid mis oma olemuselt v\u00f5ivad kolmandate isikute valduses olevate andmetega t\u00f6\u00f6tlemise ja seostamise teel v\u00f5imaldada kasutajate identifitseerimist.<\/p>\n<p>Neid andmeid kasutatakse ainult selleks, et saada anon\u00fc\u00fcmset statistilist teavet veebisaidi kasutamise kohta ja kontrollida selle n\u00f5uetekohast toimimist.<\/p>\n<p><b><strong>Kasutaja poolt vabatahtlikult esitatud andmed<\/strong><\/b><\/p>\n<p>Vabatahtlik, selges\u00f5naline ja vabatahtlik e-kirja saatmine k\u00e4esoleval veebisaidil osutatud aadressidele toob kaasa saatja aadressi kogumise, mis on vajalik vastuste saatmiseks, ning v\u00f5imalike muude kirjas sisalduvate isiku.<\/p>\n<p><b><strong>K\u00fcpsised<\/strong><\/b><\/p>\n<p>Sessioonik\u00fcpsiste kasutamine on rangelt seotud veebisaidi kasutamise optimeerimisega ja on seega suunatud ainult parema navigeerimise tagamisele veebisaidil. Teised veebiaadressid, millele see veebisait v\u00f5ib viidata, v\u00f5ivad sisaldada j\u00e4lgimiss\u00fcsteeme, millega veebisaidi omanik ei ole seotud.<\/p>\n<p><b><strong>Andmete esitamise vabatahtlikkus<\/strong><\/b><\/p>\n<p>V\u00e4lja arvatud navigeerimisandmete puhul, on kasutajal vabadus esitada isikuandmeid, kui seda n\u00f5utakse veebisaidi vastavates osades. Nende esitamata j\u00e4tmine v\u00f5ib siiski kaasa tuua selle, et v\u00f5imalikud n\u00f5uded j\u00e4\u00e4vad t\u00e4itmata.<\/p>\n<p><b><strong>Andmete t\u00f6\u00f6tlemise viis<\/strong><\/b><\/p>\n<p>Isikuandmeid t\u00f6\u00f6deldakse automatiseeritud vahenditega ajavahemiku jooksul, mis on h\u00e4davajalik nende eesm\u00e4rkide saavutamiseks, milleks need on kogutud. Andmete kaotamise, ebaseadusliku v\u00f5i eba\u00f5ige kasutamise ja volitamata juurdep\u00e4\u00e4su v\u00e4ltimiseks j\u00e4rgitakse konkreetseid turvameetmeid, nagu on s\u00e4testatud ELi m\u00e4\u00e4ruse 2016\/679 artiklis 32.<\/p>\n<p><b><strong>Andmesubjektide \u00f5igused<\/strong><\/b><\/p>\n<p>ELi m\u00e4\u00e4ruse 2016\/679 artiklite 15, 16, 17 ja 18 kohaselt on isikutel, keda isikuandmed puudutavad, \u00f5igus igal ajal saada kinnitust nende andmete olemasolu kohta, teada saada nende sisu ja p\u00e4ritolu, kontrollida nende \u00f5igsust v\u00f5i n\u00f5uda nende t\u00e4iendamist, ajakohastamist v\u00f5i parandamist, n\u00f5uda nende kustutamist, anon\u00fc\u00fcmseks muutmist v\u00f5i seadusega vastuolus t\u00f6\u00f6deldud andmete blokeerimist, samuti \u00f5igust igal juhul \u00f5igustatud p\u00f5hjustel nende t\u00f6\u00f6tlemisele vastu olla.<\/p>\n<p><b><strong>Kontakt<\/strong><\/b><\/p>\n<p>K\u00f5igi oma \u00f5iguste kasutamiseks v\u00f5i t\u00e4iendavate k\u00fcsimuste v\u00f5i kaebuste korral seoses isikuandmete kasutamise ja privaatsusega tuleb p\u00f6\u00f6rduda aadressil \u201eEvitalia\u201d Via Riale, 3 &#8211; 36040 Grumolo delle Abbadesse (VI) Itaalia.<\/p>\n<p>Teil on ka \u00f5igus esitada kaebus j\u00e4relevalveasutusele, mis Itaalias on asutatud isikuandmete kaitse j\u00e4relevalveasutusena (www.garanteprivacy.it).<\/p>\n\t\t\t\t\t\t\t\t<\/div>\n\t\t\t\t<\/div>\n\t\t\t\t\t<\/div>\n\t\t\t\t<\/div>\n\t\t\t\t<\/div>\n\t\t","protected":false},"excerpt":{"rendered":"<p>Evi Country Teave esitatakse vastavalt Euroopa \u00fcldise andmekaitse m\u00e4\u00e4ruse (ELi m\u00e4\u00e4rus 2016\/679) artiklile 13. Teave esitatakse ainult Evitalia veebisaidi www.evimotor.com kohta, mitte teiste veebisaitide kohta, mida kasutaja v\u00f5ib linkide kaudu k\u00fclastada. Andmete t\u00f6\u00f6tleja Vastavalt m\u00e4\u00e4rusele (EL) 2016\/679 (GDPR) deklareeritakse, et andmete t\u00f6\u00f6tleja on \u201eEvitalia\u201d, k\u00e4ibemaksukohustuslase number IT04398180242 ja asukoht Via Riale, 3 &#8211; 36040 Grumolo [&hellip;]<\/p>\n","protected":false},"author":1,"featured_media":0,"parent":0,"menu_order":0,"comment_status":"closed","ping_status":"closed","template":"elementor_header_footer","meta":{"footnotes":""},"class_list":["post-2083","page","type-page","status-publish","hentry"],"yoast_head":"<!-- This site is optimized with the Yoast SEO plugin v27.2 - https:\/\/yoast.com\/product\/yoast-seo-wordpress\/ -->\n<title>Privaatsuspoliitika - Evimotor<\/title>\n<meta name=\"robots\" content=\"index, follow, max-snippet:-1, max-image-preview:large, max-video-preview:-1\" \/>\n<link rel=\"canonical\" href=\"https:\/\/evimotor.com\/et\/privaatsuspoliitika\/\" \/>\n<meta property=\"og:locale\" content=\"et_EE\" \/>\n<meta property=\"og:type\" content=\"article\" \/>\n<meta property=\"og:title\" content=\"Privaatsuspoliitika - Evimotor\" \/>\n<meta property=\"og:description\" content=\"Evi Country Teave esitatakse vastavalt Euroopa \u00fcldise andmekaitse m\u00e4\u00e4ruse (ELi m\u00e4\u00e4rus 2016\/679) artiklile 13. Teave esitatakse ainult Evitalia veebisaidi www.evimotor.com kohta, mitte teiste veebisaitide kohta, mida kasutaja v\u00f5ib linkide kaudu k\u00fclastada. Andmete t\u00f6\u00f6tleja Vastavalt m\u00e4\u00e4rusele (EL) 2016\/679 (GDPR) deklareeritakse, et andmete t\u00f6\u00f6tleja on \u201eEvitalia\u201d, k\u00e4ibemaksukohustuslase number IT04398180242 ja asukoht Via Riale, 3 &#8211; 36040 Grumolo [&hellip;]\" \/>\n<meta property=\"og:url\" content=\"https:\/\/evimotor.com\/et\/privaatsuspoliitika\/\" \/>\n<meta property=\"og:site_name\" content=\"Evimotor\" \/>\n<meta property=\"article:modified_time\" content=\"2025-11-04T06:50:29+00:00\" \/>\n<meta name=\"twitter:card\" content=\"summary_large_image\" \/>\n<meta name=\"twitter:label1\" content=\"Est. reading time\" \/>\n\t<meta name=\"twitter:data1\" content=\"2 minutit\" \/>\n<script type=\"application\/ld+json\" class=\"yoast-schema-graph\">{\"@context\":\"https:\/\/schema.org\",\"@graph\":[{\"@type\":\"WebPage\",\"@id\":\"https:\/\/evimotor.com\/et\/privaatsuspoliitika\/\",\"url\":\"https:\/\/evimotor.com\/et\/privaatsuspoliitika\/\",\"name\":\"Privaatsuspoliitika - Evimotor\",\"isPartOf\":{\"@id\":\"https:\/\/evimotor.com\/et\/#website\"},\"datePublished\":\"2025-02-25T11:19:27+00:00\",\"dateModified\":\"2025-11-04T06:50:29+00:00\",\"breadcrumb\":{\"@id\":\"https:\/\/evimotor.com\/et\/privaatsuspoliitika\/#breadcrumb\"},\"inLanguage\":\"et\",\"potentialAction\":[{\"@type\":\"ReadAction\",\"target\":[\"https:\/\/evimotor.com\/et\/privaatsuspoliitika\/\"]}]},{\"@type\":\"BreadcrumbList\",\"@id\":\"https:\/\/evimotor.com\/et\/privaatsuspoliitika\/#breadcrumb\",\"itemListElement\":[{\"@type\":\"ListItem\",\"position\":1,\"name\":\"Home\",\"item\":\"https:\/\/evimotor.com\/et\/\"},{\"@type\":\"ListItem\",\"position\":2,\"name\":\"Privaatsuspoliitika\"}]},{\"@type\":\"WebSite\",\"@id\":\"https:\/\/evimotor.com\/et\/#website\",\"url\":\"https:\/\/evimotor.com\/et\/\",\"name\":\"Evimotor\",\"description\":\"Electric Vehicles Italia\",\"publisher\":{\"@id\":\"https:\/\/evimotor.com\/et\/#organization\"},\"potentialAction\":[{\"@type\":\"SearchAction\",\"target\":{\"@type\":\"EntryPoint\",\"urlTemplate\":\"https:\/\/evimotor.com\/et\/?s={search_term_string}\"},\"query-input\":{\"@type\":\"PropertyValueSpecification\",\"valueRequired\":true,\"valueName\":\"search_term_string\"}}],\"inLanguage\":\"et\"},{\"@type\":\"Organization\",\"@id\":\"https:\/\/evimotor.com\/et\/#organization\",\"name\":\"Evimotor\",\"url\":\"https:\/\/evimotor.com\/et\/\",\"logo\":{\"@type\":\"ImageObject\",\"inLanguage\":\"et\",\"@id\":\"https:\/\/evimotor.com\/et\/#\/schema\/logo\/image\/\",\"url\":\"https:\/\/evimotor.com\/wp-content\/uploads\/2025\/02\/logo-evimotor.png\",\"contentUrl\":\"https:\/\/evimotor.com\/wp-content\/uploads\/2025\/02\/logo-evimotor.png\",\"width\":594,\"height\":110,\"caption\":\"Evimotor\"},\"image\":{\"@id\":\"https:\/\/evimotor.com\/et\/#\/schema\/logo\/image\/\"}}]}<\/script>\n<!-- \/ Yoast SEO plugin. -->","yoast_head_json":{"title":"Privaatsuspoliitika - Evimotor","robots":{"index":"index","follow":"follow","max-snippet":"max-snippet:-1","max-image-preview":"max-image-preview:large","max-video-preview":"max-video-preview:-1"},"canonical":"https:\/\/evimotor.com\/et\/privaatsuspoliitika\/","og_locale":"et_EE","og_type":"article","og_title":"Privaatsuspoliitika - Evimotor","og_description":"Evi Country Teave esitatakse vastavalt Euroopa \u00fcldise andmekaitse m\u00e4\u00e4ruse (ELi m\u00e4\u00e4rus 2016\/679) artiklile 13. Teave esitatakse ainult Evitalia veebisaidi www.evimotor.com kohta, mitte teiste veebisaitide kohta, mida kasutaja v\u00f5ib linkide kaudu k\u00fclastada. Andmete t\u00f6\u00f6tleja Vastavalt m\u00e4\u00e4rusele (EL) 2016\/679 (GDPR) deklareeritakse, et andmete t\u00f6\u00f6tleja on \u201eEvitalia\u201d, k\u00e4ibemaksukohustuslase number IT04398180242 ja asukoht Via Riale, 3 &#8211; 36040 Grumolo [&hellip;]","og_url":"https:\/\/evimotor.com\/et\/privaatsuspoliitika\/","og_site_name":"Evimotor","article_modified_time":"2025-11-04T06:50:29+00:00","twitter_card":"summary_large_image","twitter_misc":{"Est. reading time":"2 minutit"},"schema":{"@context":"https:\/\/schema.org","@graph":[{"@type":"WebPage","@id":"https:\/\/evimotor.com\/et\/privaatsuspoliitika\/","url":"https:\/\/evimotor.com\/et\/privaatsuspoliitika\/","name":"Privaatsuspoliitika - Evimotor","isPartOf":{"@id":"https:\/\/evimotor.com\/et\/#website"},"datePublished":"2025-02-25T11:19:27+00:00","dateModified":"2025-11-04T06:50:29+00:00","breadcrumb":{"@id":"https:\/\/evimotor.com\/et\/privaatsuspoliitika\/#breadcrumb"},"inLanguage":"et","potentialAction":[{"@type":"ReadAction","target":["https:\/\/evimotor.com\/et\/privaatsuspoliitika\/"]}]},{"@type":"BreadcrumbList","@id":"https:\/\/evimotor.com\/et\/privaatsuspoliitika\/#breadcrumb","itemListElement":[{"@type":"ListItem","position":1,"name":"Home","item":"https:\/\/evimotor.com\/et\/"},{"@type":"ListItem","position":2,"name":"Privaatsuspoliitika"}]},{"@type":"WebSite","@id":"https:\/\/evimotor.com\/et\/#website","url":"https:\/\/evimotor.com\/et\/","name":"Evimotor","description":"Electric Vehicles Italia","publisher":{"@id":"https:\/\/evimotor.com\/et\/#organization"},"potentialAction":[{"@type":"SearchAction","target":{"@type":"EntryPoint","urlTemplate":"https:\/\/evimotor.com\/et\/?s={search_term_string}"},"query-input":{"@type":"PropertyValueSpecification","valueRequired":true,"valueName":"search_term_string"}}],"inLanguage":"et"},{"@type":"Organization","@id":"https:\/\/evimotor.com\/et\/#organization","name":"Evimotor","url":"https:\/\/evimotor.com\/et\/","logo":{"@type":"ImageObject","inLanguage":"et","@id":"https:\/\/evimotor.com\/et\/#\/schema\/logo\/image\/","url":"https:\/\/evimotor.com\/wp-content\/uploads\/2025\/02\/logo-evimotor.png","contentUrl":"https:\/\/evimotor.com\/wp-content\/uploads\/2025\/02\/logo-evimotor.png","width":594,"height":110,"caption":"Evimotor"},"image":{"@id":"https:\/\/evimotor.com\/et\/#\/schema\/logo\/image\/"}}]}},"_links":{"self":[{"href":"https:\/\/evimotor.com\/et\/wp-json\/wp\/v2\/pages\/2083","targetHints":{"allow":["GET"]}}],"collection":[{"href":"https:\/\/evimotor.com\/et\/wp-json\/wp\/v2\/pages"}],"about":[{"href":"https:\/\/evimotor.com\/et\/wp-json\/wp\/v2\/types\/page"}],"author":[{"embeddable":true,"href":"https:\/\/evimotor.com\/et\/wp-json\/wp\/v2\/users\/1"}],"replies":[{"embeddable":true,"href":"https:\/\/evimotor.com\/et\/wp-json\/wp\/v2\/comments?post=2083"}],"version-history":[{"count":1,"href":"https:\/\/evimotor.com\/et\/wp-json\/wp\/v2\/pages\/2083\/revisions"}],"predecessor-version":[{"id":2084,"href":"https:\/\/evimotor.com\/et\/wp-json\/wp\/v2\/pages\/2083\/revisions\/2084"}],"wp:attachment":[{"href":"https:\/\/evimotor.com\/et\/wp-json\/wp\/v2\/media?parent=2083"}],"curies":[{"name":"wp","href":"https:\/\/api.w.org\/{rel}","templated":true}]}}