{"id":2113,"date":"2025-02-28T09:12:37","date_gmt":"2025-02-28T08:12:37","guid":{"rendered":"https:\/\/evimotor.com\/mudelid\/"},"modified":"2026-03-19T11:01:21","modified_gmt":"2026-03-19T10:01:21","slug":"mudelid","status":"publish","type":"page","link":"https:\/\/evimotor.com\/et\/mudelid\/","title":{"rendered":"Mudelid"},"content":{"rendered":"\t\t<div data-elementor-type=\"wp-page\" data-elementor-id=\"2113\" class=\"elementor elementor-2113 elementor-227\" data-elementor-post-type=\"page\">\n\t\t\t\t<div class=\"elementor-element elementor-element-31c8a9c e-flex e-con-boxed e-con e-parent\" data-id=\"31c8a9c\" data-element_type=\"container\" data-e-type=\"container\" data-settings=\"{&quot;background_background&quot;:&quot;classic&quot;}\">\n\t\t\t\t\t<div class=\"e-con-inner\">\n\t\t\t\t<div class=\"elementor-element elementor-element-8aed515 elementor-widget elementor-widget-spacer\" data-id=\"8aed515\" data-element_type=\"widget\" data-e-type=\"widget\" data-widget_type=\"spacer.default\">\n\t\t\t\t<div class=\"elementor-widget-container\">\n\t\t\t\t\t\t\t<div class=\"elementor-spacer\">\n\t\t\t<div class=\"elementor-spacer-inner\"><\/div>\n\t\t<\/div>\n\t\t\t\t\t\t<\/div>\n\t\t\t\t<\/div>\n\t\t\t\t\t<\/div>\n\t\t\t\t<\/div>\n\t\t<div class=\"elementor-element elementor-element-67a283cb e-flex e-con-boxed e-con e-parent\" data-id=\"67a283cb\" data-element_type=\"container\" data-e-type=\"container\">\n\t\t\t\t\t<div class=\"e-con-inner\">\n\t\t\t\t<div class=\"elementor-element elementor-element-26465f80 elementor-invisible elementor-widget elementor-widget-heading\" data-id=\"26465f80\" data-element_type=\"widget\" data-e-type=\"widget\" data-settings=\"{&quot;_animation&quot;:&quot;fadeIn&quot;,&quot;_animation_delay&quot;:200}\" data-widget_type=\"heading.default\">\n\t\t\t\t<div class=\"elementor-widget-container\">\n\t\t\t\t\t<h2 class=\"elementor-heading-title elementor-size-default\">Saadaval olevad mudelid<\/h2>\t\t\t\t<\/div>\n\t\t\t\t<\/div>\n\t\t\t\t\t<\/div>\n\t\t\t\t<\/div>\n\t\t<div class=\"elementor-element elementor-element-c6ae247 e-con-full e-flex e-con e-parent\" data-id=\"c6ae247\" data-element_type=\"container\" data-e-type=\"container\">\n\t\t<div class=\"elementor-element elementor-element-697c243 e-con-full e-flex e-con e-child\" data-id=\"697c243\" data-element_type=\"container\" data-e-type=\"container\" data-settings=\"{&quot;background_background&quot;:&quot;gradient&quot;}\">\n\t\t<div class=\"elementor-element elementor-element-273831f e-con-full e-flex e-con e-child\" data-id=\"273831f\" data-element_type=\"container\" data-e-type=\"container\">\n\t\t\t\t<div class=\"elementor-element elementor-element-f74f037 elementor-widget__width-inherit elementor-invisible elementor-widget elementor-widget-text-editor\" data-id=\"f74f037\" data-element_type=\"widget\" data-e-type=\"widget\" data-settings=\"{&quot;_animation&quot;:&quot;fadeIn&quot;}\" data-widget_type=\"text-editor.default\">\n\t\t\t\t<div class=\"elementor-widget-container\">\n\t\t\t\t\t\t\t\t\t<p>EVITALIA<\/p>\n\t\t\t\t\t\t\t\t<\/div>\n\t\t\t\t<\/div>\n\t\t\t\t<div class=\"elementor-element elementor-element-832c38a elementor-invisible elementor-widget elementor-widget-heading\" data-id=\"832c38a\" data-element_type=\"widget\" data-e-type=\"widget\" data-settings=\"{&quot;_animation&quot;:&quot;fadeIn&quot;,&quot;_animation_delay&quot;:200}\" data-widget_type=\"heading.default\">\n\t\t\t\t<div class=\"elementor-widget-container\">\n\t\t\t\t\t<h3 class=\"elementor-heading-title elementor-size-default\">EVI COUNTRY<\/h3>\t\t\t\t<\/div>\n\t\t\t\t<\/div>\n\t\t\t\t<div class=\"elementor-element elementor-element-7e20641 elementor-invisible elementor-widget elementor-widget-text-editor\" data-id=\"7e20641\" data-element_type=\"widget\" data-e-type=\"widget\" data-settings=\"{&quot;_animation&quot;:&quot;fadeIn&quot;,&quot;_animation_delay&quot;:400}\" data-widget_type=\"text-editor.default\">\n\t\t\t\t<div class=\"elementor-widget-container\">\n\t\t\t\t\t\t\t\t\t<p><b><strong>EVI Country on ideaalsete m\u00f5\u00f5tmetega, et liikuda k\u00f5ikjal.<\/strong><\/b><\/p>\n<p>See ei ole liiga kohmakas nagu tavaline 3,5-tonnine kaubik, kuid on piisavalt suur, et tagada 1000 kg kandev\u00f5ime (nt 2 kaubaalust) ja lihtne man\u00f6\u00f6verdamine kitsastes ruumides. Minimaalne p\u00f6\u00f6rderaadius 4,63 m muudab t\u00f6\u00f6 v\u00e4ikestes ruumides lihtsaks.<\/p>\n<p>Mugavus ja lihtne man\u00f6\u00f6verdamine suurel kiirusel (kuni 80 km\/h) on tagatud t\u00e4nu keerukale s\u00f5ltumatule vedrustusele ja nelikvedule.<\/p>\n\t\t\t\t\t\t\t\t<\/div>\n\t\t\t\t<\/div>\n\t\t\t\t<div class=\"elementor-element elementor-element-2265e3b elementor-invisible elementor-widget elementor-widget-button\" data-id=\"2265e3b\" data-element_type=\"widget\" data-e-type=\"widget\" data-settings=\"{&quot;_animation&quot;:&quot;fadeIn&quot;,&quot;_animation_delay&quot;:600}\" data-widget_type=\"button.default\">\n\t\t\t\t<div class=\"elementor-widget-container\">\n\t\t\t\t\t\t\t\t\t<div class=\"elementor-button-wrapper\">\n\t\t\t\t\t<a class=\"elementor-button elementor-button-link elementor-size-sm\" href=\"https:\/\/evimotor.com\/et\/mudelid\/evi-country\/\">\n\t\t\t\t\t\t<span class=\"elementor-button-content-wrapper\">\n\t\t\t\t\t\t\t\t\t<span class=\"elementor-button-text\">Avasta mudel<\/span>\n\t\t\t\t\t<\/span>\n\t\t\t\t\t<\/a>\n\t\t\t\t<\/div>\n\t\t\t\t\t\t\t\t<\/div>\n\t\t\t\t<\/div>\n\t\t\t\t<\/div>\n\t\t\t\t<\/div>\n\t\t<div class=\"elementor-element elementor-element-86b151b e-con-full e-flex e-con e-child\" data-id=\"86b151b\" data-element_type=\"container\" data-e-type=\"container\">\n\t\t\t\t<div class=\"elementor-element elementor-element-97ef390 elementor-widget elementor-widget-image\" data-id=\"97ef390\" data-element_type=\"widget\" data-e-type=\"widget\" data-widget_type=\"image.default\">\n\t\t\t\t<div class=\"elementor-widget-container\">\n\t\t\t\t\t\t\t\t\t\t\t\t\t\t\t<img fetchpriority=\"high\" decoding=\"async\" width=\"1600\" height=\"900\" src=\"https:\/\/evimotor.com\/wp-content\/uploads\/2025\/02\/Evicountry-by-Evitalia-02.jpg\" class=\"attachment-full size-full wp-image-2139\" alt=\"\" srcset=\"https:\/\/evimotor.com\/wp-content\/uploads\/2025\/02\/Evicountry-by-Evitalia-02.jpg 1600w, https:\/\/evimotor.com\/wp-content\/uploads\/2025\/02\/Evicountry-by-Evitalia-02-300x169.jpg 300w, https:\/\/evimotor.com\/wp-content\/uploads\/2025\/02\/Evicountry-by-Evitalia-02-1024x576.jpg 1024w, https:\/\/evimotor.com\/wp-content\/uploads\/2025\/02\/Evicountry-by-Evitalia-02-768x432.jpg 768w, https:\/\/evimotor.com\/wp-content\/uploads\/2025\/02\/Evicountry-by-Evitalia-02-1536x864.jpg 1536w\" sizes=\"(max-width: 1600px) 100vw, 1600px\" \/>\t\t\t\t\t\t\t\t\t\t\t\t\t\t\t<\/div>\n\t\t\t\t<\/div>\n\t\t\t\t<\/div>\n\t\t\t\t<\/div>\n\t\t<div class=\"elementor-element elementor-element-1007c5c e-con-full e-flex e-con e-parent\" data-id=\"1007c5c\" data-element_type=\"container\" data-e-type=\"container\">\n\t\t<div class=\"elementor-element elementor-element-f5533cb e-con-full e-flex e-con e-child\" data-id=\"f5533cb\" data-element_type=\"container\" data-e-type=\"container\">\n\t\t\t\t<div class=\"elementor-element elementor-element-cef9d2a elementor-widget elementor-widget-image\" data-id=\"cef9d2a\" data-element_type=\"widget\" data-e-type=\"widget\" data-widget_type=\"image.default\">\n\t\t\t\t<div class=\"elementor-widget-container\">\n\t\t\t\t\t\t\t\t\t\t\t\t\t\t\t<img decoding=\"async\" width=\"1960\" height=\"1307\" src=\"https:\/\/evimotor.com\/wp-content\/uploads\/2025\/05\/Evi-road1.jpg\" class=\"attachment-full size-full wp-image-666\" alt=\"\" srcset=\"https:\/\/evimotor.com\/wp-content\/uploads\/2025\/05\/Evi-road1.jpg 1960w, https:\/\/evimotor.com\/wp-content\/uploads\/2025\/05\/Evi-road1-300x200.jpg 300w, https:\/\/evimotor.com\/wp-content\/uploads\/2025\/05\/Evi-road1-1024x683.jpg 1024w, https:\/\/evimotor.com\/wp-content\/uploads\/2025\/05\/Evi-road1-768x512.jpg 768w, https:\/\/evimotor.com\/wp-content\/uploads\/2025\/05\/Evi-road1-1536x1024.jpg 1536w\" sizes=\"(max-width: 1960px) 100vw, 1960px\" \/>\t\t\t\t\t\t\t\t\t\t\t\t\t\t\t<\/div>\n\t\t\t\t<\/div>\n\t\t\t\t<\/div>\n\t\t<div class=\"elementor-element elementor-element-0c7e0c5 e-con-full e-flex e-con e-child\" data-id=\"0c7e0c5\" data-element_type=\"container\" data-e-type=\"container\" data-settings=\"{&quot;background_background&quot;:&quot;gradient&quot;}\">\n\t\t<div class=\"elementor-element elementor-element-a5e6a77 e-con-full e-flex e-con e-child\" data-id=\"a5e6a77\" data-element_type=\"container\" data-e-type=\"container\">\n\t\t\t\t<div class=\"elementor-element elementor-element-1e2b5d6 elementor-widget__width-inherit elementor-invisible elementor-widget elementor-widget-text-editor\" data-id=\"1e2b5d6\" data-element_type=\"widget\" data-e-type=\"widget\" data-settings=\"{&quot;_animation&quot;:&quot;fadeIn&quot;}\" data-widget_type=\"text-editor.default\">\n\t\t\t\t<div class=\"elementor-widget-container\">\n\t\t\t\t\t\t\t\t\t<p>EVITALIA<\/p>\n\t\t\t\t\t\t\t\t<\/div>\n\t\t\t\t<\/div>\n\t\t\t\t<div class=\"elementor-element elementor-element-805395f elementor-invisible elementor-widget elementor-widget-heading\" data-id=\"805395f\" data-element_type=\"widget\" data-e-type=\"widget\" data-settings=\"{&quot;_animation&quot;:&quot;fadeIn&quot;,&quot;_animation_delay&quot;:200}\" data-widget_type=\"heading.default\">\n\t\t\t\t<div class=\"elementor-widget-container\">\n\t\t\t\t\t<h3 class=\"elementor-heading-title elementor-size-default\">EVI ROAD<\/h3>\t\t\t\t<\/div>\n\t\t\t\t<\/div>\n\t\t\t\t<div class=\"elementor-element elementor-element-c26d4da elementor-invisible elementor-widget elementor-widget-text-editor\" data-id=\"c26d4da\" data-element_type=\"widget\" data-e-type=\"widget\" data-settings=\"{&quot;_animation&quot;:&quot;fadeIn&quot;,&quot;_animation_delay&quot;:400}\" data-widget_type=\"text-editor.default\">\n\t\t\t\t<div class=\"elementor-widget-container\">\n\t\t\t\t\t\t\t\t\t<p><b><strong>EviRoad on elektriline kaubik, mis v\u00f5imaldab teil t\u00f6\u00f6tada t\u00e4ielikus rahus.<\/strong><\/b><\/p>\n<p>T\u00e4nu 60 kWh akudele suudab see s\u00f5ita 250 km (Wltp) ja vedada kuni 800 kg kaupa. Selle maksimaalne kiirus on 95 km\/h.<\/p>\n\t\t\t\t\t\t\t\t<\/div>\n\t\t\t\t<\/div>\n\t\t\t\t<div class=\"elementor-element elementor-element-6ec1f94 elementor-invisible elementor-widget elementor-widget-button\" data-id=\"6ec1f94\" data-element_type=\"widget\" data-e-type=\"widget\" data-settings=\"{&quot;_animation&quot;:&quot;fadeIn&quot;,&quot;_animation_delay&quot;:600}\" data-widget_type=\"button.default\">\n\t\t\t\t<div class=\"elementor-widget-container\">\n\t\t\t\t\t\t\t\t\t<div class=\"elementor-button-wrapper\">\n\t\t\t\t\t<a class=\"elementor-button elementor-button-link elementor-size-sm\" href=\"https:\/\/evimotor.com\/et\/mudelid\/evi-road\/\">\n\t\t\t\t\t\t<span class=\"elementor-button-content-wrapper\">\n\t\t\t\t\t\t\t\t\t<span class=\"elementor-button-text\">Avasta mudel<\/span>\n\t\t\t\t\t<\/span>\n\t\t\t\t\t<\/a>\n\t\t\t\t<\/div>\n\t\t\t\t\t\t\t\t<\/div>\n\t\t\t\t<\/div>\n\t\t\t\t<\/div>\n\t\t\t\t<\/div>\n\t\t\t\t<\/div>\n\t\t<div class=\"elementor-element elementor-element-4ef9285 e-con-full e-flex e-con e-parent\" data-id=\"4ef9285\" data-element_type=\"container\" data-e-type=\"container\">\n\t\t<div class=\"elementor-element elementor-element-c043b55 e-con-full e-flex e-con e-child\" data-id=\"c043b55\" data-element_type=\"container\" data-e-type=\"container\" data-settings=\"{&quot;background_background&quot;:&quot;gradient&quot;}\">\n\t\t<div class=\"elementor-element elementor-element-ac7c2c4 e-con-full e-flex e-con e-child\" data-id=\"ac7c2c4\" data-element_type=\"container\" data-e-type=\"container\">\n\t\t\t\t<div class=\"elementor-element elementor-element-6bd5e40 elementor-widget__width-inherit elementor-invisible elementor-widget elementor-widget-text-editor\" data-id=\"6bd5e40\" data-element_type=\"widget\" data-e-type=\"widget\" data-settings=\"{&quot;_animation&quot;:&quot;fadeIn&quot;}\" data-widget_type=\"text-editor.default\">\n\t\t\t\t<div class=\"elementor-widget-container\">\n\t\t\t\t\t\t\t\t\t<p>EVITALIA<\/p>\n\t\t\t\t\t\t\t\t<\/div>\n\t\t\t\t<\/div>\n\t\t\t\t<div class=\"elementor-element elementor-element-4ed70b1 elementor-invisible elementor-widget elementor-widget-heading\" data-id=\"4ed70b1\" data-element_type=\"widget\" data-e-type=\"widget\" data-settings=\"{&quot;_animation&quot;:&quot;fadeIn&quot;,&quot;_animation_delay&quot;:200}\" data-widget_type=\"heading.default\">\n\t\t\t\t<div class=\"elementor-widget-container\">\n\t\t\t\t\t<h3 class=\"elementor-heading-title elementor-size-default\">EVI COUNTRY LWB<\/h3>\t\t\t\t<\/div>\n\t\t\t\t<\/div>\n\t\t\t\t<div class=\"elementor-element elementor-element-76bbd4a elementor-invisible elementor-widget elementor-widget-text-editor\" data-id=\"76bbd4a\" data-element_type=\"widget\" data-e-type=\"widget\" data-settings=\"{&quot;_animation&quot;:&quot;fadeIn&quot;,&quot;_animation_delay&quot;:400}\" data-widget_type=\"text-editor.default\">\n\t\t\t\t<div class=\"elementor-widget-container\">\n\t\t\t\t\t\t\t\t\t<p><b><strong>EVI Country LWB on ideaalsete m\u00f5\u00f5tmetega, et liikuda k\u00f5ikjal.<\/strong><\/b><\/p>\n<p>See ei ole liiga kohmakas nagu tavaline 3,5-tonnine kaubik, kuid on piisavalt suur, et tagada 1000 kg kandev\u00f5ime (nt 2 kaubaalust) ja lihtne man\u00f6\u00f6verdamine kitsastes ruumides. Minimaalne p\u00f6\u00f6rderaadius 4,63 m muudab t\u00f6\u00f6 v\u00e4ikestes ruumides lihtsaks.<\/p>\n<p>Mugavus ja lihtne man\u00f6\u00f6verdamine suurel kiirusel (kuni 80 km\/h) on tagatud t\u00e4nu keerukale s\u00f5ltumatule vedrustusele ja nelikvedule.<\/p>\n\t\t\t\t\t\t\t\t<\/div>\n\t\t\t\t<\/div>\n\t\t\t\t<div class=\"elementor-element elementor-element-aa34d72 elementor-invisible elementor-widget elementor-widget-button\" data-id=\"aa34d72\" data-element_type=\"widget\" data-e-type=\"widget\" data-settings=\"{&quot;_animation&quot;:&quot;fadeIn&quot;,&quot;_animation_delay&quot;:600}\" data-widget_type=\"button.default\">\n\t\t\t\t<div class=\"elementor-widget-container\">\n\t\t\t\t\t\t\t\t\t<div class=\"elementor-button-wrapper\">\n\t\t\t\t\t<a class=\"elementor-button elementor-button-link elementor-size-sm\" href=\"https:\/\/evimotor.com\/et\/mudelid\/evi-country-lwb\/\">\n\t\t\t\t\t\t<span class=\"elementor-button-content-wrapper\">\n\t\t\t\t\t\t\t\t\t<span class=\"elementor-button-text\">Avasta mudel<\/span>\n\t\t\t\t\t<\/span>\n\t\t\t\t\t<\/a>\n\t\t\t\t<\/div>\n\t\t\t\t\t\t\t\t<\/div>\n\t\t\t\t<\/div>\n\t\t\t\t<\/div>\n\t\t\t\t<\/div>\n\t\t<div class=\"elementor-element elementor-element-4fbff12 e-con-full e-flex e-con e-child\" data-id=\"4fbff12\" data-element_type=\"container\" data-e-type=\"container\">\n\t\t\t\t<div class=\"elementor-element elementor-element-360397a elementor-widget elementor-widget-image\" data-id=\"360397a\" data-element_type=\"widget\" data-e-type=\"widget\" data-widget_type=\"image.default\">\n\t\t\t\t<div class=\"elementor-widget-container\">\n\t\t\t\t\t\t\t\t\t\t\t\t\t\t\t<img decoding=\"async\" width=\"1280\" height=\"848\" src=\"https:\/\/evimotor.com\/wp-content\/uploads\/2025\/07\/Evi-Country-LWB-6.png\" class=\"attachment-full size-full wp-image-2107\" alt=\"\" srcset=\"https:\/\/evimotor.com\/wp-content\/uploads\/2025\/07\/Evi-Country-LWB-6.png 1280w, https:\/\/evimotor.com\/wp-content\/uploads\/2025\/07\/Evi-Country-LWB-6-300x199.png 300w, https:\/\/evimotor.com\/wp-content\/uploads\/2025\/07\/Evi-Country-LWB-6-1024x678.png 1024w, https:\/\/evimotor.com\/wp-content\/uploads\/2025\/07\/Evi-Country-LWB-6-768x509.png 768w\" sizes=\"(max-width: 1280px) 100vw, 1280px\" \/>\t\t\t\t\t\t\t\t\t\t\t\t\t\t\t<\/div>\n\t\t\t\t<\/div>\n\t\t\t\t<\/div>\n\t\t\t\t<\/div>\n\t\t\t\t<\/div>\n\t\t","protected":false},"excerpt":{"rendered":"<p>Saadaval olevad mudelid EVITALIA EVI COUNTRY EVI Country on ideaalsete m\u00f5\u00f5tmetega, et liikuda k\u00f5ikjal. See ei ole liiga kohmakas nagu tavaline 3,5-tonnine kaubik, kuid on piisavalt suur, et tagada 1000 kg kandev\u00f5ime (nt 2 kaubaalust) ja lihtne man\u00f6\u00f6verdamine kitsastes ruumides. Minimaalne p\u00f6\u00f6rderaadius 4,63 m muudab t\u00f6\u00f6 v\u00e4ikestes ruumides lihtsaks. Mugavus ja lihtne man\u00f6\u00f6verdamine suurel kiirusel [&hellip;]<\/p>\n","protected":false},"author":1,"featured_media":0,"parent":0,"menu_order":0,"comment_status":"closed","ping_status":"closed","template":"elementor_header_footer","meta":{"footnotes":""},"class_list":["post-2113","page","type-page","status-publish","hentry"],"yoast_head":"<!-- This site is optimized with the Yoast SEO plugin v27.2 - https:\/\/yoast.com\/product\/yoast-seo-wordpress\/ -->\n<title>Elektriliste tarbe- ja t\u00f6\u00f6stuss\u00f5idukite mudelid | Evimotor<\/title>\n<meta name=\"description\" content=\"Avastage Evimotori t\u00e4ielik valik: 100% elektrilised tarbe- ja t\u00f6\u00f6stuss\u00f5idukid logistika, omavalitsuste ja t\u00f6\u00f6stuse jaoks. Kvaliteetne Itaalia toodang.\" \/>\n<meta name=\"robots\" content=\"index, follow, max-snippet:-1, max-image-preview:large, max-video-preview:-1\" \/>\n<link rel=\"canonical\" href=\"https:\/\/evimotor.com\/et\/mudelid\/\" \/>\n<meta property=\"og:locale\" content=\"et_EE\" \/>\n<meta property=\"og:type\" content=\"article\" \/>\n<meta property=\"og:title\" content=\"Elektriliste tarbe- ja t\u00f6\u00f6stuss\u00f5idukite mudelid | Evimotor\" \/>\n<meta property=\"og:description\" content=\"Avastage Evimotori t\u00e4ielik valik: 100% elektrilised tarbe- ja t\u00f6\u00f6stuss\u00f5idukid logistika, omavalitsuste ja t\u00f6\u00f6stuse jaoks. Kvaliteetne Itaalia toodang.\" \/>\n<meta property=\"og:url\" content=\"https:\/\/evimotor.com\/et\/mudelid\/\" \/>\n<meta property=\"og:site_name\" content=\"Evimotor\" \/>\n<meta property=\"article:modified_time\" content=\"2026-03-19T10:01:21+00:00\" \/>\n<meta property=\"og:image\" content=\"https:\/\/evimotor.com\/wp-content\/uploads\/2025\/02\/Evicountry-by-Evitalia-02.jpg\" \/>\n<meta name=\"twitter:card\" content=\"summary_large_image\" \/>\n<meta name=\"twitter:label1\" content=\"Est. reading time\" \/>\n\t<meta name=\"twitter:data1\" content=\"1 minut\" \/>\n<script type=\"application\/ld+json\" class=\"yoast-schema-graph\">{\"@context\":\"https:\/\/schema.org\",\"@graph\":[{\"@type\":\"WebPage\",\"@id\":\"https:\/\/evimotor.com\/et\/mudelid\/\",\"url\":\"https:\/\/evimotor.com\/et\/mudelid\/\",\"name\":\"Elektriliste tarbe- ja t\u00f6\u00f6stuss\u00f5idukite mudelid | Evimotor\",\"isPartOf\":{\"@id\":\"https:\/\/evimotor.com\/et\/#website\"},\"primaryImageOfPage\":{\"@id\":\"https:\/\/evimotor.com\/et\/mudelid\/#primaryimage\"},\"image\":{\"@id\":\"https:\/\/evimotor.com\/et\/mudelid\/#primaryimage\"},\"thumbnailUrl\":\"https:\/\/evimotor.com\/wp-content\/uploads\/2025\/02\/Evicountry-by-Evitalia-02.jpg\",\"datePublished\":\"2025-02-28T08:12:37+00:00\",\"dateModified\":\"2026-03-19T10:01:21+00:00\",\"description\":\"Avastage Evimotori t\u00e4ielik valik: 100% elektrilised tarbe- ja t\u00f6\u00f6stuss\u00f5idukid logistika, omavalitsuste ja t\u00f6\u00f6stuse jaoks. Kvaliteetne Itaalia toodang.\",\"breadcrumb\":{\"@id\":\"https:\/\/evimotor.com\/et\/mudelid\/#breadcrumb\"},\"inLanguage\":\"et\",\"potentialAction\":[{\"@type\":\"ReadAction\",\"target\":[\"https:\/\/evimotor.com\/et\/mudelid\/\"]}]},{\"@type\":\"ImageObject\",\"inLanguage\":\"et\",\"@id\":\"https:\/\/evimotor.com\/et\/mudelid\/#primaryimage\",\"url\":\"https:\/\/evimotor.com\/wp-content\/uploads\/2025\/02\/Evicountry-by-Evitalia-02.jpg\",\"contentUrl\":\"https:\/\/evimotor.com\/wp-content\/uploads\/2025\/02\/Evicountry-by-Evitalia-02.jpg\"},{\"@type\":\"BreadcrumbList\",\"@id\":\"https:\/\/evimotor.com\/et\/mudelid\/#breadcrumb\",\"itemListElement\":[{\"@type\":\"ListItem\",\"position\":1,\"name\":\"Home\",\"item\":\"https:\/\/evimotor.com\/et\/\"},{\"@type\":\"ListItem\",\"position\":2,\"name\":\"Mudelid\"}]},{\"@type\":\"WebSite\",\"@id\":\"https:\/\/evimotor.com\/et\/#website\",\"url\":\"https:\/\/evimotor.com\/et\/\",\"name\":\"Evimotor\",\"description\":\"Electric Vehicles Italia\",\"publisher\":{\"@id\":\"https:\/\/evimotor.com\/et\/#organization\"},\"potentialAction\":[{\"@type\":\"SearchAction\",\"target\":{\"@type\":\"EntryPoint\",\"urlTemplate\":\"https:\/\/evimotor.com\/et\/?s={search_term_string}\"},\"query-input\":{\"@type\":\"PropertyValueSpecification\",\"valueRequired\":true,\"valueName\":\"search_term_string\"}}],\"inLanguage\":\"et\"},{\"@type\":\"Organization\",\"@id\":\"https:\/\/evimotor.com\/et\/#organization\",\"name\":\"Evimotor\",\"url\":\"https:\/\/evimotor.com\/et\/\",\"logo\":{\"@type\":\"ImageObject\",\"inLanguage\":\"et\",\"@id\":\"https:\/\/evimotor.com\/et\/#\/schema\/logo\/image\/\",\"url\":\"https:\/\/evimotor.com\/wp-content\/uploads\/2025\/02\/logo-evimotor.png\",\"contentUrl\":\"https:\/\/evimotor.com\/wp-content\/uploads\/2025\/02\/logo-evimotor.png\",\"width\":594,\"height\":110,\"caption\":\"Evimotor\"},\"image\":{\"@id\":\"https:\/\/evimotor.com\/et\/#\/schema\/logo\/image\/\"}}]}<\/script>\n<!-- \/ Yoast SEO plugin. -->","yoast_head_json":{"title":"Elektriliste tarbe- ja t\u00f6\u00f6stuss\u00f5idukite mudelid | Evimotor","description":"Avastage Evimotori t\u00e4ielik valik: 100% elektrilised tarbe- ja t\u00f6\u00f6stuss\u00f5idukid logistika, omavalitsuste ja t\u00f6\u00f6stuse jaoks. Kvaliteetne Itaalia toodang.","robots":{"index":"index","follow":"follow","max-snippet":"max-snippet:-1","max-image-preview":"max-image-preview:large","max-video-preview":"max-video-preview:-1"},"canonical":"https:\/\/evimotor.com\/et\/mudelid\/","og_locale":"et_EE","og_type":"article","og_title":"Elektriliste tarbe- ja t\u00f6\u00f6stuss\u00f5idukite mudelid | Evimotor","og_description":"Avastage Evimotori t\u00e4ielik valik: 100% elektrilised tarbe- ja t\u00f6\u00f6stuss\u00f5idukid logistika, omavalitsuste ja t\u00f6\u00f6stuse jaoks. Kvaliteetne Itaalia toodang.","og_url":"https:\/\/evimotor.com\/et\/mudelid\/","og_site_name":"Evimotor","article_modified_time":"2026-03-19T10:01:21+00:00","og_image":[{"url":"https:\/\/evimotor.com\/wp-content\/uploads\/2025\/02\/Evicountry-by-Evitalia-02.jpg","type":"","width":"","height":""}],"twitter_card":"summary_large_image","twitter_misc":{"Est. reading time":"1 minut"},"schema":{"@context":"https:\/\/schema.org","@graph":[{"@type":"WebPage","@id":"https:\/\/evimotor.com\/et\/mudelid\/","url":"https:\/\/evimotor.com\/et\/mudelid\/","name":"Elektriliste tarbe- ja t\u00f6\u00f6stuss\u00f5idukite mudelid | Evimotor","isPartOf":{"@id":"https:\/\/evimotor.com\/et\/#website"},"primaryImageOfPage":{"@id":"https:\/\/evimotor.com\/et\/mudelid\/#primaryimage"},"image":{"@id":"https:\/\/evimotor.com\/et\/mudelid\/#primaryimage"},"thumbnailUrl":"https:\/\/evimotor.com\/wp-content\/uploads\/2025\/02\/Evicountry-by-Evitalia-02.jpg","datePublished":"2025-02-28T08:12:37+00:00","dateModified":"2026-03-19T10:01:21+00:00","description":"Avastage Evimotori t\u00e4ielik valik: 100% elektrilised tarbe- ja t\u00f6\u00f6stuss\u00f5idukid logistika, omavalitsuste ja t\u00f6\u00f6stuse jaoks. Kvaliteetne Itaalia toodang.","breadcrumb":{"@id":"https:\/\/evimotor.com\/et\/mudelid\/#breadcrumb"},"inLanguage":"et","potentialAction":[{"@type":"ReadAction","target":["https:\/\/evimotor.com\/et\/mudelid\/"]}]},{"@type":"ImageObject","inLanguage":"et","@id":"https:\/\/evimotor.com\/et\/mudelid\/#primaryimage","url":"https:\/\/evimotor.com\/wp-content\/uploads\/2025\/02\/Evicountry-by-Evitalia-02.jpg","contentUrl":"https:\/\/evimotor.com\/wp-content\/uploads\/2025\/02\/Evicountry-by-Evitalia-02.jpg"},{"@type":"BreadcrumbList","@id":"https:\/\/evimotor.com\/et\/mudelid\/#breadcrumb","itemListElement":[{"@type":"ListItem","position":1,"name":"Home","item":"https:\/\/evimotor.com\/et\/"},{"@type":"ListItem","position":2,"name":"Mudelid"}]},{"@type":"WebSite","@id":"https:\/\/evimotor.com\/et\/#website","url":"https:\/\/evimotor.com\/et\/","name":"Evimotor","description":"Electric Vehicles Italia","publisher":{"@id":"https:\/\/evimotor.com\/et\/#organization"},"potentialAction":[{"@type":"SearchAction","target":{"@type":"EntryPoint","urlTemplate":"https:\/\/evimotor.com\/et\/?s={search_term_string}"},"query-input":{"@type":"PropertyValueSpecification","valueRequired":true,"valueName":"search_term_string"}}],"inLanguage":"et"},{"@type":"Organization","@id":"https:\/\/evimotor.com\/et\/#organization","name":"Evimotor","url":"https:\/\/evimotor.com\/et\/","logo":{"@type":"ImageObject","inLanguage":"et","@id":"https:\/\/evimotor.com\/et\/#\/schema\/logo\/image\/","url":"https:\/\/evimotor.com\/wp-content\/uploads\/2025\/02\/logo-evimotor.png","contentUrl":"https:\/\/evimotor.com\/wp-content\/uploads\/2025\/02\/logo-evimotor.png","width":594,"height":110,"caption":"Evimotor"},"image":{"@id":"https:\/\/evimotor.com\/et\/#\/schema\/logo\/image\/"}}]}},"_links":{"self":[{"href":"https:\/\/evimotor.com\/et\/wp-json\/wp\/v2\/pages\/2113","targetHints":{"allow":["GET"]}}],"collection":[{"href":"https:\/\/evimotor.com\/et\/wp-json\/wp\/v2\/pages"}],"about":[{"href":"https:\/\/evimotor.com\/et\/wp-json\/wp\/v2\/types\/page"}],"author":[{"embeddable":true,"href":"https:\/\/evimotor.com\/et\/wp-json\/wp\/v2\/users\/1"}],"replies":[{"embeddable":true,"href":"https:\/\/evimotor.com\/et\/wp-json\/wp\/v2\/comments?post=2113"}],"version-history":[{"count":2,"href":"https:\/\/evimotor.com\/et\/wp-json\/wp\/v2\/pages\/2113\/revisions"}],"predecessor-version":[{"id":2256,"href":"https:\/\/evimotor.com\/et\/wp-json\/wp\/v2\/pages\/2113\/revisions\/2256"}],"wp:attachment":[{"href":"https:\/\/evimotor.com\/et\/wp-json\/wp\/v2\/media?parent=2113"}],"curies":[{"name":"wp","href":"https:\/\/api.w.org\/{rel}","templated":true}]}}