{"id":2130,"date":"2025-03-06T13:58:41","date_gmt":"2025-03-06T12:58:41","guid":{"rendered":"https:\/\/evimotor.com\/rakendused\/"},"modified":"2026-03-19T11:08:58","modified_gmt":"2026-03-19T10:08:58","slug":"rakendused","status":"publish","type":"page","link":"https:\/\/evimotor.com\/et\/rakendused\/","title":{"rendered":"Rakendused"},"content":{"rendered":"\t\t<div data-elementor-type=\"wp-page\" data-elementor-id=\"2130\" class=\"elementor elementor-2130 elementor-394\" data-elementor-post-type=\"page\">\n\t\t\t\t<div class=\"elementor-element elementor-element-9dc076b e-flex e-con-boxed e-con e-parent\" data-id=\"9dc076b\" data-element_type=\"container\" data-e-type=\"container\" data-settings=\"{&quot;background_background&quot;:&quot;classic&quot;}\">\n\t\t\t\t\t<div class=\"e-con-inner\">\n\t\t\t\t<div class=\"elementor-element elementor-element-32cc97c elementor-widget elementor-widget-spacer\" data-id=\"32cc97c\" data-element_type=\"widget\" data-e-type=\"widget\" data-widget_type=\"spacer.default\">\n\t\t\t\t<div class=\"elementor-widget-container\">\n\t\t\t\t\t\t\t<div class=\"elementor-spacer\">\n\t\t\t<div class=\"elementor-spacer-inner\"><\/div>\n\t\t<\/div>\n\t\t\t\t\t\t<\/div>\n\t\t\t\t<\/div>\n\t\t\t\t\t<\/div>\n\t\t\t\t<\/div>\n\t\t<div class=\"elementor-element elementor-element-00a6fc6 e-flex e-con-boxed e-con e-parent\" data-id=\"00a6fc6\" data-element_type=\"container\" data-e-type=\"container\">\n\t\t\t\t\t<div class=\"e-con-inner\">\n\t\t<div class=\"elementor-element elementor-element-b27523b e-con-full e-flex elementor-invisible e-con e-child\" data-id=\"b27523b\" data-element_type=\"container\" data-e-type=\"container\" data-settings=\"{&quot;background_background&quot;:&quot;classic&quot;,&quot;animation&quot;:&quot;fadeIn&quot;,&quot;animation_delay&quot;:400}\">\n\t\t\t\t<div class=\"elementor-element elementor-element-6479820 elementor-invisible elementor-widget elementor-widget-text-editor\" data-id=\"6479820\" data-element_type=\"widget\" data-e-type=\"widget\" data-settings=\"{&quot;_animation&quot;:&quot;fadeIn&quot;,&quot;_animation_delay&quot;:400}\" data-widget_type=\"text-editor.default\">\n\t\t\t\t<div class=\"elementor-widget-container\">\n\t\t\t\t\t\t\t\t\t<p>Lahendus igat t\u00fc\u00fcpi t\u00f6\u00f6 ja igat s\u00f5idustiili jaoks.<\/p>\n\t\t\t\t\t\t\t\t<\/div>\n\t\t\t\t<\/div>\n\t\t\t\t<div class=\"elementor-element elementor-element-91b1012 elementor-widget elementor-widget-text-editor\" data-id=\"91b1012\" data-element_type=\"widget\" data-e-type=\"widget\" data-widget_type=\"text-editor.default\">\n\t\t\t\t<div class=\"elementor-widget-container\">\n\t\t\t\t\t\t\t\t\t<p>Evitalia <b>100% elektrilised<\/b> s\u00f5idukid ei m\u00f5juta keskkonda, on <b>mitmek\u00fclgsed<\/b> ja <b>vaiksed<\/b> liikudes.<\/p>\n<p>T\u00e4nu nelikvedule t\u00f6\u00f6tavad need igal pinnasel, nii madala haarduvusega pinnasel nagu kruusateedel, mudas, lumes, j\u00e4\u00e4l kui ka asfalteeritud teedel.<\/p>\n<p><b>Mitmed lisaseadmed<\/b> v\u00f5imaldavad teha mitmesuguseid t\u00f6id, ilma et oleks vaja omada mitut s\u00f5idukit.<\/p>\n\t\t\t\t\t\t\t\t<\/div>\n\t\t\t\t<\/div>\n\t\t\t\t<\/div>\n\t\t\t\t\t<\/div>\n\t\t\t\t<\/div>\n\t\t<div class=\"elementor-element elementor-element-3217bc6 e-flex e-con-boxed e-con e-parent\" data-id=\"3217bc6\" data-element_type=\"container\" data-e-type=\"container\" data-settings=\"{&quot;background_background&quot;:&quot;gradient&quot;}\">\n\t\t\t\t\t<div class=\"e-con-inner\">\n\t\t<div class=\"elementor-element elementor-element-1f723c1 e-grid e-con-full e-con e-child\" data-id=\"1f723c1\" data-element_type=\"container\" data-e-type=\"container\">\n\t\t<div class=\"elementor-element elementor-element-c241182 e-con-full e-flex elementor-invisible e-con e-child\" data-id=\"c241182\" data-element_type=\"container\" data-e-type=\"container\" data-settings=\"{&quot;background_background&quot;:&quot;classic&quot;,&quot;animation&quot;:&quot;fadeIn&quot;,&quot;animation_delay&quot;:400}\">\n\t\t\t\t<div class=\"elementor-element elementor-element-e137050 elementor-widget elementor-widget-image\" data-id=\"e137050\" data-element_type=\"widget\" data-e-type=\"widget\" data-widget_type=\"image.default\">\n\t\t\t\t<div class=\"elementor-widget-container\">\n\t\t\t\t\t\t\t\t\t\t\t\t\t\t\t<img fetchpriority=\"high\" decoding=\"async\" width=\"800\" height=\"534\" src=\"https:\/\/evimotor.com\/wp-content\/uploads\/2025\/03\/applicazioni-Municipalizzate-1024x683.jpg\" class=\"attachment-large size-large wp-image-2133\" alt=\"\" srcset=\"https:\/\/evimotor.com\/wp-content\/uploads\/2025\/03\/applicazioni-Municipalizzate-1024x683.jpg 1024w, https:\/\/evimotor.com\/wp-content\/uploads\/2025\/03\/applicazioni-Municipalizzate-300x200.jpg 300w, https:\/\/evimotor.com\/wp-content\/uploads\/2025\/03\/applicazioni-Municipalizzate-768x512.jpg 768w, https:\/\/evimotor.com\/wp-content\/uploads\/2025\/03\/applicazioni-Municipalizzate-1536x1024.jpg 1536w, https:\/\/evimotor.com\/wp-content\/uploads\/2025\/03\/applicazioni-Municipalizzate.jpg 1840w\" sizes=\"(max-width: 800px) 100vw, 800px\" \/>\t\t\t\t\t\t\t\t\t\t\t\t\t\t\t<\/div>\n\t\t\t\t<\/div>\n\t\t<div class=\"elementor-element elementor-element-b4105d4 e-con-full e-flex e-con e-child\" data-id=\"b4105d4\" data-element_type=\"container\" data-e-type=\"container\">\n\t\t\t\t<div class=\"elementor-element elementor-element-916501f elementor-widget elementor-widget-heading\" data-id=\"916501f\" data-element_type=\"widget\" data-e-type=\"widget\" data-widget_type=\"heading.default\">\n\t\t\t\t<div class=\"elementor-widget-container\">\n\t\t\t\t\t<h3 class=\"elementor-heading-title elementor-size-default\">Kommunaalteenused<\/h3>\t\t\t\t<\/div>\n\t\t\t\t<\/div>\n\t\t\t\t<div class=\"elementor-element elementor-element-ed12b7c elementor-widget elementor-widget-text-editor\" data-id=\"ed12b7c\" data-element_type=\"widget\" data-e-type=\"widget\" data-widget_type=\"text-editor.default\">\n\t\t\t\t<div class=\"elementor-widget-container\">\n\t\t\t\t\t\t\t\t\t<p>Evitalia elektris\u00f5idukid on ideaalne vahend k\u00f5igi munitsipaalteenustega tegelevate ettev\u00f5tete t\u00f6\u00f6de tegemiseks. <b>Haljastus, pr\u00fcgi kogumine ja \u00fcldine <\/b>hooldus on vaid m\u00f5ned n\u00e4ited t\u00f6\u00f6de kohta, kus meie elektrilised transpordivahendid on efektiivsed.<\/p>\n<p>Et parandada ja muuta munitsipaalteenuste t\u00f6\u00f6masinate parki palju efektiivsemaks, pakub Evitalia oma elektris\u00f5idukeid, mis on varustatud laia valiku lisaseadmetega.<\/p>\n<p>Evitalia elektris\u00f5idukid on ideaalsed ka lume koristamiseks.<\/p>\n<p>Olgu tegemist <b>t\u00e4navate puhastamisega<\/b> linnakeskuses v\u00f5i hotellide, avalike kohtade ja kuurortide juurdep\u00e4\u00e4suteede koristamisega, on EviCountry ideaalne vahend.<\/p>\n<p>Varustatud nelja veorattaga, mida ajavad kaks v\u00f5imsat elektrimootorit, v\u00f5imaldavad meie s\u00f5idukid teil lund koristada mis tahes ilmastikutingimustes.<\/p>\n\t\t\t\t\t\t\t\t<\/div>\n\t\t\t\t<\/div>\n\t\t\t\t<\/div>\n\t\t\t\t<\/div>\n\t\t<div class=\"elementor-element elementor-element-e40657a e-con-full e-flex elementor-invisible e-con e-child\" data-id=\"e40657a\" data-element_type=\"container\" data-e-type=\"container\" data-settings=\"{&quot;background_background&quot;:&quot;classic&quot;,&quot;animation&quot;:&quot;fadeIn&quot;,&quot;animation_delay&quot;:400}\">\n\t\t\t\t<div class=\"elementor-element elementor-element-03bf53f elementor-widget elementor-widget-image\" data-id=\"03bf53f\" data-element_type=\"widget\" data-e-type=\"widget\" data-widget_type=\"image.default\">\n\t\t\t\t<div class=\"elementor-widget-container\">\n\t\t\t\t\t\t\t\t\t\t\t\t\t\t\t<img decoding=\"async\" width=\"800\" height=\"534\" src=\"https:\/\/evimotor.com\/wp-content\/uploads\/2025\/03\/applicazioni-Agricoltura-1024x683.jpg\" class=\"attachment-large size-large wp-image-2132\" alt=\"\" srcset=\"https:\/\/evimotor.com\/wp-content\/uploads\/2025\/03\/applicazioni-Agricoltura-1024x683.jpg 1024w, https:\/\/evimotor.com\/wp-content\/uploads\/2025\/03\/applicazioni-Agricoltura-300x200.jpg 300w, https:\/\/evimotor.com\/wp-content\/uploads\/2025\/03\/applicazioni-Agricoltura-768x512.jpg 768w, https:\/\/evimotor.com\/wp-content\/uploads\/2025\/03\/applicazioni-Agricoltura-1536x1024.jpg 1536w, https:\/\/evimotor.com\/wp-content\/uploads\/2025\/03\/applicazioni-Agricoltura.jpg 1840w\" sizes=\"(max-width: 800px) 100vw, 800px\" \/>\t\t\t\t\t\t\t\t\t\t\t\t\t\t\t<\/div>\n\t\t\t\t<\/div>\n\t\t<div class=\"elementor-element elementor-element-efff621 e-con-full e-flex e-con e-child\" data-id=\"efff621\" data-element_type=\"container\" data-e-type=\"container\">\n\t\t\t\t<div class=\"elementor-element elementor-element-8ba8d8d elementor-widget elementor-widget-heading\" data-id=\"8ba8d8d\" data-element_type=\"widget\" data-e-type=\"widget\" data-widget_type=\"heading.default\">\n\t\t\t\t<div class=\"elementor-widget-container\">\n\t\t\t\t\t<h3 class=\"elementor-heading-title elementor-size-default\">P\u00f5llumajandus<\/h3>\t\t\t\t<\/div>\n\t\t\t\t<\/div>\n\t\t\t\t<div class=\"elementor-element elementor-element-0d59690 elementor-widget elementor-widget-text-editor\" data-id=\"0d59690\" data-element_type=\"widget\" data-e-type=\"widget\" data-widget_type=\"text-editor.default\">\n\t\t\t\t<div class=\"elementor-widget-container\">\n\t\t\t\t\t\t\t\t\t<p>Evitalia elektris\u00f5idukid on ideaalne vahend mitmesuguste <b>p\u00f5llumajandus-, metsandus-<\/b> ja muude tegevuste jaoks.<\/p>\n<p>Neljarattaveoga, t\u00e4ieliku heitgaasivaba ja m\u00fcravaba s\u00f5idukiga on v\u00f5imalik t\u00f6\u00f6tada nii v\u00e4ljas (maanteel ja maastikul) kui ka siseruumides.<\/p>\n<p>V\u00f5ime \u00fcletada <b>35% kalded<\/b> ja kandev\u00f5ime kuni 1000 kg v\u00f5imaldavad kasutada seda ka m\u00e4gedes ja m\u00e4gistes piirkondades.<\/p>\n<p>Evitalia multifunktsionaalsed elektris\u00f5idukid on ideaalne lahendus t\u00f6\u00f6ks <b>raskesti ligip\u00e4\u00e4setavates ja raskesti ligip\u00e4\u00e4setavates<\/b> keskkondades. Need on vaiksed, ei tekita saasteid ja neil on piisav s\u00f5iduulatus pikaajaliste t\u00f6\u00f6de tegemiseks.<\/p>\n<p>Metsanduses saab multifunktsionaalseid elektris\u00f5idukeid kasutada: <b>materjalide ja seadmete transportimiseks, ala seireks ja kontrolliks, h\u00e4daolukordades, hoolduseks ja puhastamiseks.<\/b><\/p>\n\t\t\t\t\t\t\t\t<\/div>\n\t\t\t\t<\/div>\n\t\t\t\t<\/div>\n\t\t\t\t<\/div>\n\t\t\t\t<\/div>\n\t\t<div class=\"elementor-element elementor-element-682c1e0 e-grid e-con-full e-con e-child\" data-id=\"682c1e0\" data-element_type=\"container\" data-e-type=\"container\">\n\t\t<div class=\"elementor-element elementor-element-20449d3 e-con-full e-flex elementor-invisible e-con e-child\" data-id=\"20449d3\" data-element_type=\"container\" data-e-type=\"container\" data-settings=\"{&quot;background_background&quot;:&quot;classic&quot;,&quot;animation&quot;:&quot;fadeIn&quot;,&quot;animation_delay&quot;:400}\">\n\t\t\t\t<div class=\"elementor-element elementor-element-b1bfb3f elementor-widget elementor-widget-image\" data-id=\"b1bfb3f\" data-element_type=\"widget\" data-e-type=\"widget\" data-widget_type=\"image.default\">\n\t\t\t\t<div class=\"elementor-widget-container\">\n\t\t\t\t\t\t\t\t\t\t\t\t\t\t\t<img decoding=\"async\" width=\"800\" height=\"534\" src=\"https:\/\/evimotor.com\/wp-content\/uploads\/2025\/05\/Industries2-1-1024x683.jpg\" class=\"attachment-large size-large wp-image-2136\" alt=\"\" srcset=\"https:\/\/evimotor.com\/wp-content\/uploads\/2025\/05\/Industries2-1-1024x683.jpg 1024w, https:\/\/evimotor.com\/wp-content\/uploads\/2025\/05\/Industries2-1-300x200.jpg 300w, https:\/\/evimotor.com\/wp-content\/uploads\/2025\/05\/Industries2-1-768x512.jpg 768w, https:\/\/evimotor.com\/wp-content\/uploads\/2025\/05\/Industries2-1.jpg 1200w\" sizes=\"(max-width: 800px) 100vw, 800px\" \/>\t\t\t\t\t\t\t\t\t\t\t\t\t\t\t<\/div>\n\t\t\t\t<\/div>\n\t\t<div class=\"elementor-element elementor-element-f47c41f e-con-full e-flex e-con e-child\" data-id=\"f47c41f\" data-element_type=\"container\" data-e-type=\"container\">\n\t\t\t\t<div class=\"elementor-element elementor-element-d3f6d28 elementor-widget elementor-widget-heading\" data-id=\"d3f6d28\" data-element_type=\"widget\" data-e-type=\"widget\" data-widget_type=\"heading.default\">\n\t\t\t\t<div class=\"elementor-widget-container\">\n\t\t\t\t\t<h3 class=\"elementor-heading-title elementor-size-default\">Elamu<\/h3>\t\t\t\t<\/div>\n\t\t\t\t<\/div>\n\t\t\t\t<div class=\"elementor-element elementor-element-4872084 elementor-widget elementor-widget-text-editor\" data-id=\"4872084\" data-element_type=\"widget\" data-e-type=\"widget\" data-widget_type=\"text-editor.default\">\n\t\t\t\t<div class=\"elementor-widget-container\">\n\t\t\t\t\t\t\t\t\t<p>Roheluse hooldamine, elamurajooni v\u00f5i kuurordi alleede puhastamine, <b>k\u00e4mpingute v\u00f5i spordikeskuste<\/b> hooldamine on lihtsam, kui kasutatakse Evitalia s\u00f5idukit.<\/p>\n<p>Meie s\u00f5idukid on varustatud nelikveoga ja sobivad igat liiki maastikul s\u00f5itmiseks. Alates teedest kuni golfiv\u00e4ljakuteni. Metsas, mudas v\u00f5i lumel.<\/p>\n<p>Meie s\u00f5idukeid ei peata miski ja nende mugavus on turu k\u00f5rgeimal tasemel.<\/p>\n<p>Kuurortide, hotellide ja puhkekohtade hooldus n\u00f5uab vaikseid ja keskkonnas\u00f5bralikke s\u00f5idukeid.<\/p>\n<p>Paljud elamurajoonid ja turismipiirkonnad asuvad k\u00fcnklikul ja m\u00e4gisel maastikul ning Evitalia s\u00f5idukid suudavad t\u00e4nu nelikvedule s\u00f5ita igal teel, nii maanteel kui ka maastikul.<\/p>\n\t\t\t\t\t\t\t\t<\/div>\n\t\t\t\t<\/div>\n\t\t\t\t<\/div>\n\t\t\t\t<\/div>\n\t\t<div class=\"elementor-element elementor-element-cd37a7d e-con-full e-flex elementor-invisible e-con e-child\" data-id=\"cd37a7d\" data-element_type=\"container\" data-e-type=\"container\" data-settings=\"{&quot;background_background&quot;:&quot;classic&quot;,&quot;animation&quot;:&quot;fadeIn&quot;,&quot;animation_delay&quot;:400}\">\n\t\t\t\t<div class=\"elementor-element elementor-element-c47d288 elementor-widget elementor-widget-image\" data-id=\"c47d288\" data-element_type=\"widget\" data-e-type=\"widget\" data-widget_type=\"image.default\">\n\t\t\t\t<div class=\"elementor-widget-container\">\n\t\t\t\t\t\t\t\t\t\t\t\t\t\t\t<img loading=\"lazy\" decoding=\"async\" width=\"700\" height=\"467\" src=\"https:\/\/evimotor.com\/wp-content\/uploads\/2025\/05\/Golf-Course-ping-lee-unsplash-700x525-1.jpg\" class=\"attachment-large size-large wp-image-2135\" alt=\"\" srcset=\"https:\/\/evimotor.com\/wp-content\/uploads\/2025\/05\/Golf-Course-ping-lee-unsplash-700x525-1.jpg 700w, https:\/\/evimotor.com\/wp-content\/uploads\/2025\/05\/Golf-Course-ping-lee-unsplash-700x525-1-300x200.jpg 300w\" sizes=\"(max-width: 700px) 100vw, 700px\" \/>\t\t\t\t\t\t\t\t\t\t\t\t\t\t\t<\/div>\n\t\t\t\t<\/div>\n\t\t<div class=\"elementor-element elementor-element-71ef3a7 e-con-full e-flex e-con e-child\" data-id=\"71ef3a7\" data-element_type=\"container\" data-e-type=\"container\">\n\t\t\t\t<div class=\"elementor-element elementor-element-5c745ca elementor-widget elementor-widget-heading\" data-id=\"5c745ca\" data-element_type=\"widget\" data-e-type=\"widget\" data-widget_type=\"heading.default\">\n\t\t\t\t<div class=\"elementor-widget-container\">\n\t\t\t\t\t<h3 class=\"elementor-heading-title elementor-size-default\">Kuurort<\/h3>\t\t\t\t<\/div>\n\t\t\t\t<\/div>\n\t\t\t\t<div class=\"elementor-element elementor-element-4b81afa elementor-widget elementor-widget-text-editor\" data-id=\"4b81afa\" data-element_type=\"widget\" data-e-type=\"widget\" data-widget_type=\"text-editor.default\">\n\t\t\t\t<div class=\"elementor-widget-container\">\n\t\t\t\t\t\t\t\t\t<p>Roheliste alade hooldamiseks on t\u00e4nap\u00e4eval vaja masinaid, mis <b>ei kahjusta keskkonda<\/b> ja v\u00f5imaluse korral <b>ei h\u00e4iri rahu<\/b>.<\/p>\n<p>M\u00f5nede pinnaste pehmus (nt golfiv\u00e4ljakud) ja teiste ebastabiilsus (nt mudased m\u00e4ed v\u00f5i lumised teed) n\u00f5uavad, et s\u00f5idukid suudaksid liikuda ilma pinnast kahjustamata v\u00f5i rikkumata.<\/p>\n<p>EviCountry suudab h\u00f5lpsasti liikuda igat liiki pinnasel.<\/p>\n\t\t\t\t\t\t\t\t<\/div>\n\t\t\t\t<\/div>\n\t\t\t\t<\/div>\n\t\t\t\t<\/div>\n\t\t\t\t<\/div>\n\t\t\t\t\t<\/div>\n\t\t\t\t<\/div>\n\t\t\t\t<\/div>\n\t\t","protected":false},"excerpt":{"rendered":"<p>Lahendus igat t\u00fc\u00fcpi t\u00f6\u00f6 ja igat s\u00f5idustiili jaoks. Evitalia 100% elektrilised s\u00f5idukid ei m\u00f5juta keskkonda, on mitmek\u00fclgsed ja vaiksed liikudes. T\u00e4nu nelikvedule t\u00f6\u00f6tavad need igal pinnasel, nii madala haarduvusega pinnasel nagu kruusateedel, mudas, lumes, j\u00e4\u00e4l kui ka asfalteeritud teedel. Mitmed lisaseadmed v\u00f5imaldavad teha mitmesuguseid t\u00f6id, ilma et oleks vaja omada mitut s\u00f5idukit. Kommunaalteenused Evitalia elektris\u00f5idukid [&hellip;]<\/p>\n","protected":false},"author":1,"featured_media":0,"parent":0,"menu_order":0,"comment_status":"closed","ping_status":"closed","template":"elementor_header_footer","meta":{"footnotes":""},"class_list":["post-2130","page","type-page","status-publish","hentry"],"yoast_head":"<!-- This site is optimized with the Yoast SEO plugin v27.2 - https:\/\/yoast.com\/product\/yoast-seo-wordpress\/ -->\n<title>Elektriliste tarbes\u00f5idukite kasutusvaldkonnad | Evimotor<\/title>\n<meta name=\"description\" content=\"Tutvuge Evimotori lahendustega: pr\u00fcgivedu, linnatransport, haljastus ja t\u00f6\u00f6stuslogistika. 100% elektrilised s\u00f5idukid kohalikele omavalitsustele.\" \/>\n<meta name=\"robots\" content=\"index, follow, max-snippet:-1, max-image-preview:large, max-video-preview:-1\" \/>\n<link rel=\"canonical\" href=\"https:\/\/evimotor.com\/et\/rakendused\/\" \/>\n<meta property=\"og:locale\" content=\"et_EE\" \/>\n<meta property=\"og:type\" content=\"article\" \/>\n<meta property=\"og:title\" content=\"Elektriliste tarbes\u00f5idukite kasutusvaldkonnad | Evimotor\" \/>\n<meta property=\"og:description\" content=\"Tutvuge Evimotori lahendustega: pr\u00fcgivedu, linnatransport, haljastus ja t\u00f6\u00f6stuslogistika. 100% elektrilised s\u00f5idukid kohalikele omavalitsustele.\" \/>\n<meta property=\"og:url\" content=\"https:\/\/evimotor.com\/et\/rakendused\/\" \/>\n<meta property=\"og:site_name\" content=\"Evimotor\" \/>\n<meta property=\"article:modified_time\" content=\"2026-03-19T10:08:58+00:00\" \/>\n<meta property=\"og:image\" content=\"https:\/\/evimotor.com\/wp-content\/uploads\/2025\/03\/applicazioni-Municipalizzate.jpg\" \/>\n\t<meta property=\"og:image:width\" content=\"1840\" \/>\n\t<meta property=\"og:image:height\" content=\"1227\" \/>\n\t<meta property=\"og:image:type\" content=\"image\/jpeg\" \/>\n<meta name=\"twitter:card\" content=\"summary_large_image\" \/>\n<meta name=\"twitter:label1\" content=\"Est. reading time\" \/>\n\t<meta name=\"twitter:data1\" content=\"2 minutit\" \/>\n<script type=\"application\/ld+json\" class=\"yoast-schema-graph\">{\"@context\":\"https:\/\/schema.org\",\"@graph\":[{\"@type\":\"WebPage\",\"@id\":\"https:\/\/evimotor.com\/et\/rakendused\/\",\"url\":\"https:\/\/evimotor.com\/et\/rakendused\/\",\"name\":\"Elektriliste tarbes\u00f5idukite kasutusvaldkonnad | Evimotor\",\"isPartOf\":{\"@id\":\"https:\/\/evimotor.com\/et\/#website\"},\"primaryImageOfPage\":{\"@id\":\"https:\/\/evimotor.com\/et\/rakendused\/#primaryimage\"},\"image\":{\"@id\":\"https:\/\/evimotor.com\/et\/rakendused\/#primaryimage\"},\"thumbnailUrl\":\"https:\/\/evimotor.com\/wp-content\/uploads\/2025\/03\/applicazioni-Municipalizzate-1024x683.jpg\",\"datePublished\":\"2025-03-06T12:58:41+00:00\",\"dateModified\":\"2026-03-19T10:08:58+00:00\",\"description\":\"Tutvuge Evimotori lahendustega: pr\u00fcgivedu, linnatransport, haljastus ja t\u00f6\u00f6stuslogistika. 100% elektrilised s\u00f5idukid kohalikele omavalitsustele.\",\"breadcrumb\":{\"@id\":\"https:\/\/evimotor.com\/et\/rakendused\/#breadcrumb\"},\"inLanguage\":\"et\",\"potentialAction\":[{\"@type\":\"ReadAction\",\"target\":[\"https:\/\/evimotor.com\/et\/rakendused\/\"]}]},{\"@type\":\"ImageObject\",\"inLanguage\":\"et\",\"@id\":\"https:\/\/evimotor.com\/et\/rakendused\/#primaryimage\",\"url\":\"https:\/\/evimotor.com\/wp-content\/uploads\/2025\/03\/applicazioni-Municipalizzate-1024x683.jpg\",\"contentUrl\":\"https:\/\/evimotor.com\/wp-content\/uploads\/2025\/03\/applicazioni-Municipalizzate-1024x683.jpg\"},{\"@type\":\"BreadcrumbList\",\"@id\":\"https:\/\/evimotor.com\/et\/rakendused\/#breadcrumb\",\"itemListElement\":[{\"@type\":\"ListItem\",\"position\":1,\"name\":\"Home\",\"item\":\"https:\/\/evimotor.com\/et\/\"},{\"@type\":\"ListItem\",\"position\":2,\"name\":\"Rakendused\"}]},{\"@type\":\"WebSite\",\"@id\":\"https:\/\/evimotor.com\/et\/#website\",\"url\":\"https:\/\/evimotor.com\/et\/\",\"name\":\"Evimotor\",\"description\":\"Electric Vehicles Italia\",\"publisher\":{\"@id\":\"https:\/\/evimotor.com\/et\/#organization\"},\"potentialAction\":[{\"@type\":\"SearchAction\",\"target\":{\"@type\":\"EntryPoint\",\"urlTemplate\":\"https:\/\/evimotor.com\/et\/?s={search_term_string}\"},\"query-input\":{\"@type\":\"PropertyValueSpecification\",\"valueRequired\":true,\"valueName\":\"search_term_string\"}}],\"inLanguage\":\"et\"},{\"@type\":\"Organization\",\"@id\":\"https:\/\/evimotor.com\/et\/#organization\",\"name\":\"Evimotor\",\"url\":\"https:\/\/evimotor.com\/et\/\",\"logo\":{\"@type\":\"ImageObject\",\"inLanguage\":\"et\",\"@id\":\"https:\/\/evimotor.com\/et\/#\/schema\/logo\/image\/\",\"url\":\"https:\/\/evimotor.com\/wp-content\/uploads\/2025\/02\/logo-evimotor.png\",\"contentUrl\":\"https:\/\/evimotor.com\/wp-content\/uploads\/2025\/02\/logo-evimotor.png\",\"width\":594,\"height\":110,\"caption\":\"Evimotor\"},\"image\":{\"@id\":\"https:\/\/evimotor.com\/et\/#\/schema\/logo\/image\/\"}}]}<\/script>\n<!-- \/ Yoast SEO plugin. -->","yoast_head_json":{"title":"Elektriliste tarbes\u00f5idukite kasutusvaldkonnad | Evimotor","description":"Tutvuge Evimotori lahendustega: pr\u00fcgivedu, linnatransport, haljastus ja t\u00f6\u00f6stuslogistika. 100% elektrilised s\u00f5idukid kohalikele omavalitsustele.","robots":{"index":"index","follow":"follow","max-snippet":"max-snippet:-1","max-image-preview":"max-image-preview:large","max-video-preview":"max-video-preview:-1"},"canonical":"https:\/\/evimotor.com\/et\/rakendused\/","og_locale":"et_EE","og_type":"article","og_title":"Elektriliste tarbes\u00f5idukite kasutusvaldkonnad | Evimotor","og_description":"Tutvuge Evimotori lahendustega: pr\u00fcgivedu, linnatransport, haljastus ja t\u00f6\u00f6stuslogistika. 100% elektrilised s\u00f5idukid kohalikele omavalitsustele.","og_url":"https:\/\/evimotor.com\/et\/rakendused\/","og_site_name":"Evimotor","article_modified_time":"2026-03-19T10:08:58+00:00","og_image":[{"width":1840,"height":1227,"url":"https:\/\/evimotor.com\/wp-content\/uploads\/2025\/03\/applicazioni-Municipalizzate.jpg","type":"image\/jpeg"}],"twitter_card":"summary_large_image","twitter_misc":{"Est. reading time":"2 minutit"},"schema":{"@context":"https:\/\/schema.org","@graph":[{"@type":"WebPage","@id":"https:\/\/evimotor.com\/et\/rakendused\/","url":"https:\/\/evimotor.com\/et\/rakendused\/","name":"Elektriliste tarbes\u00f5idukite kasutusvaldkonnad | Evimotor","isPartOf":{"@id":"https:\/\/evimotor.com\/et\/#website"},"primaryImageOfPage":{"@id":"https:\/\/evimotor.com\/et\/rakendused\/#primaryimage"},"image":{"@id":"https:\/\/evimotor.com\/et\/rakendused\/#primaryimage"},"thumbnailUrl":"https:\/\/evimotor.com\/wp-content\/uploads\/2025\/03\/applicazioni-Municipalizzate-1024x683.jpg","datePublished":"2025-03-06T12:58:41+00:00","dateModified":"2026-03-19T10:08:58+00:00","description":"Tutvuge Evimotori lahendustega: pr\u00fcgivedu, linnatransport, haljastus ja t\u00f6\u00f6stuslogistika. 100% elektrilised s\u00f5idukid kohalikele omavalitsustele.","breadcrumb":{"@id":"https:\/\/evimotor.com\/et\/rakendused\/#breadcrumb"},"inLanguage":"et","potentialAction":[{"@type":"ReadAction","target":["https:\/\/evimotor.com\/et\/rakendused\/"]}]},{"@type":"ImageObject","inLanguage":"et","@id":"https:\/\/evimotor.com\/et\/rakendused\/#primaryimage","url":"https:\/\/evimotor.com\/wp-content\/uploads\/2025\/03\/applicazioni-Municipalizzate-1024x683.jpg","contentUrl":"https:\/\/evimotor.com\/wp-content\/uploads\/2025\/03\/applicazioni-Municipalizzate-1024x683.jpg"},{"@type":"BreadcrumbList","@id":"https:\/\/evimotor.com\/et\/rakendused\/#breadcrumb","itemListElement":[{"@type":"ListItem","position":1,"name":"Home","item":"https:\/\/evimotor.com\/et\/"},{"@type":"ListItem","position":2,"name":"Rakendused"}]},{"@type":"WebSite","@id":"https:\/\/evimotor.com\/et\/#website","url":"https:\/\/evimotor.com\/et\/","name":"Evimotor","description":"Electric Vehicles Italia","publisher":{"@id":"https:\/\/evimotor.com\/et\/#organization"},"potentialAction":[{"@type":"SearchAction","target":{"@type":"EntryPoint","urlTemplate":"https:\/\/evimotor.com\/et\/?s={search_term_string}"},"query-input":{"@type":"PropertyValueSpecification","valueRequired":true,"valueName":"search_term_string"}}],"inLanguage":"et"},{"@type":"Organization","@id":"https:\/\/evimotor.com\/et\/#organization","name":"Evimotor","url":"https:\/\/evimotor.com\/et\/","logo":{"@type":"ImageObject","inLanguage":"et","@id":"https:\/\/evimotor.com\/et\/#\/schema\/logo\/image\/","url":"https:\/\/evimotor.com\/wp-content\/uploads\/2025\/02\/logo-evimotor.png","contentUrl":"https:\/\/evimotor.com\/wp-content\/uploads\/2025\/02\/logo-evimotor.png","width":594,"height":110,"caption":"Evimotor"},"image":{"@id":"https:\/\/evimotor.com\/et\/#\/schema\/logo\/image\/"}}]}},"_links":{"self":[{"href":"https:\/\/evimotor.com\/et\/wp-json\/wp\/v2\/pages\/2130","targetHints":{"allow":["GET"]}}],"collection":[{"href":"https:\/\/evimotor.com\/et\/wp-json\/wp\/v2\/pages"}],"about":[{"href":"https:\/\/evimotor.com\/et\/wp-json\/wp\/v2\/types\/page"}],"author":[{"embeddable":true,"href":"https:\/\/evimotor.com\/et\/wp-json\/wp\/v2\/users\/1"}],"replies":[{"embeddable":true,"href":"https:\/\/evimotor.com\/et\/wp-json\/wp\/v2\/comments?post=2130"}],"version-history":[{"count":1,"href":"https:\/\/evimotor.com\/et\/wp-json\/wp\/v2\/pages\/2130\/revisions"}],"predecessor-version":[{"id":2137,"href":"https:\/\/evimotor.com\/et\/wp-json\/wp\/v2\/pages\/2130\/revisions\/2137"}],"wp:attachment":[{"href":"https:\/\/evimotor.com\/et\/wp-json\/wp\/v2\/media?parent=2130"}],"curies":[{"name":"wp","href":"https:\/\/api.w.org\/{rel}","templated":true}]}}