{"id":2150,"date":"2025-03-13T12:30:57","date_gmt":"2025-03-13T11:30:57","guid":{"rendered":"https:\/\/evimotor.com\/evitalia\/"},"modified":"2025-11-04T08:23:32","modified_gmt":"2025-11-04T07:23:32","slug":"evitalia","status":"publish","type":"page","link":"https:\/\/evimotor.com\/et\/evitalia\/","title":{"rendered":"Evitalia"},"content":{"rendered":"\t\t<div data-elementor-type=\"wp-page\" data-elementor-id=\"2150\" class=\"elementor elementor-2150 elementor-463\" data-elementor-post-type=\"page\">\n\t\t\t\t<div class=\"elementor-element elementor-element-34d7975e e-flex e-con-boxed e-con e-parent\" data-id=\"34d7975e\" data-element_type=\"container\" data-e-type=\"container\" data-settings=\"{&quot;background_background&quot;:&quot;classic&quot;}\">\n\t\t\t\t\t<div class=\"e-con-inner\">\n\t\t\t\t\t<\/div>\n\t\t\t\t<\/div>\n\t\t<div class=\"elementor-element elementor-element-adf8b0 e-flex e-con-boxed e-con e-parent\" data-id=\"adf8b0\" data-element_type=\"container\" data-e-type=\"container\">\n\t\t\t\t\t<div class=\"e-con-inner\">\n\t\t<div class=\"elementor-element elementor-element-1903060d e-con-full e-flex elementor-invisible e-con e-child\" data-id=\"1903060d\" data-element_type=\"container\" data-e-type=\"container\" data-settings=\"{&quot;background_background&quot;:&quot;classic&quot;,&quot;animation&quot;:&quot;fadeIn&quot;}\">\n\t\t\t\t<div class=\"elementor-element elementor-element-a99a723 elementor-widget-divider--view-line elementor-widget elementor-widget-divider\" data-id=\"a99a723\" data-element_type=\"widget\" data-e-type=\"widget\" data-widget_type=\"divider.default\">\n\t\t\t\t<div class=\"elementor-widget-container\">\n\t\t\t\t\t\t\t<div class=\"elementor-divider\">\n\t\t\t<span class=\"elementor-divider-separator\">\n\t\t\t\t\t\t<\/span>\n\t\t<\/div>\n\t\t\t\t\t\t<\/div>\n\t\t\t\t<\/div>\n\t\t\t\t<\/div>\n\t\t<div class=\"elementor-element elementor-element-1e1fbed0 e-con-full e-flex e-con e-child\" data-id=\"1e1fbed0\" data-element_type=\"container\" data-e-type=\"container\">\n\t\t\t\t<div class=\"elementor-element elementor-element-508a6188 elementor-invisible elementor-widget elementor-widget-heading\" data-id=\"508a6188\" data-element_type=\"widget\" data-e-type=\"widget\" data-settings=\"{&quot;_animation&quot;:&quot;fadeIn&quot;,&quot;_animation_delay&quot;:200}\" data-widget_type=\"heading.default\">\n\t\t\t\t<div class=\"elementor-widget-container\">\n\t\t\t\t\t<h2 class=\"elementor-heading-title elementor-size-default\">Roheline filosoofia<\/h2>\t\t\t\t<\/div>\n\t\t\t\t<\/div>\n\t\t\t\t<div class=\"elementor-element elementor-element-5819804b elementor-widget elementor-widget-spacer\" data-id=\"5819804b\" data-element_type=\"widget\" data-e-type=\"widget\" data-widget_type=\"spacer.default\">\n\t\t\t\t<div class=\"elementor-widget-container\">\n\t\t\t\t\t\t\t<div class=\"elementor-spacer\">\n\t\t\t<div class=\"elementor-spacer-inner\"><\/div>\n\t\t<\/div>\n\t\t\t\t\t\t<\/div>\n\t\t\t\t<\/div>\n\t\t\t\t<div class=\"elementor-element elementor-element-2b69eaa3 elementor-invisible elementor-widget elementor-widget-text-editor\" data-id=\"2b69eaa3\" data-element_type=\"widget\" data-e-type=\"widget\" data-settings=\"{&quot;_animation&quot;:&quot;fadeIn&quot;,&quot;_animation_delay&quot;:400}\" data-widget_type=\"text-editor.default\">\n\t\t\t\t<div class=\"elementor-widget-container\">\n\t\t\t\t\t\t\t\t\t<p><b>Evitalia <\/b>on Itaalia ettev\u00f5te, mis toodab multifunktsionaalseid elektrilisi transpordivahendeid.<\/p>\n<p>Meie s\u00f5idukid on projekteeritud nii, et need oleksid t\u00f5husad ja keskkonnas\u00f5bralikud, keskkonnam\u00f5ju nulliga.<\/p>\n<p>T\u00e4nu meie tehase katusele paigaldatud 1 MW fotogalvaanilisele s\u00fcsteemile suudame toota kogu meie s\u00f5idukite tootmiseks vajaliku energia. Sel viisil ei tekita me CO2-heitmeid ja aitame kaasa keskkonnasaaste v\u00e4hendamisele.<\/p>\n<p>Meie s\u00f5idukid on saadaval mitmesugustes mudelites ja laia valikuga lisaseadmetega, et rahuldada meie klientide erinevaid vajadusi.<\/p>\n<p>Meie s\u00f5idukid on varustatud ka mitmete uuenduslike tehnoloogiatega, mis muudavad need t\u00f5husamaks ja turvalisemaks.<\/p>\n\t\t\t\t\t\t\t\t<\/div>\n\t\t\t\t<\/div>\n\t\t\t\t<div class=\"elementor-element elementor-element-104bea09 elementor-invisible elementor-widget elementor-widget-button\" data-id=\"104bea09\" data-element_type=\"widget\" data-e-type=\"widget\" data-settings=\"{&quot;_animation&quot;:&quot;fadeIn&quot;,&quot;_animation_delay&quot;:600}\" data-widget_type=\"button.default\">\n\t\t\t\t<div class=\"elementor-widget-container\">\n\t\t\t\t\t\t\t\t\t<div class=\"elementor-button-wrapper\">\n\t\t\t\t\t<a class=\"elementor-button elementor-button-link elementor-size-sm\" href=\"#\">\n\t\t\t\t\t\t<span class=\"elementor-button-content-wrapper\">\n\t\t\t\t\t\t\t\t\t<span class=\"elementor-button-text\">Lae alla meie esitlus<\/span>\n\t\t\t\t\t<\/span>\n\t\t\t\t\t<\/a>\n\t\t\t\t<\/div>\n\t\t\t\t\t\t\t\t<\/div>\n\t\t\t\t<\/div>\n\t\t\t\t<\/div>\n\t\t\t\t\t<\/div>\n\t\t\t\t<\/div>\n\t\t<div class=\"elementor-element elementor-element-15b3c016 e-flex e-con-boxed e-con e-parent\" data-id=\"15b3c016\" data-element_type=\"container\" data-e-type=\"container\" data-settings=\"{&quot;background_background&quot;:&quot;classic&quot;}\">\n\t\t\t\t\t<div class=\"e-con-inner\">\n\t\t\t\t<div class=\"elementor-element elementor-element-71439c8d elementor-invisible elementor-widget elementor-widget-heading\" data-id=\"71439c8d\" data-element_type=\"widget\" data-e-type=\"widget\" data-settings=\"{&quot;_animation&quot;:&quot;fadeIn&quot;,&quot;_animation_delay&quot;:200}\" data-widget_type=\"heading.default\">\n\t\t\t\t<div class=\"elementor-widget-container\">\n\t\t\t\t\t<h4 class=\"elementor-heading-title elementor-size-default\">Evitalia on p\u00fchendunud s\u00e4\u00e4stva liikuvuse edendamisele ja meie toodetud s\u00f5idukid on ideaalne lahendus neile, kes otsivad keskkonnas\u00f5bralikku ja looduss\u00e4\u00e4stlikku viisi liikumiseks, transportimiseks ja t\u00f6\u00f6tamiseks.<\/h4>\t\t\t\t<\/div>\n\t\t\t\t<\/div>\n\t\t<div class=\"elementor-element elementor-element-266d6c34 e-con-full e-flex e-con e-child\" data-id=\"266d6c34\" data-element_type=\"container\" data-e-type=\"container\">\n\t\t<div class=\"elementor-element elementor-element-41cd720e e-con-full e-flex elementor-invisible e-con e-child\" data-id=\"41cd720e\" data-element_type=\"container\" data-e-type=\"container\" data-settings=\"{&quot;background_background&quot;:&quot;classic&quot;,&quot;animation&quot;:&quot;fadeIn&quot;,&quot;animation_delay&quot;:400}\">\n\t\t\t\t<div class=\"elementor-element elementor-element-2cfb714c elementor-widget-divider--view-line elementor-widget elementor-widget-divider\" data-id=\"2cfb714c\" data-element_type=\"widget\" data-e-type=\"widget\" data-widget_type=\"divider.default\">\n\t\t\t\t<div class=\"elementor-widget-container\">\n\t\t\t\t\t\t\t<div class=\"elementor-divider\">\n\t\t\t<span class=\"elementor-divider-separator\">\n\t\t\t\t\t\t<\/span>\n\t\t<\/div>\n\t\t\t\t\t\t<\/div>\n\t\t\t\t<\/div>\n\t\t\t\t<\/div>\n\t\t<div class=\"elementor-element elementor-element-59b47bc7 e-con-full e-flex elementor-invisible e-con e-child\" data-id=\"59b47bc7\" data-element_type=\"container\" data-e-type=\"container\" data-settings=\"{&quot;background_background&quot;:&quot;slideshow&quot;,&quot;background_slideshow_gallery&quot;:[{&quot;id&quot;:428,&quot;url&quot;:&quot;https:\\\/\\\/evimotor.com\\\/wp-content\\\/uploads\\\/2025\\\/03\\\/applicazioni-Agricoltura.jpg&quot;},{&quot;id&quot;:132,&quot;url&quot;:&quot;https:\\\/\\\/evimotor.com\\\/wp-content\\\/uploads\\\/2025\\\/02\\\/EvItalia-EviCountry-03.jpg&quot;},{&quot;id&quot;:248,&quot;url&quot;:&quot;https:\\\/\\\/evimotor.com\\\/wp-content\\\/uploads\\\/2025\\\/02\\\/country-offroad.jpg&quot;}],&quot;animation&quot;:&quot;fadeIn&quot;,&quot;animation_delay&quot;:500,&quot;background_slideshow_loop&quot;:&quot;yes&quot;,&quot;background_slideshow_slide_duration&quot;:5000,&quot;background_slideshow_slide_transition&quot;:&quot;fade&quot;,&quot;background_slideshow_transition_duration&quot;:500}\">\n\t\t\t\t<div class=\"elementor-element elementor-element-540dbf14 elementor-widget-divider--view-line elementor-widget elementor-widget-divider\" data-id=\"540dbf14\" data-element_type=\"widget\" data-e-type=\"widget\" data-widget_type=\"divider.default\">\n\t\t\t\t<div class=\"elementor-widget-container\">\n\t\t\t\t\t\t\t<div class=\"elementor-divider\">\n\t\t\t<span class=\"elementor-divider-separator\">\n\t\t\t\t\t\t<\/span>\n\t\t<\/div>\n\t\t\t\t\t\t<\/div>\n\t\t\t\t<\/div>\n\t\t\t\t<\/div>\n\t\t\t\t<\/div>\n\t\t<div class=\"elementor-element elementor-element-3aaafd20 e-grid e-con-full e-con e-child\" data-id=\"3aaafd20\" data-element_type=\"container\" data-e-type=\"container\">\n\t\t<div class=\"elementor-element elementor-element-161ca2 e-con-full e-flex elementor-invisible e-con e-child\" data-id=\"161ca2\" data-element_type=\"container\" data-e-type=\"container\" data-settings=\"{&quot;animation&quot;:&quot;fadeIn&quot;}\">\n\t\t\t\t<div class=\"elementor-element elementor-element-b8cd8b4 elementor-widget-divider--view-line elementor-widget elementor-widget-divider\" data-id=\"b8cd8b4\" data-element_type=\"widget\" data-e-type=\"widget\" data-widget_type=\"divider.default\">\n\t\t\t\t<div class=\"elementor-widget-container\">\n\t\t\t\t\t\t\t<div class=\"elementor-divider\">\n\t\t\t<span class=\"elementor-divider-separator\">\n\t\t\t\t\t\t<\/span>\n\t\t<\/div>\n\t\t\t\t\t\t<\/div>\n\t\t\t\t<\/div>\n\t\t\t\t<div class=\"elementor-element elementor-element-60fcf756 elementor-widget elementor-widget-heading\" data-id=\"60fcf756\" data-element_type=\"widget\" data-e-type=\"widget\" data-widget_type=\"heading.default\">\n\t\t\t\t<div class=\"elementor-widget-container\">\n\t\t\t\t\t<h3 class=\"elementor-heading-title elementor-size-default\">Meie v\u00e4\u00e4rtused<\/h3>\t\t\t\t<\/div>\n\t\t\t\t<\/div>\n\t\t\t\t<div class=\"elementor-element elementor-element-63b3275a elementor-widget elementor-widget-text-editor\" data-id=\"63b3275a\" data-element_type=\"widget\" data-e-type=\"widget\" data-widget_type=\"text-editor.default\">\n\t\t\t\t<div class=\"elementor-widget-container\">\n\t\t\t\t\t\t\t\t\t<ul>\n<li><b>J\u00e4tkusuutlikkus:<\/b> oleme p\u00fchendunud oma tegevuse keskkonnam\u00f5ju v\u00e4hendamisele.<\/li>\n<li><b>Innovatsioon<\/b>: otsime pidevalt uusi tehnoloogiaid, et parandada oma tooteid ja teenuseid.<\/li>\n<li><b>Kvaliteet<\/b>: oleme p\u00fchendunud oma klientidele k\u00f5rgekvaliteediliste toodete ja teenuste pakkumisele.<\/li>\n<\/ul>\n\t\t\t\t\t\t\t\t<\/div>\n\t\t\t\t<\/div>\n\t\t\t\t<\/div>\n\t\t<div class=\"elementor-element elementor-element-3dbc4d7f e-con-full e-flex elementor-invisible e-con e-child\" data-id=\"3dbc4d7f\" data-element_type=\"container\" data-e-type=\"container\" data-settings=\"{&quot;animation&quot;:&quot;fadeIn&quot;,&quot;animation_delay&quot;:200}\">\n\t\t\t\t<div class=\"elementor-element elementor-element-60177e08 elementor-widget-divider--view-line elementor-widget elementor-widget-divider\" data-id=\"60177e08\" data-element_type=\"widget\" data-e-type=\"widget\" data-widget_type=\"divider.default\">\n\t\t\t\t<div class=\"elementor-widget-container\">\n\t\t\t\t\t\t\t<div class=\"elementor-divider\">\n\t\t\t<span class=\"elementor-divider-separator\">\n\t\t\t\t\t\t<\/span>\n\t\t<\/div>\n\t\t\t\t\t\t<\/div>\n\t\t\t\t<\/div>\n\t\t\t\t<div class=\"elementor-element elementor-element-1087ef15 elementor-widget elementor-widget-heading\" data-id=\"1087ef15\" data-element_type=\"widget\" data-e-type=\"widget\" data-widget_type=\"heading.default\">\n\t\t\t\t<div class=\"elementor-widget-container\">\n\t\t\t\t\t<h3 class=\"elementor-heading-title elementor-size-default\">Meie eesm\u00e4rgid<\/h3>\t\t\t\t<\/div>\n\t\t\t\t<\/div>\n\t\t\t\t<div class=\"elementor-element elementor-element-1d5a643a elementor-widget elementor-widget-text-editor\" data-id=\"1d5a643a\" data-element_type=\"widget\" data-e-type=\"widget\" data-widget_type=\"text-editor.default\">\n\t\t\t\t<div class=\"elementor-widget-container\">\n\t\t\t\t\t\t\t\t\t<ul>\n<li>Saada multifunktsionaalsete elektris\u00f5idukite tootmise liidriks.<\/li>\n<li>V\u00e4hendada transpordisektori CO2-heitkoguseid.<\/li>\n<li>Aidata kaasa j\u00e4tkusuutlikuma tuleviku loomisele.<\/li>\n<\/ul>\n\t\t\t\t\t\t\t\t<\/div>\n\t\t\t\t<\/div>\n\t\t\t\t<\/div>\n\t\t\t\t<\/div>\n\t\t\t\t\t<\/div>\n\t\t\t\t<\/div>\n\t\t\t\t<\/div>\n\t\t","protected":false},"excerpt":{"rendered":"<p>Roheline filosoofia Evitalia on Itaalia ettev\u00f5te, mis toodab multifunktsionaalseid elektrilisi transpordivahendeid. Meie s\u00f5idukid on projekteeritud nii, et need oleksid t\u00f5husad ja keskkonnas\u00f5bralikud, keskkonnam\u00f5ju nulliga. T\u00e4nu meie tehase katusele paigaldatud 1 MW fotogalvaanilisele s\u00fcsteemile suudame toota kogu meie s\u00f5idukite tootmiseks vajaliku energia. Sel viisil ei tekita me CO2-heitmeid ja aitame kaasa keskkonnasaaste v\u00e4hendamisele. Meie s\u00f5idukid on [&hellip;]<\/p>\n","protected":false},"author":2,"featured_media":0,"parent":0,"menu_order":0,"comment_status":"closed","ping_status":"closed","template":"elementor_header_footer","meta":{"footnotes":""},"class_list":["post-2150","page","type-page","status-publish","hentry"],"yoast_head":"<!-- This site is optimized with the Yoast SEO plugin v27.2 - https:\/\/yoast.com\/product\/yoast-seo-wordpress\/ -->\n<title>Evitalia - Evimotor<\/title>\n<meta name=\"robots\" content=\"index, follow, max-snippet:-1, max-image-preview:large, max-video-preview:-1\" \/>\n<link rel=\"canonical\" href=\"https:\/\/evimotor.com\/et\/evitalia\/\" \/>\n<meta property=\"og:locale\" content=\"et_EE\" \/>\n<meta property=\"og:type\" content=\"article\" \/>\n<meta property=\"og:title\" content=\"Evitalia - Evimotor\" \/>\n<meta property=\"og:description\" content=\"Roheline filosoofia Evitalia on Itaalia ettev\u00f5te, mis toodab multifunktsionaalseid elektrilisi transpordivahendeid. Meie s\u00f5idukid on projekteeritud nii, et need oleksid t\u00f5husad ja keskkonnas\u00f5bralikud, keskkonnam\u00f5ju nulliga. T\u00e4nu meie tehase katusele paigaldatud 1 MW fotogalvaanilisele s\u00fcsteemile suudame toota kogu meie s\u00f5idukite tootmiseks vajaliku energia. Sel viisil ei tekita me CO2-heitmeid ja aitame kaasa keskkonnasaaste v\u00e4hendamisele. Meie s\u00f5idukid on [&hellip;]\" \/>\n<meta property=\"og:url\" content=\"https:\/\/evimotor.com\/et\/evitalia\/\" \/>\n<meta property=\"og:site_name\" content=\"Evimotor\" \/>\n<meta property=\"article:modified_time\" content=\"2025-11-04T07:23:32+00:00\" \/>\n<meta name=\"twitter:card\" content=\"summary_large_image\" \/>\n<meta name=\"twitter:label1\" content=\"Est. reading time\" \/>\n\t<meta name=\"twitter:data1\" content=\"1 minut\" \/>\n<script type=\"application\/ld+json\" class=\"yoast-schema-graph\">{\"@context\":\"https:\/\/schema.org\",\"@graph\":[{\"@type\":\"WebPage\",\"@id\":\"https:\/\/evimotor.com\/et\/evitalia\/\",\"url\":\"https:\/\/evimotor.com\/et\/evitalia\/\",\"name\":\"Evitalia - Evimotor\",\"isPartOf\":{\"@id\":\"https:\/\/evimotor.com\/et\/#website\"},\"datePublished\":\"2025-03-13T11:30:57+00:00\",\"dateModified\":\"2025-11-04T07:23:32+00:00\",\"breadcrumb\":{\"@id\":\"https:\/\/evimotor.com\/et\/evitalia\/#breadcrumb\"},\"inLanguage\":\"et\",\"potentialAction\":[{\"@type\":\"ReadAction\",\"target\":[\"https:\/\/evimotor.com\/et\/evitalia\/\"]}]},{\"@type\":\"BreadcrumbList\",\"@id\":\"https:\/\/evimotor.com\/et\/evitalia\/#breadcrumb\",\"itemListElement\":[{\"@type\":\"ListItem\",\"position\":1,\"name\":\"Home\",\"item\":\"https:\/\/evimotor.com\/et\/\"},{\"@type\":\"ListItem\",\"position\":2,\"name\":\"Evitalia\"}]},{\"@type\":\"WebSite\",\"@id\":\"https:\/\/evimotor.com\/et\/#website\",\"url\":\"https:\/\/evimotor.com\/et\/\",\"name\":\"Evimotor\",\"description\":\"Electric Vehicles Italia\",\"publisher\":{\"@id\":\"https:\/\/evimotor.com\/et\/#organization\"},\"potentialAction\":[{\"@type\":\"SearchAction\",\"target\":{\"@type\":\"EntryPoint\",\"urlTemplate\":\"https:\/\/evimotor.com\/et\/?s={search_term_string}\"},\"query-input\":{\"@type\":\"PropertyValueSpecification\",\"valueRequired\":true,\"valueName\":\"search_term_string\"}}],\"inLanguage\":\"et\"},{\"@type\":\"Organization\",\"@id\":\"https:\/\/evimotor.com\/et\/#organization\",\"name\":\"Evimotor\",\"url\":\"https:\/\/evimotor.com\/et\/\",\"logo\":{\"@type\":\"ImageObject\",\"inLanguage\":\"et\",\"@id\":\"https:\/\/evimotor.com\/et\/#\/schema\/logo\/image\/\",\"url\":\"https:\/\/evimotor.com\/wp-content\/uploads\/2025\/02\/logo-evimotor.png\",\"contentUrl\":\"https:\/\/evimotor.com\/wp-content\/uploads\/2025\/02\/logo-evimotor.png\",\"width\":594,\"height\":110,\"caption\":\"Evimotor\"},\"image\":{\"@id\":\"https:\/\/evimotor.com\/et\/#\/schema\/logo\/image\/\"}}]}<\/script>\n<!-- \/ Yoast SEO plugin. -->","yoast_head_json":{"title":"Evitalia - Evimotor","robots":{"index":"index","follow":"follow","max-snippet":"max-snippet:-1","max-image-preview":"max-image-preview:large","max-video-preview":"max-video-preview:-1"},"canonical":"https:\/\/evimotor.com\/et\/evitalia\/","og_locale":"et_EE","og_type":"article","og_title":"Evitalia - Evimotor","og_description":"Roheline filosoofia Evitalia on Itaalia ettev\u00f5te, mis toodab multifunktsionaalseid elektrilisi transpordivahendeid. Meie s\u00f5idukid on projekteeritud nii, et need oleksid t\u00f5husad ja keskkonnas\u00f5bralikud, keskkonnam\u00f5ju nulliga. T\u00e4nu meie tehase katusele paigaldatud 1 MW fotogalvaanilisele s\u00fcsteemile suudame toota kogu meie s\u00f5idukite tootmiseks vajaliku energia. Sel viisil ei tekita me CO2-heitmeid ja aitame kaasa keskkonnasaaste v\u00e4hendamisele. Meie s\u00f5idukid on [&hellip;]","og_url":"https:\/\/evimotor.com\/et\/evitalia\/","og_site_name":"Evimotor","article_modified_time":"2025-11-04T07:23:32+00:00","twitter_card":"summary_large_image","twitter_misc":{"Est. reading time":"1 minut"},"schema":{"@context":"https:\/\/schema.org","@graph":[{"@type":"WebPage","@id":"https:\/\/evimotor.com\/et\/evitalia\/","url":"https:\/\/evimotor.com\/et\/evitalia\/","name":"Evitalia - Evimotor","isPartOf":{"@id":"https:\/\/evimotor.com\/et\/#website"},"datePublished":"2025-03-13T11:30:57+00:00","dateModified":"2025-11-04T07:23:32+00:00","breadcrumb":{"@id":"https:\/\/evimotor.com\/et\/evitalia\/#breadcrumb"},"inLanguage":"et","potentialAction":[{"@type":"ReadAction","target":["https:\/\/evimotor.com\/et\/evitalia\/"]}]},{"@type":"BreadcrumbList","@id":"https:\/\/evimotor.com\/et\/evitalia\/#breadcrumb","itemListElement":[{"@type":"ListItem","position":1,"name":"Home","item":"https:\/\/evimotor.com\/et\/"},{"@type":"ListItem","position":2,"name":"Evitalia"}]},{"@type":"WebSite","@id":"https:\/\/evimotor.com\/et\/#website","url":"https:\/\/evimotor.com\/et\/","name":"Evimotor","description":"Electric Vehicles Italia","publisher":{"@id":"https:\/\/evimotor.com\/et\/#organization"},"potentialAction":[{"@type":"SearchAction","target":{"@type":"EntryPoint","urlTemplate":"https:\/\/evimotor.com\/et\/?s={search_term_string}"},"query-input":{"@type":"PropertyValueSpecification","valueRequired":true,"valueName":"search_term_string"}}],"inLanguage":"et"},{"@type":"Organization","@id":"https:\/\/evimotor.com\/et\/#organization","name":"Evimotor","url":"https:\/\/evimotor.com\/et\/","logo":{"@type":"ImageObject","inLanguage":"et","@id":"https:\/\/evimotor.com\/et\/#\/schema\/logo\/image\/","url":"https:\/\/evimotor.com\/wp-content\/uploads\/2025\/02\/logo-evimotor.png","contentUrl":"https:\/\/evimotor.com\/wp-content\/uploads\/2025\/02\/logo-evimotor.png","width":594,"height":110,"caption":"Evimotor"},"image":{"@id":"https:\/\/evimotor.com\/et\/#\/schema\/logo\/image\/"}}]}},"_links":{"self":[{"href":"https:\/\/evimotor.com\/et\/wp-json\/wp\/v2\/pages\/2150","targetHints":{"allow":["GET"]}}],"collection":[{"href":"https:\/\/evimotor.com\/et\/wp-json\/wp\/v2\/pages"}],"about":[{"href":"https:\/\/evimotor.com\/et\/wp-json\/wp\/v2\/types\/page"}],"author":[{"embeddable":true,"href":"https:\/\/evimotor.com\/et\/wp-json\/wp\/v2\/users\/2"}],"replies":[{"embeddable":true,"href":"https:\/\/evimotor.com\/et\/wp-json\/wp\/v2\/comments?post=2150"}],"version-history":[{"count":1,"href":"https:\/\/evimotor.com\/et\/wp-json\/wp\/v2\/pages\/2150\/revisions"}],"predecessor-version":[{"id":2153,"href":"https:\/\/evimotor.com\/et\/wp-json\/wp\/v2\/pages\/2150\/revisions\/2153"}],"wp:attachment":[{"href":"https:\/\/evimotor.com\/et\/wp-json\/wp\/v2\/media?parent=2150"}],"curies":[{"name":"wp","href":"https:\/\/api.w.org\/{rel}","templated":true}]}}