{"id":1985,"date":"2025-03-06T13:58:41","date_gmt":"2025-03-06T12:58:41","guid":{"rendered":"https:\/\/evimotor.com\/sovellukset\/"},"modified":"2026-03-19T11:09:48","modified_gmt":"2026-03-19T10:09:48","slug":"sovellukset","status":"publish","type":"page","link":"https:\/\/evimotor.com\/fi\/sovellukset\/","title":{"rendered":"Sovellukset"},"content":{"rendered":"\t\t<div data-elementor-type=\"wp-page\" data-elementor-id=\"1985\" class=\"elementor elementor-1985 elementor-394\" data-elementor-post-type=\"page\">\n\t\t\t\t<div class=\"elementor-element elementor-element-9dc076b e-flex e-con-boxed e-con e-parent\" data-id=\"9dc076b\" data-element_type=\"container\" data-e-type=\"container\" data-settings=\"{&quot;background_background&quot;:&quot;classic&quot;}\">\n\t\t\t\t\t<div class=\"e-con-inner\">\n\t\t\t\t<div class=\"elementor-element elementor-element-32cc97c elementor-widget elementor-widget-spacer\" data-id=\"32cc97c\" data-element_type=\"widget\" data-e-type=\"widget\" data-widget_type=\"spacer.default\">\n\t\t\t\t<div class=\"elementor-widget-container\">\n\t\t\t\t\t\t\t<div class=\"elementor-spacer\">\n\t\t\t<div class=\"elementor-spacer-inner\"><\/div>\n\t\t<\/div>\n\t\t\t\t\t\t<\/div>\n\t\t\t\t<\/div>\n\t\t\t\t\t<\/div>\n\t\t\t\t<\/div>\n\t\t<div class=\"elementor-element elementor-element-00a6fc6 e-flex e-con-boxed e-con e-parent\" data-id=\"00a6fc6\" data-element_type=\"container\" data-e-type=\"container\">\n\t\t\t\t\t<div class=\"e-con-inner\">\n\t\t<div class=\"elementor-element elementor-element-b27523b e-con-full e-flex elementor-invisible e-con e-child\" data-id=\"b27523b\" data-element_type=\"container\" data-e-type=\"container\" data-settings=\"{&quot;background_background&quot;:&quot;classic&quot;,&quot;animation&quot;:&quot;fadeIn&quot;,&quot;animation_delay&quot;:400}\">\n\t\t\t\t<div class=\"elementor-element elementor-element-6479820 elementor-invisible elementor-widget elementor-widget-text-editor\" data-id=\"6479820\" data-element_type=\"widget\" data-e-type=\"widget\" data-settings=\"{&quot;_animation&quot;:&quot;fadeIn&quot;,&quot;_animation_delay&quot;:400}\" data-widget_type=\"text-editor.default\">\n\t\t\t\t<div class=\"elementor-widget-container\">\n\t\t\t\t\t\t\t\t\t<p>Ratkaisu jokaiseen ty\u00f6tyyppiin ja ajotyyliin.<\/p>\n\t\t\t\t\t\t\t\t<\/div>\n\t\t\t\t<\/div>\n\t\t\t\t<div class=\"elementor-element elementor-element-91b1012 elementor-widget elementor-widget-text-editor\" data-id=\"91b1012\" data-element_type=\"widget\" data-e-type=\"widget\" data-widget_type=\"text-editor.default\">\n\t\t\t\t<div class=\"elementor-widget-container\">\n\t\t\t\t\t\t\t\t\t<p>Evitalia <b>100 % s\u00e4hk\u00f6iset<\/b> ajoneuvot eiv\u00e4t vaikuta ymp\u00e4rist\u00f6\u00f6n, ja ne ovat <b>monipuolisia<\/b> ja <b>hiljaisia<\/b> liikkuessaan.<\/p>\n<p>Nelivetoisen vetovoiman ansiosta ne toimivat kaikilla alustoilla, kuten hiekkatiell\u00e4, mudassa, lumella, j\u00e4\u00e4ll\u00e4 sek\u00e4 asfalttiteill\u00e4.<\/p>\n<p><b>Lukuisat lis\u00e4varusteet<\/b> mahdollistavat monien toimintojen suorittamisen ilman, ett\u00e4 tarvitsee hankkia useita ajoneuvoja.<\/p>\n\t\t\t\t\t\t\t\t<\/div>\n\t\t\t\t<\/div>\n\t\t\t\t<\/div>\n\t\t\t\t\t<\/div>\n\t\t\t\t<\/div>\n\t\t<div class=\"elementor-element elementor-element-3217bc6 e-flex e-con-boxed e-con e-parent\" data-id=\"3217bc6\" data-element_type=\"container\" data-e-type=\"container\" data-settings=\"{&quot;background_background&quot;:&quot;gradient&quot;}\">\n\t\t\t\t\t<div class=\"e-con-inner\">\n\t\t<div class=\"elementor-element elementor-element-1f723c1 e-grid e-con-full e-con e-child\" data-id=\"1f723c1\" data-element_type=\"container\" data-e-type=\"container\">\n\t\t<div class=\"elementor-element elementor-element-c241182 e-con-full e-flex elementor-invisible e-con e-child\" data-id=\"c241182\" data-element_type=\"container\" data-e-type=\"container\" data-settings=\"{&quot;background_background&quot;:&quot;classic&quot;,&quot;animation&quot;:&quot;fadeIn&quot;,&quot;animation_delay&quot;:400}\">\n\t\t\t\t<div class=\"elementor-element elementor-element-e137050 elementor-widget elementor-widget-image\" data-id=\"e137050\" data-element_type=\"widget\" data-e-type=\"widget\" data-widget_type=\"image.default\">\n\t\t\t\t<div class=\"elementor-widget-container\">\n\t\t\t\t\t\t\t\t\t\t\t\t\t\t\t<img fetchpriority=\"high\" decoding=\"async\" width=\"800\" height=\"534\" src=\"https:\/\/evimotor.com\/wp-content\/uploads\/2025\/03\/applicazioni-Municipalizzate-1024x683.jpg\" class=\"attachment-large size-large wp-image-1988\" alt=\"\" srcset=\"https:\/\/evimotor.com\/wp-content\/uploads\/2025\/03\/applicazioni-Municipalizzate-1024x683.jpg 1024w, https:\/\/evimotor.com\/wp-content\/uploads\/2025\/03\/applicazioni-Municipalizzate-300x200.jpg 300w, https:\/\/evimotor.com\/wp-content\/uploads\/2025\/03\/applicazioni-Municipalizzate-768x512.jpg 768w, https:\/\/evimotor.com\/wp-content\/uploads\/2025\/03\/applicazioni-Municipalizzate-1536x1024.jpg 1536w, https:\/\/evimotor.com\/wp-content\/uploads\/2025\/03\/applicazioni-Municipalizzate.jpg 1840w\" sizes=\"(max-width: 800px) 100vw, 800px\" \/>\t\t\t\t\t\t\t\t\t\t\t\t\t\t\t<\/div>\n\t\t\t\t<\/div>\n\t\t<div class=\"elementor-element elementor-element-b4105d4 e-con-full e-flex e-con e-child\" data-id=\"b4105d4\" data-element_type=\"container\" data-e-type=\"container\">\n\t\t\t\t<div class=\"elementor-element elementor-element-916501f elementor-widget elementor-widget-heading\" data-id=\"916501f\" data-element_type=\"widget\" data-e-type=\"widget\" data-widget_type=\"heading.default\">\n\t\t\t\t<div class=\"elementor-widget-container\">\n\t\t\t\t\t<h3 class=\"elementor-heading-title elementor-size-default\">Kunnalliset yritykset<\/h3>\t\t\t\t<\/div>\n\t\t\t\t<\/div>\n\t\t\t\t<div class=\"elementor-element elementor-element-ed12b7c elementor-widget elementor-widget-text-editor\" data-id=\"ed12b7c\" data-element_type=\"widget\" data-e-type=\"widget\" data-widget_type=\"text-editor.default\">\n\t\t\t\t<div class=\"elementor-widget-container\">\n\t\t\t\t\t\t\t\t\t<p>Evitalian s\u00e4hk\u00f6ajoneuvot ovat ihanteellinen ty\u00f6kalu kunnallisten palvelujen yritysten kaikkiin t\u00f6ihin. <b>Vihreiden alueiden hoito, j\u00e4tehuolto ja yleinen <\/b>huolto ovat vain muutamia esimerkkej\u00e4 t\u00f6ist\u00e4, joissa s\u00e4hk\u00f6iset kuljetusajoneuvomme ovat tehokkaita.<\/p>\n<p>Kunnallisten palvelujen ajoneuvokannan parantamiseksi ja tehostamiseksi Evitalia tarjoaa s\u00e4hk\u00f6ajoneuvojaan laajan valikoiman lis\u00e4varusteita.<\/p>\n<p>Evitalia-s\u00e4hk\u00f6ajoneuvot ovat ihanteellisia my\u00f6s lumenauraukseen.<\/p>\n<p>Olipa kyseess\u00e4 sitten kaupunkikeskustan <b>katujen puhdistaminen<\/b> tai hotellien, julkisten paikkojen ja lomakohteiden sis\u00e4\u00e4nk\u00e4yntien auraus, EviCountry on ihanteellinen ajoneuvo.<\/p>\n<p>Nelivetoinen ajoneuvomme, jossa on kaksi tehokasta s\u00e4hk\u00f6moottoria, mahdollistaa lumen aurauksen kaikissa s\u00e4\u00e4olosuhteissa.<\/p>\n\t\t\t\t\t\t\t\t<\/div>\n\t\t\t\t<\/div>\n\t\t\t\t<\/div>\n\t\t\t\t<\/div>\n\t\t<div class=\"elementor-element elementor-element-e40657a e-con-full e-flex elementor-invisible e-con e-child\" data-id=\"e40657a\" data-element_type=\"container\" data-e-type=\"container\" data-settings=\"{&quot;background_background&quot;:&quot;classic&quot;,&quot;animation&quot;:&quot;fadeIn&quot;,&quot;animation_delay&quot;:400}\">\n\t\t\t\t<div class=\"elementor-element elementor-element-03bf53f elementor-widget elementor-widget-image\" data-id=\"03bf53f\" data-element_type=\"widget\" data-e-type=\"widget\" data-widget_type=\"image.default\">\n\t\t\t\t<div class=\"elementor-widget-container\">\n\t\t\t\t\t\t\t\t\t\t\t\t\t\t\t<img decoding=\"async\" width=\"800\" height=\"534\" src=\"https:\/\/evimotor.com\/wp-content\/uploads\/2025\/03\/applicazioni-Agricoltura-1024x683.jpg\" class=\"attachment-large size-large wp-image-1987\" alt=\"\" srcset=\"https:\/\/evimotor.com\/wp-content\/uploads\/2025\/03\/applicazioni-Agricoltura-1024x683.jpg 1024w, https:\/\/evimotor.com\/wp-content\/uploads\/2025\/03\/applicazioni-Agricoltura-300x200.jpg 300w, https:\/\/evimotor.com\/wp-content\/uploads\/2025\/03\/applicazioni-Agricoltura-768x512.jpg 768w, https:\/\/evimotor.com\/wp-content\/uploads\/2025\/03\/applicazioni-Agricoltura-1536x1024.jpg 1536w, https:\/\/evimotor.com\/wp-content\/uploads\/2025\/03\/applicazioni-Agricoltura.jpg 1840w\" sizes=\"(max-width: 800px) 100vw, 800px\" \/>\t\t\t\t\t\t\t\t\t\t\t\t\t\t\t<\/div>\n\t\t\t\t<\/div>\n\t\t<div class=\"elementor-element elementor-element-efff621 e-con-full e-flex e-con e-child\" data-id=\"efff621\" data-element_type=\"container\" data-e-type=\"container\">\n\t\t\t\t<div class=\"elementor-element elementor-element-8ba8d8d elementor-widget elementor-widget-heading\" data-id=\"8ba8d8d\" data-element_type=\"widget\" data-e-type=\"widget\" data-widget_type=\"heading.default\">\n\t\t\t\t<div class=\"elementor-widget-container\">\n\t\t\t\t\t<h3 class=\"elementor-heading-title elementor-size-default\">Maatalous<\/h3>\t\t\t\t<\/div>\n\t\t\t\t<\/div>\n\t\t\t\t<div class=\"elementor-element elementor-element-0d59690 elementor-widget elementor-widget-text-editor\" data-id=\"0d59690\" data-element_type=\"widget\" data-e-type=\"widget\" data-widget_type=\"text-editor.default\">\n\t\t\t\t<div class=\"elementor-widget-container\">\n\t\t\t\t\t\t\t\t\t<p>Evitalia-s\u00e4hk\u00f6ajoneuvot ovat ihanteellinen v\u00e4line monien <b>maatalous-, mets\u00e4talous-<\/b> ja monien muiden t\u00f6iden suorittamiseen.<\/p>\n<p>Neliveto, t\u00e4ysin p\u00e4\u00e4st\u00f6t\u00f6n ja \u00e4\u00e4net\u00f6n ajoneuvo mahdollistavat sen k\u00e4yt\u00f6n sek\u00e4 ulkona (tiell\u00e4 ja maastossa) ett\u00e4 sis\u00e4tiloissa.<\/p>\n<p>Kyky ylitt\u00e4\u00e4 <b>35 %:n kaltevuudet<\/b> ja jopa 1 000 kg:n kuorma mahdollistavat sen k\u00e4yt\u00f6n my\u00f6s kukkuloilla ja vuorilla.<\/p>\n<p>Evitalia-monitoimiset s\u00e4hk\u00f6ajoneuvot ovat ihanteellinen ratkaisu <b>vaikeakulkuisissa ja vaikeasti saavutettavissa<\/b>ymp\u00e4rist\u00f6iss\u00e4 teht\u00e4viin t\u00f6ihin. Ne ovat hiljaisia, eiv\u00e4t tuota p\u00e4\u00e4st\u00f6j\u00e4 ja niiden toimintas\u00e4de riitt\u00e4\u00e4 pitk\u00e4kestoisiin t\u00f6ihin.<\/p>\n<p>Mets\u00e4taloudessa monitoimisia s\u00e4hk\u00f6ajoneuvoja voidaan k\u00e4ytt\u00e4\u00e4: <b>materiaalien ja laitteiden kuljetukseen, alueen seurantaan ja valvontaan, h\u00e4t\u00e4tilanteisiin, huoltoon ja puhdistukseen.<\/b><\/p>\n\t\t\t\t\t\t\t\t<\/div>\n\t\t\t\t<\/div>\n\t\t\t\t<\/div>\n\t\t\t\t<\/div>\n\t\t\t\t<\/div>\n\t\t<div class=\"elementor-element elementor-element-682c1e0 e-grid e-con-full e-con e-child\" data-id=\"682c1e0\" data-element_type=\"container\" data-e-type=\"container\">\n\t\t<div class=\"elementor-element elementor-element-20449d3 e-con-full e-flex elementor-invisible e-con e-child\" data-id=\"20449d3\" data-element_type=\"container\" data-e-type=\"container\" data-settings=\"{&quot;background_background&quot;:&quot;classic&quot;,&quot;animation&quot;:&quot;fadeIn&quot;,&quot;animation_delay&quot;:400}\">\n\t\t\t\t<div class=\"elementor-element elementor-element-b1bfb3f elementor-widget elementor-widget-image\" data-id=\"b1bfb3f\" data-element_type=\"widget\" data-e-type=\"widget\" data-widget_type=\"image.default\">\n\t\t\t\t<div class=\"elementor-widget-container\">\n\t\t\t\t\t\t\t\t\t\t\t\t\t\t\t<img decoding=\"async\" width=\"800\" height=\"534\" src=\"https:\/\/evimotor.com\/wp-content\/uploads\/2025\/05\/Industries2-1-1024x683.jpg\" class=\"attachment-large size-large wp-image-1991\" alt=\"\" srcset=\"https:\/\/evimotor.com\/wp-content\/uploads\/2025\/05\/Industries2-1-1024x683.jpg 1024w, https:\/\/evimotor.com\/wp-content\/uploads\/2025\/05\/Industries2-1-300x200.jpg 300w, https:\/\/evimotor.com\/wp-content\/uploads\/2025\/05\/Industries2-1-768x512.jpg 768w, https:\/\/evimotor.com\/wp-content\/uploads\/2025\/05\/Industries2-1.jpg 1200w\" sizes=\"(max-width: 800px) 100vw, 800px\" \/>\t\t\t\t\t\t\t\t\t\t\t\t\t\t\t<\/div>\n\t\t\t\t<\/div>\n\t\t<div class=\"elementor-element elementor-element-f47c41f e-con-full e-flex e-con e-child\" data-id=\"f47c41f\" data-element_type=\"container\" data-e-type=\"container\">\n\t\t\t\t<div class=\"elementor-element elementor-element-d3f6d28 elementor-widget elementor-widget-heading\" data-id=\"d3f6d28\" data-element_type=\"widget\" data-e-type=\"widget\" data-widget_type=\"heading.default\">\n\t\t\t\t<div class=\"elementor-widget-container\">\n\t\t\t\t\t<h3 class=\"elementor-heading-title elementor-size-default\">Asuinrakennus<\/h3>\t\t\t\t<\/div>\n\t\t\t\t<\/div>\n\t\t\t\t<div class=\"elementor-element elementor-element-4872084 elementor-widget elementor-widget-text-editor\" data-id=\"4872084\" data-element_type=\"widget\" data-e-type=\"widget\" data-widget_type=\"text-editor.default\">\n\t\t\t\t<div class=\"elementor-widget-container\">\n\t\t\t\t\t\t\t\t\t<p>Vihreiden alueiden hoito, asuinalueiden tai lomakohteiden puistokujien siivous sek\u00e4 <b>leirint\u00e4alueiden tai urheilukeskusten<\/b> kunnossapito sujuvat helpommin, kun k\u00e4yt\u00f6ss\u00e4 on Evitalia-ajoneuvo.<\/p>\n<p>Ajoneuvomme ovat tieliikennekelpoisia, nelivetoisi\u00e4 ja pystyv\u00e4t toimimaan kaikentyyppisill\u00e4 maastoilla. Teilt\u00e4 golfkentille. Mets\u00e4n keskell\u00e4 mudassa tai lumessa.<\/p>\n<p>Mik\u00e4\u00e4n ei pys\u00e4yt\u00e4 ajoneuvojamme, ja niiden tarjoama mukavuus on markkinoiden huipputasoa.<\/p>\n<p>Lomakohteiden, hotellien ja lomapaikkojen kunnossapito vaatii hiljaisten ja ymp\u00e4rist\u00f6\u00e4 kuormittamattomien ajoneuvojen k\u00e4ytt\u00f6\u00e4.<\/p>\n<p>Monet asuinalueet ja matkailukohteet sijaitsevat m\u00e4kisill\u00e4 ja vuoristoisilla alueilla, ja Evitalia-ajoneuvot pystyv\u00e4t nelivetoj\u00e4rjestelm\u00e4ns\u00e4 ansiosta kulkemaan kaikilla teill\u00e4, sek\u00e4 maanteill\u00e4 ett\u00e4 maastossa.<\/p>\n\t\t\t\t\t\t\t\t<\/div>\n\t\t\t\t<\/div>\n\t\t\t\t<\/div>\n\t\t\t\t<\/div>\n\t\t<div class=\"elementor-element elementor-element-cd37a7d e-con-full e-flex elementor-invisible e-con e-child\" data-id=\"cd37a7d\" data-element_type=\"container\" data-e-type=\"container\" data-settings=\"{&quot;background_background&quot;:&quot;classic&quot;,&quot;animation&quot;:&quot;fadeIn&quot;,&quot;animation_delay&quot;:400}\">\n\t\t\t\t<div class=\"elementor-element elementor-element-c47d288 elementor-widget elementor-widget-image\" data-id=\"c47d288\" data-element_type=\"widget\" data-e-type=\"widget\" data-widget_type=\"image.default\">\n\t\t\t\t<div class=\"elementor-widget-container\">\n\t\t\t\t\t\t\t\t\t\t\t\t\t\t\t<img loading=\"lazy\" decoding=\"async\" width=\"700\" height=\"467\" src=\"https:\/\/evimotor.com\/wp-content\/uploads\/2025\/05\/Golf-Course-ping-lee-unsplash-700x525-1.jpg\" class=\"attachment-large size-large wp-image-1990\" alt=\"\" srcset=\"https:\/\/evimotor.com\/wp-content\/uploads\/2025\/05\/Golf-Course-ping-lee-unsplash-700x525-1.jpg 700w, https:\/\/evimotor.com\/wp-content\/uploads\/2025\/05\/Golf-Course-ping-lee-unsplash-700x525-1-300x200.jpg 300w\" sizes=\"(max-width: 700px) 100vw, 700px\" \/>\t\t\t\t\t\t\t\t\t\t\t\t\t\t\t<\/div>\n\t\t\t\t<\/div>\n\t\t<div class=\"elementor-element elementor-element-71ef3a7 e-con-full e-flex e-con e-child\" data-id=\"71ef3a7\" data-element_type=\"container\" data-e-type=\"container\">\n\t\t\t\t<div class=\"elementor-element elementor-element-5c745ca elementor-widget elementor-widget-heading\" data-id=\"5c745ca\" data-element_type=\"widget\" data-e-type=\"widget\" data-widget_type=\"heading.default\">\n\t\t\t\t<div class=\"elementor-widget-container\">\n\t\t\t\t\t<h3 class=\"elementor-heading-title elementor-size-default\">Lomakeskus<\/h3>\t\t\t\t<\/div>\n\t\t\t\t<\/div>\n\t\t\t\t<div class=\"elementor-element elementor-element-4b81afa elementor-widget elementor-widget-text-editor\" data-id=\"4b81afa\" data-element_type=\"widget\" data-e-type=\"widget\" data-widget_type=\"text-editor.default\">\n\t\t\t\t<div class=\"elementor-widget-container\">\n\t\t\t\t\t\t\t\t\t<p>Vihreiden alueiden kunnossapito vaatii nyky\u00e4\u00e4n koneita, jotka <b>eiv\u00e4t aiheuta ymp\u00e4rist\u00f6vaikutuksia<\/b> ja, jos mahdollista, <b>eiv\u00e4t h\u00e4iritse rauhaa<\/b>.<\/p>\n<p>Joidenkin maaperien pehmeys (esimerkiksi golfkent\u00e4t) ja toisten ep\u00e4vakaus (esimerkiksi mutaiset m\u00e4et tai lumiset tiet) edellytt\u00e4v\u00e4t, ett\u00e4 ajoneuvot pystyv\u00e4t liikkumaan vahingoittamatta tai kuluttamatta maaper\u00e4\u00e4, jolla ne liikkuvat.<\/p>\n<p>EviCountry voi liikkua vaivattomasti kaikentyyppisill\u00e4 maaperill\u00e4.<\/p>\n\t\t\t\t\t\t\t\t<\/div>\n\t\t\t\t<\/div>\n\t\t\t\t<\/div>\n\t\t\t\t<\/div>\n\t\t\t\t<\/div>\n\t\t\t\t\t<\/div>\n\t\t\t\t<\/div>\n\t\t\t\t<\/div>\n\t\t","protected":false},"excerpt":{"rendered":"<p>Ratkaisu jokaiseen ty\u00f6tyyppiin ja ajotyyliin. Evitalia 100 % s\u00e4hk\u00f6iset ajoneuvot eiv\u00e4t vaikuta ymp\u00e4rist\u00f6\u00f6n, ja ne ovat monipuolisia ja hiljaisia liikkuessaan. Nelivetoisen vetovoiman ansiosta ne toimivat kaikilla alustoilla, kuten hiekkatiell\u00e4, mudassa, lumella, j\u00e4\u00e4ll\u00e4 sek\u00e4 asfalttiteill\u00e4. Lukuisat lis\u00e4varusteet mahdollistavat monien toimintojen suorittamisen ilman, ett\u00e4 tarvitsee hankkia useita ajoneuvoja. Kunnalliset yritykset Evitalian s\u00e4hk\u00f6ajoneuvot ovat ihanteellinen ty\u00f6kalu kunnallisten palvelujen [&hellip;]<\/p>\n","protected":false},"author":1,"featured_media":0,"parent":0,"menu_order":0,"comment_status":"closed","ping_status":"closed","template":"elementor_header_footer","meta":{"footnotes":""},"class_list":["post-1985","page","type-page","status-publish","hentry"],"yoast_head":"<!-- This site is optimized with the Yoast SEO plugin v27.2 - https:\/\/yoast.com\/product\/yoast-seo-wordpress\/ -->\n<title>S\u00e4hk\u00f6isten hy\u00f6tyajoneuvojen k\u00e4ytt\u00f6kohteet | Evimotor<\/title>\n<meta name=\"description\" content=\"Evimotor-ratkaisut: j\u00e4tehuolto, kiinteist\u00f6hoito, kaupunkilogistiikka ja teollisuuden kuljetukset. 100 % s\u00e4hk\u00f6inen teho kunnille ja yrityksille.\" \/>\n<meta name=\"robots\" content=\"index, follow, max-snippet:-1, max-image-preview:large, max-video-preview:-1\" \/>\n<link rel=\"canonical\" href=\"https:\/\/evimotor.com\/fi\/sovellukset\/\" \/>\n<meta property=\"og:locale\" content=\"fi_FI\" \/>\n<meta property=\"og:type\" content=\"article\" \/>\n<meta property=\"og:title\" content=\"S\u00e4hk\u00f6isten hy\u00f6tyajoneuvojen k\u00e4ytt\u00f6kohteet | Evimotor\" \/>\n<meta property=\"og:description\" content=\"Evimotor-ratkaisut: j\u00e4tehuolto, kiinteist\u00f6hoito, kaupunkilogistiikka ja teollisuuden kuljetukset. 100 % s\u00e4hk\u00f6inen teho kunnille ja yrityksille.\" \/>\n<meta property=\"og:url\" content=\"https:\/\/evimotor.com\/fi\/sovellukset\/\" \/>\n<meta property=\"og:site_name\" content=\"Evimotor\" \/>\n<meta property=\"article:modified_time\" content=\"2026-03-19T10:09:48+00:00\" \/>\n<meta property=\"og:image\" content=\"https:\/\/evimotor.com\/wp-content\/uploads\/2025\/03\/applicazioni-Municipalizzate.jpg\" \/>\n\t<meta property=\"og:image:width\" content=\"1840\" \/>\n\t<meta property=\"og:image:height\" content=\"1227\" \/>\n\t<meta property=\"og:image:type\" content=\"image\/jpeg\" \/>\n<meta name=\"twitter:card\" content=\"summary_large_image\" \/>\n<meta name=\"twitter:label1\" content=\"Arvioitu lukuaika\" \/>\n\t<meta name=\"twitter:data1\" content=\"2 minuuttia\" \/>\n<script type=\"application\/ld+json\" class=\"yoast-schema-graph\">{\"@context\":\"https:\/\/schema.org\",\"@graph\":[{\"@type\":\"WebPage\",\"@id\":\"https:\/\/evimotor.com\/fi\/sovellukset\/\",\"url\":\"https:\/\/evimotor.com\/fi\/sovellukset\/\",\"name\":\"S\u00e4hk\u00f6isten hy\u00f6tyajoneuvojen k\u00e4ytt\u00f6kohteet | Evimotor\",\"isPartOf\":{\"@id\":\"https:\/\/evimotor.com\/fi\/#website\"},\"primaryImageOfPage\":{\"@id\":\"https:\/\/evimotor.com\/fi\/sovellukset\/#primaryimage\"},\"image\":{\"@id\":\"https:\/\/evimotor.com\/fi\/sovellukset\/#primaryimage\"},\"thumbnailUrl\":\"https:\/\/evimotor.com\/wp-content\/uploads\/2025\/03\/applicazioni-Municipalizzate-1024x683.jpg\",\"datePublished\":\"2025-03-06T12:58:41+00:00\",\"dateModified\":\"2026-03-19T10:09:48+00:00\",\"description\":\"Evimotor-ratkaisut: j\u00e4tehuolto, kiinteist\u00f6hoito, kaupunkilogistiikka ja teollisuuden kuljetukset. 100 % s\u00e4hk\u00f6inen teho kunnille ja yrityksille.\",\"breadcrumb\":{\"@id\":\"https:\/\/evimotor.com\/fi\/sovellukset\/#breadcrumb\"},\"inLanguage\":\"fi\",\"potentialAction\":[{\"@type\":\"ReadAction\",\"target\":[\"https:\/\/evimotor.com\/fi\/sovellukset\/\"]}]},{\"@type\":\"ImageObject\",\"inLanguage\":\"fi\",\"@id\":\"https:\/\/evimotor.com\/fi\/sovellukset\/#primaryimage\",\"url\":\"https:\/\/evimotor.com\/wp-content\/uploads\/2025\/03\/applicazioni-Municipalizzate-1024x683.jpg\",\"contentUrl\":\"https:\/\/evimotor.com\/wp-content\/uploads\/2025\/03\/applicazioni-Municipalizzate-1024x683.jpg\"},{\"@type\":\"BreadcrumbList\",\"@id\":\"https:\/\/evimotor.com\/fi\/sovellukset\/#breadcrumb\",\"itemListElement\":[{\"@type\":\"ListItem\",\"position\":1,\"name\":\"Home\",\"item\":\"https:\/\/evimotor.com\/fi\/\"},{\"@type\":\"ListItem\",\"position\":2,\"name\":\"Sovellukset\"}]},{\"@type\":\"WebSite\",\"@id\":\"https:\/\/evimotor.com\/fi\/#website\",\"url\":\"https:\/\/evimotor.com\/fi\/\",\"name\":\"Evimotor\",\"description\":\"Electric Vehicles Italia\",\"publisher\":{\"@id\":\"https:\/\/evimotor.com\/fi\/#organization\"},\"potentialAction\":[{\"@type\":\"SearchAction\",\"target\":{\"@type\":\"EntryPoint\",\"urlTemplate\":\"https:\/\/evimotor.com\/fi\/?s={search_term_string}\"},\"query-input\":{\"@type\":\"PropertyValueSpecification\",\"valueRequired\":true,\"valueName\":\"search_term_string\"}}],\"inLanguage\":\"fi\"},{\"@type\":\"Organization\",\"@id\":\"https:\/\/evimotor.com\/fi\/#organization\",\"name\":\"Evimotor\",\"url\":\"https:\/\/evimotor.com\/fi\/\",\"logo\":{\"@type\":\"ImageObject\",\"inLanguage\":\"fi\",\"@id\":\"https:\/\/evimotor.com\/fi\/#\/schema\/logo\/image\/\",\"url\":\"https:\/\/evimotor.com\/wp-content\/uploads\/2025\/02\/logo-evimotor.png\",\"contentUrl\":\"https:\/\/evimotor.com\/wp-content\/uploads\/2025\/02\/logo-evimotor.png\",\"width\":594,\"height\":110,\"caption\":\"Evimotor\"},\"image\":{\"@id\":\"https:\/\/evimotor.com\/fi\/#\/schema\/logo\/image\/\"}}]}<\/script>\n<!-- \/ Yoast SEO plugin. -->","yoast_head_json":{"title":"S\u00e4hk\u00f6isten hy\u00f6tyajoneuvojen k\u00e4ytt\u00f6kohteet | Evimotor","description":"Evimotor-ratkaisut: j\u00e4tehuolto, kiinteist\u00f6hoito, kaupunkilogistiikka ja teollisuuden kuljetukset. 100 % s\u00e4hk\u00f6inen teho kunnille ja yrityksille.","robots":{"index":"index","follow":"follow","max-snippet":"max-snippet:-1","max-image-preview":"max-image-preview:large","max-video-preview":"max-video-preview:-1"},"canonical":"https:\/\/evimotor.com\/fi\/sovellukset\/","og_locale":"fi_FI","og_type":"article","og_title":"S\u00e4hk\u00f6isten hy\u00f6tyajoneuvojen k\u00e4ytt\u00f6kohteet | Evimotor","og_description":"Evimotor-ratkaisut: j\u00e4tehuolto, kiinteist\u00f6hoito, kaupunkilogistiikka ja teollisuuden kuljetukset. 100 % s\u00e4hk\u00f6inen teho kunnille ja yrityksille.","og_url":"https:\/\/evimotor.com\/fi\/sovellukset\/","og_site_name":"Evimotor","article_modified_time":"2026-03-19T10:09:48+00:00","og_image":[{"width":1840,"height":1227,"url":"https:\/\/evimotor.com\/wp-content\/uploads\/2025\/03\/applicazioni-Municipalizzate.jpg","type":"image\/jpeg"}],"twitter_card":"summary_large_image","twitter_misc":{"Arvioitu lukuaika":"2 minuuttia"},"schema":{"@context":"https:\/\/schema.org","@graph":[{"@type":"WebPage","@id":"https:\/\/evimotor.com\/fi\/sovellukset\/","url":"https:\/\/evimotor.com\/fi\/sovellukset\/","name":"S\u00e4hk\u00f6isten hy\u00f6tyajoneuvojen k\u00e4ytt\u00f6kohteet | Evimotor","isPartOf":{"@id":"https:\/\/evimotor.com\/fi\/#website"},"primaryImageOfPage":{"@id":"https:\/\/evimotor.com\/fi\/sovellukset\/#primaryimage"},"image":{"@id":"https:\/\/evimotor.com\/fi\/sovellukset\/#primaryimage"},"thumbnailUrl":"https:\/\/evimotor.com\/wp-content\/uploads\/2025\/03\/applicazioni-Municipalizzate-1024x683.jpg","datePublished":"2025-03-06T12:58:41+00:00","dateModified":"2026-03-19T10:09:48+00:00","description":"Evimotor-ratkaisut: j\u00e4tehuolto, kiinteist\u00f6hoito, kaupunkilogistiikka ja teollisuuden kuljetukset. 100 % s\u00e4hk\u00f6inen teho kunnille ja yrityksille.","breadcrumb":{"@id":"https:\/\/evimotor.com\/fi\/sovellukset\/#breadcrumb"},"inLanguage":"fi","potentialAction":[{"@type":"ReadAction","target":["https:\/\/evimotor.com\/fi\/sovellukset\/"]}]},{"@type":"ImageObject","inLanguage":"fi","@id":"https:\/\/evimotor.com\/fi\/sovellukset\/#primaryimage","url":"https:\/\/evimotor.com\/wp-content\/uploads\/2025\/03\/applicazioni-Municipalizzate-1024x683.jpg","contentUrl":"https:\/\/evimotor.com\/wp-content\/uploads\/2025\/03\/applicazioni-Municipalizzate-1024x683.jpg"},{"@type":"BreadcrumbList","@id":"https:\/\/evimotor.com\/fi\/sovellukset\/#breadcrumb","itemListElement":[{"@type":"ListItem","position":1,"name":"Home","item":"https:\/\/evimotor.com\/fi\/"},{"@type":"ListItem","position":2,"name":"Sovellukset"}]},{"@type":"WebSite","@id":"https:\/\/evimotor.com\/fi\/#website","url":"https:\/\/evimotor.com\/fi\/","name":"Evimotor","description":"Electric Vehicles Italia","publisher":{"@id":"https:\/\/evimotor.com\/fi\/#organization"},"potentialAction":[{"@type":"SearchAction","target":{"@type":"EntryPoint","urlTemplate":"https:\/\/evimotor.com\/fi\/?s={search_term_string}"},"query-input":{"@type":"PropertyValueSpecification","valueRequired":true,"valueName":"search_term_string"}}],"inLanguage":"fi"},{"@type":"Organization","@id":"https:\/\/evimotor.com\/fi\/#organization","name":"Evimotor","url":"https:\/\/evimotor.com\/fi\/","logo":{"@type":"ImageObject","inLanguage":"fi","@id":"https:\/\/evimotor.com\/fi\/#\/schema\/logo\/image\/","url":"https:\/\/evimotor.com\/wp-content\/uploads\/2025\/02\/logo-evimotor.png","contentUrl":"https:\/\/evimotor.com\/wp-content\/uploads\/2025\/02\/logo-evimotor.png","width":594,"height":110,"caption":"Evimotor"},"image":{"@id":"https:\/\/evimotor.com\/fi\/#\/schema\/logo\/image\/"}}]}},"_links":{"self":[{"href":"https:\/\/evimotor.com\/fi\/wp-json\/wp\/v2\/pages\/1985","targetHints":{"allow":["GET"]}}],"collection":[{"href":"https:\/\/evimotor.com\/fi\/wp-json\/wp\/v2\/pages"}],"about":[{"href":"https:\/\/evimotor.com\/fi\/wp-json\/wp\/v2\/types\/page"}],"author":[{"embeddable":true,"href":"https:\/\/evimotor.com\/fi\/wp-json\/wp\/v2\/users\/1"}],"replies":[{"embeddable":true,"href":"https:\/\/evimotor.com\/fi\/wp-json\/wp\/v2\/comments?post=1985"}],"version-history":[{"count":1,"href":"https:\/\/evimotor.com\/fi\/wp-json\/wp\/v2\/pages\/1985\/revisions"}],"predecessor-version":[{"id":1992,"href":"https:\/\/evimotor.com\/fi\/wp-json\/wp\/v2\/pages\/1985\/revisions\/1992"}],"wp:attachment":[{"href":"https:\/\/evimotor.com\/fi\/wp-json\/wp\/v2\/media?parent=1985"}],"curies":[{"name":"wp","href":"https:\/\/api.w.org\/{rel}","templated":true}]}}