{"id":2051,"date":"2025-02-25T12:19:27","date_gmt":"2025-02-25T11:19:27","guid":{"rendered":"https:\/\/evimotor.com\/tietosuojakaytanto\/"},"modified":"2025-11-04T07:39:43","modified_gmt":"2025-11-04T06:39:43","slug":"tietosuojakaytanto","status":"publish","type":"page","link":"https:\/\/evimotor.com\/fi\/tietosuojakaytanto\/","title":{"rendered":"Tietosuojak\u00e4yt\u00e4nt\u00f6"},"content":{"rendered":"\t\t<div data-elementor-type=\"wp-page\" data-elementor-id=\"2051\" class=\"elementor elementor-2051 elementor-3\" data-elementor-post-type=\"page\">\n\t\t\t\t<div class=\"elementor-element elementor-element-7b536ac e-flex e-con-boxed e-con e-parent\" data-id=\"7b536ac\" data-element_type=\"container\" data-e-type=\"container\" data-settings=\"{&quot;background_background&quot;:&quot;classic&quot;}\">\n\t\t\t\t\t<div class=\"e-con-inner\">\n\t\t\t\t<div class=\"elementor-element elementor-element-978c179 elementor-widget elementor-widget-spacer\" data-id=\"978c179\" data-element_type=\"widget\" data-e-type=\"widget\" data-widget_type=\"spacer.default\">\n\t\t\t\t<div class=\"elementor-widget-container\">\n\t\t\t\t\t\t\t<div class=\"elementor-spacer\">\n\t\t\t<div class=\"elementor-spacer-inner\"><\/div>\n\t\t<\/div>\n\t\t\t\t\t\t<\/div>\n\t\t\t\t<\/div>\n\t\t\t\t\t<\/div>\n\t\t\t\t<\/div>\n\t\t<div class=\"elementor-element elementor-element-9deb7f0 e-flex e-con-boxed e-con e-parent\" data-id=\"9deb7f0\" data-element_type=\"container\" data-e-type=\"container\" data-settings=\"{&quot;background_background&quot;:&quot;classic&quot;}\">\n\t\t\t\t\t<div class=\"e-con-inner\">\n\t\t\t\t<div class=\"elementor-element elementor-element-84979ab elementor-widget__width-inherit elementor-invisible elementor-widget elementor-widget-text-editor\" data-id=\"84979ab\" data-element_type=\"widget\" data-e-type=\"widget\" data-settings=\"{&quot;_animation&quot;:&quot;fadeIn&quot;}\" data-widget_type=\"text-editor.default\">\n\t\t\t\t<div class=\"elementor-widget-container\">\n\t\t\t\t\t\t\t\t\t<p>Evi Country<\/p>\n\t\t\t\t\t\t\t\t<\/div>\n\t\t\t\t<\/div>\n\t\t\t\t<div class=\"elementor-element elementor-element-8851182 elementor-widget elementor-widget-text-editor\" data-id=\"8851182\" data-element_type=\"widget\" data-e-type=\"widget\" data-widget_type=\"text-editor.default\">\n\t\t\t\t<div class=\"elementor-widget-container\">\n\t\t\t\t\t\t\t\t\t<p>Tietosuojaseloste on laadittu Euroopan yleisen tietosuoja-asetuksen (EU-asetus 2016\/679) 13 artiklan mukaisesti.<\/p>\n<p>Tietosuojaseloste koskee vain Evitalian verkkosivustoa www.evimotor.com, ei muita verkkosivustoja, joita k\u00e4ytt\u00e4j\u00e4 mahdollisesti k\u00e4ytt\u00e4\u00e4 linkkien kautta.<\/p>\n<p><b><strong>Rekisterinpit\u00e4j\u00e4<\/strong><\/b><\/p>\n<p>EY-asetuksen 2016\/679 (GDPR) mukaisesti ilmoitetaan, ett\u00e4 rekisterinpit\u00e4j\u00e4 on \u201dEvitalia\u201d, ALV-numero IT04398180242, kotipaikka Via Riale, 3 &#8211; 36040 Grumolo delle Abbadesse (VI) Italia.<\/p>\n<p><b><strong>Tietojen k\u00e4sittelypaikka<\/strong><\/b><\/p>\n<p>T\u00e4m\u00e4n sivuston verkkopalveluihin liittyv\u00e4t k\u00e4sittelyt tapahtuvat edell\u00e4 mainitussa toimipaikassa, ja niit\u00e4 hoitavat vain k\u00e4sittelyst\u00e4 vastaava henkil\u00f6st\u00f6 tai satunnaisia huoltot\u00f6it\u00e4 suorittavat henkil\u00f6t. K\u00e4ytt\u00e4jien toimittamat henkil\u00f6tiedot, jotka liittyv\u00e4t erityisiin pyynt\u00f6ihin, k\u00e4ytet\u00e4\u00e4n ainoastaan pyydetyn palvelun tai suorituksen toteuttamiseen, ja ne v\u00e4litet\u00e4\u00e4n kolmansille osapuolille vain, jos se on t\u00e4t\u00e4 tarkoitusta varten v\u00e4ltt\u00e4m\u00e4t\u00f6nt\u00e4.<\/p>\n<h4>K\u00e4siteltyjen tietojen tyypit ja tarkoitukset<\/h4>\n<p><b><strong>Selailutiedot<\/strong><\/b><\/p>\n<p>T\u00e4m\u00e4n verkkosivuston toimintaan k\u00e4ytett\u00e4v\u00e4t tietoj\u00e4rjestelm\u00e4t ja ohjelmistot ker\u00e4\u00e4v\u00e4t normaalin toiminnan aikana joitakin henkil\u00f6tietoja, joiden siirto on implisiittist\u00e4 internetin viestint\u00e4protokollien k\u00e4yt\u00f6ss\u00e4. Kyseess\u00e4 ovat tiedot, joita ei ker\u00e4t\u00e4 tunnistettujen henkil\u00f6iden yhdist\u00e4miseksi, mutta jotka luonteensa vuoksi voivat kolmansien osapuolten hallussa olevien tietojen k\u00e4sittelyn ja yhdist\u00e4misen kautta mahdollistaa k\u00e4ytt\u00e4jien tunnistamisen.<\/p>\n<p>N\u00e4it\u00e4 tietoja k\u00e4ytet\u00e4\u00e4n ainoastaan tilastollisten tietojen ker\u00e4\u00e4miseen sivuston k\u00e4yt\u00f6st\u00e4 ja sen oikean toiminnan tarkistamiseen.<\/p>\n<p><b><strong>K\u00e4ytt\u00e4j\u00e4n vapaaehtoisesti antamat tiedot<\/strong><\/b><\/p>\n<p>Vapaaehtoinen, nimenomainen ja vapaaehtoinen s\u00e4hk\u00f6postin l\u00e4hett\u00e4minen t\u00e4ll\u00e4 sivustolla ilmoitettuihin osoitteisiin johtaa l\u00e4hett\u00e4j\u00e4n osoitteen ker\u00e4\u00e4miseen, mik\u00e4 on tarpeen vastausten l\u00e4hett\u00e4miseksi, sek\u00e4 mahdollisten muiden viestiss\u00e4 olevien henkil\u00f6tietojen ker\u00e4\u00e4miseen.<\/p>\n<p><b><strong>Ev\u00e4steet<\/strong><\/b><\/p>\n<p>Istuntoev\u00e4steiden k\u00e4ytt\u00f6 on tiukasti sidoksissa sivuston k\u00e4yt\u00f6n optimointiin ja sen tarkoituksena on yksinomaan varmistaa paras mahdollinen selailu sivustolla. Muut internetosoitteet, joihin t\u00e4m\u00e4 sivusto voi mahdollisesti linkitt\u00e4\u00e4, voivat sis\u00e4lt\u00e4\u00e4 seurantaj\u00e4rjestelmi\u00e4, joihin sivuston omistaja ei ole osallisena.<\/p>\n<p><b><strong>Tietojen antamisen vapaaehtoisuus<\/strong><\/b><\/p>\n<p>Lukuun ottamatta selaustietoja, k\u00e4ytt\u00e4j\u00e4 voi vapaasti antaa henkil\u00f6tietojaan, jos niit\u00e4 pyydet\u00e4\u00e4n sivuston erityisiss\u00e4 osioissa. Jos tietoja ei anneta, saatetaan kuitenkin olla mahdotonta saada pyydettyj\u00e4 tietoja.<\/p>\n<p><b><strong>K\u00e4sittelytavat<\/strong><\/b><\/p>\n<p>Henkil\u00f6tiedot k\u00e4sitell\u00e4\u00e4n automaattisilla v\u00e4lineill\u00e4 vain niin kauan kuin on ehdottomasti tarpeen niiden tarkoitusten saavuttamiseksi, joita varten ne on ker\u00e4tty. EU-asetuksen 2016\/679 32 artiklan mukaisesti noudatetaan erityisi\u00e4 turvatoimenpiteit\u00e4 tietojen menett\u00e4misen, laittoman tai v\u00e4\u00e4r\u00e4n k\u00e4yt\u00f6n ja luvattoman p\u00e4\u00e4syn est\u00e4miseksi.<\/p>\n<p><b><strong>Asianomaisten oikeudet<\/strong><\/b><\/p>\n<p>EU-asetuksen 2016\/679 15, 16, 17 ja 18 artiklan mukaisesti henkil\u00f6tietojen kohteena olevilla henkil\u00f6ill\u00e4 on milloin tahansa oikeus saada vahvistus kyseisten tietojen olemassaolosta, tiet\u00e4\u00e4 niiden sis\u00e4lt\u00f6 ja alkuper\u00e4, tarkistaa niiden paikkansapit\u00e4vyys tai pyyt\u00e4\u00e4 niiden t\u00e4ydent\u00e4mist\u00e4, p\u00e4ivityst\u00e4 tai oikaisua, pyyt\u00e4\u00e4 niiden poistamista, muuttamista nimett\u00f6miksi tai laittomasti k\u00e4siteltyjen tietojen est\u00e4mist\u00e4 sek\u00e4 vastustaa niiden k\u00e4sittely\u00e4 laillisista syist\u00e4.<\/p>\n<p><b><strong>Yhteystiedot<\/strong><\/b><\/p>\n<p>Jos haluat k\u00e4ytt\u00e4\u00e4 oikeuksiasi tai jos sinulla on lis\u00e4kysymyksi\u00e4 tai valituksia henkil\u00f6tietojen k\u00e4yt\u00f6st\u00e4 ja tietosuojasta, ota yhteytt\u00e4 osoitteeseen \u201cEvitalia\u201d Via Riale, 3 &#8211; 36040 Grumolo delle Abbadesse (VI) Italia.<\/p>\n<p>Sinulla on my\u00f6s oikeus tehd\u00e4 valitus valvontaviranomaiselle, joka Italiassa on perustettu henkil\u00f6tietojen suojasta vastaavan viranomaisen (www.garanteprivacy.it) alaisuuteen.<\/p>\n\t\t\t\t\t\t\t\t<\/div>\n\t\t\t\t<\/div>\n\t\t\t\t\t<\/div>\n\t\t\t\t<\/div>\n\t\t\t\t<\/div>\n\t\t","protected":false},"excerpt":{"rendered":"<p>Evi Country Tietosuojaseloste on laadittu Euroopan yleisen tietosuoja-asetuksen (EU-asetus 2016\/679) 13 artiklan mukaisesti. Tietosuojaseloste koskee vain Evitalian verkkosivustoa www.evimotor.com, ei muita verkkosivustoja, joita k\u00e4ytt\u00e4j\u00e4 mahdollisesti k\u00e4ytt\u00e4\u00e4 linkkien kautta. Rekisterinpit\u00e4j\u00e4 EY-asetuksen 2016\/679 (GDPR) mukaisesti ilmoitetaan, ett\u00e4 rekisterinpit\u00e4j\u00e4 on \u201dEvitalia\u201d, ALV-numero IT04398180242, kotipaikka Via Riale, 3 &#8211; 36040 Grumolo delle Abbadesse (VI) Italia. Tietojen k\u00e4sittelypaikka T\u00e4m\u00e4n sivuston [&hellip;]<\/p>\n","protected":false},"author":1,"featured_media":0,"parent":0,"menu_order":0,"comment_status":"closed","ping_status":"closed","template":"elementor_header_footer","meta":{"footnotes":""},"class_list":["post-2051","page","type-page","status-publish","hentry"],"yoast_head":"<!-- This site is optimized with the Yoast SEO plugin v27.2 - https:\/\/yoast.com\/product\/yoast-seo-wordpress\/ -->\n<title>Tietosuojak\u00e4yt\u00e4nt\u00f6 - Evimotor<\/title>\n<meta name=\"robots\" content=\"index, follow, max-snippet:-1, max-image-preview:large, max-video-preview:-1\" \/>\n<link rel=\"canonical\" href=\"https:\/\/evimotor.com\/fi\/tietosuojakaytanto\/\" \/>\n<meta property=\"og:locale\" content=\"fi_FI\" \/>\n<meta property=\"og:type\" content=\"article\" \/>\n<meta property=\"og:title\" content=\"Tietosuojak\u00e4yt\u00e4nt\u00f6 - Evimotor\" \/>\n<meta property=\"og:description\" content=\"Evi Country Tietosuojaseloste on laadittu Euroopan yleisen tietosuoja-asetuksen (EU-asetus 2016\/679) 13 artiklan mukaisesti. Tietosuojaseloste koskee vain Evitalian verkkosivustoa www.evimotor.com, ei muita verkkosivustoja, joita k\u00e4ytt\u00e4j\u00e4 mahdollisesti k\u00e4ytt\u00e4\u00e4 linkkien kautta. Rekisterinpit\u00e4j\u00e4 EY-asetuksen 2016\/679 (GDPR) mukaisesti ilmoitetaan, ett\u00e4 rekisterinpit\u00e4j\u00e4 on \u201dEvitalia\u201d, ALV-numero IT04398180242, kotipaikka Via Riale, 3 &#8211; 36040 Grumolo delle Abbadesse (VI) Italia. Tietojen k\u00e4sittelypaikka T\u00e4m\u00e4n sivuston [&hellip;]\" \/>\n<meta property=\"og:url\" content=\"https:\/\/evimotor.com\/fi\/tietosuojakaytanto\/\" \/>\n<meta property=\"og:site_name\" content=\"Evimotor\" \/>\n<meta property=\"article:modified_time\" content=\"2025-11-04T06:39:43+00:00\" \/>\n<meta name=\"twitter:card\" content=\"summary_large_image\" \/>\n<meta name=\"twitter:label1\" content=\"Arvioitu lukuaika\" \/>\n\t<meta name=\"twitter:data1\" content=\"3 minuuttia\" \/>\n<script type=\"application\/ld+json\" class=\"yoast-schema-graph\">{\"@context\":\"https:\/\/schema.org\",\"@graph\":[{\"@type\":\"WebPage\",\"@id\":\"https:\/\/evimotor.com\/fi\/tietosuojakaytanto\/\",\"url\":\"https:\/\/evimotor.com\/fi\/tietosuojakaytanto\/\",\"name\":\"Tietosuojak\u00e4yt\u00e4nt\u00f6 - Evimotor\",\"isPartOf\":{\"@id\":\"https:\/\/evimotor.com\/fi\/#website\"},\"datePublished\":\"2025-02-25T11:19:27+00:00\",\"dateModified\":\"2025-11-04T06:39:43+00:00\",\"breadcrumb\":{\"@id\":\"https:\/\/evimotor.com\/fi\/tietosuojakaytanto\/#breadcrumb\"},\"inLanguage\":\"fi\",\"potentialAction\":[{\"@type\":\"ReadAction\",\"target\":[\"https:\/\/evimotor.com\/fi\/tietosuojakaytanto\/\"]}]},{\"@type\":\"BreadcrumbList\",\"@id\":\"https:\/\/evimotor.com\/fi\/tietosuojakaytanto\/#breadcrumb\",\"itemListElement\":[{\"@type\":\"ListItem\",\"position\":1,\"name\":\"Home\",\"item\":\"https:\/\/evimotor.com\/fi\/\"},{\"@type\":\"ListItem\",\"position\":2,\"name\":\"Tietosuojak\u00e4yt\u00e4nt\u00f6\"}]},{\"@type\":\"WebSite\",\"@id\":\"https:\/\/evimotor.com\/fi\/#website\",\"url\":\"https:\/\/evimotor.com\/fi\/\",\"name\":\"Evimotor\",\"description\":\"Electric Vehicles Italia\",\"publisher\":{\"@id\":\"https:\/\/evimotor.com\/fi\/#organization\"},\"potentialAction\":[{\"@type\":\"SearchAction\",\"target\":{\"@type\":\"EntryPoint\",\"urlTemplate\":\"https:\/\/evimotor.com\/fi\/?s={search_term_string}\"},\"query-input\":{\"@type\":\"PropertyValueSpecification\",\"valueRequired\":true,\"valueName\":\"search_term_string\"}}],\"inLanguage\":\"fi\"},{\"@type\":\"Organization\",\"@id\":\"https:\/\/evimotor.com\/fi\/#organization\",\"name\":\"Evimotor\",\"url\":\"https:\/\/evimotor.com\/fi\/\",\"logo\":{\"@type\":\"ImageObject\",\"inLanguage\":\"fi\",\"@id\":\"https:\/\/evimotor.com\/fi\/#\/schema\/logo\/image\/\",\"url\":\"https:\/\/evimotor.com\/wp-content\/uploads\/2025\/02\/logo-evimotor.png\",\"contentUrl\":\"https:\/\/evimotor.com\/wp-content\/uploads\/2025\/02\/logo-evimotor.png\",\"width\":594,\"height\":110,\"caption\":\"Evimotor\"},\"image\":{\"@id\":\"https:\/\/evimotor.com\/fi\/#\/schema\/logo\/image\/\"}}]}<\/script>\n<!-- \/ Yoast SEO plugin. -->","yoast_head_json":{"title":"Tietosuojak\u00e4yt\u00e4nt\u00f6 - Evimotor","robots":{"index":"index","follow":"follow","max-snippet":"max-snippet:-1","max-image-preview":"max-image-preview:large","max-video-preview":"max-video-preview:-1"},"canonical":"https:\/\/evimotor.com\/fi\/tietosuojakaytanto\/","og_locale":"fi_FI","og_type":"article","og_title":"Tietosuojak\u00e4yt\u00e4nt\u00f6 - Evimotor","og_description":"Evi Country Tietosuojaseloste on laadittu Euroopan yleisen tietosuoja-asetuksen (EU-asetus 2016\/679) 13 artiklan mukaisesti. Tietosuojaseloste koskee vain Evitalian verkkosivustoa www.evimotor.com, ei muita verkkosivustoja, joita k\u00e4ytt\u00e4j\u00e4 mahdollisesti k\u00e4ytt\u00e4\u00e4 linkkien kautta. Rekisterinpit\u00e4j\u00e4 EY-asetuksen 2016\/679 (GDPR) mukaisesti ilmoitetaan, ett\u00e4 rekisterinpit\u00e4j\u00e4 on \u201dEvitalia\u201d, ALV-numero IT04398180242, kotipaikka Via Riale, 3 &#8211; 36040 Grumolo delle Abbadesse (VI) Italia. Tietojen k\u00e4sittelypaikka T\u00e4m\u00e4n sivuston [&hellip;]","og_url":"https:\/\/evimotor.com\/fi\/tietosuojakaytanto\/","og_site_name":"Evimotor","article_modified_time":"2025-11-04T06:39:43+00:00","twitter_card":"summary_large_image","twitter_misc":{"Arvioitu lukuaika":"3 minuuttia"},"schema":{"@context":"https:\/\/schema.org","@graph":[{"@type":"WebPage","@id":"https:\/\/evimotor.com\/fi\/tietosuojakaytanto\/","url":"https:\/\/evimotor.com\/fi\/tietosuojakaytanto\/","name":"Tietosuojak\u00e4yt\u00e4nt\u00f6 - Evimotor","isPartOf":{"@id":"https:\/\/evimotor.com\/fi\/#website"},"datePublished":"2025-02-25T11:19:27+00:00","dateModified":"2025-11-04T06:39:43+00:00","breadcrumb":{"@id":"https:\/\/evimotor.com\/fi\/tietosuojakaytanto\/#breadcrumb"},"inLanguage":"fi","potentialAction":[{"@type":"ReadAction","target":["https:\/\/evimotor.com\/fi\/tietosuojakaytanto\/"]}]},{"@type":"BreadcrumbList","@id":"https:\/\/evimotor.com\/fi\/tietosuojakaytanto\/#breadcrumb","itemListElement":[{"@type":"ListItem","position":1,"name":"Home","item":"https:\/\/evimotor.com\/fi\/"},{"@type":"ListItem","position":2,"name":"Tietosuojak\u00e4yt\u00e4nt\u00f6"}]},{"@type":"WebSite","@id":"https:\/\/evimotor.com\/fi\/#website","url":"https:\/\/evimotor.com\/fi\/","name":"Evimotor","description":"Electric Vehicles Italia","publisher":{"@id":"https:\/\/evimotor.com\/fi\/#organization"},"potentialAction":[{"@type":"SearchAction","target":{"@type":"EntryPoint","urlTemplate":"https:\/\/evimotor.com\/fi\/?s={search_term_string}"},"query-input":{"@type":"PropertyValueSpecification","valueRequired":true,"valueName":"search_term_string"}}],"inLanguage":"fi"},{"@type":"Organization","@id":"https:\/\/evimotor.com\/fi\/#organization","name":"Evimotor","url":"https:\/\/evimotor.com\/fi\/","logo":{"@type":"ImageObject","inLanguage":"fi","@id":"https:\/\/evimotor.com\/fi\/#\/schema\/logo\/image\/","url":"https:\/\/evimotor.com\/wp-content\/uploads\/2025\/02\/logo-evimotor.png","contentUrl":"https:\/\/evimotor.com\/wp-content\/uploads\/2025\/02\/logo-evimotor.png","width":594,"height":110,"caption":"Evimotor"},"image":{"@id":"https:\/\/evimotor.com\/fi\/#\/schema\/logo\/image\/"}}]}},"_links":{"self":[{"href":"https:\/\/evimotor.com\/fi\/wp-json\/wp\/v2\/pages\/2051","targetHints":{"allow":["GET"]}}],"collection":[{"href":"https:\/\/evimotor.com\/fi\/wp-json\/wp\/v2\/pages"}],"about":[{"href":"https:\/\/evimotor.com\/fi\/wp-json\/wp\/v2\/types\/page"}],"author":[{"embeddable":true,"href":"https:\/\/evimotor.com\/fi\/wp-json\/wp\/v2\/users\/1"}],"replies":[{"embeddable":true,"href":"https:\/\/evimotor.com\/fi\/wp-json\/wp\/v2\/comments?post=2051"}],"version-history":[{"count":1,"href":"https:\/\/evimotor.com\/fi\/wp-json\/wp\/v2\/pages\/2051\/revisions"}],"predecessor-version":[{"id":2052,"href":"https:\/\/evimotor.com\/fi\/wp-json\/wp\/v2\/pages\/2051\/revisions\/2052"}],"wp:attachment":[{"href":"https:\/\/evimotor.com\/fi\/wp-json\/wp\/v2\/media?parent=2051"}],"curies":[{"name":"wp","href":"https:\/\/api.w.org\/{rel}","templated":true}]}}