{"id":2053,"date":"2025-05-16T08:55:26","date_gmt":"2025-05-16T06:55:26","guid":{"rendered":"https:\/\/evimotor.com\/valinnainen\/"},"modified":"2025-11-04T07:41:09","modified_gmt":"2025-11-04T06:41:09","slug":"valinnainen","status":"publish","type":"page","link":"https:\/\/evimotor.com\/fi\/valinnainen\/","title":{"rendered":"Valinnainen"},"content":{"rendered":"\t\t<div data-elementor-type=\"wp-page\" data-elementor-id=\"2053\" class=\"elementor elementor-2053 elementor-674\" data-elementor-post-type=\"page\">\n\t\t\t\t<div class=\"elementor-element elementor-element-86945d0 e-flex e-con-boxed e-con e-parent\" data-id=\"86945d0\" data-element_type=\"container\" data-e-type=\"container\" data-settings=\"{&quot;background_background&quot;:&quot;classic&quot;}\">\n\t\t\t\t\t<div class=\"e-con-inner\">\n\t\t\t\t<div class=\"elementor-element elementor-element-10e6b24 elementor-widget elementor-widget-spacer\" data-id=\"10e6b24\" data-element_type=\"widget\" data-e-type=\"widget\" data-widget_type=\"spacer.default\">\n\t\t\t\t<div class=\"elementor-widget-container\">\n\t\t\t\t\t\t\t<div class=\"elementor-spacer\">\n\t\t\t<div class=\"elementor-spacer-inner\"><\/div>\n\t\t<\/div>\n\t\t\t\t\t\t<\/div>\n\t\t\t\t<\/div>\n\t\t\t\t\t<\/div>\n\t\t\t\t<\/div>\n\t\t<div class=\"elementor-element elementor-element-f9c5022 e-flex e-con-boxed e-con e-parent\" data-id=\"f9c5022\" data-element_type=\"container\" data-e-type=\"container\" data-settings=\"{&quot;background_background&quot;:&quot;classic&quot;}\">\n\t\t\t\t\t<div class=\"e-con-inner\">\n\t\t\t\t<div class=\"elementor-element elementor-element-4c5249a elementor-widget__width-inherit elementor-invisible elementor-widget elementor-widget-text-editor\" data-id=\"4c5249a\" data-element_type=\"widget\" data-e-type=\"widget\" data-settings=\"{&quot;_animation&quot;:&quot;fadeIn&quot;}\" data-widget_type=\"text-editor.default\">\n\t\t\t\t<div class=\"elementor-widget-container\">\n\t\t\t\t\t\t\t\t\t<p>Evi Country<\/p>\n\t\t\t\t\t\t\t\t<\/div>\n\t\t\t\t<\/div>\n\t\t\t\t<div class=\"elementor-element elementor-element-f9376a9 elementor-invisible elementor-widget elementor-widget-heading\" data-id=\"f9376a9\" data-element_type=\"widget\" data-e-type=\"widget\" data-settings=\"{&quot;_animation&quot;:&quot;fadeIn&quot;,&quot;_animation_delay&quot;:200}\" data-widget_type=\"heading.default\">\n\t\t\t\t<div class=\"elementor-widget-container\">\n\t\t\t\t\t<h2 class=\"elementor-heading-title elementor-size-default\">Valinnainen<\/h2>\t\t\t\t<\/div>\n\t\t\t\t<\/div>\n\t\t\t\t<div class=\"elementor-element elementor-element-0bfd817 elementor-widget elementor-widget-text-editor\" data-id=\"0bfd817\" data-element_type=\"widget\" data-e-type=\"widget\" data-widget_type=\"text-editor.default\">\n\t\t\t\t<div class=\"elementor-widget-container\">\n\t\t\t\t\t\t\t\t\t<p>Ajoneuvossamme on valikoima <b>lis\u00e4varusteita<\/b>, jotka t\u00e4ydent\u00e4v\u00e4t vakiovarusteita.<\/p>\n\t\t\t\t\t\t\t\t<\/div>\n\t\t\t\t<\/div>\n\t\t<div class=\"elementor-element elementor-element-1006bf6 e-grid e-con-full e-con e-child\" data-id=\"1006bf6\" data-element_type=\"container\" data-e-type=\"container\">\n\t\t<div class=\"elementor-element elementor-element-d66ee06 e-con-full e-flex e-con e-child\" data-id=\"d66ee06\" data-element_type=\"container\" data-e-type=\"container\">\n\t\t\t\t<div class=\"elementor-element elementor-element-378656e elementor-widget elementor-widget-image\" data-id=\"378656e\" data-element_type=\"widget\" data-e-type=\"widget\" data-widget_type=\"image.default\">\n\t\t\t\t<div class=\"elementor-widget-container\">\n\t\t\t\t\t\t\t\t\t\t\t\t\t\t\t<img fetchpriority=\"high\" decoding=\"async\" width=\"1920\" height=\"1371\" src=\"https:\/\/evimotor.com\/wp-content\/uploads\/2025\/05\/Gomme-off-road_immagine-01b.jpg\" class=\"attachment-full size-full wp-image-2056\" alt=\"\" srcset=\"https:\/\/evimotor.com\/wp-content\/uploads\/2025\/05\/Gomme-off-road_immagine-01b.jpg 1920w, https:\/\/evimotor.com\/wp-content\/uploads\/2025\/05\/Gomme-off-road_immagine-01b-300x214.jpg 300w, https:\/\/evimotor.com\/wp-content\/uploads\/2025\/05\/Gomme-off-road_immagine-01b-1024x731.jpg 1024w, https:\/\/evimotor.com\/wp-content\/uploads\/2025\/05\/Gomme-off-road_immagine-01b-768x548.jpg 768w, https:\/\/evimotor.com\/wp-content\/uploads\/2025\/05\/Gomme-off-road_immagine-01b-1536x1097.jpg 1536w\" sizes=\"(max-width: 1920px) 100vw, 1920px\" \/>\t\t\t\t\t\t\t\t\t\t\t\t\t\t\t<\/div>\n\t\t\t\t<\/div>\n\t\t\t\t<div class=\"elementor-element elementor-element-1a62afe elementor-widget elementor-widget-heading\" data-id=\"1a62afe\" data-element_type=\"widget\" data-e-type=\"widget\" data-widget_type=\"heading.default\">\n\t\t\t\t<div class=\"elementor-widget-container\">\n\t\t\t\t\t<h6 class=\"elementor-heading-title elementor-size-default\">Maastorenkaat<\/h6>\t\t\t\t<\/div>\n\t\t\t\t<\/div>\n\t\t\t\t<\/div>\n\t\t<div class=\"elementor-element elementor-element-adc1113 e-con-full e-flex e-con e-child\" data-id=\"adc1113\" data-element_type=\"container\" data-e-type=\"container\">\n\t\t\t\t<div class=\"elementor-element elementor-element-f5bd113 elementor-widget elementor-widget-image\" data-id=\"f5bd113\" data-element_type=\"widget\" data-e-type=\"widget\" data-widget_type=\"image.default\">\n\t\t\t\t<div class=\"elementor-widget-container\">\n\t\t\t\t\t\t\t\t\t\t\t\t\t\t\t<img decoding=\"async\" width=\"1112\" height=\"794\" src=\"https:\/\/evimotor.com\/wp-content\/uploads\/2025\/05\/Gancio-traino-per-rimorchio-stradle-e-agricolo.jpg\" class=\"attachment-full size-full wp-image-2055\" alt=\"\" srcset=\"https:\/\/evimotor.com\/wp-content\/uploads\/2025\/05\/Gancio-traino-per-rimorchio-stradle-e-agricolo.jpg 1112w, https:\/\/evimotor.com\/wp-content\/uploads\/2025\/05\/Gancio-traino-per-rimorchio-stradle-e-agricolo-300x214.jpg 300w, https:\/\/evimotor.com\/wp-content\/uploads\/2025\/05\/Gancio-traino-per-rimorchio-stradle-e-agricolo-1024x731.jpg 1024w, https:\/\/evimotor.com\/wp-content\/uploads\/2025\/05\/Gancio-traino-per-rimorchio-stradle-e-agricolo-768x548.jpg 768w\" sizes=\"(max-width: 1112px) 100vw, 1112px\" \/>\t\t\t\t\t\t\t\t\t\t\t\t\t\t\t<\/div>\n\t\t\t\t<\/div>\n\t\t\t\t<div class=\"elementor-element elementor-element-91936f9 elementor-widget elementor-widget-heading\" data-id=\"91936f9\" data-element_type=\"widget\" data-e-type=\"widget\" data-widget_type=\"heading.default\">\n\t\t\t\t<div class=\"elementor-widget-container\">\n\t\t\t\t\t<h6 class=\"elementor-heading-title elementor-size-default\">Vetokoukku maantie- ja maatalousper\u00e4vaunulle<\/h6>\t\t\t\t<\/div>\n\t\t\t\t<\/div>\n\t\t\t\t<\/div>\n\t\t<div class=\"elementor-element elementor-element-b868c36 e-con-full e-flex e-con e-child\" data-id=\"b868c36\" data-element_type=\"container\" data-e-type=\"container\">\n\t\t\t\t<div class=\"elementor-element elementor-element-5ab0489 elementor-widget elementor-widget-image\" data-id=\"5ab0489\" data-element_type=\"widget\" data-e-type=\"widget\" data-widget_type=\"image.default\">\n\t\t\t\t<div class=\"elementor-widget-container\">\n\t\t\t\t\t\t\t\t\t\t\t\t\t\t\t<img decoding=\"async\" width=\"1996\" height=\"1426\" src=\"https:\/\/evimotor.com\/wp-content\/uploads\/2025\/05\/Gruppo-HVAC-riscaldamento-e-clima.jpg\" class=\"attachment-full size-full wp-image-2057\" alt=\"\" srcset=\"https:\/\/evimotor.com\/wp-content\/uploads\/2025\/05\/Gruppo-HVAC-riscaldamento-e-clima.jpg 1996w, https:\/\/evimotor.com\/wp-content\/uploads\/2025\/05\/Gruppo-HVAC-riscaldamento-e-clima-300x214.jpg 300w, https:\/\/evimotor.com\/wp-content\/uploads\/2025\/05\/Gruppo-HVAC-riscaldamento-e-clima-1024x732.jpg 1024w, https:\/\/evimotor.com\/wp-content\/uploads\/2025\/05\/Gruppo-HVAC-riscaldamento-e-clima-768x549.jpg 768w, https:\/\/evimotor.com\/wp-content\/uploads\/2025\/05\/Gruppo-HVAC-riscaldamento-e-clima-1536x1097.jpg 1536w\" sizes=\"(max-width: 1996px) 100vw, 1996px\" \/>\t\t\t\t\t\t\t\t\t\t\t\t\t\t\t<\/div>\n\t\t\t\t<\/div>\n\t\t\t\t<div class=\"elementor-element elementor-element-5e06037 elementor-widget elementor-widget-heading\" data-id=\"5e06037\" data-element_type=\"widget\" data-e-type=\"widget\" data-widget_type=\"heading.default\">\n\t\t\t\t<div class=\"elementor-widget-container\">\n\t\t\t\t\t<h6 class=\"elementor-heading-title elementor-size-default\">L\u00e4mmitys- ja ilmastointij\u00e4rjestelmien HVAC-ryhm\u00e4<\/h6>\t\t\t\t<\/div>\n\t\t\t\t<\/div>\n\t\t\t\t<\/div>\n\t\t<div class=\"elementor-element elementor-element-f56b104 e-con-full e-flex e-con e-child\" data-id=\"f56b104\" data-element_type=\"container\" data-e-type=\"container\">\n\t\t\t\t<div class=\"elementor-element elementor-element-667b73d elementor-widget elementor-widget-image\" data-id=\"667b73d\" data-element_type=\"widget\" data-e-type=\"widget\" data-widget_type=\"image.default\">\n\t\t\t\t<div class=\"elementor-widget-container\">\n\t\t\t\t\t\t\t\t\t\t\t\t\t\t\t<img loading=\"lazy\" decoding=\"async\" width=\"1645\" height=\"1175\" src=\"https:\/\/evimotor.com\/wp-content\/uploads\/2025\/05\/immagine-11_Porte-vetroribaltabile.jpg\" class=\"attachment-full size-full wp-image-2058\" alt=\"\" srcset=\"https:\/\/evimotor.com\/wp-content\/uploads\/2025\/05\/immagine-11_Porte-vetroribaltabile.jpg 1645w, https:\/\/evimotor.com\/wp-content\/uploads\/2025\/05\/immagine-11_Porte-vetroribaltabile-300x214.jpg 300w, https:\/\/evimotor.com\/wp-content\/uploads\/2025\/05\/immagine-11_Porte-vetroribaltabile-1024x731.jpg 1024w, https:\/\/evimotor.com\/wp-content\/uploads\/2025\/05\/immagine-11_Porte-vetroribaltabile-768x549.jpg 768w, https:\/\/evimotor.com\/wp-content\/uploads\/2025\/05\/immagine-11_Porte-vetroribaltabile-1536x1097.jpg 1536w\" sizes=\"(max-width: 1645px) 100vw, 1645px\" \/>\t\t\t\t\t\t\t\t\t\t\t\t\t\t\t<\/div>\n\t\t\t\t<\/div>\n\t\t\t\t<div class=\"elementor-element elementor-element-e093cee elementor-widget elementor-widget-heading\" data-id=\"e093cee\" data-element_type=\"widget\" data-e-type=\"widget\" data-widget_type=\"heading.default\">\n\t\t\t\t<div class=\"elementor-widget-container\">\n\t\t\t\t\t<h6 class=\"elementor-heading-title elementor-size-default\">K\u00e4\u00e4nnett\u00e4v\u00e4 lava<\/h6>\t\t\t\t<\/div>\n\t\t\t\t<\/div>\n\t\t\t\t<\/div>\n\t\t<div class=\"elementor-element elementor-element-3cb4ea3 e-con-full e-flex e-con e-child\" data-id=\"3cb4ea3\" data-element_type=\"container\" data-e-type=\"container\">\n\t\t\t\t<div class=\"elementor-element elementor-element-5c25bbe elementor-widget elementor-widget-image\" data-id=\"5c25bbe\" data-element_type=\"widget\" data-e-type=\"widget\" data-widget_type=\"image.default\">\n\t\t\t\t<div class=\"elementor-widget-container\">\n\t\t\t\t\t\t\t\t\t\t\t\t\t\t\t<img loading=\"lazy\" decoding=\"async\" width=\"1536\" height=\"1098\" src=\"https:\/\/evimotor.com\/wp-content\/uploads\/2025\/05\/9C81066F-111B-4934-AE45-04A75B0230E0.jpg\" class=\"attachment-full size-full wp-image-2054\" alt=\"\" srcset=\"https:\/\/evimotor.com\/wp-content\/uploads\/2025\/05\/9C81066F-111B-4934-AE45-04A75B0230E0.jpg 1536w, https:\/\/evimotor.com\/wp-content\/uploads\/2025\/05\/9C81066F-111B-4934-AE45-04A75B0230E0-300x214.jpg 300w, https:\/\/evimotor.com\/wp-content\/uploads\/2025\/05\/9C81066F-111B-4934-AE45-04A75B0230E0-1024x732.jpg 1024w, https:\/\/evimotor.com\/wp-content\/uploads\/2025\/05\/9C81066F-111B-4934-AE45-04A75B0230E0-768x549.jpg 768w\" sizes=\"(max-width: 1536px) 100vw, 1536px\" \/>\t\t\t\t\t\t\t\t\t\t\t\t\t\t\t<\/div>\n\t\t\t\t<\/div>\n\t\t\t\t<div class=\"elementor-element elementor-element-32d530a elementor-widget elementor-widget-heading\" data-id=\"32d530a\" data-element_type=\"widget\" data-e-type=\"widget\" data-widget_type=\"heading.default\">\n\t\t\t\t<div class=\"elementor-widget-container\">\n\t\t\t\t\t<h6 class=\"elementor-heading-title elementor-size-default\">Takavalot<\/h6>\t\t\t\t<\/div>\n\t\t\t\t<\/div>\n\t\t\t\t<\/div>\n\t\t<div class=\"elementor-element elementor-element-4461625 e-con-full e-flex e-con e-child\" data-id=\"4461625\" data-element_type=\"container\" data-e-type=\"container\">\n\t\t\t\t<div class=\"elementor-element elementor-element-c6fc029 elementor-widget elementor-widget-image\" data-id=\"c6fc029\" data-element_type=\"widget\" data-e-type=\"widget\" data-widget_type=\"image.default\">\n\t\t\t\t<div class=\"elementor-widget-container\">\n\t\t\t\t\t\t\t\t\t\t\t\t\t\t\t<img loading=\"lazy\" decoding=\"async\" width=\"815\" height=\"560\" src=\"https:\/\/evimotor.com\/wp-content\/uploads\/2025\/07\/IMG_9148-1.jpg\" class=\"attachment-full size-full wp-image-2060\" alt=\"\" srcset=\"https:\/\/evimotor.com\/wp-content\/uploads\/2025\/07\/IMG_9148-1.jpg 815w, https:\/\/evimotor.com\/wp-content\/uploads\/2025\/07\/IMG_9148-1-300x206.jpg 300w, https:\/\/evimotor.com\/wp-content\/uploads\/2025\/07\/IMG_9148-1-768x528.jpg 768w\" sizes=\"(max-width: 815px) 100vw, 815px\" \/>\t\t\t\t\t\t\t\t\t\t\t\t\t\t\t<\/div>\n\t\t\t\t<\/div>\n\t\t\t\t<div class=\"elementor-element elementor-element-f528a8e elementor-widget elementor-widget-heading\" data-id=\"f528a8e\" data-element_type=\"widget\" data-e-type=\"widget\" data-widget_type=\"heading.default\">\n\t\t\t\t<div class=\"elementor-widget-container\">\n\t\t\t\t\t<h6 class=\"elementor-heading-title elementor-size-default\">Takakamera<\/h6>\t\t\t\t<\/div>\n\t\t\t\t<\/div>\n\t\t\t\t<\/div>\n\t\t\t\t<\/div>\n\t\t\t\t\t<\/div>\n\t\t\t\t<\/div>\n\t\t\t\t<\/div>\n\t\t","protected":false},"excerpt":{"rendered":"<p>Evi Country Valinnainen Ajoneuvossamme on valikoima lis\u00e4varusteita, jotka t\u00e4ydent\u00e4v\u00e4t vakiovarusteita. Maastorenkaat Vetokoukku maantie- ja maatalousper\u00e4vaunulle L\u00e4mmitys- ja ilmastointij\u00e4rjestelmien HVAC-ryhm\u00e4 K\u00e4\u00e4nnett\u00e4v\u00e4 lava Takavalot Takakamera<\/p>\n","protected":false},"author":2,"featured_media":0,"parent":0,"menu_order":0,"comment_status":"closed","ping_status":"closed","template":"elementor_header_footer","meta":{"footnotes":""},"class_list":["post-2053","page","type-page","status-publish","hentry"],"yoast_head":"<!-- This site is optimized with the Yoast SEO plugin v27.2 - https:\/\/yoast.com\/product\/yoast-seo-wordpress\/ -->\n<title>Valinnainen - Evimotor<\/title>\n<meta name=\"robots\" content=\"index, follow, max-snippet:-1, max-image-preview:large, max-video-preview:-1\" \/>\n<link rel=\"canonical\" href=\"https:\/\/evimotor.com\/fi\/valinnainen\/\" \/>\n<meta property=\"og:locale\" content=\"fi_FI\" \/>\n<meta property=\"og:type\" content=\"article\" \/>\n<meta property=\"og:title\" content=\"Valinnainen - Evimotor\" \/>\n<meta property=\"og:description\" content=\"Evi Country Valinnainen Ajoneuvossamme on valikoima lis\u00e4varusteita, jotka t\u00e4ydent\u00e4v\u00e4t vakiovarusteita. Maastorenkaat Vetokoukku maantie- ja maatalousper\u00e4vaunulle L\u00e4mmitys- ja ilmastointij\u00e4rjestelmien HVAC-ryhm\u00e4 K\u00e4\u00e4nnett\u00e4v\u00e4 lava Takavalot Takakamera\" \/>\n<meta property=\"og:url\" content=\"https:\/\/evimotor.com\/fi\/valinnainen\/\" \/>\n<meta property=\"og:site_name\" content=\"Evimotor\" \/>\n<meta property=\"article:modified_time\" content=\"2025-11-04T06:41:09+00:00\" \/>\n<meta property=\"og:image\" content=\"https:\/\/evimotor.com\/wp-content\/uploads\/2025\/05\/Gomme-off-road_immagine-01b.jpg\" \/>\n\t<meta property=\"og:image:width\" content=\"1920\" \/>\n\t<meta property=\"og:image:height\" content=\"1371\" \/>\n\t<meta property=\"og:image:type\" content=\"image\/jpeg\" \/>\n<meta name=\"twitter:card\" content=\"summary_large_image\" \/>\n<script type=\"application\/ld+json\" class=\"yoast-schema-graph\">{\"@context\":\"https:\/\/schema.org\",\"@graph\":[{\"@type\":\"WebPage\",\"@id\":\"https:\/\/evimotor.com\/fi\/valinnainen\/\",\"url\":\"https:\/\/evimotor.com\/fi\/valinnainen\/\",\"name\":\"Valinnainen - Evimotor\",\"isPartOf\":{\"@id\":\"https:\/\/evimotor.com\/fi\/#website\"},\"primaryImageOfPage\":{\"@id\":\"https:\/\/evimotor.com\/fi\/valinnainen\/#primaryimage\"},\"image\":{\"@id\":\"https:\/\/evimotor.com\/fi\/valinnainen\/#primaryimage\"},\"thumbnailUrl\":\"https:\/\/evimotor.com\/wp-content\/uploads\/2025\/05\/Gomme-off-road_immagine-01b.jpg\",\"datePublished\":\"2025-05-16T06:55:26+00:00\",\"dateModified\":\"2025-11-04T06:41:09+00:00\",\"breadcrumb\":{\"@id\":\"https:\/\/evimotor.com\/fi\/valinnainen\/#breadcrumb\"},\"inLanguage\":\"fi\",\"potentialAction\":[{\"@type\":\"ReadAction\",\"target\":[\"https:\/\/evimotor.com\/fi\/valinnainen\/\"]}]},{\"@type\":\"ImageObject\",\"inLanguage\":\"fi\",\"@id\":\"https:\/\/evimotor.com\/fi\/valinnainen\/#primaryimage\",\"url\":\"https:\/\/evimotor.com\/wp-content\/uploads\/2025\/05\/Gomme-off-road_immagine-01b.jpg\",\"contentUrl\":\"https:\/\/evimotor.com\/wp-content\/uploads\/2025\/05\/Gomme-off-road_immagine-01b.jpg\"},{\"@type\":\"BreadcrumbList\",\"@id\":\"https:\/\/evimotor.com\/fi\/valinnainen\/#breadcrumb\",\"itemListElement\":[{\"@type\":\"ListItem\",\"position\":1,\"name\":\"Home\",\"item\":\"https:\/\/evimotor.com\/fi\/\"},{\"@type\":\"ListItem\",\"position\":2,\"name\":\"Valinnainen\"}]},{\"@type\":\"WebSite\",\"@id\":\"https:\/\/evimotor.com\/fi\/#website\",\"url\":\"https:\/\/evimotor.com\/fi\/\",\"name\":\"Evimotor\",\"description\":\"Electric Vehicles Italia\",\"publisher\":{\"@id\":\"https:\/\/evimotor.com\/fi\/#organization\"},\"potentialAction\":[{\"@type\":\"SearchAction\",\"target\":{\"@type\":\"EntryPoint\",\"urlTemplate\":\"https:\/\/evimotor.com\/fi\/?s={search_term_string}\"},\"query-input\":{\"@type\":\"PropertyValueSpecification\",\"valueRequired\":true,\"valueName\":\"search_term_string\"}}],\"inLanguage\":\"fi\"},{\"@type\":\"Organization\",\"@id\":\"https:\/\/evimotor.com\/fi\/#organization\",\"name\":\"Evimotor\",\"url\":\"https:\/\/evimotor.com\/fi\/\",\"logo\":{\"@type\":\"ImageObject\",\"inLanguage\":\"fi\",\"@id\":\"https:\/\/evimotor.com\/fi\/#\/schema\/logo\/image\/\",\"url\":\"https:\/\/evimotor.com\/wp-content\/uploads\/2025\/02\/logo-evimotor.png\",\"contentUrl\":\"https:\/\/evimotor.com\/wp-content\/uploads\/2025\/02\/logo-evimotor.png\",\"width\":594,\"height\":110,\"caption\":\"Evimotor\"},\"image\":{\"@id\":\"https:\/\/evimotor.com\/fi\/#\/schema\/logo\/image\/\"}}]}<\/script>\n<!-- \/ Yoast SEO plugin. -->","yoast_head_json":{"title":"Valinnainen - Evimotor","robots":{"index":"index","follow":"follow","max-snippet":"max-snippet:-1","max-image-preview":"max-image-preview:large","max-video-preview":"max-video-preview:-1"},"canonical":"https:\/\/evimotor.com\/fi\/valinnainen\/","og_locale":"fi_FI","og_type":"article","og_title":"Valinnainen - Evimotor","og_description":"Evi Country Valinnainen Ajoneuvossamme on valikoima lis\u00e4varusteita, jotka t\u00e4ydent\u00e4v\u00e4t vakiovarusteita. Maastorenkaat Vetokoukku maantie- ja maatalousper\u00e4vaunulle L\u00e4mmitys- ja ilmastointij\u00e4rjestelmien HVAC-ryhm\u00e4 K\u00e4\u00e4nnett\u00e4v\u00e4 lava Takavalot Takakamera","og_url":"https:\/\/evimotor.com\/fi\/valinnainen\/","og_site_name":"Evimotor","article_modified_time":"2025-11-04T06:41:09+00:00","og_image":[{"width":1920,"height":1371,"url":"https:\/\/evimotor.com\/wp-content\/uploads\/2025\/05\/Gomme-off-road_immagine-01b.jpg","type":"image\/jpeg"}],"twitter_card":"summary_large_image","schema":{"@context":"https:\/\/schema.org","@graph":[{"@type":"WebPage","@id":"https:\/\/evimotor.com\/fi\/valinnainen\/","url":"https:\/\/evimotor.com\/fi\/valinnainen\/","name":"Valinnainen - Evimotor","isPartOf":{"@id":"https:\/\/evimotor.com\/fi\/#website"},"primaryImageOfPage":{"@id":"https:\/\/evimotor.com\/fi\/valinnainen\/#primaryimage"},"image":{"@id":"https:\/\/evimotor.com\/fi\/valinnainen\/#primaryimage"},"thumbnailUrl":"https:\/\/evimotor.com\/wp-content\/uploads\/2025\/05\/Gomme-off-road_immagine-01b.jpg","datePublished":"2025-05-16T06:55:26+00:00","dateModified":"2025-11-04T06:41:09+00:00","breadcrumb":{"@id":"https:\/\/evimotor.com\/fi\/valinnainen\/#breadcrumb"},"inLanguage":"fi","potentialAction":[{"@type":"ReadAction","target":["https:\/\/evimotor.com\/fi\/valinnainen\/"]}]},{"@type":"ImageObject","inLanguage":"fi","@id":"https:\/\/evimotor.com\/fi\/valinnainen\/#primaryimage","url":"https:\/\/evimotor.com\/wp-content\/uploads\/2025\/05\/Gomme-off-road_immagine-01b.jpg","contentUrl":"https:\/\/evimotor.com\/wp-content\/uploads\/2025\/05\/Gomme-off-road_immagine-01b.jpg"},{"@type":"BreadcrumbList","@id":"https:\/\/evimotor.com\/fi\/valinnainen\/#breadcrumb","itemListElement":[{"@type":"ListItem","position":1,"name":"Home","item":"https:\/\/evimotor.com\/fi\/"},{"@type":"ListItem","position":2,"name":"Valinnainen"}]},{"@type":"WebSite","@id":"https:\/\/evimotor.com\/fi\/#website","url":"https:\/\/evimotor.com\/fi\/","name":"Evimotor","description":"Electric Vehicles Italia","publisher":{"@id":"https:\/\/evimotor.com\/fi\/#organization"},"potentialAction":[{"@type":"SearchAction","target":{"@type":"EntryPoint","urlTemplate":"https:\/\/evimotor.com\/fi\/?s={search_term_string}"},"query-input":{"@type":"PropertyValueSpecification","valueRequired":true,"valueName":"search_term_string"}}],"inLanguage":"fi"},{"@type":"Organization","@id":"https:\/\/evimotor.com\/fi\/#organization","name":"Evimotor","url":"https:\/\/evimotor.com\/fi\/","logo":{"@type":"ImageObject","inLanguage":"fi","@id":"https:\/\/evimotor.com\/fi\/#\/schema\/logo\/image\/","url":"https:\/\/evimotor.com\/wp-content\/uploads\/2025\/02\/logo-evimotor.png","contentUrl":"https:\/\/evimotor.com\/wp-content\/uploads\/2025\/02\/logo-evimotor.png","width":594,"height":110,"caption":"Evimotor"},"image":{"@id":"https:\/\/evimotor.com\/fi\/#\/schema\/logo\/image\/"}}]}},"_links":{"self":[{"href":"https:\/\/evimotor.com\/fi\/wp-json\/wp\/v2\/pages\/2053","targetHints":{"allow":["GET"]}}],"collection":[{"href":"https:\/\/evimotor.com\/fi\/wp-json\/wp\/v2\/pages"}],"about":[{"href":"https:\/\/evimotor.com\/fi\/wp-json\/wp\/v2\/types\/page"}],"author":[{"embeddable":true,"href":"https:\/\/evimotor.com\/fi\/wp-json\/wp\/v2\/users\/2"}],"replies":[{"embeddable":true,"href":"https:\/\/evimotor.com\/fi\/wp-json\/wp\/v2\/comments?post=2053"}],"version-history":[{"count":1,"href":"https:\/\/evimotor.com\/fi\/wp-json\/wp\/v2\/pages\/2053\/revisions"}],"predecessor-version":[{"id":2061,"href":"https:\/\/evimotor.com\/fi\/wp-json\/wp\/v2\/pages\/2053\/revisions\/2061"}],"wp:attachment":[{"href":"https:\/\/evimotor.com\/fi\/wp-json\/wp\/v2\/media?parent=2053"}],"curies":[{"name":"wp","href":"https:\/\/api.w.org\/{rel}","templated":true}]}}