{"id":1046,"date":"2025-02-25T12:19:27","date_gmt":"2025-02-25T11:19:27","guid":{"rendered":"https:\/\/evimotor.com\/privacy-policy\/"},"modified":"2025-06-05T10:46:54","modified_gmt":"2025-06-05T08:46:54","slug":"privacy-policy","status":"publish","type":"page","link":"https:\/\/evimotor.com\/fr\/privacy-policy\/","title":{"rendered":"Privacy Policy"},"content":{"rendered":"\t\t<div data-elementor-type=\"wp-page\" data-elementor-id=\"1046\" class=\"elementor elementor-1046 elementor-3\" data-elementor-post-type=\"page\">\n\t\t\t\t<div class=\"elementor-element elementor-element-7b536ac e-flex e-con-boxed e-con e-parent\" data-id=\"7b536ac\" data-element_type=\"container\" data-e-type=\"container\" data-settings=\"{&quot;background_background&quot;:&quot;classic&quot;}\">\n\t\t\t\t\t<div class=\"e-con-inner\">\n\t\t\t\t<div class=\"elementor-element elementor-element-978c179 elementor-widget elementor-widget-spacer\" data-id=\"978c179\" data-element_type=\"widget\" data-e-type=\"widget\" data-widget_type=\"spacer.default\">\n\t\t\t\t<div class=\"elementor-widget-container\">\n\t\t\t\t\t\t\t<div class=\"elementor-spacer\">\n\t\t\t<div class=\"elementor-spacer-inner\"><\/div>\n\t\t<\/div>\n\t\t\t\t\t\t<\/div>\n\t\t\t\t<\/div>\n\t\t\t\t\t<\/div>\n\t\t\t\t<\/div>\n\t\t<div class=\"elementor-element elementor-element-9deb7f0 e-flex e-con-boxed e-con e-parent\" data-id=\"9deb7f0\" data-element_type=\"container\" data-e-type=\"container\" data-settings=\"{&quot;background_background&quot;:&quot;classic&quot;}\">\n\t\t\t\t\t<div class=\"e-con-inner\">\n\t\t\t\t<div class=\"elementor-element elementor-element-84979ab elementor-widget__width-inherit elementor-invisible elementor-widget elementor-widget-text-editor\" data-id=\"84979ab\" data-element_type=\"widget\" data-e-type=\"widget\" data-settings=\"{&quot;_animation&quot;:&quot;fadeIn&quot;}\" data-widget_type=\"text-editor.default\">\n\t\t\t\t<div class=\"elementor-widget-container\">\n\t\t\t\t\t\t\t\t\t<p>Evi Country<\/p>\n\t\t\t\t\t\t\t\t<\/div>\n\t\t\t\t<\/div>\n\t\t\t\t<div class=\"elementor-element elementor-element-8851182 elementor-widget elementor-widget-text-editor\" data-id=\"8851182\" data-element_type=\"widget\" data-e-type=\"widget\" data-widget_type=\"text-editor.default\">\n\t\t\t\t<div class=\"elementor-widget-container\">\n\t\t\t\t\t\t\t\t\t<p>Ces informations sont fournies conform\u00e9ment \u00e0 l&rsquo;article 13 du r\u00e8glement g\u00e9n\u00e9ral europ\u00e9en sur la protection des donn\u00e9es (r\u00e8glement UE 2016\/679).<br \/>Les informations sont fournies uniquement pour le site web www.evimotor.com d&rsquo;Evitalia et non pour d&rsquo;autres sites web qui peuvent \u00eatre consult\u00e9s par l&rsquo;utilisateur par le biais de liens.<\/p>\n<p>Responsable du traitement<br \/>Conform\u00e9ment au r\u00e8glement (UE) 2016\/679 (GDPR), nous d\u00e9clarons que le responsable du traitement des donn\u00e9es est \u00ab Evitalia \u00bb, PIVA IT04398180242 et si\u00e8ge \u00e0 Via Riale, 3 &#8211; 36040 Grumolo delle Abbadesse (VI) Italie.<\/p>\n<p>Lieu de traitement des donn\u00e9es<br \/>Les op\u00e9rations de traitement li\u00e9es aux services web de ce site ont lieu au si\u00e8ge susmentionn\u00e9 et sont effectu\u00e9es uniquement par le personnel charg\u00e9 du traitement ou par des personnes charg\u00e9es d&rsquo;op\u00e9rations de maintenance occasionnelles. Les donn\u00e9es personnelles fournies par les utilisateurs qui pr\u00e9sentent des demandes sp\u00e9cifiques sont utilis\u00e9es uniquement dans le but d&rsquo;ex\u00e9cuter le service ou la prestation demand\u00e9e et ne sont communiqu\u00e9es \u00e0 des tiers que si cela est n\u00e9cessaire \u00e0 cette fin.<\/p>\n<p>Types de donn\u00e9es trait\u00e9es et finalit\u00e9s<\/p>\n<p>Donn\u00e9es de navigation<br \/>Les syst\u00e8mes informatiques et les proc\u00e9dures logicielles utilis\u00e9s pour faire fonctionner ce site web acqui\u00e8rent, au cours de leur fonctionnement normal, certaines donn\u00e9es personnelles dont la transmission est implicite dans l&rsquo;utilisation des protocoles de communication d&rsquo;Internet. Ces informations ne sont pas collect\u00e9es dans le but d&rsquo;\u00eatre associ\u00e9es \u00e0 des personnes int\u00e9ress\u00e9es identifi\u00e9es, mais, de par leur nature m\u00eame, elles pourraient, par le biais de traitements et d&rsquo;associations avec des donn\u00e9es d\u00e9tenues par des tiers, permettre d&rsquo;identifier les utilisateurs.<br \/>Ces donn\u00e9es sont utilis\u00e9es dans le seul but d&rsquo;obtenir des informations statistiques anonymes sur l&rsquo;utilisation du site et d&rsquo;en v\u00e9rifier le bon fonctionnement.<\/p>\n<p>Donn\u00e9es fournies volontairement par l&rsquo;utilisateur<br \/>L&rsquo;envoi facultatif, explicite et volontaire de courrier \u00e9lectronique aux adresses indiqu\u00e9es sur ce site entra\u00eene l&rsquo;acquisition ult\u00e9rieure de l&rsquo;adresse de l&rsquo;exp\u00e9diteur, n\u00e9cessaire pour r\u00e9pondre aux demandes, ainsi que d&rsquo;\u00e9ventuelles autres donn\u00e9es personnelles incluses dans le message.<\/p>\n<p>Cookies<br \/>L&rsquo;utilisation de cookies de session est strictement fonctionnelle pour optimiser l&rsquo;utilisation du site et vise donc exclusivement \u00e0 assurer la meilleure navigation \u00e0 l&rsquo;int\u00e9rieur du site lui-m\u00eame. D&rsquo;autres adresses Internet auxquelles ce site peut \u00e9ventuellement renvoyer peuvent contenir des syst\u00e8mes de tra\u00e7age dont le propri\u00e9taire du site n&rsquo;a pas connaissance.<\/p>\n<p>Fourniture facultative de donn\u00e9es<br \/>En dehors de ce qui est pr\u00e9vu pour les donn\u00e9es de navigation, l&rsquo;utilisateur est libre de fournir des donn\u00e9es personnelles si cela lui est demand\u00e9 dans des sections sp\u00e9cifiques du site. Le fait de ne pas les fournir peut toutefois rendre impossible l&rsquo;obtention de ce qui est demand\u00e9.<\/p>\n<p>Modalit\u00e9s de traitement<br \/>Les donn\u00e9es personnelles sont trait\u00e9es par des outils automatis\u00e9s pendant le temps strictement n\u00e9cessaire \u00e0 la r\u00e9alisation des finalit\u00e9s pour lesquelles elles ont \u00e9t\u00e9 collect\u00e9es. Des mesures de s\u00e9curit\u00e9 sp\u00e9cifiques, telles que pr\u00e9vues \u00e0 l&rsquo;article 32 du r\u00e8glement UE 2016\/679, sont observ\u00e9es pour pr\u00e9venir la perte de donn\u00e9es, l&rsquo;utilisation illicite ou incorrecte et l&rsquo;acc\u00e8s non autoris\u00e9.<\/p>\n<p>Droits des personnes concern\u00e9es<br \/>Conform\u00e9ment aux articles 15, 16, 17 et 18 du R\u00e8glement UE 2016\/679, les personnes concern\u00e9es par les donn\u00e9es personnelles ont le droit \u00e0 tout moment d&rsquo;obtenir la confirmation de l&rsquo;existence ou de l&rsquo;inexistence de ces donn\u00e9es, d&rsquo;en conna\u00eetre le contenu et l&rsquo;origine, d&rsquo;en v\u00e9rifier l&rsquo;exactitude ou d&rsquo;en demander le compl\u00e9ment, la mise \u00e0 jour ou la rectification, d&rsquo;en demander l&rsquo;effacement, la transformation sous forme anonyme ou le blocage des donn\u00e9es trait\u00e9es en violation de la loi, ainsi que de s&rsquo;opposer en tout \u00e9tat de cause, pour des motifs l\u00e9gitimes, \u00e0 leur traitement.<\/p>\n<p>Contact<br \/>Si vous souhaitez exercer l&rsquo;un de vos droits, ou si vous avez d&rsquo;autres questions ou r\u00e9clamations concernant notre utilisation de vos donn\u00e9es personnelles et la protection de la vie priv\u00e9e, veuillez adresser vos demandes \u00e0 \u00ab Evitalia \u00bb Via Riale, 3 &#8211; 36040 Grumolo delle Abbadesse (VI) Italie.<\/p>\n<p>Vous avez \u00e9galement le droit d&rsquo;introduire une plainte aupr\u00e8s de l&rsquo;autorit\u00e9 de contr\u00f4le, en Italie, \u00e9tablie aupr\u00e8s du Garante per la protezione dei dati personali (www.garanteprivacy.it).<\/p>\n\t\t\t\t\t\t\t\t<\/div>\n\t\t\t\t<\/div>\n\t\t\t\t\t<\/div>\n\t\t\t\t<\/div>\n\t\t\t\t<\/div>\n\t\t","protected":false},"excerpt":{"rendered":"<p>Evi Country Ces informations sont fournies conform\u00e9ment \u00e0 l&rsquo;article 13 du r\u00e8glement g\u00e9n\u00e9ral europ\u00e9en sur la protection des donn\u00e9es (r\u00e8glement UE 2016\/679).Les informations sont fournies uniquement pour le site web www.evimotor.com d&rsquo;Evitalia et non pour d&rsquo;autres sites web qui peuvent \u00eatre consult\u00e9s par l&rsquo;utilisateur par le biais de liens. Responsable du traitementConform\u00e9ment au r\u00e8glement (UE) [&hellip;]<\/p>\n","protected":false},"author":1,"featured_media":0,"parent":0,"menu_order":0,"comment_status":"closed","ping_status":"closed","template":"elementor_header_footer","meta":{"footnotes":""},"class_list":["post-1046","page","type-page","status-publish","hentry"],"yoast_head":"<!-- This site is optimized with the Yoast SEO plugin v27.2 - https:\/\/yoast.com\/product\/yoast-seo-wordpress\/ -->\n<title>Privacy Policy - Evimotor<\/title>\n<meta name=\"robots\" content=\"index, follow, max-snippet:-1, max-image-preview:large, max-video-preview:-1\" \/>\n<link rel=\"canonical\" href=\"https:\/\/evimotor.com\/fr\/privacy-policy\/\" \/>\n<meta property=\"og:locale\" content=\"fr_FR\" \/>\n<meta property=\"og:type\" content=\"article\" \/>\n<meta property=\"og:title\" content=\"Privacy Policy - Evimotor\" \/>\n<meta property=\"og:description\" content=\"Evi Country Ces informations sont fournies conform\u00e9ment \u00e0 l&rsquo;article 13 du r\u00e8glement g\u00e9n\u00e9ral europ\u00e9en sur la protection des donn\u00e9es (r\u00e8glement UE 2016\/679).Les informations sont fournies uniquement pour le site web www.evimotor.com d&rsquo;Evitalia et non pour d&rsquo;autres sites web qui peuvent \u00eatre consult\u00e9s par l&rsquo;utilisateur par le biais de liens. Responsable du traitementConform\u00e9ment au r\u00e8glement (UE) [&hellip;]\" \/>\n<meta property=\"og:url\" content=\"https:\/\/evimotor.com\/fr\/privacy-policy\/\" \/>\n<meta property=\"og:site_name\" content=\"Evimotor\" \/>\n<meta property=\"article:modified_time\" content=\"2025-06-05T08:46:54+00:00\" \/>\n<meta name=\"twitter:card\" content=\"summary_large_image\" \/>\n<meta name=\"twitter:label1\" content=\"Dur\u00e9e de lecture estim\u00e9e\" \/>\n\t<meta name=\"twitter:data1\" content=\"4 minutes\" \/>\n<script type=\"application\/ld+json\" class=\"yoast-schema-graph\">{\"@context\":\"https:\/\/schema.org\",\"@graph\":[{\"@type\":\"WebPage\",\"@id\":\"https:\/\/evimotor.com\/fr\/privacy-policy\/\",\"url\":\"https:\/\/evimotor.com\/fr\/privacy-policy\/\",\"name\":\"Privacy Policy - Evimotor\",\"isPartOf\":{\"@id\":\"https:\/\/evimotor.com\/fr\/#website\"},\"datePublished\":\"2025-02-25T11:19:27+00:00\",\"dateModified\":\"2025-06-05T08:46:54+00:00\",\"breadcrumb\":{\"@id\":\"https:\/\/evimotor.com\/fr\/privacy-policy\/#breadcrumb\"},\"inLanguage\":\"fr-FR\",\"potentialAction\":[{\"@type\":\"ReadAction\",\"target\":[\"https:\/\/evimotor.com\/fr\/privacy-policy\/\"]}]},{\"@type\":\"BreadcrumbList\",\"@id\":\"https:\/\/evimotor.com\/fr\/privacy-policy\/#breadcrumb\",\"itemListElement\":[{\"@type\":\"ListItem\",\"position\":1,\"name\":\"Home\",\"item\":\"https:\/\/evimotor.com\/fr\/\"},{\"@type\":\"ListItem\",\"position\":2,\"name\":\"Privacy Policy\"}]},{\"@type\":\"WebSite\",\"@id\":\"https:\/\/evimotor.com\/fr\/#website\",\"url\":\"https:\/\/evimotor.com\/fr\/\",\"name\":\"Evimotor\",\"description\":\"Electric Vehicles Italia\",\"publisher\":{\"@id\":\"https:\/\/evimotor.com\/fr\/#organization\"},\"potentialAction\":[{\"@type\":\"SearchAction\",\"target\":{\"@type\":\"EntryPoint\",\"urlTemplate\":\"https:\/\/evimotor.com\/fr\/?s={search_term_string}\"},\"query-input\":{\"@type\":\"PropertyValueSpecification\",\"valueRequired\":true,\"valueName\":\"search_term_string\"}}],\"inLanguage\":\"fr-FR\"},{\"@type\":\"Organization\",\"@id\":\"https:\/\/evimotor.com\/fr\/#organization\",\"name\":\"Evimotor\",\"url\":\"https:\/\/evimotor.com\/fr\/\",\"logo\":{\"@type\":\"ImageObject\",\"inLanguage\":\"fr-FR\",\"@id\":\"https:\/\/evimotor.com\/fr\/#\/schema\/logo\/image\/\",\"url\":\"https:\/\/evimotor.com\/wp-content\/uploads\/2025\/02\/logo-evimotor.png\",\"contentUrl\":\"https:\/\/evimotor.com\/wp-content\/uploads\/2025\/02\/logo-evimotor.png\",\"width\":594,\"height\":110,\"caption\":\"Evimotor\"},\"image\":{\"@id\":\"https:\/\/evimotor.com\/fr\/#\/schema\/logo\/image\/\"}}]}<\/script>\n<!-- \/ Yoast SEO plugin. -->","yoast_head_json":{"title":"Privacy Policy - Evimotor","robots":{"index":"index","follow":"follow","max-snippet":"max-snippet:-1","max-image-preview":"max-image-preview:large","max-video-preview":"max-video-preview:-1"},"canonical":"https:\/\/evimotor.com\/fr\/privacy-policy\/","og_locale":"fr_FR","og_type":"article","og_title":"Privacy Policy - Evimotor","og_description":"Evi Country Ces informations sont fournies conform\u00e9ment \u00e0 l&rsquo;article 13 du r\u00e8glement g\u00e9n\u00e9ral europ\u00e9en sur la protection des donn\u00e9es (r\u00e8glement UE 2016\/679).Les informations sont fournies uniquement pour le site web www.evimotor.com d&rsquo;Evitalia et non pour d&rsquo;autres sites web qui peuvent \u00eatre consult\u00e9s par l&rsquo;utilisateur par le biais de liens. Responsable du traitementConform\u00e9ment au r\u00e8glement (UE) [&hellip;]","og_url":"https:\/\/evimotor.com\/fr\/privacy-policy\/","og_site_name":"Evimotor","article_modified_time":"2025-06-05T08:46:54+00:00","twitter_card":"summary_large_image","twitter_misc":{"Dur\u00e9e de lecture estim\u00e9e":"4 minutes"},"schema":{"@context":"https:\/\/schema.org","@graph":[{"@type":"WebPage","@id":"https:\/\/evimotor.com\/fr\/privacy-policy\/","url":"https:\/\/evimotor.com\/fr\/privacy-policy\/","name":"Privacy Policy - Evimotor","isPartOf":{"@id":"https:\/\/evimotor.com\/fr\/#website"},"datePublished":"2025-02-25T11:19:27+00:00","dateModified":"2025-06-05T08:46:54+00:00","breadcrumb":{"@id":"https:\/\/evimotor.com\/fr\/privacy-policy\/#breadcrumb"},"inLanguage":"fr-FR","potentialAction":[{"@type":"ReadAction","target":["https:\/\/evimotor.com\/fr\/privacy-policy\/"]}]},{"@type":"BreadcrumbList","@id":"https:\/\/evimotor.com\/fr\/privacy-policy\/#breadcrumb","itemListElement":[{"@type":"ListItem","position":1,"name":"Home","item":"https:\/\/evimotor.com\/fr\/"},{"@type":"ListItem","position":2,"name":"Privacy Policy"}]},{"@type":"WebSite","@id":"https:\/\/evimotor.com\/fr\/#website","url":"https:\/\/evimotor.com\/fr\/","name":"Evimotor","description":"Electric Vehicles Italia","publisher":{"@id":"https:\/\/evimotor.com\/fr\/#organization"},"potentialAction":[{"@type":"SearchAction","target":{"@type":"EntryPoint","urlTemplate":"https:\/\/evimotor.com\/fr\/?s={search_term_string}"},"query-input":{"@type":"PropertyValueSpecification","valueRequired":true,"valueName":"search_term_string"}}],"inLanguage":"fr-FR"},{"@type":"Organization","@id":"https:\/\/evimotor.com\/fr\/#organization","name":"Evimotor","url":"https:\/\/evimotor.com\/fr\/","logo":{"@type":"ImageObject","inLanguage":"fr-FR","@id":"https:\/\/evimotor.com\/fr\/#\/schema\/logo\/image\/","url":"https:\/\/evimotor.com\/wp-content\/uploads\/2025\/02\/logo-evimotor.png","contentUrl":"https:\/\/evimotor.com\/wp-content\/uploads\/2025\/02\/logo-evimotor.png","width":594,"height":110,"caption":"Evimotor"},"image":{"@id":"https:\/\/evimotor.com\/fr\/#\/schema\/logo\/image\/"}}]}},"_links":{"self":[{"href":"https:\/\/evimotor.com\/fr\/wp-json\/wp\/v2\/pages\/1046","targetHints":{"allow":["GET"]}}],"collection":[{"href":"https:\/\/evimotor.com\/fr\/wp-json\/wp\/v2\/pages"}],"about":[{"href":"https:\/\/evimotor.com\/fr\/wp-json\/wp\/v2\/types\/page"}],"author":[{"embeddable":true,"href":"https:\/\/evimotor.com\/fr\/wp-json\/wp\/v2\/users\/1"}],"replies":[{"embeddable":true,"href":"https:\/\/evimotor.com\/fr\/wp-json\/wp\/v2\/comments?post=1046"}],"version-history":[{"count":1,"href":"https:\/\/evimotor.com\/fr\/wp-json\/wp\/v2\/pages\/1046\/revisions"}],"predecessor-version":[{"id":1047,"href":"https:\/\/evimotor.com\/fr\/wp-json\/wp\/v2\/pages\/1046\/revisions\/1047"}],"wp:attachment":[{"href":"https:\/\/evimotor.com\/fr\/wp-json\/wp\/v2\/media?parent=1046"}],"curies":[{"name":"wp","href":"https:\/\/api.w.org\/{rel}","templated":true}]}}