{"id":983,"date":"2025-03-06T13:58:41","date_gmt":"2025-03-06T12:58:41","guid":{"rendered":"https:\/\/evimotor.com\/applications\/"},"modified":"2026-03-19T11:10:27","modified_gmt":"2026-03-19T10:10:27","slug":"applications","status":"publish","type":"page","link":"https:\/\/evimotor.com\/fr\/applications\/","title":{"rendered":"Applications"},"content":{"rendered":"\t\t<div data-elementor-type=\"wp-page\" data-elementor-id=\"983\" class=\"elementor elementor-983 elementor-394\" data-elementor-post-type=\"page\">\n\t\t\t\t<div class=\"elementor-element elementor-element-9dc076b e-flex e-con-boxed e-con e-parent\" data-id=\"9dc076b\" data-element_type=\"container\" data-e-type=\"container\" data-settings=\"{&quot;background_background&quot;:&quot;classic&quot;}\">\n\t\t\t\t\t<div class=\"e-con-inner\">\n\t\t\t\t<div class=\"elementor-element elementor-element-32cc97c elementor-widget elementor-widget-spacer\" data-id=\"32cc97c\" data-element_type=\"widget\" data-e-type=\"widget\" data-widget_type=\"spacer.default\">\n\t\t\t\t<div class=\"elementor-widget-container\">\n\t\t\t\t\t\t\t<div class=\"elementor-spacer\">\n\t\t\t<div class=\"elementor-spacer-inner\"><\/div>\n\t\t<\/div>\n\t\t\t\t\t\t<\/div>\n\t\t\t\t<\/div>\n\t\t\t\t\t<\/div>\n\t\t\t\t<\/div>\n\t\t<div class=\"elementor-element elementor-element-00a6fc6 e-flex e-con-boxed e-con e-parent\" data-id=\"00a6fc6\" data-element_type=\"container\" data-e-type=\"container\">\n\t\t\t\t\t<div class=\"e-con-inner\">\n\t\t<div class=\"elementor-element elementor-element-b27523b e-con-full e-flex elementor-invisible e-con e-child\" data-id=\"b27523b\" data-element_type=\"container\" data-e-type=\"container\" data-settings=\"{&quot;background_background&quot;:&quot;classic&quot;,&quot;animation&quot;:&quot;fadeIn&quot;,&quot;animation_delay&quot;:400}\">\n\t\t\t\t<div class=\"elementor-element elementor-element-6479820 elementor-invisible elementor-widget elementor-widget-text-editor\" data-id=\"6479820\" data-element_type=\"widget\" data-e-type=\"widget\" data-settings=\"{&quot;_animation&quot;:&quot;fadeIn&quot;,&quot;_animation_delay&quot;:400}\" data-widget_type=\"text-editor.default\">\n\t\t\t\t<div class=\"elementor-widget-container\">\n\t\t\t\t\t\t\t\t\t<p>La solution pour chaque type de travail et chaque style de conduite.<\/p>\n\t\t\t\t\t\t\t\t<\/div>\n\t\t\t\t<\/div>\n\t\t\t\t<div class=\"elementor-element elementor-element-91b1012 elementor-widget elementor-widget-text-editor\" data-id=\"91b1012\" data-element_type=\"widget\" data-e-type=\"widget\" data-widget_type=\"text-editor.default\">\n\t\t\t\t<div class=\"elementor-widget-container\">\n\t\t\t\t\t\t\t\t\t<p>En plus d&rsquo;\u00eatre respectueux de l&rsquo;environnement, les v\u00e9hicules 100 % \u00e9lectriques d&rsquo;Evitalia sont polyvalents et silencieux lorsqu&rsquo;ils se d\u00e9placent.<br \/>Gr\u00e2ce \u00e0 la traction 4&#215;4, ils fonctionnent sur toutes les surfaces \u00e0 faible adh\u00e9rence telles que la terre, la boue, la neige, la glace ainsi que sur les routes asphalt\u00e9es.<br \/>Les nombreux accessoires permettent de r\u00e9aliser de nombreuses activit\u00e9s sans avoir \u00e0 poss\u00e9der plusieurs v\u00e9hicules.<\/p>\n\t\t\t\t\t\t\t\t<\/div>\n\t\t\t\t<\/div>\n\t\t\t\t<\/div>\n\t\t\t\t\t<\/div>\n\t\t\t\t<\/div>\n\t\t<div class=\"elementor-element elementor-element-3217bc6 e-flex e-con-boxed e-con e-parent\" data-id=\"3217bc6\" data-element_type=\"container\" data-e-type=\"container\" data-settings=\"{&quot;background_background&quot;:&quot;gradient&quot;}\">\n\t\t\t\t\t<div class=\"e-con-inner\">\n\t\t<div class=\"elementor-element elementor-element-1f723c1 e-grid e-con-full e-con e-child\" data-id=\"1f723c1\" data-element_type=\"container\" data-e-type=\"container\">\n\t\t<div class=\"elementor-element elementor-element-c241182 e-con-full e-flex elementor-invisible e-con e-child\" data-id=\"c241182\" data-element_type=\"container\" data-e-type=\"container\" data-settings=\"{&quot;background_background&quot;:&quot;classic&quot;,&quot;animation&quot;:&quot;fadeIn&quot;,&quot;animation_delay&quot;:400}\">\n\t\t\t\t<div class=\"elementor-element elementor-element-e137050 elementor-widget elementor-widget-image\" data-id=\"e137050\" data-element_type=\"widget\" data-e-type=\"widget\" data-widget_type=\"image.default\">\n\t\t\t\t<div class=\"elementor-widget-container\">\n\t\t\t\t\t\t\t\t\t\t\t\t\t\t\t<img fetchpriority=\"high\" decoding=\"async\" width=\"800\" height=\"534\" src=\"https:\/\/evimotor.com\/wp-content\/uploads\/2025\/03\/applicazioni-Municipalizzate-1024x683.jpg\" class=\"attachment-large size-large wp-image-986\" alt=\"\" srcset=\"https:\/\/evimotor.com\/wp-content\/uploads\/2025\/03\/applicazioni-Municipalizzate-1024x683.jpg 1024w, https:\/\/evimotor.com\/wp-content\/uploads\/2025\/03\/applicazioni-Municipalizzate-300x200.jpg 300w, https:\/\/evimotor.com\/wp-content\/uploads\/2025\/03\/applicazioni-Municipalizzate-768x512.jpg 768w, https:\/\/evimotor.com\/wp-content\/uploads\/2025\/03\/applicazioni-Municipalizzate-1536x1024.jpg 1536w, https:\/\/evimotor.com\/wp-content\/uploads\/2025\/03\/applicazioni-Municipalizzate.jpg 1840w\" sizes=\"(max-width: 800px) 100vw, 800px\" \/>\t\t\t\t\t\t\t\t\t\t\t\t\t\t\t<\/div>\n\t\t\t\t<\/div>\n\t\t<div class=\"elementor-element elementor-element-b4105d4 e-con-full e-flex e-con e-child\" data-id=\"b4105d4\" data-element_type=\"container\" data-e-type=\"container\">\n\t\t\t\t<div class=\"elementor-element elementor-element-916501f elementor-widget elementor-widget-heading\" data-id=\"916501f\" data-element_type=\"widget\" data-e-type=\"widget\" data-widget_type=\"heading.default\">\n\t\t\t\t<div class=\"elementor-widget-container\">\n\t\t\t\t\t<h3 class=\"elementor-heading-title elementor-size-default\">Municipalis\u00e9<\/h3>\t\t\t\t<\/div>\n\t\t\t\t<\/div>\n\t\t\t\t<div class=\"elementor-element elementor-element-ed12b7c elementor-widget elementor-widget-text-editor\" data-id=\"ed12b7c\" data-element_type=\"widget\" data-e-type=\"widget\" data-widget_type=\"text-editor.default\">\n\t\t\t\t<div class=\"elementor-widget-container\">\n\t\t\t\t\t\t\t\t\t<p>Les v\u00e9hicules \u00e9lectriques d&rsquo;Evitalia sont l&rsquo;outil id\u00e9al pour effectuer tous les travaux des entreprises de services publics municipaux. L&rsquo;entretien des espaces verts, la collecte des d\u00e9chets et l&rsquo;entretien g\u00e9n\u00e9ral ne sont que quelques-unes des t\u00e2ches pour lesquelles nos v\u00e9hicules de transport \u00e9lectrique sont efficaces.<br \/>Afin d&rsquo;am\u00e9liorer et de rendre plus efficaces les flottes de v\u00e9hicules de travail des services publics municipaux, Evitalia propose ses v\u00e9hicules \u00e9lectriques \u00e9quip\u00e9s d&rsquo;une large gamme d&rsquo;accessoires.<\/p>\n<p>Les v\u00e9hicules \u00e9lectriques Evitalia sont \u00e9galement id\u00e9aux pour le d\u00e9neigement. Qu&rsquo;il s&rsquo;agisse de nettoyer les rues d&rsquo;un centre-ville ou de d\u00e9gager l&rsquo;acc\u00e8s \u00e0 des h\u00f4tels, des lieux publics et des complexes touristiques en g\u00e9n\u00e9ral, EviCountry est le v\u00e9hicule id\u00e9al.<br \/>\u00c9quip\u00e9s de quatre roues motrices entra\u00een\u00e9es par deux moteurs \u00e9lectriques de forte puissance, nos v\u00e9hicules vous permettent de d\u00e9neiger par tous les temps.<\/p>\n\t\t\t\t\t\t\t\t<\/div>\n\t\t\t\t<\/div>\n\t\t\t\t<\/div>\n\t\t\t\t<\/div>\n\t\t<div class=\"elementor-element elementor-element-e40657a e-con-full e-flex elementor-invisible e-con e-child\" data-id=\"e40657a\" data-element_type=\"container\" data-e-type=\"container\" data-settings=\"{&quot;background_background&quot;:&quot;classic&quot;,&quot;animation&quot;:&quot;fadeIn&quot;,&quot;animation_delay&quot;:400}\">\n\t\t\t\t<div class=\"elementor-element elementor-element-03bf53f elementor-widget elementor-widget-image\" data-id=\"03bf53f\" data-element_type=\"widget\" data-e-type=\"widget\" data-widget_type=\"image.default\">\n\t\t\t\t<div class=\"elementor-widget-container\">\n\t\t\t\t\t\t\t\t\t\t\t\t\t\t\t<img decoding=\"async\" width=\"800\" height=\"534\" src=\"https:\/\/evimotor.com\/wp-content\/uploads\/2025\/03\/applicazioni-Agricoltura-1024x683.jpg\" class=\"attachment-large size-large wp-image-985\" alt=\"\" srcset=\"https:\/\/evimotor.com\/wp-content\/uploads\/2025\/03\/applicazioni-Agricoltura-1024x683.jpg 1024w, https:\/\/evimotor.com\/wp-content\/uploads\/2025\/03\/applicazioni-Agricoltura-300x200.jpg 300w, https:\/\/evimotor.com\/wp-content\/uploads\/2025\/03\/applicazioni-Agricoltura-768x512.jpg 768w, https:\/\/evimotor.com\/wp-content\/uploads\/2025\/03\/applicazioni-Agricoltura-1536x1024.jpg 1536w, https:\/\/evimotor.com\/wp-content\/uploads\/2025\/03\/applicazioni-Agricoltura.jpg 1840w\" sizes=\"(max-width: 800px) 100vw, 800px\" \/>\t\t\t\t\t\t\t\t\t\t\t\t\t\t\t<\/div>\n\t\t\t\t<\/div>\n\t\t<div class=\"elementor-element elementor-element-efff621 e-con-full e-flex e-con e-child\" data-id=\"efff621\" data-element_type=\"container\" data-e-type=\"container\">\n\t\t\t\t<div class=\"elementor-element elementor-element-8ba8d8d elementor-widget elementor-widget-heading\" data-id=\"8ba8d8d\" data-element_type=\"widget\" data-e-type=\"widget\" data-widget_type=\"heading.default\">\n\t\t\t\t<div class=\"elementor-widget-container\">\n\t\t\t\t\t<h3 class=\"elementor-heading-title elementor-size-default\">Agriculture<\/h3>\t\t\t\t<\/div>\n\t\t\t\t<\/div>\n\t\t\t\t<div class=\"elementor-element elementor-element-0d59690 elementor-widget elementor-widget-text-editor\" data-id=\"0d59690\" data-element_type=\"widget\" data-e-type=\"widget\" data-widget_type=\"text-editor.default\">\n\t\t\t\t<div class=\"elementor-widget-container\">\n\t\t\t\t\t\t\t\t\t<p>Les v\u00e9hicules \u00e9lectriques Evitalia sont le v\u00e9hicule id\u00e9al pour effectuer de nombreuses activit\u00e9s dans le domaine de l&rsquo;agriculture, de la sylviculture, etc.<br \/>Les quatre roues motrices, l&rsquo;absence totale d&rsquo;\u00e9missions polluantes et le silence g\u00e9n\u00e9r\u00e9 par le v\u00e9hicule permettent de l&rsquo;utiliser aussi bien \u00e0 l&rsquo;ext\u00e9rieur (sur route et hors route) qu&rsquo;\u00e0 l&rsquo;int\u00e9rieur.<br \/>La capacit\u00e9 de franchir des pentes de 35 % et une charge allant jusqu&rsquo;\u00e0 1 000 kg lui permettent \u00e9galement d&rsquo;\u00eatre utilis\u00e9 dans les collines et les montagnes.<\/p>\n<p>Les v\u00e9hicules \u00e9lectriques multifonctionnels d&rsquo;Evitalia sont une solution id\u00e9ale pour travailler dans des environnements inaccessibles et difficiles d&rsquo;acc\u00e8s. Ils sont silencieux, n&rsquo;\u00e9mettent pas de polluants et disposent d&rsquo;une autonomie suffisante pour effectuer des t\u00e2ches de longue dur\u00e9e.<\/p>\n<p>Dans le secteur forestier, les v\u00e9hicules \u00e9lectriques multifonctionnels peuvent \u00eatre utilis\u00e9s pour : le transport de mat\u00e9riel et d&rsquo;\u00e9quipement, la surveillance et le contr\u00f4le de la zone, les interventions d&rsquo;urgence, l&rsquo;entretien et le nettoyage.<\/p>\n\t\t\t\t\t\t\t\t<\/div>\n\t\t\t\t<\/div>\n\t\t\t\t<\/div>\n\t\t\t\t<\/div>\n\t\t\t\t<\/div>\n\t\t<div class=\"elementor-element elementor-element-682c1e0 e-grid e-con-full e-con e-child\" data-id=\"682c1e0\" data-element_type=\"container\" data-e-type=\"container\">\n\t\t<div class=\"elementor-element elementor-element-20449d3 e-con-full e-flex elementor-invisible e-con e-child\" data-id=\"20449d3\" data-element_type=\"container\" data-e-type=\"container\" data-settings=\"{&quot;background_background&quot;:&quot;classic&quot;,&quot;animation&quot;:&quot;fadeIn&quot;,&quot;animation_delay&quot;:400}\">\n\t\t\t\t<div class=\"elementor-element elementor-element-b1bfb3f elementor-widget elementor-widget-image\" data-id=\"b1bfb3f\" data-element_type=\"widget\" data-e-type=\"widget\" data-widget_type=\"image.default\">\n\t\t\t\t<div class=\"elementor-widget-container\">\n\t\t\t\t\t\t\t\t\t\t\t\t\t\t\t<img decoding=\"async\" width=\"800\" height=\"534\" src=\"https:\/\/evimotor.com\/wp-content\/uploads\/2025\/05\/Industries2-1-1024x683.jpg\" class=\"attachment-large size-large wp-image-989\" alt=\"\" srcset=\"https:\/\/evimotor.com\/wp-content\/uploads\/2025\/05\/Industries2-1-1024x683.jpg 1024w, https:\/\/evimotor.com\/wp-content\/uploads\/2025\/05\/Industries2-1-300x200.jpg 300w, https:\/\/evimotor.com\/wp-content\/uploads\/2025\/05\/Industries2-1-768x512.jpg 768w, https:\/\/evimotor.com\/wp-content\/uploads\/2025\/05\/Industries2-1.jpg 1200w\" sizes=\"(max-width: 800px) 100vw, 800px\" \/>\t\t\t\t\t\t\t\t\t\t\t\t\t\t\t<\/div>\n\t\t\t\t<\/div>\n\t\t<div class=\"elementor-element elementor-element-f47c41f e-con-full e-flex e-con e-child\" data-id=\"f47c41f\" data-element_type=\"container\" data-e-type=\"container\">\n\t\t\t\t<div class=\"elementor-element elementor-element-d3f6d28 elementor-widget elementor-widget-heading\" data-id=\"d3f6d28\" data-element_type=\"widget\" data-e-type=\"widget\" data-widget_type=\"heading.default\">\n\t\t\t\t<div class=\"elementor-widget-container\">\n\t\t\t\t\t<h3 class=\"elementor-heading-title elementor-size-default\">R\u00e9sidentiel<\/h3>\t\t\t\t<\/div>\n\t\t\t\t<\/div>\n\t\t\t\t<div class=\"elementor-element elementor-element-4872084 elementor-widget elementor-widget-text-editor\" data-id=\"4872084\" data-element_type=\"widget\" data-e-type=\"widget\" data-widget_type=\"text-editor.default\">\n\t\t\t\t<div class=\"elementor-widget-container\">\n\t\t\t\t\t\t\t\t\t<p>L&rsquo;am\u00e9nagement paysager, le nettoyage des all\u00e9es d&rsquo;une zone r\u00e9sidentielle ou d&rsquo;un centre de vill\u00e9giature, l&rsquo;entretien des campings ou des centres sportifs sont facilit\u00e9s par l&rsquo;utilisation d&rsquo;un v\u00e9hicule Evitalia.<br \/>Nos v\u00e9hicules sont homologu\u00e9s pour la circulation routi\u00e8re, disposent de quatre roues motrices et peuvent op\u00e9rer sur n&rsquo;importe quel type de terrain. De la route au terrain de golf. Dans les bois, dans la boue ou dans la neige.<br \/>Rien n&rsquo;arr\u00eate nos v\u00e9hicules et le confort qu&rsquo;ils procurent est le plus \u00e9lev\u00e9 du march\u00e9.<\/p>\n<p>L&rsquo;entretien des stations baln\u00e9aires, des h\u00f4tels et des centres de vacances n\u00e9cessite l&rsquo;utilisation de v\u00e9hicules silencieux et sans impact sur l&rsquo;environnement.<br \/>De nombreuses zones r\u00e9sidentielles ou touristiques sont situ\u00e9es sur des terrains vallonn\u00e9s et montagneux, et les v\u00e9hicules Evitalia, gr\u00e2ce \u00e0 leur traction 4&#215;4, sont capables de rouler sur route et hors route.<\/p>\n\t\t\t\t\t\t\t\t<\/div>\n\t\t\t\t<\/div>\n\t\t\t\t<\/div>\n\t\t\t\t<\/div>\n\t\t<div class=\"elementor-element elementor-element-cd37a7d e-con-full e-flex elementor-invisible e-con e-child\" data-id=\"cd37a7d\" data-element_type=\"container\" data-e-type=\"container\" data-settings=\"{&quot;background_background&quot;:&quot;classic&quot;,&quot;animation&quot;:&quot;fadeIn&quot;,&quot;animation_delay&quot;:400}\">\n\t\t\t\t<div class=\"elementor-element elementor-element-c47d288 elementor-widget elementor-widget-image\" data-id=\"c47d288\" data-element_type=\"widget\" data-e-type=\"widget\" data-widget_type=\"image.default\">\n\t\t\t\t<div class=\"elementor-widget-container\">\n\t\t\t\t\t\t\t\t\t\t\t\t\t\t\t<img loading=\"lazy\" decoding=\"async\" width=\"700\" height=\"467\" src=\"https:\/\/evimotor.com\/wp-content\/uploads\/2025\/05\/Golf-Course-ping-lee-unsplash-700x525-1.jpg\" class=\"attachment-large size-large wp-image-988\" alt=\"\" srcset=\"https:\/\/evimotor.com\/wp-content\/uploads\/2025\/05\/Golf-Course-ping-lee-unsplash-700x525-1.jpg 700w, https:\/\/evimotor.com\/wp-content\/uploads\/2025\/05\/Golf-Course-ping-lee-unsplash-700x525-1-300x200.jpg 300w\" sizes=\"(max-width: 700px) 100vw, 700px\" \/>\t\t\t\t\t\t\t\t\t\t\t\t\t\t\t<\/div>\n\t\t\t\t<\/div>\n\t\t<div class=\"elementor-element elementor-element-71ef3a7 e-con-full e-flex e-con e-child\" data-id=\"71ef3a7\" data-element_type=\"container\" data-e-type=\"container\">\n\t\t\t\t<div class=\"elementor-element elementor-element-5c745ca elementor-widget elementor-widget-heading\" data-id=\"5c745ca\" data-element_type=\"widget\" data-e-type=\"widget\" data-widget_type=\"heading.default\">\n\t\t\t\t<div class=\"elementor-widget-container\">\n\t\t\t\t\t<h3 class=\"elementor-heading-title elementor-size-default\">Resort<\/h3>\t\t\t\t<\/div>\n\t\t\t\t<\/div>\n\t\t\t\t<div class=\"elementor-element elementor-element-4b81afa elementor-widget elementor-widget-text-editor\" data-id=\"4b81afa\" data-element_type=\"widget\" data-e-type=\"widget\" data-widget_type=\"text-editor.default\">\n\t\t\t\t<div class=\"elementor-widget-container\">\n\t\t\t\t\t\t\t\t\t<p>L&rsquo;entretien des espaces verts n\u00e9cessite aujourd&rsquo;hui des machines qui n&rsquo;ont pas d&rsquo;impact sur l&rsquo;environnement et, si possible, ne troublent pas la tranquillit\u00e9.<\/p>\n<p>La souplesse de certains terrains (par exemple les terrains de golf) et l&rsquo;instabilit\u00e9 d&rsquo;autres (par exemple les collines boueuses ou les routes enneig\u00e9es) exigent donc que les v\u00e9hicules puissent se d\u00e9placer sans endommager ou agresser le terrain sur lequel ils se d\u00e9placent.<\/p>\n<p>EviCountry peut facilement se d\u00e9placer sur n&rsquo;importe quel type de terrain<\/p>\n\t\t\t\t\t\t\t\t<\/div>\n\t\t\t\t<\/div>\n\t\t\t\t<\/div>\n\t\t\t\t<\/div>\n\t\t\t\t<\/div>\n\t\t\t\t\t<\/div>\n\t\t\t\t<\/div>\n\t\t\t\t<\/div>\n\t\t","protected":false},"excerpt":{"rendered":"<p>La solution pour chaque type de travail et chaque style de conduite. En plus d&rsquo;\u00eatre respectueux de l&rsquo;environnement, les v\u00e9hicules 100 % \u00e9lectriques d&rsquo;Evitalia sont polyvalents et silencieux lorsqu&rsquo;ils se d\u00e9placent.Gr\u00e2ce \u00e0 la traction 4&#215;4, ils fonctionnent sur toutes les surfaces \u00e0 faible adh\u00e9rence telles que la terre, la boue, la neige, la glace ainsi [&hellip;]<\/p>\n","protected":false},"author":1,"featured_media":0,"parent":0,"menu_order":0,"comment_status":"closed","ping_status":"closed","template":"elementor_header_footer","meta":{"footnotes":""},"class_list":["post-983","page","type-page","status-publish","hentry"],"yoast_head":"<!-- This site is optimized with the Yoast SEO plugin v27.2 - https:\/\/yoast.com\/product\/yoast-seo-wordpress\/ -->\n<title>Applications et Utilisations des V\u00e9hicules \u00c9lectriques | Evimotor<\/title>\n<meta name=\"description\" content=\"Solutions Evimotor : collecte des d\u00e9chets, logistique urbaine, entretien des espaces verts et industrie. Performance 100% \u00e9lectrique pour les communes.\" \/>\n<meta name=\"robots\" content=\"index, follow, max-snippet:-1, max-image-preview:large, max-video-preview:-1\" \/>\n<link rel=\"canonical\" href=\"https:\/\/evimotor.com\/fr\/applications\/\" \/>\n<meta property=\"og:locale\" content=\"fr_FR\" \/>\n<meta property=\"og:type\" content=\"article\" \/>\n<meta property=\"og:title\" content=\"Applications et Utilisations des V\u00e9hicules \u00c9lectriques | Evimotor\" \/>\n<meta property=\"og:description\" content=\"Solutions Evimotor : collecte des d\u00e9chets, logistique urbaine, entretien des espaces verts et industrie. Performance 100% \u00e9lectrique pour les communes.\" \/>\n<meta property=\"og:url\" content=\"https:\/\/evimotor.com\/fr\/applications\/\" \/>\n<meta property=\"og:site_name\" content=\"Evimotor\" \/>\n<meta property=\"article:modified_time\" content=\"2026-03-19T10:10:27+00:00\" \/>\n<meta property=\"og:image\" content=\"https:\/\/evimotor.com\/wp-content\/uploads\/2025\/03\/applicazioni-Municipalizzate.jpg\" \/>\n\t<meta property=\"og:image:width\" content=\"1840\" \/>\n\t<meta property=\"og:image:height\" content=\"1227\" \/>\n\t<meta property=\"og:image:type\" content=\"image\/jpeg\" \/>\n<meta name=\"twitter:card\" content=\"summary_large_image\" \/>\n<meta name=\"twitter:label1\" content=\"Dur\u00e9e de lecture estim\u00e9e\" \/>\n\t<meta name=\"twitter:data1\" content=\"3 minutes\" \/>\n<script type=\"application\/ld+json\" class=\"yoast-schema-graph\">{\"@context\":\"https:\/\/schema.org\",\"@graph\":[{\"@type\":\"WebPage\",\"@id\":\"https:\/\/evimotor.com\/fr\/applications\/\",\"url\":\"https:\/\/evimotor.com\/fr\/applications\/\",\"name\":\"Applications et Utilisations des V\u00e9hicules \u00c9lectriques | Evimotor\",\"isPartOf\":{\"@id\":\"https:\/\/evimotor.com\/fr\/#website\"},\"primaryImageOfPage\":{\"@id\":\"https:\/\/evimotor.com\/fr\/applications\/#primaryimage\"},\"image\":{\"@id\":\"https:\/\/evimotor.com\/fr\/applications\/#primaryimage\"},\"thumbnailUrl\":\"https:\/\/evimotor.com\/wp-content\/uploads\/2025\/03\/applicazioni-Municipalizzate-1024x683.jpg\",\"datePublished\":\"2025-03-06T12:58:41+00:00\",\"dateModified\":\"2026-03-19T10:10:27+00:00\",\"description\":\"Solutions Evimotor : collecte des d\u00e9chets, logistique urbaine, entretien des espaces verts et industrie. Performance 100% \u00e9lectrique pour les communes.\",\"breadcrumb\":{\"@id\":\"https:\/\/evimotor.com\/fr\/applications\/#breadcrumb\"},\"inLanguage\":\"fr-FR\",\"potentialAction\":[{\"@type\":\"ReadAction\",\"target\":[\"https:\/\/evimotor.com\/fr\/applications\/\"]}]},{\"@type\":\"ImageObject\",\"inLanguage\":\"fr-FR\",\"@id\":\"https:\/\/evimotor.com\/fr\/applications\/#primaryimage\",\"url\":\"https:\/\/evimotor.com\/wp-content\/uploads\/2025\/03\/applicazioni-Municipalizzate-1024x683.jpg\",\"contentUrl\":\"https:\/\/evimotor.com\/wp-content\/uploads\/2025\/03\/applicazioni-Municipalizzate-1024x683.jpg\"},{\"@type\":\"BreadcrumbList\",\"@id\":\"https:\/\/evimotor.com\/fr\/applications\/#breadcrumb\",\"itemListElement\":[{\"@type\":\"ListItem\",\"position\":1,\"name\":\"Home\",\"item\":\"https:\/\/evimotor.com\/fr\/\"},{\"@type\":\"ListItem\",\"position\":2,\"name\":\"Applications\"}]},{\"@type\":\"WebSite\",\"@id\":\"https:\/\/evimotor.com\/fr\/#website\",\"url\":\"https:\/\/evimotor.com\/fr\/\",\"name\":\"Evimotor\",\"description\":\"Electric Vehicles Italia\",\"publisher\":{\"@id\":\"https:\/\/evimotor.com\/fr\/#organization\"},\"potentialAction\":[{\"@type\":\"SearchAction\",\"target\":{\"@type\":\"EntryPoint\",\"urlTemplate\":\"https:\/\/evimotor.com\/fr\/?s={search_term_string}\"},\"query-input\":{\"@type\":\"PropertyValueSpecification\",\"valueRequired\":true,\"valueName\":\"search_term_string\"}}],\"inLanguage\":\"fr-FR\"},{\"@type\":\"Organization\",\"@id\":\"https:\/\/evimotor.com\/fr\/#organization\",\"name\":\"Evimotor\",\"url\":\"https:\/\/evimotor.com\/fr\/\",\"logo\":{\"@type\":\"ImageObject\",\"inLanguage\":\"fr-FR\",\"@id\":\"https:\/\/evimotor.com\/fr\/#\/schema\/logo\/image\/\",\"url\":\"https:\/\/evimotor.com\/wp-content\/uploads\/2025\/02\/logo-evimotor.png\",\"contentUrl\":\"https:\/\/evimotor.com\/wp-content\/uploads\/2025\/02\/logo-evimotor.png\",\"width\":594,\"height\":110,\"caption\":\"Evimotor\"},\"image\":{\"@id\":\"https:\/\/evimotor.com\/fr\/#\/schema\/logo\/image\/\"}}]}<\/script>\n<!-- \/ Yoast SEO plugin. -->","yoast_head_json":{"title":"Applications et Utilisations des V\u00e9hicules \u00c9lectriques | Evimotor","description":"Solutions Evimotor : collecte des d\u00e9chets, logistique urbaine, entretien des espaces verts et industrie. Performance 100% \u00e9lectrique pour les communes.","robots":{"index":"index","follow":"follow","max-snippet":"max-snippet:-1","max-image-preview":"max-image-preview:large","max-video-preview":"max-video-preview:-1"},"canonical":"https:\/\/evimotor.com\/fr\/applications\/","og_locale":"fr_FR","og_type":"article","og_title":"Applications et Utilisations des V\u00e9hicules \u00c9lectriques | Evimotor","og_description":"Solutions Evimotor : collecte des d\u00e9chets, logistique urbaine, entretien des espaces verts et industrie. Performance 100% \u00e9lectrique pour les communes.","og_url":"https:\/\/evimotor.com\/fr\/applications\/","og_site_name":"Evimotor","article_modified_time":"2026-03-19T10:10:27+00:00","og_image":[{"width":1840,"height":1227,"url":"https:\/\/evimotor.com\/wp-content\/uploads\/2025\/03\/applicazioni-Municipalizzate.jpg","type":"image\/jpeg"}],"twitter_card":"summary_large_image","twitter_misc":{"Dur\u00e9e de lecture estim\u00e9e":"3 minutes"},"schema":{"@context":"https:\/\/schema.org","@graph":[{"@type":"WebPage","@id":"https:\/\/evimotor.com\/fr\/applications\/","url":"https:\/\/evimotor.com\/fr\/applications\/","name":"Applications et Utilisations des V\u00e9hicules \u00c9lectriques | Evimotor","isPartOf":{"@id":"https:\/\/evimotor.com\/fr\/#website"},"primaryImageOfPage":{"@id":"https:\/\/evimotor.com\/fr\/applications\/#primaryimage"},"image":{"@id":"https:\/\/evimotor.com\/fr\/applications\/#primaryimage"},"thumbnailUrl":"https:\/\/evimotor.com\/wp-content\/uploads\/2025\/03\/applicazioni-Municipalizzate-1024x683.jpg","datePublished":"2025-03-06T12:58:41+00:00","dateModified":"2026-03-19T10:10:27+00:00","description":"Solutions Evimotor : collecte des d\u00e9chets, logistique urbaine, entretien des espaces verts et industrie. Performance 100% \u00e9lectrique pour les communes.","breadcrumb":{"@id":"https:\/\/evimotor.com\/fr\/applications\/#breadcrumb"},"inLanguage":"fr-FR","potentialAction":[{"@type":"ReadAction","target":["https:\/\/evimotor.com\/fr\/applications\/"]}]},{"@type":"ImageObject","inLanguage":"fr-FR","@id":"https:\/\/evimotor.com\/fr\/applications\/#primaryimage","url":"https:\/\/evimotor.com\/wp-content\/uploads\/2025\/03\/applicazioni-Municipalizzate-1024x683.jpg","contentUrl":"https:\/\/evimotor.com\/wp-content\/uploads\/2025\/03\/applicazioni-Municipalizzate-1024x683.jpg"},{"@type":"BreadcrumbList","@id":"https:\/\/evimotor.com\/fr\/applications\/#breadcrumb","itemListElement":[{"@type":"ListItem","position":1,"name":"Home","item":"https:\/\/evimotor.com\/fr\/"},{"@type":"ListItem","position":2,"name":"Applications"}]},{"@type":"WebSite","@id":"https:\/\/evimotor.com\/fr\/#website","url":"https:\/\/evimotor.com\/fr\/","name":"Evimotor","description":"Electric Vehicles Italia","publisher":{"@id":"https:\/\/evimotor.com\/fr\/#organization"},"potentialAction":[{"@type":"SearchAction","target":{"@type":"EntryPoint","urlTemplate":"https:\/\/evimotor.com\/fr\/?s={search_term_string}"},"query-input":{"@type":"PropertyValueSpecification","valueRequired":true,"valueName":"search_term_string"}}],"inLanguage":"fr-FR"},{"@type":"Organization","@id":"https:\/\/evimotor.com\/fr\/#organization","name":"Evimotor","url":"https:\/\/evimotor.com\/fr\/","logo":{"@type":"ImageObject","inLanguage":"fr-FR","@id":"https:\/\/evimotor.com\/fr\/#\/schema\/logo\/image\/","url":"https:\/\/evimotor.com\/wp-content\/uploads\/2025\/02\/logo-evimotor.png","contentUrl":"https:\/\/evimotor.com\/wp-content\/uploads\/2025\/02\/logo-evimotor.png","width":594,"height":110,"caption":"Evimotor"},"image":{"@id":"https:\/\/evimotor.com\/fr\/#\/schema\/logo\/image\/"}}]}},"_links":{"self":[{"href":"https:\/\/evimotor.com\/fr\/wp-json\/wp\/v2\/pages\/983","targetHints":{"allow":["GET"]}}],"collection":[{"href":"https:\/\/evimotor.com\/fr\/wp-json\/wp\/v2\/pages"}],"about":[{"href":"https:\/\/evimotor.com\/fr\/wp-json\/wp\/v2\/types\/page"}],"author":[{"embeddable":true,"href":"https:\/\/evimotor.com\/fr\/wp-json\/wp\/v2\/users\/1"}],"replies":[{"embeddable":true,"href":"https:\/\/evimotor.com\/fr\/wp-json\/wp\/v2\/comments?post=983"}],"version-history":[{"count":4,"href":"https:\/\/evimotor.com\/fr\/wp-json\/wp\/v2\/pages\/983\/revisions"}],"predecessor-version":[{"id":1308,"href":"https:\/\/evimotor.com\/fr\/wp-json\/wp\/v2\/pages\/983\/revisions\/1308"}],"wp:attachment":[{"href":"https:\/\/evimotor.com\/fr\/wp-json\/wp\/v2\/media?parent=983"}],"curies":[{"name":"wp","href":"https:\/\/api.w.org\/{rel}","templated":true}]}}