{"id":995,"date":"2025-03-13T12:30:57","date_gmt":"2025-03-13T11:30:57","guid":{"rendered":"https:\/\/evimotor.com\/evitaila\/"},"modified":"2025-07-28T13:47:51","modified_gmt":"2025-07-28T11:47:51","slug":"evitaila","status":"publish","type":"page","link":"https:\/\/evimotor.com\/fr\/evitaila\/","title":{"rendered":"Evitalia"},"content":{"rendered":"\t\t<div data-elementor-type=\"wp-page\" data-elementor-id=\"995\" class=\"elementor elementor-995 elementor-463\" data-elementor-post-type=\"page\">\n\t\t\t\t<div class=\"elementor-element elementor-element-34d7975e e-flex e-con-boxed e-con e-parent\" data-id=\"34d7975e\" data-element_type=\"container\" data-e-type=\"container\" data-settings=\"{&quot;background_background&quot;:&quot;classic&quot;}\">\n\t\t\t\t\t<div class=\"e-con-inner\">\n\t\t\t\t\t<\/div>\n\t\t\t\t<\/div>\n\t\t<div class=\"elementor-element elementor-element-adf8b0 e-flex e-con-boxed e-con e-parent\" data-id=\"adf8b0\" data-element_type=\"container\" data-e-type=\"container\">\n\t\t\t\t\t<div class=\"e-con-inner\">\n\t\t<div class=\"elementor-element elementor-element-1903060d e-con-full e-flex elementor-invisible e-con e-child\" data-id=\"1903060d\" data-element_type=\"container\" data-e-type=\"container\" data-settings=\"{&quot;background_background&quot;:&quot;classic&quot;,&quot;animation&quot;:&quot;fadeIn&quot;}\">\n\t\t\t\t<div class=\"elementor-element elementor-element-a99a723 elementor-widget-divider--view-line elementor-widget elementor-widget-divider\" data-id=\"a99a723\" data-element_type=\"widget\" data-e-type=\"widget\" data-widget_type=\"divider.default\">\n\t\t\t\t<div class=\"elementor-widget-container\">\n\t\t\t\t\t\t\t<div class=\"elementor-divider\">\n\t\t\t<span class=\"elementor-divider-separator\">\n\t\t\t\t\t\t<\/span>\n\t\t<\/div>\n\t\t\t\t\t\t<\/div>\n\t\t\t\t<\/div>\n\t\t\t\t<\/div>\n\t\t<div class=\"elementor-element elementor-element-1e1fbed0 e-con-full e-flex e-con e-child\" data-id=\"1e1fbed0\" data-element_type=\"container\" data-e-type=\"container\">\n\t\t\t\t<div class=\"elementor-element elementor-element-508a6188 elementor-invisible elementor-widget elementor-widget-heading\" data-id=\"508a6188\" data-element_type=\"widget\" data-e-type=\"widget\" data-settings=\"{&quot;_animation&quot;:&quot;fadeIn&quot;,&quot;_animation_delay&quot;:200}\" data-widget_type=\"heading.default\">\n\t\t\t\t<div class=\"elementor-widget-container\">\n\t\t\t\t\t<h2 class=\"elementor-heading-title elementor-size-default\">Philosophie verte<\/h2>\t\t\t\t<\/div>\n\t\t\t\t<\/div>\n\t\t\t\t<div class=\"elementor-element elementor-element-5819804b elementor-widget elementor-widget-spacer\" data-id=\"5819804b\" data-element_type=\"widget\" data-e-type=\"widget\" data-widget_type=\"spacer.default\">\n\t\t\t\t<div class=\"elementor-widget-container\">\n\t\t\t\t\t\t\t<div class=\"elementor-spacer\">\n\t\t\t<div class=\"elementor-spacer-inner\"><\/div>\n\t\t<\/div>\n\t\t\t\t\t\t<\/div>\n\t\t\t\t<\/div>\n\t\t\t\t<div class=\"elementor-element elementor-element-2b69eaa3 elementor-invisible elementor-widget elementor-widget-text-editor\" data-id=\"2b69eaa3\" data-element_type=\"widget\" data-e-type=\"widget\" data-settings=\"{&quot;_animation&quot;:&quot;fadeIn&quot;,&quot;_animation_delay&quot;:400}\" data-widget_type=\"text-editor.default\">\n\t\t\t\t<div class=\"elementor-widget-container\">\n\t\t\t\t\t\t\t\t\t<p>Evitalia est une entreprise italienne qui produit des v\u00e9hicules de transport \u00e9lectrique multifonctionnels.<\/p>\n<p>Nos v\u00e9hicules sont con\u00e7us pour \u00eatre efficaces et respectueux de l&rsquo;environnement, avec un impact environnemental nul.<\/p>\n<p>Gr\u00e2ce au syst\u00e8me photovolta\u00efque de 1mW install\u00e9 au-dessus de notre usine, nous sommes en mesure de produire toute l&rsquo;\u00e9nergie n\u00e9cessaire \u00e0 la production de nos v\u00e9hicules, ce qui nous permet de ne pas \u00e9mettre de CO2 et de contribuer \u00e0 la r\u00e9duction de la pollution de l&rsquo;environnement.<\/p>\n<p>Nos v\u00e9hicules sont disponibles dans une vari\u00e9t\u00e9 de mod\u00e8les et avec une large gamme d&rsquo;accessoires pour r\u00e9pondre aux diff\u00e9rents besoins de nos clients.<\/p>\n<p>Nos v\u00e9hicules sont \u00e9galement \u00e9quip\u00e9s d&rsquo;une s\u00e9rie de technologies innovantes qui les rendent plus efficaces et plus s\u00fbrs.<\/p>\n\t\t\t\t\t\t\t\t<\/div>\n\t\t\t\t<\/div>\n\t\t\t\t<div class=\"elementor-element elementor-element-104bea09 elementor-invisible elementor-widget elementor-widget-button\" data-id=\"104bea09\" data-element_type=\"widget\" data-e-type=\"widget\" data-settings=\"{&quot;_animation&quot;:&quot;fadeIn&quot;,&quot;_animation_delay&quot;:600}\" data-widget_type=\"button.default\">\n\t\t\t\t<div class=\"elementor-widget-container\">\n\t\t\t\t\t\t\t\t\t<div class=\"elementor-button-wrapper\">\n\t\t\t\t\t<a class=\"elementor-button elementor-button-link elementor-size-sm\" href=\"#\">\n\t\t\t\t\t\t<span class=\"elementor-button-content-wrapper\">\n\t\t\t\t\t\t\t\t\t<span class=\"elementor-button-text\">T\u00e9l\u00e9charger notre pr\u00e9sentation<\/span>\n\t\t\t\t\t<\/span>\n\t\t\t\t\t<\/a>\n\t\t\t\t<\/div>\n\t\t\t\t\t\t\t\t<\/div>\n\t\t\t\t<\/div>\n\t\t\t\t<\/div>\n\t\t\t\t\t<\/div>\n\t\t\t\t<\/div>\n\t\t<div class=\"elementor-element elementor-element-15b3c016 e-flex e-con-boxed e-con e-parent\" data-id=\"15b3c016\" data-element_type=\"container\" data-e-type=\"container\" data-settings=\"{&quot;background_background&quot;:&quot;classic&quot;}\">\n\t\t\t\t\t<div class=\"e-con-inner\">\n\t\t\t\t<div class=\"elementor-element elementor-element-71439c8d elementor-invisible elementor-widget elementor-widget-heading\" data-id=\"71439c8d\" data-element_type=\"widget\" data-e-type=\"widget\" data-settings=\"{&quot;_animation&quot;:&quot;fadeIn&quot;,&quot;_animation_delay&quot;:200}\" data-widget_type=\"heading.default\">\n\t\t\t\t<div class=\"elementor-widget-container\">\n\t\t\t\t\t<h4 class=\"elementor-heading-title elementor-size-default\">Evitalia s'engage \u00e0 promouvoir la mobilit\u00e9 durable, et les v\u00e9hicules que nous produisons sont une solution id\u00e9ale pour ceux qui recherchent un moyen \u00e9cologique de se d\u00e9placer, de transporter et de travailler.<\/h4>\t\t\t\t<\/div>\n\t\t\t\t<\/div>\n\t\t<div class=\"elementor-element elementor-element-266d6c34 e-con-full e-flex e-con e-child\" data-id=\"266d6c34\" data-element_type=\"container\" data-e-type=\"container\">\n\t\t<div class=\"elementor-element elementor-element-41cd720e e-con-full e-flex elementor-invisible e-con e-child\" data-id=\"41cd720e\" data-element_type=\"container\" data-e-type=\"container\" data-settings=\"{&quot;background_background&quot;:&quot;classic&quot;,&quot;animation&quot;:&quot;fadeIn&quot;,&quot;animation_delay&quot;:400}\">\n\t\t\t\t<div class=\"elementor-element elementor-element-2cfb714c elementor-widget-divider--view-line elementor-widget elementor-widget-divider\" data-id=\"2cfb714c\" data-element_type=\"widget\" data-e-type=\"widget\" data-widget_type=\"divider.default\">\n\t\t\t\t<div class=\"elementor-widget-container\">\n\t\t\t\t\t\t\t<div class=\"elementor-divider\">\n\t\t\t<span class=\"elementor-divider-separator\">\n\t\t\t\t\t\t<\/span>\n\t\t<\/div>\n\t\t\t\t\t\t<\/div>\n\t\t\t\t<\/div>\n\t\t\t\t<\/div>\n\t\t<div class=\"elementor-element elementor-element-59b47bc7 e-con-full e-flex elementor-invisible e-con e-child\" data-id=\"59b47bc7\" data-element_type=\"container\" data-e-type=\"container\" data-settings=\"{&quot;background_background&quot;:&quot;slideshow&quot;,&quot;background_slideshow_gallery&quot;:[{&quot;id&quot;:428,&quot;url&quot;:&quot;https:\\\/\\\/evimotor.com\\\/wp-content\\\/uploads\\\/2025\\\/03\\\/applicazioni-Agricoltura.jpg&quot;},{&quot;id&quot;:132,&quot;url&quot;:&quot;https:\\\/\\\/evimotor.com\\\/wp-content\\\/uploads\\\/2025\\\/02\\\/EvItalia-EviCountry-03.jpg&quot;},{&quot;id&quot;:248,&quot;url&quot;:&quot;https:\\\/\\\/evimotor.com\\\/wp-content\\\/uploads\\\/2025\\\/02\\\/country-offroad.jpg&quot;}],&quot;animation&quot;:&quot;fadeIn&quot;,&quot;animation_delay&quot;:500,&quot;background_slideshow_loop&quot;:&quot;yes&quot;,&quot;background_slideshow_slide_duration&quot;:5000,&quot;background_slideshow_slide_transition&quot;:&quot;fade&quot;,&quot;background_slideshow_transition_duration&quot;:500}\">\n\t\t\t\t<div class=\"elementor-element elementor-element-540dbf14 elementor-widget-divider--view-line elementor-widget elementor-widget-divider\" data-id=\"540dbf14\" data-element_type=\"widget\" data-e-type=\"widget\" data-widget_type=\"divider.default\">\n\t\t\t\t<div class=\"elementor-widget-container\">\n\t\t\t\t\t\t\t<div class=\"elementor-divider\">\n\t\t\t<span class=\"elementor-divider-separator\">\n\t\t\t\t\t\t<\/span>\n\t\t<\/div>\n\t\t\t\t\t\t<\/div>\n\t\t\t\t<\/div>\n\t\t\t\t<\/div>\n\t\t\t\t<\/div>\n\t\t<div class=\"elementor-element elementor-element-3aaafd20 e-grid e-con-full e-con e-child\" data-id=\"3aaafd20\" data-element_type=\"container\" data-e-type=\"container\">\n\t\t<div class=\"elementor-element elementor-element-161ca2 e-con-full e-flex elementor-invisible e-con e-child\" data-id=\"161ca2\" data-element_type=\"container\" data-e-type=\"container\" data-settings=\"{&quot;animation&quot;:&quot;fadeIn&quot;}\">\n\t\t\t\t<div class=\"elementor-element elementor-element-b8cd8b4 elementor-widget-divider--view-line elementor-widget elementor-widget-divider\" data-id=\"b8cd8b4\" data-element_type=\"widget\" data-e-type=\"widget\" data-widget_type=\"divider.default\">\n\t\t\t\t<div class=\"elementor-widget-container\">\n\t\t\t\t\t\t\t<div class=\"elementor-divider\">\n\t\t\t<span class=\"elementor-divider-separator\">\n\t\t\t\t\t\t<\/span>\n\t\t<\/div>\n\t\t\t\t\t\t<\/div>\n\t\t\t\t<\/div>\n\t\t\t\t<div class=\"elementor-element elementor-element-60fcf756 elementor-widget elementor-widget-heading\" data-id=\"60fcf756\" data-element_type=\"widget\" data-e-type=\"widget\" data-widget_type=\"heading.default\">\n\t\t\t\t<div class=\"elementor-widget-container\">\n\t\t\t\t\t<h3 class=\"elementor-heading-title elementor-size-default\">Nos valeurs<\/h3>\t\t\t\t<\/div>\n\t\t\t\t<\/div>\n\t\t\t\t<div class=\"elementor-element elementor-element-63b3275a elementor-widget elementor-widget-text-editor\" data-id=\"63b3275a\" data-element_type=\"widget\" data-e-type=\"widget\" data-widget_type=\"text-editor.default\">\n\t\t\t\t<div class=\"elementor-widget-container\">\n\t\t\t\t\t\t\t\t\t<ul>\n<li><strong>Durabilit\u00e9<\/strong> : nous nous engageons \u00e0 r\u00e9duire l&rsquo;impact environnemental de nos activit\u00e9s.<\/li>\n<li><strong>Innovation<\/strong> : nous sommes toujours \u00e0 la recherche de nouvelles technologies pour am\u00e9liorer nos produits et nos services.<\/li>\n<li><strong>Qualit\u00e9<\/strong> : nous nous engageons \u00e0 fournir \u00e0 nos clients des produits et des services de haute qualit\u00e9.<\/li>\n<\/ul>\n\t\t\t\t\t\t\t\t<\/div>\n\t\t\t\t<\/div>\n\t\t\t\t<\/div>\n\t\t<div class=\"elementor-element elementor-element-3dbc4d7f e-con-full e-flex elementor-invisible e-con e-child\" data-id=\"3dbc4d7f\" data-element_type=\"container\" data-e-type=\"container\" data-settings=\"{&quot;animation&quot;:&quot;fadeIn&quot;,&quot;animation_delay&quot;:200}\">\n\t\t\t\t<div class=\"elementor-element elementor-element-60177e08 elementor-widget-divider--view-line elementor-widget elementor-widget-divider\" data-id=\"60177e08\" data-element_type=\"widget\" data-e-type=\"widget\" data-widget_type=\"divider.default\">\n\t\t\t\t<div class=\"elementor-widget-container\">\n\t\t\t\t\t\t\t<div class=\"elementor-divider\">\n\t\t\t<span class=\"elementor-divider-separator\">\n\t\t\t\t\t\t<\/span>\n\t\t<\/div>\n\t\t\t\t\t\t<\/div>\n\t\t\t\t<\/div>\n\t\t\t\t<div class=\"elementor-element elementor-element-1087ef15 elementor-widget elementor-widget-heading\" data-id=\"1087ef15\" data-element_type=\"widget\" data-e-type=\"widget\" data-widget_type=\"heading.default\">\n\t\t\t\t<div class=\"elementor-widget-container\">\n\t\t\t\t\t<h3 class=\"elementor-heading-title elementor-size-default\">Nos objectifs<\/h3>\t\t\t\t<\/div>\n\t\t\t\t<\/div>\n\t\t\t\t<div class=\"elementor-element elementor-element-1d5a643a elementor-widget elementor-widget-text-editor\" data-id=\"1d5a643a\" data-element_type=\"widget\" data-e-type=\"widget\" data-widget_type=\"text-editor.default\">\n\t\t\t\t<div class=\"elementor-widget-container\">\n\t\t\t\t\t\t\t\t\t<ul>\n<li>Devenir un leader dans la production de v\u00e9hicules \u00e9lectriques multifonctionnels.<\/li>\n<li>R\u00e9duire les \u00e9missions de CO2 du secteur des transports.<\/li>\n<li>Contribuer \u00e0 la cr\u00e9ation d&rsquo;un avenir plus durable.<\/li>\n<\/ul>\n\t\t\t\t\t\t\t\t<\/div>\n\t\t\t\t<\/div>\n\t\t\t\t<\/div>\n\t\t\t\t<\/div>\n\t\t\t\t\t<\/div>\n\t\t\t\t<\/div>\n\t\t\t\t<\/div>\n\t\t","protected":false},"excerpt":{"rendered":"<p>Philosophie verte Evitalia est une entreprise italienne qui produit des v\u00e9hicules de transport \u00e9lectrique multifonctionnels. Nos v\u00e9hicules sont con\u00e7us pour \u00eatre efficaces et respectueux de l&rsquo;environnement, avec un impact environnemental nul. Gr\u00e2ce au syst\u00e8me photovolta\u00efque de 1mW install\u00e9 au-dessus de notre usine, nous sommes en mesure de produire toute l&rsquo;\u00e9nergie n\u00e9cessaire \u00e0 la production de [&hellip;]<\/p>\n","protected":false},"author":2,"featured_media":0,"parent":0,"menu_order":0,"comment_status":"closed","ping_status":"closed","template":"elementor_header_footer","meta":{"footnotes":""},"class_list":["post-995","page","type-page","status-publish","hentry"],"yoast_head":"<!-- This site is optimized with the Yoast SEO plugin v27.2 - https:\/\/yoast.com\/product\/yoast-seo-wordpress\/ -->\n<title>Evitalia - Evimotor<\/title>\n<meta name=\"robots\" content=\"index, follow, max-snippet:-1, max-image-preview:large, max-video-preview:-1\" \/>\n<link rel=\"canonical\" href=\"https:\/\/evimotor.com\/fr\/evitaila\/\" \/>\n<meta property=\"og:locale\" content=\"fr_FR\" \/>\n<meta property=\"og:type\" content=\"article\" \/>\n<meta property=\"og:title\" content=\"Evitalia - Evimotor\" \/>\n<meta property=\"og:description\" content=\"Philosophie verte Evitalia est une entreprise italienne qui produit des v\u00e9hicules de transport \u00e9lectrique multifonctionnels. Nos v\u00e9hicules sont con\u00e7us pour \u00eatre efficaces et respectueux de l&rsquo;environnement, avec un impact environnemental nul. Gr\u00e2ce au syst\u00e8me photovolta\u00efque de 1mW install\u00e9 au-dessus de notre usine, nous sommes en mesure de produire toute l&rsquo;\u00e9nergie n\u00e9cessaire \u00e0 la production de [&hellip;]\" \/>\n<meta property=\"og:url\" content=\"https:\/\/evimotor.com\/fr\/evitaila\/\" \/>\n<meta property=\"og:site_name\" content=\"Evimotor\" \/>\n<meta property=\"article:modified_time\" content=\"2025-07-28T11:47:51+00:00\" \/>\n<meta name=\"twitter:card\" content=\"summary_large_image\" \/>\n<meta name=\"twitter:label1\" content=\"Dur\u00e9e de lecture estim\u00e9e\" \/>\n\t<meta name=\"twitter:data1\" content=\"1 minute\" \/>\n<script type=\"application\/ld+json\" class=\"yoast-schema-graph\">{\"@context\":\"https:\/\/schema.org\",\"@graph\":[{\"@type\":\"WebPage\",\"@id\":\"https:\/\/evimotor.com\/fr\/evitaila\/\",\"url\":\"https:\/\/evimotor.com\/fr\/evitaila\/\",\"name\":\"Evitalia - Evimotor\",\"isPartOf\":{\"@id\":\"https:\/\/evimotor.com\/fr\/#website\"},\"datePublished\":\"2025-03-13T11:30:57+00:00\",\"dateModified\":\"2025-07-28T11:47:51+00:00\",\"breadcrumb\":{\"@id\":\"https:\/\/evimotor.com\/fr\/evitaila\/#breadcrumb\"},\"inLanguage\":\"fr-FR\",\"potentialAction\":[{\"@type\":\"ReadAction\",\"target\":[\"https:\/\/evimotor.com\/fr\/evitaila\/\"]}]},{\"@type\":\"BreadcrumbList\",\"@id\":\"https:\/\/evimotor.com\/fr\/evitaila\/#breadcrumb\",\"itemListElement\":[{\"@type\":\"ListItem\",\"position\":1,\"name\":\"Home\",\"item\":\"https:\/\/evimotor.com\/fr\/\"},{\"@type\":\"ListItem\",\"position\":2,\"name\":\"Evitalia\"}]},{\"@type\":\"WebSite\",\"@id\":\"https:\/\/evimotor.com\/fr\/#website\",\"url\":\"https:\/\/evimotor.com\/fr\/\",\"name\":\"Evimotor\",\"description\":\"Electric Vehicles Italia\",\"publisher\":{\"@id\":\"https:\/\/evimotor.com\/fr\/#organization\"},\"potentialAction\":[{\"@type\":\"SearchAction\",\"target\":{\"@type\":\"EntryPoint\",\"urlTemplate\":\"https:\/\/evimotor.com\/fr\/?s={search_term_string}\"},\"query-input\":{\"@type\":\"PropertyValueSpecification\",\"valueRequired\":true,\"valueName\":\"search_term_string\"}}],\"inLanguage\":\"fr-FR\"},{\"@type\":\"Organization\",\"@id\":\"https:\/\/evimotor.com\/fr\/#organization\",\"name\":\"Evimotor\",\"url\":\"https:\/\/evimotor.com\/fr\/\",\"logo\":{\"@type\":\"ImageObject\",\"inLanguage\":\"fr-FR\",\"@id\":\"https:\/\/evimotor.com\/fr\/#\/schema\/logo\/image\/\",\"url\":\"https:\/\/evimotor.com\/wp-content\/uploads\/2025\/02\/logo-evimotor.png\",\"contentUrl\":\"https:\/\/evimotor.com\/wp-content\/uploads\/2025\/02\/logo-evimotor.png\",\"width\":594,\"height\":110,\"caption\":\"Evimotor\"},\"image\":{\"@id\":\"https:\/\/evimotor.com\/fr\/#\/schema\/logo\/image\/\"}}]}<\/script>\n<!-- \/ Yoast SEO plugin. -->","yoast_head_json":{"title":"Evitalia - Evimotor","robots":{"index":"index","follow":"follow","max-snippet":"max-snippet:-1","max-image-preview":"max-image-preview:large","max-video-preview":"max-video-preview:-1"},"canonical":"https:\/\/evimotor.com\/fr\/evitaila\/","og_locale":"fr_FR","og_type":"article","og_title":"Evitalia - Evimotor","og_description":"Philosophie verte Evitalia est une entreprise italienne qui produit des v\u00e9hicules de transport \u00e9lectrique multifonctionnels. Nos v\u00e9hicules sont con\u00e7us pour \u00eatre efficaces et respectueux de l&rsquo;environnement, avec un impact environnemental nul. Gr\u00e2ce au syst\u00e8me photovolta\u00efque de 1mW install\u00e9 au-dessus de notre usine, nous sommes en mesure de produire toute l&rsquo;\u00e9nergie n\u00e9cessaire \u00e0 la production de [&hellip;]","og_url":"https:\/\/evimotor.com\/fr\/evitaila\/","og_site_name":"Evimotor","article_modified_time":"2025-07-28T11:47:51+00:00","twitter_card":"summary_large_image","twitter_misc":{"Dur\u00e9e de lecture estim\u00e9e":"1 minute"},"schema":{"@context":"https:\/\/schema.org","@graph":[{"@type":"WebPage","@id":"https:\/\/evimotor.com\/fr\/evitaila\/","url":"https:\/\/evimotor.com\/fr\/evitaila\/","name":"Evitalia - Evimotor","isPartOf":{"@id":"https:\/\/evimotor.com\/fr\/#website"},"datePublished":"2025-03-13T11:30:57+00:00","dateModified":"2025-07-28T11:47:51+00:00","breadcrumb":{"@id":"https:\/\/evimotor.com\/fr\/evitaila\/#breadcrumb"},"inLanguage":"fr-FR","potentialAction":[{"@type":"ReadAction","target":["https:\/\/evimotor.com\/fr\/evitaila\/"]}]},{"@type":"BreadcrumbList","@id":"https:\/\/evimotor.com\/fr\/evitaila\/#breadcrumb","itemListElement":[{"@type":"ListItem","position":1,"name":"Home","item":"https:\/\/evimotor.com\/fr\/"},{"@type":"ListItem","position":2,"name":"Evitalia"}]},{"@type":"WebSite","@id":"https:\/\/evimotor.com\/fr\/#website","url":"https:\/\/evimotor.com\/fr\/","name":"Evimotor","description":"Electric Vehicles Italia","publisher":{"@id":"https:\/\/evimotor.com\/fr\/#organization"},"potentialAction":[{"@type":"SearchAction","target":{"@type":"EntryPoint","urlTemplate":"https:\/\/evimotor.com\/fr\/?s={search_term_string}"},"query-input":{"@type":"PropertyValueSpecification","valueRequired":true,"valueName":"search_term_string"}}],"inLanguage":"fr-FR"},{"@type":"Organization","@id":"https:\/\/evimotor.com\/fr\/#organization","name":"Evimotor","url":"https:\/\/evimotor.com\/fr\/","logo":{"@type":"ImageObject","inLanguage":"fr-FR","@id":"https:\/\/evimotor.com\/fr\/#\/schema\/logo\/image\/","url":"https:\/\/evimotor.com\/wp-content\/uploads\/2025\/02\/logo-evimotor.png","contentUrl":"https:\/\/evimotor.com\/wp-content\/uploads\/2025\/02\/logo-evimotor.png","width":594,"height":110,"caption":"Evimotor"},"image":{"@id":"https:\/\/evimotor.com\/fr\/#\/schema\/logo\/image\/"}}]}},"_links":{"self":[{"href":"https:\/\/evimotor.com\/fr\/wp-json\/wp\/v2\/pages\/995","targetHints":{"allow":["GET"]}}],"collection":[{"href":"https:\/\/evimotor.com\/fr\/wp-json\/wp\/v2\/pages"}],"about":[{"href":"https:\/\/evimotor.com\/fr\/wp-json\/wp\/v2\/types\/page"}],"author":[{"embeddable":true,"href":"https:\/\/evimotor.com\/fr\/wp-json\/wp\/v2\/users\/2"}],"replies":[{"embeddable":true,"href":"https:\/\/evimotor.com\/fr\/wp-json\/wp\/v2\/comments?post=995"}],"version-history":[{"count":2,"href":"https:\/\/evimotor.com\/fr\/wp-json\/wp\/v2\/pages\/995\/revisions"}],"predecessor-version":[{"id":1349,"href":"https:\/\/evimotor.com\/fr\/wp-json\/wp\/v2\/pages\/995\/revisions\/1349"}],"wp:attachment":[{"href":"https:\/\/evimotor.com\/fr\/wp-json\/wp\/v2\/media?parent=995"}],"curies":[{"name":"wp","href":"https:\/\/api.w.org\/{rel}","templated":true}]}}