{"id":1845,"date":"2025-03-13T12:30:57","date_gmt":"2025-03-13T11:30:57","guid":{"rendered":"https:\/\/evimotor.com\/evitalia\/"},"modified":"2025-10-30T07:42:41","modified_gmt":"2025-10-30T06:42:41","slug":"evitalia","status":"publish","type":"page","link":"https:\/\/evimotor.com\/pl\/evitalia\/","title":{"rendered":"Evitalia"},"content":{"rendered":"\t\t<div data-elementor-type=\"wp-page\" data-elementor-id=\"1845\" class=\"elementor elementor-1845 elementor-463\" data-elementor-post-type=\"page\">\n\t\t\t\t<div class=\"elementor-element elementor-element-34d7975e e-flex e-con-boxed e-con e-parent\" data-id=\"34d7975e\" data-element_type=\"container\" data-e-type=\"container\" data-settings=\"{&quot;background_background&quot;:&quot;classic&quot;}\">\n\t\t\t\t\t<div class=\"e-con-inner\">\n\t\t\t\t\t<\/div>\n\t\t\t\t<\/div>\n\t\t<div class=\"elementor-element elementor-element-adf8b0 e-flex e-con-boxed e-con e-parent\" data-id=\"adf8b0\" data-element_type=\"container\" data-e-type=\"container\">\n\t\t\t\t\t<div class=\"e-con-inner\">\n\t\t<div class=\"elementor-element elementor-element-1903060d e-con-full e-flex elementor-invisible e-con e-child\" data-id=\"1903060d\" data-element_type=\"container\" data-e-type=\"container\" data-settings=\"{&quot;background_background&quot;:&quot;classic&quot;,&quot;animation&quot;:&quot;fadeIn&quot;}\">\n\t\t\t\t<div class=\"elementor-element elementor-element-a99a723 elementor-widget-divider--view-line elementor-widget elementor-widget-divider\" data-id=\"a99a723\" data-element_type=\"widget\" data-e-type=\"widget\" data-widget_type=\"divider.default\">\n\t\t\t\t<div class=\"elementor-widget-container\">\n\t\t\t\t\t\t\t<div class=\"elementor-divider\">\n\t\t\t<span class=\"elementor-divider-separator\">\n\t\t\t\t\t\t<\/span>\n\t\t<\/div>\n\t\t\t\t\t\t<\/div>\n\t\t\t\t<\/div>\n\t\t\t\t<\/div>\n\t\t<div class=\"elementor-element elementor-element-1e1fbed0 e-con-full e-flex e-con e-child\" data-id=\"1e1fbed0\" data-element_type=\"container\" data-e-type=\"container\">\n\t\t\t\t<div class=\"elementor-element elementor-element-508a6188 elementor-invisible elementor-widget elementor-widget-heading\" data-id=\"508a6188\" data-element_type=\"widget\" data-e-type=\"widget\" data-settings=\"{&quot;_animation&quot;:&quot;fadeIn&quot;,&quot;_animation_delay&quot;:200}\" data-widget_type=\"heading.default\">\n\t\t\t\t<div class=\"elementor-widget-container\">\n\t\t\t\t\t<h2 class=\"elementor-heading-title elementor-size-default\">Filosof\u00eda ecol\u00f3gica<\/h2>\t\t\t\t<\/div>\n\t\t\t\t<\/div>\n\t\t\t\t<div class=\"elementor-element elementor-element-5819804b elementor-widget elementor-widget-spacer\" data-id=\"5819804b\" data-element_type=\"widget\" data-e-type=\"widget\" data-widget_type=\"spacer.default\">\n\t\t\t\t<div class=\"elementor-widget-container\">\n\t\t\t\t\t\t\t<div class=\"elementor-spacer\">\n\t\t\t<div class=\"elementor-spacer-inner\"><\/div>\n\t\t<\/div>\n\t\t\t\t\t\t<\/div>\n\t\t\t\t<\/div>\n\t\t\t\t<div class=\"elementor-element elementor-element-2b69eaa3 elementor-invisible elementor-widget elementor-widget-text-editor\" data-id=\"2b69eaa3\" data-element_type=\"widget\" data-e-type=\"widget\" data-settings=\"{&quot;_animation&quot;:&quot;fadeIn&quot;,&quot;_animation_delay&quot;:400}\" data-widget_type=\"text-editor.default\">\n\t\t\t\t<div class=\"elementor-widget-container\">\n\t\t\t\t\t\t\t\t\t<p><b>Evitalia <\/b>es una empresa italiana que fabrica veh\u00edculos el\u00e9ctricos multifuncionales para el transporte.<\/p>\n<p>Nuestros veh\u00edculos est\u00e1n dise\u00f1ados para ser eficientes y respetuosos con el medio ambiente, con un impacto medioambiental nulo.<\/p>\n<p>Gracias a la instalaci\u00f3n fotovoltaica de 1 MW instalada sobre nuestra f\u00e1brica, somos capaces de producir toda la energ\u00eda necesaria para la fabricaci\u00f3n de nuestros veh\u00edculos. De esta manera, no producimos emisiones de CO2 y contribuimos a la reducci\u00f3n de la contaminaci\u00f3n ambiental.<\/p>\n<p>Nuestros veh\u00edculos est\u00e1n disponibles en una variedad de modelos y con una amplia gama de accesorios, para satisfacer las diferentes necesidades de sus clientes.<\/p>\n<p>Nuestros veh\u00edculos tambi\u00e9n est\u00e1n equipados con una serie de tecnolog\u00edas innovadoras, que los hacen m\u00e1s eficientes y seguros.<\/p>\n\t\t\t\t\t\t\t\t<\/div>\n\t\t\t\t<\/div>\n\t\t\t\t<div class=\"elementor-element elementor-element-104bea09 elementor-invisible elementor-widget elementor-widget-button\" data-id=\"104bea09\" data-element_type=\"widget\" data-e-type=\"widget\" data-settings=\"{&quot;_animation&quot;:&quot;fadeIn&quot;,&quot;_animation_delay&quot;:600}\" data-widget_type=\"button.default\">\n\t\t\t\t<div class=\"elementor-widget-container\">\n\t\t\t\t\t\t\t\t\t<div class=\"elementor-button-wrapper\">\n\t\t\t\t\t<a class=\"elementor-button elementor-button-link elementor-size-sm\" href=\"#\">\n\t\t\t\t\t\t<span class=\"elementor-button-content-wrapper\">\n\t\t\t\t\t\t\t\t\t<span class=\"elementor-button-text\">Descargue nuestra presentaci\u00f3n<\/span>\n\t\t\t\t\t<\/span>\n\t\t\t\t\t<\/a>\n\t\t\t\t<\/div>\n\t\t\t\t\t\t\t\t<\/div>\n\t\t\t\t<\/div>\n\t\t\t\t<\/div>\n\t\t\t\t\t<\/div>\n\t\t\t\t<\/div>\n\t\t<div class=\"elementor-element elementor-element-15b3c016 e-flex e-con-boxed e-con e-parent\" data-id=\"15b3c016\" data-element_type=\"container\" data-e-type=\"container\" data-settings=\"{&quot;background_background&quot;:&quot;classic&quot;}\">\n\t\t\t\t\t<div class=\"e-con-inner\">\n\t\t\t\t<div class=\"elementor-element elementor-element-71439c8d elementor-invisible elementor-widget elementor-widget-heading\" data-id=\"71439c8d\" data-element_type=\"widget\" data-e-type=\"widget\" data-settings=\"{&quot;_animation&quot;:&quot;fadeIn&quot;,&quot;_animation_delay&quot;:200}\" data-widget_type=\"heading.default\">\n\t\t\t\t<div class=\"elementor-widget-container\">\n\t\t\t\t\t<h4 class=\"elementor-heading-title elementor-size-default\">Evitalia se compromete a promover la movilidad sostenible y los veh\u00edculos que producimos.<\/h4>\t\t\t\t<\/div>\n\t\t\t\t<\/div>\n\t\t<div class=\"elementor-element elementor-element-266d6c34 e-con-full e-flex e-con e-child\" data-id=\"266d6c34\" data-element_type=\"container\" data-e-type=\"container\">\n\t\t<div class=\"elementor-element elementor-element-41cd720e e-con-full e-flex elementor-invisible e-con e-child\" data-id=\"41cd720e\" data-element_type=\"container\" data-e-type=\"container\" data-settings=\"{&quot;background_background&quot;:&quot;classic&quot;,&quot;animation&quot;:&quot;fadeIn&quot;,&quot;animation_delay&quot;:400}\">\n\t\t\t\t<div class=\"elementor-element elementor-element-2cfb714c elementor-widget-divider--view-line elementor-widget elementor-widget-divider\" data-id=\"2cfb714c\" data-element_type=\"widget\" data-e-type=\"widget\" data-widget_type=\"divider.default\">\n\t\t\t\t<div class=\"elementor-widget-container\">\n\t\t\t\t\t\t\t<div class=\"elementor-divider\">\n\t\t\t<span class=\"elementor-divider-separator\">\n\t\t\t\t\t\t<\/span>\n\t\t<\/div>\n\t\t\t\t\t\t<\/div>\n\t\t\t\t<\/div>\n\t\t\t\t<\/div>\n\t\t<div class=\"elementor-element elementor-element-59b47bc7 e-con-full e-flex elementor-invisible e-con e-child\" data-id=\"59b47bc7\" data-element_type=\"container\" data-e-type=\"container\" data-settings=\"{&quot;background_background&quot;:&quot;slideshow&quot;,&quot;background_slideshow_gallery&quot;:[{&quot;id&quot;:428,&quot;url&quot;:&quot;https:\\\/\\\/evimotor.com\\\/wp-content\\\/uploads\\\/2025\\\/03\\\/applicazioni-Agricoltura.jpg&quot;},{&quot;id&quot;:132,&quot;url&quot;:&quot;https:\\\/\\\/evimotor.com\\\/wp-content\\\/uploads\\\/2025\\\/02\\\/EvItalia-EviCountry-03.jpg&quot;},{&quot;id&quot;:248,&quot;url&quot;:&quot;https:\\\/\\\/evimotor.com\\\/wp-content\\\/uploads\\\/2025\\\/02\\\/country-offroad.jpg&quot;}],&quot;animation&quot;:&quot;fadeIn&quot;,&quot;animation_delay&quot;:500,&quot;background_slideshow_loop&quot;:&quot;yes&quot;,&quot;background_slideshow_slide_duration&quot;:5000,&quot;background_slideshow_slide_transition&quot;:&quot;fade&quot;,&quot;background_slideshow_transition_duration&quot;:500}\">\n\t\t\t\t<div class=\"elementor-element elementor-element-540dbf14 elementor-widget-divider--view-line elementor-widget elementor-widget-divider\" data-id=\"540dbf14\" data-element_type=\"widget\" data-e-type=\"widget\" data-widget_type=\"divider.default\">\n\t\t\t\t<div class=\"elementor-widget-container\">\n\t\t\t\t\t\t\t<div class=\"elementor-divider\">\n\t\t\t<span class=\"elementor-divider-separator\">\n\t\t\t\t\t\t<\/span>\n\t\t<\/div>\n\t\t\t\t\t\t<\/div>\n\t\t\t\t<\/div>\n\t\t\t\t<\/div>\n\t\t\t\t<\/div>\n\t\t<div class=\"elementor-element elementor-element-3aaafd20 e-grid e-con-full e-con e-child\" data-id=\"3aaafd20\" data-element_type=\"container\" data-e-type=\"container\">\n\t\t<div class=\"elementor-element elementor-element-161ca2 e-con-full e-flex elementor-invisible e-con e-child\" data-id=\"161ca2\" data-element_type=\"container\" data-e-type=\"container\" data-settings=\"{&quot;animation&quot;:&quot;fadeIn&quot;}\">\n\t\t\t\t<div class=\"elementor-element elementor-element-b8cd8b4 elementor-widget-divider--view-line elementor-widget elementor-widget-divider\" data-id=\"b8cd8b4\" data-element_type=\"widget\" data-e-type=\"widget\" data-widget_type=\"divider.default\">\n\t\t\t\t<div class=\"elementor-widget-container\">\n\t\t\t\t\t\t\t<div class=\"elementor-divider\">\n\t\t\t<span class=\"elementor-divider-separator\">\n\t\t\t\t\t\t<\/span>\n\t\t<\/div>\n\t\t\t\t\t\t<\/div>\n\t\t\t\t<\/div>\n\t\t\t\t<div class=\"elementor-element elementor-element-60fcf756 elementor-widget elementor-widget-heading\" data-id=\"60fcf756\" data-element_type=\"widget\" data-e-type=\"widget\" data-widget_type=\"heading.default\">\n\t\t\t\t<div class=\"elementor-widget-container\">\n\t\t\t\t\t<h3 class=\"elementor-heading-title elementor-size-default\">Nuestros valores<\/h3>\t\t\t\t<\/div>\n\t\t\t\t<\/div>\n\t\t\t\t<div class=\"elementor-element elementor-element-63b3275a elementor-widget elementor-widget-text-editor\" data-id=\"63b3275a\" data-element_type=\"widget\" data-e-type=\"widget\" data-widget_type=\"text-editor.default\">\n\t\t\t\t<div class=\"elementor-widget-container\">\n\t\t\t\t\t\t\t\t\t<ul>\n<li><b>Sostenibilidad:<\/b> nos comprometemos a reducir el impacto medioambiental de nuestra actividad.<\/li>\n<li><b>Innovaci\u00f3n<\/b>: buscamos constantemente nuevas tecnolog\u00edas para mejorar nuestros productos y servicios.<\/li>\n<li><b>Calidad<\/b>: nos comprometemos a proporcionar a sus clientes productos y servicios de alta calidad.<\/li>\n<\/ul>\n\t\t\t\t\t\t\t\t<\/div>\n\t\t\t\t<\/div>\n\t\t\t\t<\/div>\n\t\t<div class=\"elementor-element elementor-element-3dbc4d7f e-con-full e-flex elementor-invisible e-con e-child\" data-id=\"3dbc4d7f\" data-element_type=\"container\" data-e-type=\"container\" data-settings=\"{&quot;animation&quot;:&quot;fadeIn&quot;,&quot;animation_delay&quot;:200}\">\n\t\t\t\t<div class=\"elementor-element elementor-element-60177e08 elementor-widget-divider--view-line elementor-widget elementor-widget-divider\" data-id=\"60177e08\" data-element_type=\"widget\" data-e-type=\"widget\" data-widget_type=\"divider.default\">\n\t\t\t\t<div class=\"elementor-widget-container\">\n\t\t\t\t\t\t\t<div class=\"elementor-divider\">\n\t\t\t<span class=\"elementor-divider-separator\">\n\t\t\t\t\t\t<\/span>\n\t\t<\/div>\n\t\t\t\t\t\t<\/div>\n\t\t\t\t<\/div>\n\t\t\t\t<div class=\"elementor-element elementor-element-1087ef15 elementor-widget elementor-widget-heading\" data-id=\"1087ef15\" data-element_type=\"widget\" data-e-type=\"widget\" data-widget_type=\"heading.default\">\n\t\t\t\t<div class=\"elementor-widget-container\">\n\t\t\t\t\t<h3 class=\"elementor-heading-title elementor-size-default\">Nuestros objetivos<\/h3>\t\t\t\t<\/div>\n\t\t\t\t<\/div>\n\t\t\t\t<div class=\"elementor-element elementor-element-1d5a643a elementor-widget elementor-widget-text-editor\" data-id=\"1d5a643a\" data-element_type=\"widget\" data-e-type=\"widget\" data-widget_type=\"text-editor.default\">\n\t\t\t\t<div class=\"elementor-widget-container\">\n\t\t\t\t\t\t\t\t\t<ul>\n<li>Convertirse en l\u00edder en la producci\u00f3n de veh\u00edculos el\u00e9ctricos multifuncionales.<\/li>\n<li>Reducir las emisiones de CO2 de la industria del transporte.<\/li>\n<li>Contribuir a la creaci\u00f3n de un futuro m\u00e1s sostenible.<\/li>\n<\/ul>\n\t\t\t\t\t\t\t\t<\/div>\n\t\t\t\t<\/div>\n\t\t\t\t<\/div>\n\t\t\t\t<\/div>\n\t\t\t\t\t<\/div>\n\t\t\t\t<\/div>\n\t\t\t\t<\/div>\n\t\t","protected":false},"excerpt":{"rendered":"<p>Filosof\u00eda ecol\u00f3gica Evitalia es una empresa italiana que fabrica veh\u00edculos el\u00e9ctricos multifuncionales para el transporte. Nuestros veh\u00edculos est\u00e1n dise\u00f1ados para ser eficientes y respetuosos con el medio ambiente, con un impacto medioambiental nulo. Gracias a la instalaci\u00f3n fotovoltaica de 1 MW instalada sobre nuestra f\u00e1brica, somos capaces de producir toda la energ\u00eda necesaria para la [&hellip;]<\/p>\n","protected":false},"author":2,"featured_media":0,"parent":0,"menu_order":0,"comment_status":"closed","ping_status":"closed","template":"elementor_header_footer","meta":{"footnotes":""},"class_list":["post-1845","page","type-page","status-publish","hentry"],"yoast_head":"<!-- This site is optimized with the Yoast SEO plugin v27.2 - https:\/\/yoast.com\/product\/yoast-seo-wordpress\/ -->\n<title>Evitalia - Evimotor<\/title>\n<meta name=\"robots\" content=\"index, follow, max-snippet:-1, max-image-preview:large, max-video-preview:-1\" \/>\n<link rel=\"canonical\" href=\"https:\/\/evimotor.com\/pl\/evitalia\/\" \/>\n<meta property=\"og:locale\" content=\"pl_PL\" \/>\n<meta property=\"og:type\" content=\"article\" \/>\n<meta property=\"og:title\" content=\"Evitalia - Evimotor\" \/>\n<meta property=\"og:description\" content=\"Filosof\u00eda ecol\u00f3gica Evitalia es una empresa italiana que fabrica veh\u00edculos el\u00e9ctricos multifuncionales para el transporte. Nuestros veh\u00edculos est\u00e1n dise\u00f1ados para ser eficientes y respetuosos con el medio ambiente, con un impacto medioambiental nulo. Gracias a la instalaci\u00f3n fotovoltaica de 1 MW instalada sobre nuestra f\u00e1brica, somos capaces de producir toda la energ\u00eda necesaria para la [&hellip;]\" \/>\n<meta property=\"og:url\" content=\"https:\/\/evimotor.com\/pl\/evitalia\/\" \/>\n<meta property=\"og:site_name\" content=\"Evimotor\" \/>\n<meta property=\"article:modified_time\" content=\"2025-10-30T06:42:41+00:00\" \/>\n<meta name=\"twitter:card\" content=\"summary_large_image\" \/>\n<meta name=\"twitter:label1\" content=\"Szacowany czas czytania\" \/>\n\t<meta name=\"twitter:data1\" content=\"1 minuta\" \/>\n<script type=\"application\/ld+json\" class=\"yoast-schema-graph\">{\"@context\":\"https:\/\/schema.org\",\"@graph\":[{\"@type\":\"WebPage\",\"@id\":\"https:\/\/evimotor.com\/pl\/evitalia\/\",\"url\":\"https:\/\/evimotor.com\/pl\/evitalia\/\",\"name\":\"Evitalia - Evimotor\",\"isPartOf\":{\"@id\":\"https:\/\/evimotor.com\/pl\/#website\"},\"datePublished\":\"2025-03-13T11:30:57+00:00\",\"dateModified\":\"2025-10-30T06:42:41+00:00\",\"breadcrumb\":{\"@id\":\"https:\/\/evimotor.com\/pl\/evitalia\/#breadcrumb\"},\"inLanguage\":\"pl-PL\",\"potentialAction\":[{\"@type\":\"ReadAction\",\"target\":[\"https:\/\/evimotor.com\/pl\/evitalia\/\"]}]},{\"@type\":\"BreadcrumbList\",\"@id\":\"https:\/\/evimotor.com\/pl\/evitalia\/#breadcrumb\",\"itemListElement\":[{\"@type\":\"ListItem\",\"position\":1,\"name\":\"Home\",\"item\":\"https:\/\/evimotor.com\/pl\/\"},{\"@type\":\"ListItem\",\"position\":2,\"name\":\"Evitalia\"}]},{\"@type\":\"WebSite\",\"@id\":\"https:\/\/evimotor.com\/pl\/#website\",\"url\":\"https:\/\/evimotor.com\/pl\/\",\"name\":\"Evimotor\",\"description\":\"Electric Vehicles Italia\",\"publisher\":{\"@id\":\"https:\/\/evimotor.com\/pl\/#organization\"},\"potentialAction\":[{\"@type\":\"SearchAction\",\"target\":{\"@type\":\"EntryPoint\",\"urlTemplate\":\"https:\/\/evimotor.com\/pl\/?s={search_term_string}\"},\"query-input\":{\"@type\":\"PropertyValueSpecification\",\"valueRequired\":true,\"valueName\":\"search_term_string\"}}],\"inLanguage\":\"pl-PL\"},{\"@type\":\"Organization\",\"@id\":\"https:\/\/evimotor.com\/pl\/#organization\",\"name\":\"Evimotor\",\"url\":\"https:\/\/evimotor.com\/pl\/\",\"logo\":{\"@type\":\"ImageObject\",\"inLanguage\":\"pl-PL\",\"@id\":\"https:\/\/evimotor.com\/pl\/#\/schema\/logo\/image\/\",\"url\":\"https:\/\/evimotor.com\/wp-content\/uploads\/2025\/02\/logo-evimotor.png\",\"contentUrl\":\"https:\/\/evimotor.com\/wp-content\/uploads\/2025\/02\/logo-evimotor.png\",\"width\":594,\"height\":110,\"caption\":\"Evimotor\"},\"image\":{\"@id\":\"https:\/\/evimotor.com\/pl\/#\/schema\/logo\/image\/\"}}]}<\/script>\n<!-- \/ Yoast SEO plugin. -->","yoast_head_json":{"title":"Evitalia - Evimotor","robots":{"index":"index","follow":"follow","max-snippet":"max-snippet:-1","max-image-preview":"max-image-preview:large","max-video-preview":"max-video-preview:-1"},"canonical":"https:\/\/evimotor.com\/pl\/evitalia\/","og_locale":"pl_PL","og_type":"article","og_title":"Evitalia - Evimotor","og_description":"Filosof\u00eda ecol\u00f3gica Evitalia es una empresa italiana que fabrica veh\u00edculos el\u00e9ctricos multifuncionales para el transporte. Nuestros veh\u00edculos est\u00e1n dise\u00f1ados para ser eficientes y respetuosos con el medio ambiente, con un impacto medioambiental nulo. Gracias a la instalaci\u00f3n fotovoltaica de 1 MW instalada sobre nuestra f\u00e1brica, somos capaces de producir toda la energ\u00eda necesaria para la [&hellip;]","og_url":"https:\/\/evimotor.com\/pl\/evitalia\/","og_site_name":"Evimotor","article_modified_time":"2025-10-30T06:42:41+00:00","twitter_card":"summary_large_image","twitter_misc":{"Szacowany czas czytania":"1 minuta"},"schema":{"@context":"https:\/\/schema.org","@graph":[{"@type":"WebPage","@id":"https:\/\/evimotor.com\/pl\/evitalia\/","url":"https:\/\/evimotor.com\/pl\/evitalia\/","name":"Evitalia - Evimotor","isPartOf":{"@id":"https:\/\/evimotor.com\/pl\/#website"},"datePublished":"2025-03-13T11:30:57+00:00","dateModified":"2025-10-30T06:42:41+00:00","breadcrumb":{"@id":"https:\/\/evimotor.com\/pl\/evitalia\/#breadcrumb"},"inLanguage":"pl-PL","potentialAction":[{"@type":"ReadAction","target":["https:\/\/evimotor.com\/pl\/evitalia\/"]}]},{"@type":"BreadcrumbList","@id":"https:\/\/evimotor.com\/pl\/evitalia\/#breadcrumb","itemListElement":[{"@type":"ListItem","position":1,"name":"Home","item":"https:\/\/evimotor.com\/pl\/"},{"@type":"ListItem","position":2,"name":"Evitalia"}]},{"@type":"WebSite","@id":"https:\/\/evimotor.com\/pl\/#website","url":"https:\/\/evimotor.com\/pl\/","name":"Evimotor","description":"Electric Vehicles Italia","publisher":{"@id":"https:\/\/evimotor.com\/pl\/#organization"},"potentialAction":[{"@type":"SearchAction","target":{"@type":"EntryPoint","urlTemplate":"https:\/\/evimotor.com\/pl\/?s={search_term_string}"},"query-input":{"@type":"PropertyValueSpecification","valueRequired":true,"valueName":"search_term_string"}}],"inLanguage":"pl-PL"},{"@type":"Organization","@id":"https:\/\/evimotor.com\/pl\/#organization","name":"Evimotor","url":"https:\/\/evimotor.com\/pl\/","logo":{"@type":"ImageObject","inLanguage":"pl-PL","@id":"https:\/\/evimotor.com\/pl\/#\/schema\/logo\/image\/","url":"https:\/\/evimotor.com\/wp-content\/uploads\/2025\/02\/logo-evimotor.png","contentUrl":"https:\/\/evimotor.com\/wp-content\/uploads\/2025\/02\/logo-evimotor.png","width":594,"height":110,"caption":"Evimotor"},"image":{"@id":"https:\/\/evimotor.com\/pl\/#\/schema\/logo\/image\/"}}]}},"_links":{"self":[{"href":"https:\/\/evimotor.com\/pl\/wp-json\/wp\/v2\/pages\/1845","targetHints":{"allow":["GET"]}}],"collection":[{"href":"https:\/\/evimotor.com\/pl\/wp-json\/wp\/v2\/pages"}],"about":[{"href":"https:\/\/evimotor.com\/pl\/wp-json\/wp\/v2\/types\/page"}],"author":[{"embeddable":true,"href":"https:\/\/evimotor.com\/pl\/wp-json\/wp\/v2\/users\/2"}],"replies":[{"embeddable":true,"href":"https:\/\/evimotor.com\/pl\/wp-json\/wp\/v2\/comments?post=1845"}],"version-history":[{"count":1,"href":"https:\/\/evimotor.com\/pl\/wp-json\/wp\/v2\/pages\/1845\/revisions"}],"predecessor-version":[{"id":1848,"href":"https:\/\/evimotor.com\/pl\/wp-json\/wp\/v2\/pages\/1845\/revisions\/1848"}],"wp:attachment":[{"href":"https:\/\/evimotor.com\/pl\/wp-json\/wp\/v2\/media?parent=1845"}],"curies":[{"name":"wp","href":"https:\/\/api.w.org\/{rel}","templated":true}]}}