{"id":1893,"date":"2025-03-06T13:58:41","date_gmt":"2025-03-06T12:58:41","guid":{"rendered":"https:\/\/evimotor.com\/zastosowania\/"},"modified":"2026-03-19T11:11:34","modified_gmt":"2026-03-19T10:11:34","slug":"zastosowania","status":"publish","type":"page","link":"https:\/\/evimotor.com\/pl\/zastosowania\/","title":{"rendered":"Zastosowania"},"content":{"rendered":"\t\t<div data-elementor-type=\"wp-page\" data-elementor-id=\"1893\" class=\"elementor elementor-1893 elementor-394\" data-elementor-post-type=\"page\">\n\t\t\t\t<div class=\"elementor-element elementor-element-9dc076b e-flex e-con-boxed e-con e-parent\" data-id=\"9dc076b\" data-element_type=\"container\" data-e-type=\"container\" data-settings=\"{&quot;background_background&quot;:&quot;classic&quot;}\">\n\t\t\t\t\t<div class=\"e-con-inner\">\n\t\t\t\t<div class=\"elementor-element elementor-element-32cc97c elementor-widget elementor-widget-spacer\" data-id=\"32cc97c\" data-element_type=\"widget\" data-e-type=\"widget\" data-widget_type=\"spacer.default\">\n\t\t\t\t<div class=\"elementor-widget-container\">\n\t\t\t\t\t\t\t<div class=\"elementor-spacer\">\n\t\t\t<div class=\"elementor-spacer-inner\"><\/div>\n\t\t<\/div>\n\t\t\t\t\t\t<\/div>\n\t\t\t\t<\/div>\n\t\t\t\t\t<\/div>\n\t\t\t\t<\/div>\n\t\t<div class=\"elementor-element elementor-element-00a6fc6 e-flex e-con-boxed e-con e-parent\" data-id=\"00a6fc6\" data-element_type=\"container\" data-e-type=\"container\">\n\t\t\t\t\t<div class=\"e-con-inner\">\n\t\t<div class=\"elementor-element elementor-element-b27523b e-con-full e-flex elementor-invisible e-con e-child\" data-id=\"b27523b\" data-element_type=\"container\" data-e-type=\"container\" data-settings=\"{&quot;background_background&quot;:&quot;classic&quot;,&quot;animation&quot;:&quot;fadeIn&quot;,&quot;animation_delay&quot;:400}\">\n\t\t\t\t<div class=\"elementor-element elementor-element-6479820 elementor-invisible elementor-widget elementor-widget-text-editor\" data-id=\"6479820\" data-element_type=\"widget\" data-e-type=\"widget\" data-settings=\"{&quot;_animation&quot;:&quot;fadeIn&quot;,&quot;_animation_delay&quot;:400}\" data-widget_type=\"text-editor.default\">\n\t\t\t\t<div class=\"elementor-widget-container\">\n\t\t\t\t\t\t\t\t\t<p>Rozwi\u0105zanie dla ka\u017cdego rodzaju pracy i ka\u017cdego stylu jazdy.<\/p>\n\t\t\t\t\t\t\t\t<\/div>\n\t\t\t\t<\/div>\n\t\t\t\t<div class=\"elementor-element elementor-element-91b1012 elementor-widget elementor-widget-text-editor\" data-id=\"91b1012\" data-element_type=\"widget\" data-e-type=\"widget\" data-widget_type=\"text-editor.default\">\n\t\t\t\t<div class=\"elementor-widget-container\">\n\t\t\t\t\t\t\t\t\t<p>Pojazdy Evitalia <b>100% elektryczne<\/b>, opr\u00f3cz tego, \u017ce nie maj\u0105 wp\u0142ywu na \u015brodowisko, s\u0105 <b>wszechstronne<\/b> i <b>ciche<\/b> podczas jazdy.<\/p>\n<p>Dzi\u0119ki nap\u0119dowi 4WD mog\u0105 porusza\u0107 si\u0119 po ka\u017cdej nawierzchni, zar\u00f3wno o niskiej przyczepno\u015bci, jak gruntowej, b\u0142otnistej, \u015bnie\u017cnej, oblodzonej, jak i po drogach asfaltowych.<\/p>\n<p><b>Liczne akcesoria<\/b> pozwalaj\u0105 Pa\u0144stwu wykonywa\u0107 wiele czynno\u015bci bez konieczno\u015bci posiadania wielu pojazd\u00f3w.<\/p>\n\t\t\t\t\t\t\t\t<\/div>\n\t\t\t\t<\/div>\n\t\t\t\t<\/div>\n\t\t\t\t\t<\/div>\n\t\t\t\t<\/div>\n\t\t<div class=\"elementor-element elementor-element-3217bc6 e-flex e-con-boxed e-con e-parent\" data-id=\"3217bc6\" data-element_type=\"container\" data-e-type=\"container\" data-settings=\"{&quot;background_background&quot;:&quot;gradient&quot;}\">\n\t\t\t\t\t<div class=\"e-con-inner\">\n\t\t<div class=\"elementor-element elementor-element-1f723c1 e-grid e-con-full e-con e-child\" data-id=\"1f723c1\" data-element_type=\"container\" data-e-type=\"container\">\n\t\t<div class=\"elementor-element elementor-element-c241182 e-con-full e-flex elementor-invisible e-con e-child\" data-id=\"c241182\" data-element_type=\"container\" data-e-type=\"container\" data-settings=\"{&quot;background_background&quot;:&quot;classic&quot;,&quot;animation&quot;:&quot;fadeIn&quot;,&quot;animation_delay&quot;:400}\">\n\t\t\t\t<div class=\"elementor-element elementor-element-e137050 elementor-widget elementor-widget-image\" data-id=\"e137050\" data-element_type=\"widget\" data-e-type=\"widget\" data-widget_type=\"image.default\">\n\t\t\t\t<div class=\"elementor-widget-container\">\n\t\t\t\t\t\t\t\t\t\t\t\t\t\t\t<img fetchpriority=\"high\" decoding=\"async\" width=\"800\" height=\"534\" src=\"https:\/\/evimotor.com\/wp-content\/uploads\/2025\/03\/applicazioni-Municipalizzate-1024x683.jpg\" class=\"attachment-large size-large wp-image-1896\" alt=\"\" srcset=\"https:\/\/evimotor.com\/wp-content\/uploads\/2025\/03\/applicazioni-Municipalizzate-1024x683.jpg 1024w, https:\/\/evimotor.com\/wp-content\/uploads\/2025\/03\/applicazioni-Municipalizzate-300x200.jpg 300w, https:\/\/evimotor.com\/wp-content\/uploads\/2025\/03\/applicazioni-Municipalizzate-768x512.jpg 768w, https:\/\/evimotor.com\/wp-content\/uploads\/2025\/03\/applicazioni-Municipalizzate-1536x1024.jpg 1536w, https:\/\/evimotor.com\/wp-content\/uploads\/2025\/03\/applicazioni-Municipalizzate.jpg 1840w\" sizes=\"(max-width: 800px) 100vw, 800px\" \/>\t\t\t\t\t\t\t\t\t\t\t\t\t\t\t<\/div>\n\t\t\t\t<\/div>\n\t\t<div class=\"elementor-element elementor-element-b4105d4 e-con-full e-flex e-con e-child\" data-id=\"b4105d4\" data-element_type=\"container\" data-e-type=\"container\">\n\t\t\t\t<div class=\"elementor-element elementor-element-916501f elementor-widget elementor-widget-heading\" data-id=\"916501f\" data-element_type=\"widget\" data-e-type=\"widget\" data-widget_type=\"heading.default\">\n\t\t\t\t<div class=\"elementor-widget-container\">\n\t\t\t\t\t<h3 class=\"elementor-heading-title elementor-size-default\">Przedsi\u0119biorstwa komunalne<\/h3>\t\t\t\t<\/div>\n\t\t\t\t<\/div>\n\t\t\t\t<div class=\"elementor-element elementor-element-ed12b7c elementor-widget elementor-widget-text-editor\" data-id=\"ed12b7c\" data-element_type=\"widget\" data-e-type=\"widget\" data-widget_type=\"text-editor.default\">\n\t\t\t\t<div class=\"elementor-widget-container\">\n\t\t\t\t\t\t\t\t\t<p>Pojazdy elektryczne Evitalia s\u0105 idealnym narz\u0119dziem do wykonywania wszystkich zada\u0144 przez przedsi\u0119biorstwa komunalne \u015bwiadcz\u0105ce us\u0142ugi miejskie. <b>Piel\u0119gnacja teren\u00f3w zielonych, wyw\u00f3z \u015bmieci i og\u00f3lna <\/b>konserwacja to tylko niekt\u00f3re z zada\u0144, w kt\u00f3rych nasze elektryczne pojazdy transportowe sprawdzaj\u0105 si\u0119 doskonale.<\/p>\n<p>Aby ulepszy\u0107 i zwi\u0119kszy\u0107 wydajno\u015b\u0107 flot pojazd\u00f3w roboczych przedsi\u0119biorstw komunalnych, Evitalia oferuje swoje pojazdy elektryczne wyposa\u017cone w szerok\u0105 gam\u0119 akcesori\u00f3w.<\/p>\n<p>Pojazdy elektryczne Evitalia s\u0105 r\u00f3wnie\u017c idealne do od\u015bnie\u017cania.<\/p>\n<p>Niezale\u017cnie od tego, czy chodzi o <b>oczyszczanie ulic<\/b> centrum miasta, czy od\u015bnie\u017canie podjazd\u00f3w do hoteli, miejsc publicznych i o\u015brodk\u00f3w wypoczynkowych, EviCountry jest idealnym pojazdem.<\/p>\n<p>Wyposa\u017cone w nap\u0119d na 4 ko\u0142a nap\u0119dzany dwoma silnikami elektrycznymi o du\u017cej mocy, nasze pojazdy umo\u017cliwiaj\u0105 Pa\u0144stwu od\u015bnie\u017canie w ka\u017cdych warunkach pogodowych.<\/p>\n\t\t\t\t\t\t\t\t<\/div>\n\t\t\t\t<\/div>\n\t\t\t\t<\/div>\n\t\t\t\t<\/div>\n\t\t<div class=\"elementor-element elementor-element-e40657a e-con-full e-flex elementor-invisible e-con e-child\" data-id=\"e40657a\" data-element_type=\"container\" data-e-type=\"container\" data-settings=\"{&quot;background_background&quot;:&quot;classic&quot;,&quot;animation&quot;:&quot;fadeIn&quot;,&quot;animation_delay&quot;:400}\">\n\t\t\t\t<div class=\"elementor-element elementor-element-03bf53f elementor-widget elementor-widget-image\" data-id=\"03bf53f\" data-element_type=\"widget\" data-e-type=\"widget\" data-widget_type=\"image.default\">\n\t\t\t\t<div class=\"elementor-widget-container\">\n\t\t\t\t\t\t\t\t\t\t\t\t\t\t\t<img decoding=\"async\" width=\"800\" height=\"534\" src=\"https:\/\/evimotor.com\/wp-content\/uploads\/2025\/03\/applicazioni-Agricoltura-1024x683.jpg\" class=\"attachment-large size-large wp-image-1895\" alt=\"\" srcset=\"https:\/\/evimotor.com\/wp-content\/uploads\/2025\/03\/applicazioni-Agricoltura-1024x683.jpg 1024w, https:\/\/evimotor.com\/wp-content\/uploads\/2025\/03\/applicazioni-Agricoltura-300x200.jpg 300w, https:\/\/evimotor.com\/wp-content\/uploads\/2025\/03\/applicazioni-Agricoltura-768x512.jpg 768w, https:\/\/evimotor.com\/wp-content\/uploads\/2025\/03\/applicazioni-Agricoltura-1536x1024.jpg 1536w, https:\/\/evimotor.com\/wp-content\/uploads\/2025\/03\/applicazioni-Agricoltura.jpg 1840w\" sizes=\"(max-width: 800px) 100vw, 800px\" \/>\t\t\t\t\t\t\t\t\t\t\t\t\t\t\t<\/div>\n\t\t\t\t<\/div>\n\t\t<div class=\"elementor-element elementor-element-efff621 e-con-full e-flex e-con e-child\" data-id=\"efff621\" data-element_type=\"container\" data-e-type=\"container\">\n\t\t\t\t<div class=\"elementor-element elementor-element-8ba8d8d elementor-widget elementor-widget-heading\" data-id=\"8ba8d8d\" data-element_type=\"widget\" data-e-type=\"widget\" data-widget_type=\"heading.default\">\n\t\t\t\t<div class=\"elementor-widget-container\">\n\t\t\t\t\t<h3 class=\"elementor-heading-title elementor-size-default\">Rolnictwo<\/h3>\t\t\t\t<\/div>\n\t\t\t\t<\/div>\n\t\t\t\t<div class=\"elementor-element elementor-element-0d59690 elementor-widget elementor-widget-text-editor\" data-id=\"0d59690\" data-element_type=\"widget\" data-e-type=\"widget\" data-widget_type=\"text-editor.default\">\n\t\t\t\t<div class=\"elementor-widget-container\">\n\t\t\t\t\t\t\t\t\t<p>Pojazdy elektryczne Evitalia s\u0105 idealnym \u015brodkiem transportu do wykonywania wielu <b>czynno\u015bci w rolnictwie, le\u015bnictwie<\/b>i wielu innych dziedzinach.<\/p>\n<p>Nap\u0119d na 4 ko\u0142a, ca\u0142kowity brak emisji zanieczyszcze\u0144 i brak ha\u0142asu generowanego przez pojazd pozwalaj\u0105 na ich u\u017cytkowanie zar\u00f3wno na zewn\u0105trz (na drogach i w terenie), jak i w pomieszczeniach zamkni\u0119tych.<\/p>\n<p>Zdolno\u015b\u0107 pokonywania <b>nachyle\u0144 35%<\/b> i \u0142adowno\u015b\u0107 do 1000 kg pozwalaj\u0105 na ich u\u017cytkowanie r\u00f3wnie\u017c na wzg\u00f3rzach i w g\u00f3rach.<\/p>\n<p>Wielofunkcyjne pojazdy elektryczne Evitalia s\u0105 idealnym rozwi\u0105zaniem do pracy w <b>trudno dost\u0119pnych i niedost\u0119pnych miejscach<\/b>. S\u0105 ciche, nie emituj\u0105 zanieczyszcze\u0144 i maj\u0105 wystarczaj\u0105c\u0105 autonomi\u0119, aby wykonywa\u0107 d\u0142ugotrwa\u0142e zadania.<\/p>\n<p>W le\u015bnictwie wielofunkcyjne pojazdy elektryczne mog\u0105 by\u0107 wykorzystywane do: <b>transportu materia\u0142\u00f3w i sprz\u0119tu, monitorowania i kontroli terenu, interwencji w sytuacjach awaryjnych, konserwacji i czyszczenia.<\/b><\/p>\n\t\t\t\t\t\t\t\t<\/div>\n\t\t\t\t<\/div>\n\t\t\t\t<\/div>\n\t\t\t\t<\/div>\n\t\t\t\t<\/div>\n\t\t<div class=\"elementor-element elementor-element-682c1e0 e-grid e-con-full e-con e-child\" data-id=\"682c1e0\" data-element_type=\"container\" data-e-type=\"container\">\n\t\t<div class=\"elementor-element elementor-element-20449d3 e-con-full e-flex elementor-invisible e-con e-child\" data-id=\"20449d3\" data-element_type=\"container\" data-e-type=\"container\" data-settings=\"{&quot;background_background&quot;:&quot;classic&quot;,&quot;animation&quot;:&quot;fadeIn&quot;,&quot;animation_delay&quot;:400}\">\n\t\t\t\t<div class=\"elementor-element elementor-element-b1bfb3f elementor-widget elementor-widget-image\" data-id=\"b1bfb3f\" data-element_type=\"widget\" data-e-type=\"widget\" data-widget_type=\"image.default\">\n\t\t\t\t<div class=\"elementor-widget-container\">\n\t\t\t\t\t\t\t\t\t\t\t\t\t\t\t<img decoding=\"async\" width=\"800\" height=\"534\" src=\"https:\/\/evimotor.com\/wp-content\/uploads\/2025\/05\/Industries2-1-1024x683.jpg\" class=\"attachment-large size-large wp-image-1899\" alt=\"\" srcset=\"https:\/\/evimotor.com\/wp-content\/uploads\/2025\/05\/Industries2-1-1024x683.jpg 1024w, https:\/\/evimotor.com\/wp-content\/uploads\/2025\/05\/Industries2-1-300x200.jpg 300w, https:\/\/evimotor.com\/wp-content\/uploads\/2025\/05\/Industries2-1-768x512.jpg 768w, https:\/\/evimotor.com\/wp-content\/uploads\/2025\/05\/Industries2-1.jpg 1200w\" sizes=\"(max-width: 800px) 100vw, 800px\" \/>\t\t\t\t\t\t\t\t\t\t\t\t\t\t\t<\/div>\n\t\t\t\t<\/div>\n\t\t<div class=\"elementor-element elementor-element-f47c41f e-con-full e-flex e-con e-child\" data-id=\"f47c41f\" data-element_type=\"container\" data-e-type=\"container\">\n\t\t\t\t<div class=\"elementor-element elementor-element-d3f6d28 elementor-widget elementor-widget-heading\" data-id=\"d3f6d28\" data-element_type=\"widget\" data-e-type=\"widget\" data-widget_type=\"heading.default\">\n\t\t\t\t<div class=\"elementor-widget-container\">\n\t\t\t\t\t<h3 class=\"elementor-heading-title elementor-size-default\">Mieszkaniowy<\/h3>\t\t\t\t<\/div>\n\t\t\t\t<\/div>\n\t\t\t\t<div class=\"elementor-element elementor-element-4872084 elementor-widget elementor-widget-text-editor\" data-id=\"4872084\" data-element_type=\"widget\" data-e-type=\"widget\" data-widget_type=\"text-editor.default\">\n\t\t\t\t<div class=\"elementor-widget-container\">\n\t\t\t\t\t\t\t\t\t<p>Piel\u0119gnacja teren\u00f3w zielonych, sprz\u0105tanie alejek w dzielnicy mieszkalnej lub o\u015brodku wypoczynkowym, <b>konserwacja kemping\u00f3w lub o\u015brodk\u00f3w sportowych<\/b> s\u0105 \u0142atwiejsze do wykonania, je\u015bli u\u017cywany pojazd to pojazd Evitalia.<\/p>\n<p>Nasze pojazdy, posiadaj\u0105ce homologacj\u0119 drogow\u0105, s\u0105 wyposa\u017cone w nap\u0119d na cztery ko\u0142a i mog\u0105 porusza\u0107 si\u0119 po ka\u017cdym rodzaju terenu. Od drogi po pole golfowe. W lesie, w b\u0142ocie lub na \u015bniegu.<\/p>\n<p>Nic nie powstrzymuje naszych pojazd\u00f3w, a komfort, jaki zapewniaj\u0105, jest na najwy\u017cszym poziomie na rynku.<\/p>\n<p>Konserwacja o\u015brodk\u00f3w wypoczynkowych, hoteli i miejsc wakacyjnych wymaga u\u017cycia cichych pojazd\u00f3w, kt\u00f3re nie maj\u0105 wp\u0142ywu na \u015brodowisko.<\/p>\n<p>Wiele obszar\u00f3w mieszkalnych lub turystycznych znajduje si\u0119 na terenach pag\u00f3rkowatych i g\u00f3rskich, a pojazdy Evitalia, dzi\u0119ki nap\u0119dowi 4WD, s\u0105 w stanie pokonywa\u0107 ka\u017cd\u0105 tras\u0119, zar\u00f3wno drogow\u0105, jak i terenow\u0105.<\/p>\n\t\t\t\t\t\t\t\t<\/div>\n\t\t\t\t<\/div>\n\t\t\t\t<\/div>\n\t\t\t\t<\/div>\n\t\t<div class=\"elementor-element elementor-element-cd37a7d e-con-full e-flex elementor-invisible e-con e-child\" data-id=\"cd37a7d\" data-element_type=\"container\" data-e-type=\"container\" data-settings=\"{&quot;background_background&quot;:&quot;classic&quot;,&quot;animation&quot;:&quot;fadeIn&quot;,&quot;animation_delay&quot;:400}\">\n\t\t\t\t<div class=\"elementor-element elementor-element-c47d288 elementor-widget elementor-widget-image\" data-id=\"c47d288\" data-element_type=\"widget\" data-e-type=\"widget\" data-widget_type=\"image.default\">\n\t\t\t\t<div class=\"elementor-widget-container\">\n\t\t\t\t\t\t\t\t\t\t\t\t\t\t\t<img loading=\"lazy\" decoding=\"async\" width=\"700\" height=\"467\" src=\"https:\/\/evimotor.com\/wp-content\/uploads\/2025\/05\/Golf-Course-ping-lee-unsplash-700x525-1.jpg\" class=\"attachment-large size-large wp-image-1898\" alt=\"\" srcset=\"https:\/\/evimotor.com\/wp-content\/uploads\/2025\/05\/Golf-Course-ping-lee-unsplash-700x525-1.jpg 700w, https:\/\/evimotor.com\/wp-content\/uploads\/2025\/05\/Golf-Course-ping-lee-unsplash-700x525-1-300x200.jpg 300w\" sizes=\"(max-width: 700px) 100vw, 700px\" \/>\t\t\t\t\t\t\t\t\t\t\t\t\t\t\t<\/div>\n\t\t\t\t<\/div>\n\t\t<div class=\"elementor-element elementor-element-71ef3a7 e-con-full e-flex e-con e-child\" data-id=\"71ef3a7\" data-element_type=\"container\" data-e-type=\"container\">\n\t\t\t\t<div class=\"elementor-element elementor-element-5c745ca elementor-widget elementor-widget-heading\" data-id=\"5c745ca\" data-element_type=\"widget\" data-e-type=\"widget\" data-widget_type=\"heading.default\">\n\t\t\t\t<div class=\"elementor-widget-container\">\n\t\t\t\t\t<h3 class=\"elementor-heading-title elementor-size-default\">O\u015brodek wypoczynkowy<\/h3>\t\t\t\t<\/div>\n\t\t\t\t<\/div>\n\t\t\t\t<div class=\"elementor-element elementor-element-4b81afa elementor-widget elementor-widget-text-editor\" data-id=\"4b81afa\" data-element_type=\"widget\" data-e-type=\"widget\" data-widget_type=\"text-editor.default\">\n\t\t\t\t<div class=\"elementor-widget-container\">\n\t\t\t\t\t\t\t\t\t<p>Obecnie utrzymanie teren\u00f3w zielonych wymaga maszyn, kt\u00f3re <b>nie maj\u0105 wp\u0142ywu na \u015brodowisko<\/b> i, je\u015bli to mo\u017cliwe, <b>nie zak\u0142\u00f3caj\u0105 spokoju<\/b>.<\/p>\n<p>Mi\u0119kko\u015b\u0107 niekt\u00f3rych teren\u00f3w (np. p\u00f3l golfowych) i niestabilno\u015b\u0107 innych (np. b\u0142otnistych wzg\u00f3rz lub za\u015bnie\u017conych dr\u00f3g) wymagaj\u0105, aby pojazdy by\u0142y w stanie porusza\u0107 si\u0119 bez uszkadzania lub niszczenia terenu, po kt\u00f3rym si\u0119 poruszaj\u0105.<\/p>\n<p>EviCountry mo\u017ce z \u0142atwo\u015bci\u0105 porusza\u0107 si\u0119 po ka\u017cdym rodzaju terenu.<\/p>\n\t\t\t\t\t\t\t\t<\/div>\n\t\t\t\t<\/div>\n\t\t\t\t<\/div>\n\t\t\t\t<\/div>\n\t\t\t\t<\/div>\n\t\t\t\t\t<\/div>\n\t\t\t\t<\/div>\n\t\t\t\t<\/div>\n\t\t","protected":false},"excerpt":{"rendered":"<p>Rozwi\u0105zanie dla ka\u017cdego rodzaju pracy i ka\u017cdego stylu jazdy. Pojazdy Evitalia 100% elektryczne, opr\u00f3cz tego, \u017ce nie maj\u0105 wp\u0142ywu na \u015brodowisko, s\u0105 wszechstronne i ciche podczas jazdy. Dzi\u0119ki nap\u0119dowi 4WD mog\u0105 porusza\u0107 si\u0119 po ka\u017cdej nawierzchni, zar\u00f3wno o niskiej przyczepno\u015bci, jak gruntowej, b\u0142otnistej, \u015bnie\u017cnej, oblodzonej, jak i po drogach asfaltowych. Liczne akcesoria pozwalaj\u0105 Pa\u0144stwu wykonywa\u0107 [&hellip;]<\/p>\n","protected":false},"author":1,"featured_media":0,"parent":0,"menu_order":0,"comment_status":"closed","ping_status":"closed","template":"elementor_header_footer","meta":{"footnotes":""},"class_list":["post-1893","page","type-page","status-publish","hentry"],"yoast_head":"<!-- This site is optimized with the Yoast SEO plugin v27.2 - https:\/\/yoast.com\/product\/yoast-seo-wordpress\/ -->\n<title>Zastosowania i u\u017cycie elektrycznych pojazd\u00f3w u\u017cytkowych | Evimotor<\/title>\n<meta name=\"description\" content=\"Rozwi\u0105zania Evimotor: wyw\u00f3z odpad\u00f3w, logistyka miejska, utrzymanie zieleni i przemys\u0142. 100% wydajno\u015bci elektrycznej dla gmin i firm.\" \/>\n<meta name=\"robots\" content=\"index, follow, max-snippet:-1, max-image-preview:large, max-video-preview:-1\" \/>\n<link rel=\"canonical\" href=\"https:\/\/evimotor.com\/pl\/zastosowania\/\" \/>\n<meta property=\"og:locale\" content=\"pl_PL\" \/>\n<meta property=\"og:type\" content=\"article\" \/>\n<meta property=\"og:title\" content=\"Zastosowania i u\u017cycie elektrycznych pojazd\u00f3w u\u017cytkowych | Evimotor\" \/>\n<meta property=\"og:description\" content=\"Rozwi\u0105zania Evimotor: wyw\u00f3z odpad\u00f3w, logistyka miejska, utrzymanie zieleni i przemys\u0142. 100% wydajno\u015bci elektrycznej dla gmin i firm.\" \/>\n<meta property=\"og:url\" content=\"https:\/\/evimotor.com\/pl\/zastosowania\/\" \/>\n<meta property=\"og:site_name\" content=\"Evimotor\" \/>\n<meta property=\"article:modified_time\" content=\"2026-03-19T10:11:34+00:00\" \/>\n<meta property=\"og:image\" content=\"https:\/\/evimotor.com\/wp-content\/uploads\/2025\/03\/applicazioni-Municipalizzate.jpg\" \/>\n\t<meta property=\"og:image:width\" content=\"1840\" \/>\n\t<meta property=\"og:image:height\" content=\"1227\" \/>\n\t<meta property=\"og:image:type\" content=\"image\/jpeg\" \/>\n<meta name=\"twitter:card\" content=\"summary_large_image\" \/>\n<meta name=\"twitter:label1\" content=\"Szacowany czas czytania\" \/>\n\t<meta name=\"twitter:data1\" content=\"3 minuty\" \/>\n<script type=\"application\/ld+json\" class=\"yoast-schema-graph\">{\"@context\":\"https:\/\/schema.org\",\"@graph\":[{\"@type\":\"WebPage\",\"@id\":\"https:\/\/evimotor.com\/pl\/zastosowania\/\",\"url\":\"https:\/\/evimotor.com\/pl\/zastosowania\/\",\"name\":\"Zastosowania i u\u017cycie elektrycznych pojazd\u00f3w u\u017cytkowych | Evimotor\",\"isPartOf\":{\"@id\":\"https:\/\/evimotor.com\/pl\/#website\"},\"primaryImageOfPage\":{\"@id\":\"https:\/\/evimotor.com\/pl\/zastosowania\/#primaryimage\"},\"image\":{\"@id\":\"https:\/\/evimotor.com\/pl\/zastosowania\/#primaryimage\"},\"thumbnailUrl\":\"https:\/\/evimotor.com\/wp-content\/uploads\/2025\/03\/applicazioni-Municipalizzate-1024x683.jpg\",\"datePublished\":\"2025-03-06T12:58:41+00:00\",\"dateModified\":\"2026-03-19T10:11:34+00:00\",\"description\":\"Rozwi\u0105zania Evimotor: wyw\u00f3z odpad\u00f3w, logistyka miejska, utrzymanie zieleni i przemys\u0142. 100% wydajno\u015bci elektrycznej dla gmin i firm.\",\"breadcrumb\":{\"@id\":\"https:\/\/evimotor.com\/pl\/zastosowania\/#breadcrumb\"},\"inLanguage\":\"pl-PL\",\"potentialAction\":[{\"@type\":\"ReadAction\",\"target\":[\"https:\/\/evimotor.com\/pl\/zastosowania\/\"]}]},{\"@type\":\"ImageObject\",\"inLanguage\":\"pl-PL\",\"@id\":\"https:\/\/evimotor.com\/pl\/zastosowania\/#primaryimage\",\"url\":\"https:\/\/evimotor.com\/wp-content\/uploads\/2025\/03\/applicazioni-Municipalizzate-1024x683.jpg\",\"contentUrl\":\"https:\/\/evimotor.com\/wp-content\/uploads\/2025\/03\/applicazioni-Municipalizzate-1024x683.jpg\"},{\"@type\":\"BreadcrumbList\",\"@id\":\"https:\/\/evimotor.com\/pl\/zastosowania\/#breadcrumb\",\"itemListElement\":[{\"@type\":\"ListItem\",\"position\":1,\"name\":\"Home\",\"item\":\"https:\/\/evimotor.com\/pl\/\"},{\"@type\":\"ListItem\",\"position\":2,\"name\":\"Zastosowania\"}]},{\"@type\":\"WebSite\",\"@id\":\"https:\/\/evimotor.com\/pl\/#website\",\"url\":\"https:\/\/evimotor.com\/pl\/\",\"name\":\"Evimotor\",\"description\":\"Electric Vehicles Italia\",\"publisher\":{\"@id\":\"https:\/\/evimotor.com\/pl\/#organization\"},\"potentialAction\":[{\"@type\":\"SearchAction\",\"target\":{\"@type\":\"EntryPoint\",\"urlTemplate\":\"https:\/\/evimotor.com\/pl\/?s={search_term_string}\"},\"query-input\":{\"@type\":\"PropertyValueSpecification\",\"valueRequired\":true,\"valueName\":\"search_term_string\"}}],\"inLanguage\":\"pl-PL\"},{\"@type\":\"Organization\",\"@id\":\"https:\/\/evimotor.com\/pl\/#organization\",\"name\":\"Evimotor\",\"url\":\"https:\/\/evimotor.com\/pl\/\",\"logo\":{\"@type\":\"ImageObject\",\"inLanguage\":\"pl-PL\",\"@id\":\"https:\/\/evimotor.com\/pl\/#\/schema\/logo\/image\/\",\"url\":\"https:\/\/evimotor.com\/wp-content\/uploads\/2025\/02\/logo-evimotor.png\",\"contentUrl\":\"https:\/\/evimotor.com\/wp-content\/uploads\/2025\/02\/logo-evimotor.png\",\"width\":594,\"height\":110,\"caption\":\"Evimotor\"},\"image\":{\"@id\":\"https:\/\/evimotor.com\/pl\/#\/schema\/logo\/image\/\"}}]}<\/script>\n<!-- \/ Yoast SEO plugin. -->","yoast_head_json":{"title":"Zastosowania i u\u017cycie elektrycznych pojazd\u00f3w u\u017cytkowych | Evimotor","description":"Rozwi\u0105zania Evimotor: wyw\u00f3z odpad\u00f3w, logistyka miejska, utrzymanie zieleni i przemys\u0142. 100% wydajno\u015bci elektrycznej dla gmin i firm.","robots":{"index":"index","follow":"follow","max-snippet":"max-snippet:-1","max-image-preview":"max-image-preview:large","max-video-preview":"max-video-preview:-1"},"canonical":"https:\/\/evimotor.com\/pl\/zastosowania\/","og_locale":"pl_PL","og_type":"article","og_title":"Zastosowania i u\u017cycie elektrycznych pojazd\u00f3w u\u017cytkowych | Evimotor","og_description":"Rozwi\u0105zania Evimotor: wyw\u00f3z odpad\u00f3w, logistyka miejska, utrzymanie zieleni i przemys\u0142. 100% wydajno\u015bci elektrycznej dla gmin i firm.","og_url":"https:\/\/evimotor.com\/pl\/zastosowania\/","og_site_name":"Evimotor","article_modified_time":"2026-03-19T10:11:34+00:00","og_image":[{"width":1840,"height":1227,"url":"https:\/\/evimotor.com\/wp-content\/uploads\/2025\/03\/applicazioni-Municipalizzate.jpg","type":"image\/jpeg"}],"twitter_card":"summary_large_image","twitter_misc":{"Szacowany czas czytania":"3 minuty"},"schema":{"@context":"https:\/\/schema.org","@graph":[{"@type":"WebPage","@id":"https:\/\/evimotor.com\/pl\/zastosowania\/","url":"https:\/\/evimotor.com\/pl\/zastosowania\/","name":"Zastosowania i u\u017cycie elektrycznych pojazd\u00f3w u\u017cytkowych | Evimotor","isPartOf":{"@id":"https:\/\/evimotor.com\/pl\/#website"},"primaryImageOfPage":{"@id":"https:\/\/evimotor.com\/pl\/zastosowania\/#primaryimage"},"image":{"@id":"https:\/\/evimotor.com\/pl\/zastosowania\/#primaryimage"},"thumbnailUrl":"https:\/\/evimotor.com\/wp-content\/uploads\/2025\/03\/applicazioni-Municipalizzate-1024x683.jpg","datePublished":"2025-03-06T12:58:41+00:00","dateModified":"2026-03-19T10:11:34+00:00","description":"Rozwi\u0105zania Evimotor: wyw\u00f3z odpad\u00f3w, logistyka miejska, utrzymanie zieleni i przemys\u0142. 100% wydajno\u015bci elektrycznej dla gmin i firm.","breadcrumb":{"@id":"https:\/\/evimotor.com\/pl\/zastosowania\/#breadcrumb"},"inLanguage":"pl-PL","potentialAction":[{"@type":"ReadAction","target":["https:\/\/evimotor.com\/pl\/zastosowania\/"]}]},{"@type":"ImageObject","inLanguage":"pl-PL","@id":"https:\/\/evimotor.com\/pl\/zastosowania\/#primaryimage","url":"https:\/\/evimotor.com\/wp-content\/uploads\/2025\/03\/applicazioni-Municipalizzate-1024x683.jpg","contentUrl":"https:\/\/evimotor.com\/wp-content\/uploads\/2025\/03\/applicazioni-Municipalizzate-1024x683.jpg"},{"@type":"BreadcrumbList","@id":"https:\/\/evimotor.com\/pl\/zastosowania\/#breadcrumb","itemListElement":[{"@type":"ListItem","position":1,"name":"Home","item":"https:\/\/evimotor.com\/pl\/"},{"@type":"ListItem","position":2,"name":"Zastosowania"}]},{"@type":"WebSite","@id":"https:\/\/evimotor.com\/pl\/#website","url":"https:\/\/evimotor.com\/pl\/","name":"Evimotor","description":"Electric Vehicles Italia","publisher":{"@id":"https:\/\/evimotor.com\/pl\/#organization"},"potentialAction":[{"@type":"SearchAction","target":{"@type":"EntryPoint","urlTemplate":"https:\/\/evimotor.com\/pl\/?s={search_term_string}"},"query-input":{"@type":"PropertyValueSpecification","valueRequired":true,"valueName":"search_term_string"}}],"inLanguage":"pl-PL"},{"@type":"Organization","@id":"https:\/\/evimotor.com\/pl\/#organization","name":"Evimotor","url":"https:\/\/evimotor.com\/pl\/","logo":{"@type":"ImageObject","inLanguage":"pl-PL","@id":"https:\/\/evimotor.com\/pl\/#\/schema\/logo\/image\/","url":"https:\/\/evimotor.com\/wp-content\/uploads\/2025\/02\/logo-evimotor.png","contentUrl":"https:\/\/evimotor.com\/wp-content\/uploads\/2025\/02\/logo-evimotor.png","width":594,"height":110,"caption":"Evimotor"},"image":{"@id":"https:\/\/evimotor.com\/pl\/#\/schema\/logo\/image\/"}}]}},"_links":{"self":[{"href":"https:\/\/evimotor.com\/pl\/wp-json\/wp\/v2\/pages\/1893","targetHints":{"allow":["GET"]}}],"collection":[{"href":"https:\/\/evimotor.com\/pl\/wp-json\/wp\/v2\/pages"}],"about":[{"href":"https:\/\/evimotor.com\/pl\/wp-json\/wp\/v2\/types\/page"}],"author":[{"embeddable":true,"href":"https:\/\/evimotor.com\/pl\/wp-json\/wp\/v2\/users\/1"}],"replies":[{"embeddable":true,"href":"https:\/\/evimotor.com\/pl\/wp-json\/wp\/v2\/comments?post=1893"}],"version-history":[{"count":1,"href":"https:\/\/evimotor.com\/pl\/wp-json\/wp\/v2\/pages\/1893\/revisions"}],"predecessor-version":[{"id":1900,"href":"https:\/\/evimotor.com\/pl\/wp-json\/wp\/v2\/pages\/1893\/revisions\/1900"}],"wp:attachment":[{"href":"https:\/\/evimotor.com\/pl\/wp-json\/wp\/v2\/media?parent=1893"}],"curies":[{"name":"wp","href":"https:\/\/api.w.org\/{rel}","templated":true}]}}