{"id":1901,"date":"2025-03-06T17:45:49","date_gmt":"2025-03-06T16:45:49","guid":{"rendered":"https:\/\/evimotor.com\/kontakty\/"},"modified":"2026-03-19T16:47:41","modified_gmt":"2026-03-19T15:47:41","slug":"kontakty","status":"publish","type":"page","link":"https:\/\/evimotor.com\/pl\/kontakty\/","title":{"rendered":"Kontakty"},"content":{"rendered":"\t\t<div data-elementor-type=\"wp-page\" data-elementor-id=\"1901\" class=\"elementor elementor-1901 elementor-436\" data-elementor-post-type=\"page\">\n\t\t\t\t<div class=\"elementor-element elementor-element-6fd3a4a6 e-flex e-con-boxed e-con e-parent\" data-id=\"6fd3a4a6\" data-element_type=\"container\" data-e-type=\"container\" data-settings=\"{&quot;background_background&quot;:&quot;classic&quot;}\">\n\t\t\t\t\t<div class=\"e-con-inner\">\n\t\t\t\t\t<\/div>\n\t\t\t\t<\/div>\n\t\t<div class=\"elementor-element elementor-element-598b7437 e-flex e-con-boxed e-con e-parent\" data-id=\"598b7437\" data-element_type=\"container\" data-e-type=\"container\">\n\t\t\t\t\t<div class=\"e-con-inner\">\n\t\t<div class=\"elementor-element elementor-element-1e051ca3 e-con-full e-flex elementor-invisible e-con e-child\" data-id=\"1e051ca3\" data-element_type=\"container\" data-e-type=\"container\" data-settings=\"{&quot;background_background&quot;:&quot;classic&quot;,&quot;animation&quot;:&quot;fadeIn&quot;}\">\n\t\t\t\t<div class=\"elementor-element elementor-element-5844e5b elementor-widget elementor-widget-image\" data-id=\"5844e5b\" data-element_type=\"widget\" data-e-type=\"widget\" data-widget_type=\"image.default\">\n\t\t\t\t<div class=\"elementor-widget-container\">\n\t\t\t\t\t\t\t\t\t\t\t\t\t\t\t<img fetchpriority=\"high\" decoding=\"async\" width=\"800\" height=\"600\" src=\"https:\/\/evimotor.com\/wp-content\/uploads\/2025\/02\/ElectricVehiclesItalia-company-EviCountry-1024x768.jpg\" class=\"attachment-large size-large wp-image-1923\" alt=\"\" srcset=\"https:\/\/evimotor.com\/wp-content\/uploads\/2025\/02\/ElectricVehiclesItalia-company-EviCountry-1024x768.jpg 1024w, https:\/\/evimotor.com\/wp-content\/uploads\/2025\/02\/ElectricVehiclesItalia-company-EviCountry-300x225.jpg 300w, https:\/\/evimotor.com\/wp-content\/uploads\/2025\/02\/ElectricVehiclesItalia-company-EviCountry-768x576.jpg 768w, https:\/\/evimotor.com\/wp-content\/uploads\/2025\/02\/ElectricVehiclesItalia-company-EviCountry-1536x1152.jpg 1536w, https:\/\/evimotor.com\/wp-content\/uploads\/2025\/02\/ElectricVehiclesItalia-company-EviCountry-2048x1536.jpg 2048w\" sizes=\"(max-width: 800px) 100vw, 800px\" \/>\t\t\t\t\t\t\t\t\t\t\t\t\t\t\t<\/div>\n\t\t\t\t<\/div>\n\t\t\t\t<\/div>\n\t\t<div class=\"elementor-element elementor-element-1bc7c76f e-con-full e-flex e-con e-child\" data-id=\"1bc7c76f\" data-element_type=\"container\" data-e-type=\"container\">\n\t\t\t\t<div class=\"elementor-element elementor-element-6a2b88ea elementor-widget__width-inherit elementor-invisible elementor-widget elementor-widget-text-editor\" data-id=\"6a2b88ea\" data-element_type=\"widget\" data-e-type=\"widget\" data-settings=\"{&quot;_animation&quot;:&quot;fadeIn&quot;}\" data-widget_type=\"text-editor.default\">\n\t\t\t\t<div class=\"elementor-widget-container\">\n\t\t\t\t\t\t\t\t\t<p>Informacje<\/p>\n\t\t\t\t\t\t\t\t<\/div>\n\t\t\t\t<\/div>\n\t\t\t\t<div class=\"elementor-element elementor-element-62eb495b elementor-invisible elementor-widget elementor-widget-heading\" data-id=\"62eb495b\" data-element_type=\"widget\" data-e-type=\"widget\" data-settings=\"{&quot;_animation&quot;:&quot;fadeIn&quot;,&quot;_animation_delay&quot;:200}\" data-widget_type=\"heading.default\">\n\t\t\t\t<div class=\"elementor-widget-container\">\n\t\t\t\t\t<h2 class=\"elementor-heading-title elementor-size-default\">Skontaktuj si\u0119 z Evimotor<\/h2>\t\t\t\t<\/div>\n\t\t\t\t<\/div>\n\t\t\t\t<div class=\"elementor-element elementor-element-dfdff6d elementor-widget elementor-widget-text-editor\" data-id=\"dfdff6d\" data-element_type=\"widget\" data-e-type=\"widget\" data-widget_type=\"text-editor.default\">\n\t\t\t\t<div class=\"elementor-widget-container\">\n\t\t\t\t\t\t\t\t\t<p>Siedziba<\/p>\n\t\t\t\t\t\t\t\t<\/div>\n\t\t\t\t<\/div>\n\t\t\t\t<div class=\"elementor-element elementor-element-d8a26bc elementor-widget elementor-widget-text-editor\" data-id=\"d8a26bc\" data-element_type=\"widget\" data-e-type=\"widget\" data-widget_type=\"text-editor.default\">\n\t\t\t\t<div class=\"elementor-widget-container\">\n\t\t\t\t\t\t\t\t\t<p>Via Riale, 3<br \/>36040 Grumolo delle Abbadesse (VI)<br \/>Italia<\/p>\n\t\t\t\t\t\t\t\t<\/div>\n\t\t\t\t<\/div>\n\t\t\t\t<div class=\"elementor-element elementor-element-2f027aa9 elementor-widget-divider--view-line elementor-invisible elementor-widget elementor-widget-divider\" data-id=\"2f027aa9\" data-element_type=\"widget\" data-e-type=\"widget\" data-settings=\"{&quot;_animation&quot;:&quot;fadeIn&quot;,&quot;_animation_delay&quot;:400}\" data-widget_type=\"divider.default\">\n\t\t\t\t<div class=\"elementor-widget-container\">\n\t\t\t\t\t\t\t<div class=\"elementor-divider\">\n\t\t\t<span class=\"elementor-divider-separator\">\n\t\t\t\t\t\t<\/span>\n\t\t<\/div>\n\t\t\t\t\t\t<\/div>\n\t\t\t\t<\/div>\n\t\t<div class=\"elementor-element elementor-element-515fa57e e-grid e-con-full elementor-invisible e-con e-child\" data-id=\"515fa57e\" data-element_type=\"container\" data-e-type=\"container\" data-settings=\"{&quot;animation&quot;:&quot;fadeIn&quot;,&quot;animation_delay&quot;:400}\">\n\t\t<div class=\"elementor-element elementor-element-4459860f e-con-full e-flex e-con e-child\" data-id=\"4459860f\" data-element_type=\"container\" data-e-type=\"container\">\n\t\t\t\t<div class=\"elementor-element elementor-element-707217e7 elementor-widget elementor-widget-text-editor\" data-id=\"707217e7\" data-element_type=\"widget\" data-e-type=\"widget\" data-widget_type=\"text-editor.default\">\n\t\t\t\t<div class=\"elementor-widget-container\">\n\t\t\t\t\t\t\t\t\t<p>Telefon<\/p>\n\t\t\t\t\t\t\t\t<\/div>\n\t\t\t\t<\/div>\n\t\t\t\t<div class=\"elementor-element elementor-element-4512c904 elementor-widget elementor-widget-button\" data-id=\"4512c904\" data-element_type=\"widget\" data-e-type=\"widget\" data-widget_type=\"button.default\">\n\t\t\t\t<div class=\"elementor-widget-container\">\n\t\t\t\t\t\t\t\t\t<div class=\"elementor-button-wrapper\">\n\t\t\t\t\t<a class=\"elementor-button elementor-button-link elementor-size-sm\" href=\"tel:+3904441792373\">\n\t\t\t\t\t\t<span class=\"elementor-button-content-wrapper\">\n\t\t\t\t\t\t\t\t\t<span class=\"elementor-button-text\">+39 0444 1792373<\/span>\n\t\t\t\t\t<\/span>\n\t\t\t\t\t<\/a>\n\t\t\t\t<\/div>\n\t\t\t\t\t\t\t\t<\/div>\n\t\t\t\t<\/div>\n\t\t\t\t<\/div>\n\t\t<div class=\"elementor-element elementor-element-6fb9bf33 e-con-full e-flex e-con e-child\" data-id=\"6fb9bf33\" data-element_type=\"container\" data-e-type=\"container\">\n\t\t\t\t<div class=\"elementor-element elementor-element-3408bf1f elementor-widget elementor-widget-text-editor\" data-id=\"3408bf1f\" data-element_type=\"widget\" data-e-type=\"widget\" data-widget_type=\"text-editor.default\">\n\t\t\t\t<div class=\"elementor-widget-container\">\n\t\t\t\t\t\t\t\t\t<p>Email<\/p>\n\t\t\t\t\t\t\t\t<\/div>\n\t\t\t\t<\/div>\n\t\t\t\t<div class=\"elementor-element elementor-element-7f8de389 elementor-widget elementor-widget-button\" data-id=\"7f8de389\" data-element_type=\"widget\" data-e-type=\"widget\" data-widget_type=\"button.default\">\n\t\t\t\t<div class=\"elementor-widget-container\">\n\t\t\t\t\t\t\t\t\t<div class=\"elementor-button-wrapper\">\n\t\t\t\t\t<a class=\"elementor-button elementor-button-link elementor-size-sm\" href=\"mailto:info@evimotor.com\">\n\t\t\t\t\t\t<span class=\"elementor-button-content-wrapper\">\n\t\t\t\t\t\t\t\t\t<span class=\"elementor-button-text\">info@evimotor.com<\/span>\n\t\t\t\t\t<\/span>\n\t\t\t\t\t<\/a>\n\t\t\t\t<\/div>\n\t\t\t\t\t\t\t\t<\/div>\n\t\t\t\t<\/div>\n\t\t\t\t<\/div>\n\t\t\t\t<\/div>\n\t\t\t\t<\/div>\n\t\t\t\t\t<\/div>\n\t\t\t\t<\/div>\n\t\t<div class=\"elementor-element elementor-element-5b20c3c4 e-flex e-con-boxed e-con e-parent\" data-id=\"5b20c3c4\" data-element_type=\"container\" data-e-type=\"container\">\n\t\t\t\t\t<div class=\"e-con-inner\">\n\t\t\t\t<div class=\"elementor-element elementor-element-578908ca animated-slow elementor-invisible elementor-widget elementor-widget-google_maps\" data-id=\"578908ca\" data-element_type=\"widget\" data-e-type=\"widget\" data-settings=\"{&quot;_animation&quot;:&quot;fadeIn&quot;}\" data-widget_type=\"google_maps.default\">\n\t\t\t\t<div class=\"elementor-widget-container\">\n\t\t\t\t\t\t\t<div class=\"elementor-custom-embed\">\n\t\t\t<iframe loading=\"lazy\"\n\t\t\t\t\tsrc=\"https:\/\/maps.google.com\/maps?q=Via%20Riale%2C%203%2036040%2C%20Grumolo%20delle%20Abbadesse%20%28VI%29%2C%20Italia&#038;t=m&#038;z=7&#038;output=embed&#038;iwloc=near\"\n\t\t\t\t\ttitle=\"Via Riale, 3 36040, Grumolo delle Abbadesse (VI), Italia\"\n\t\t\t\t\taria-label=\"Via Riale, 3 36040, Grumolo delle Abbadesse (VI), Italia\"\n\t\t\t><\/iframe>\n\t\t<\/div>\n\t\t\t\t\t\t<\/div>\n\t\t\t\t<\/div>\n\t\t\t\t\t<\/div>\n\t\t\t\t<\/div>\n\t\t\t\t<\/div>\n\t\t","protected":false},"excerpt":{"rendered":"<p>Informacje Skontaktuj si\u0119 z Evimotor Siedziba Via Riale, 336040 Grumolo delle Abbadesse (VI)Italia Telefon +39 0444 1792373 Email info@evimotor.com<\/p>\n","protected":false},"author":1,"featured_media":0,"parent":0,"menu_order":0,"comment_status":"closed","ping_status":"closed","template":"elementor_header_footer","meta":{"footnotes":""},"class_list":["post-1901","page","type-page","status-publish","hentry"],"yoast_head":"<!-- This site is optimized with the Yoast SEO plugin v27.2 - https:\/\/yoast.com\/product\/yoast-seo-wordpress\/ -->\n<title>Kontakt i wsparcie \u2013 pojazdy elektryczne | Evimotor<\/title>\n<meta name=\"description\" content=\"Skontaktuj si\u0119 z Evimotor w sprawie wyceny, info technicznych lub do\u0142\u0105cz do sieci sprzeda\u017cy. Eksperci od elektrycznych pojazd\u00f3w u\u017cytkowych.\" \/>\n<meta name=\"robots\" content=\"index, follow, max-snippet:-1, max-image-preview:large, max-video-preview:-1\" \/>\n<link rel=\"canonical\" href=\"https:\/\/evimotor.com\/pl\/kontakty\/\" \/>\n<meta property=\"og:locale\" content=\"pl_PL\" \/>\n<meta property=\"og:type\" content=\"article\" \/>\n<meta property=\"og:title\" content=\"Kontakt i wsparcie \u2013 pojazdy elektryczne | Evimotor\" \/>\n<meta property=\"og:description\" content=\"Skontaktuj si\u0119 z Evimotor w sprawie wyceny, info technicznych lub do\u0142\u0105cz do sieci sprzeda\u017cy. Eksperci od elektrycznych pojazd\u00f3w u\u017cytkowych.\" \/>\n<meta property=\"og:url\" content=\"https:\/\/evimotor.com\/pl\/kontakty\/\" \/>\n<meta property=\"og:site_name\" content=\"Evimotor\" \/>\n<meta property=\"article:modified_time\" content=\"2026-03-19T15:47:41+00:00\" \/>\n<meta property=\"og:image\" content=\"https:\/\/evimotor.com\/wp-content\/uploads\/2025\/02\/ElectricVehiclesItalia-company-EviCountry-scaled.jpg\" \/>\n\t<meta property=\"og:image:width\" content=\"2560\" \/>\n\t<meta property=\"og:image:height\" content=\"1920\" \/>\n\t<meta property=\"og:image:type\" content=\"image\/jpeg\" \/>\n<meta name=\"twitter:card\" content=\"summary_large_image\" \/>\n<script type=\"application\/ld+json\" class=\"yoast-schema-graph\">{\"@context\":\"https:\/\/schema.org\",\"@graph\":[{\"@type\":\"WebPage\",\"@id\":\"https:\/\/evimotor.com\/pl\/kontakty\/\",\"url\":\"https:\/\/evimotor.com\/pl\/kontakty\/\",\"name\":\"Kontakt i wsparcie \u2013 pojazdy elektryczne | Evimotor\",\"isPartOf\":{\"@id\":\"https:\/\/evimotor.com\/pl\/#website\"},\"primaryImageOfPage\":{\"@id\":\"https:\/\/evimotor.com\/pl\/kontakty\/#primaryimage\"},\"image\":{\"@id\":\"https:\/\/evimotor.com\/pl\/kontakty\/#primaryimage\"},\"thumbnailUrl\":\"https:\/\/evimotor.com\/wp-content\/uploads\/2025\/02\/ElectricVehiclesItalia-company-EviCountry-1024x768.jpg\",\"datePublished\":\"2025-03-06T16:45:49+00:00\",\"dateModified\":\"2026-03-19T15:47:41+00:00\",\"description\":\"Skontaktuj si\u0119 z Evimotor w sprawie wyceny, info technicznych lub do\u0142\u0105cz do sieci sprzeda\u017cy. Eksperci od elektrycznych pojazd\u00f3w u\u017cytkowych.\",\"breadcrumb\":{\"@id\":\"https:\/\/evimotor.com\/pl\/kontakty\/#breadcrumb\"},\"inLanguage\":\"pl-PL\",\"potentialAction\":[{\"@type\":\"ReadAction\",\"target\":[\"https:\/\/evimotor.com\/pl\/kontakty\/\"]}]},{\"@type\":\"ImageObject\",\"inLanguage\":\"pl-PL\",\"@id\":\"https:\/\/evimotor.com\/pl\/kontakty\/#primaryimage\",\"url\":\"https:\/\/evimotor.com\/wp-content\/uploads\/2025\/02\/ElectricVehiclesItalia-company-EviCountry-1024x768.jpg\",\"contentUrl\":\"https:\/\/evimotor.com\/wp-content\/uploads\/2025\/02\/ElectricVehiclesItalia-company-EviCountry-1024x768.jpg\"},{\"@type\":\"BreadcrumbList\",\"@id\":\"https:\/\/evimotor.com\/pl\/kontakty\/#breadcrumb\",\"itemListElement\":[{\"@type\":\"ListItem\",\"position\":1,\"name\":\"Home\",\"item\":\"https:\/\/evimotor.com\/pl\/\"},{\"@type\":\"ListItem\",\"position\":2,\"name\":\"Kontakty\"}]},{\"@type\":\"WebSite\",\"@id\":\"https:\/\/evimotor.com\/pl\/#website\",\"url\":\"https:\/\/evimotor.com\/pl\/\",\"name\":\"Evimotor\",\"description\":\"Electric Vehicles Italia\",\"publisher\":{\"@id\":\"https:\/\/evimotor.com\/pl\/#organization\"},\"potentialAction\":[{\"@type\":\"SearchAction\",\"target\":{\"@type\":\"EntryPoint\",\"urlTemplate\":\"https:\/\/evimotor.com\/pl\/?s={search_term_string}\"},\"query-input\":{\"@type\":\"PropertyValueSpecification\",\"valueRequired\":true,\"valueName\":\"search_term_string\"}}],\"inLanguage\":\"pl-PL\"},{\"@type\":\"Organization\",\"@id\":\"https:\/\/evimotor.com\/pl\/#organization\",\"name\":\"Evimotor\",\"url\":\"https:\/\/evimotor.com\/pl\/\",\"logo\":{\"@type\":\"ImageObject\",\"inLanguage\":\"pl-PL\",\"@id\":\"https:\/\/evimotor.com\/pl\/#\/schema\/logo\/image\/\",\"url\":\"https:\/\/evimotor.com\/wp-content\/uploads\/2025\/02\/logo-evimotor.png\",\"contentUrl\":\"https:\/\/evimotor.com\/wp-content\/uploads\/2025\/02\/logo-evimotor.png\",\"width\":594,\"height\":110,\"caption\":\"Evimotor\"},\"image\":{\"@id\":\"https:\/\/evimotor.com\/pl\/#\/schema\/logo\/image\/\"}}]}<\/script>\n<!-- \/ Yoast SEO plugin. -->","yoast_head_json":{"title":"Kontakt i wsparcie \u2013 pojazdy elektryczne | Evimotor","description":"Skontaktuj si\u0119 z Evimotor w sprawie wyceny, info technicznych lub do\u0142\u0105cz do sieci sprzeda\u017cy. Eksperci od elektrycznych pojazd\u00f3w u\u017cytkowych.","robots":{"index":"index","follow":"follow","max-snippet":"max-snippet:-1","max-image-preview":"max-image-preview:large","max-video-preview":"max-video-preview:-1"},"canonical":"https:\/\/evimotor.com\/pl\/kontakty\/","og_locale":"pl_PL","og_type":"article","og_title":"Kontakt i wsparcie \u2013 pojazdy elektryczne | Evimotor","og_description":"Skontaktuj si\u0119 z Evimotor w sprawie wyceny, info technicznych lub do\u0142\u0105cz do sieci sprzeda\u017cy. Eksperci od elektrycznych pojazd\u00f3w u\u017cytkowych.","og_url":"https:\/\/evimotor.com\/pl\/kontakty\/","og_site_name":"Evimotor","article_modified_time":"2026-03-19T15:47:41+00:00","og_image":[{"width":2560,"height":1920,"url":"https:\/\/evimotor.com\/wp-content\/uploads\/2025\/02\/ElectricVehiclesItalia-company-EviCountry-scaled.jpg","type":"image\/jpeg"}],"twitter_card":"summary_large_image","schema":{"@context":"https:\/\/schema.org","@graph":[{"@type":"WebPage","@id":"https:\/\/evimotor.com\/pl\/kontakty\/","url":"https:\/\/evimotor.com\/pl\/kontakty\/","name":"Kontakt i wsparcie \u2013 pojazdy elektryczne | Evimotor","isPartOf":{"@id":"https:\/\/evimotor.com\/pl\/#website"},"primaryImageOfPage":{"@id":"https:\/\/evimotor.com\/pl\/kontakty\/#primaryimage"},"image":{"@id":"https:\/\/evimotor.com\/pl\/kontakty\/#primaryimage"},"thumbnailUrl":"https:\/\/evimotor.com\/wp-content\/uploads\/2025\/02\/ElectricVehiclesItalia-company-EviCountry-1024x768.jpg","datePublished":"2025-03-06T16:45:49+00:00","dateModified":"2026-03-19T15:47:41+00:00","description":"Skontaktuj si\u0119 z Evimotor w sprawie wyceny, info technicznych lub do\u0142\u0105cz do sieci sprzeda\u017cy. Eksperci od elektrycznych pojazd\u00f3w u\u017cytkowych.","breadcrumb":{"@id":"https:\/\/evimotor.com\/pl\/kontakty\/#breadcrumb"},"inLanguage":"pl-PL","potentialAction":[{"@type":"ReadAction","target":["https:\/\/evimotor.com\/pl\/kontakty\/"]}]},{"@type":"ImageObject","inLanguage":"pl-PL","@id":"https:\/\/evimotor.com\/pl\/kontakty\/#primaryimage","url":"https:\/\/evimotor.com\/wp-content\/uploads\/2025\/02\/ElectricVehiclesItalia-company-EviCountry-1024x768.jpg","contentUrl":"https:\/\/evimotor.com\/wp-content\/uploads\/2025\/02\/ElectricVehiclesItalia-company-EviCountry-1024x768.jpg"},{"@type":"BreadcrumbList","@id":"https:\/\/evimotor.com\/pl\/kontakty\/#breadcrumb","itemListElement":[{"@type":"ListItem","position":1,"name":"Home","item":"https:\/\/evimotor.com\/pl\/"},{"@type":"ListItem","position":2,"name":"Kontakty"}]},{"@type":"WebSite","@id":"https:\/\/evimotor.com\/pl\/#website","url":"https:\/\/evimotor.com\/pl\/","name":"Evimotor","description":"Electric Vehicles Italia","publisher":{"@id":"https:\/\/evimotor.com\/pl\/#organization"},"potentialAction":[{"@type":"SearchAction","target":{"@type":"EntryPoint","urlTemplate":"https:\/\/evimotor.com\/pl\/?s={search_term_string}"},"query-input":{"@type":"PropertyValueSpecification","valueRequired":true,"valueName":"search_term_string"}}],"inLanguage":"pl-PL"},{"@type":"Organization","@id":"https:\/\/evimotor.com\/pl\/#organization","name":"Evimotor","url":"https:\/\/evimotor.com\/pl\/","logo":{"@type":"ImageObject","inLanguage":"pl-PL","@id":"https:\/\/evimotor.com\/pl\/#\/schema\/logo\/image\/","url":"https:\/\/evimotor.com\/wp-content\/uploads\/2025\/02\/logo-evimotor.png","contentUrl":"https:\/\/evimotor.com\/wp-content\/uploads\/2025\/02\/logo-evimotor.png","width":594,"height":110,"caption":"Evimotor"},"image":{"@id":"https:\/\/evimotor.com\/pl\/#\/schema\/logo\/image\/"}}]}},"_links":{"self":[{"href":"https:\/\/evimotor.com\/pl\/wp-json\/wp\/v2\/pages\/1901","targetHints":{"allow":["GET"]}}],"collection":[{"href":"https:\/\/evimotor.com\/pl\/wp-json\/wp\/v2\/pages"}],"about":[{"href":"https:\/\/evimotor.com\/pl\/wp-json\/wp\/v2\/types\/page"}],"author":[{"embeddable":true,"href":"https:\/\/evimotor.com\/pl\/wp-json\/wp\/v2\/users\/1"}],"replies":[{"embeddable":true,"href":"https:\/\/evimotor.com\/pl\/wp-json\/wp\/v2\/comments?post=1901"}],"version-history":[{"count":1,"href":"https:\/\/evimotor.com\/pl\/wp-json\/wp\/v2\/pages\/1901\/revisions"}],"predecessor-version":[{"id":1903,"href":"https:\/\/evimotor.com\/pl\/wp-json\/wp\/v2\/pages\/1901\/revisions\/1903"}],"wp:attachment":[{"href":"https:\/\/evimotor.com\/pl\/wp-json\/wp\/v2\/media?parent=1901"}],"curies":[{"name":"wp","href":"https:\/\/api.w.org\/{rel}","templated":true}]}}