{"id":1952,"date":"2025-03-27T13:11:50","date_gmt":"2025-03-27T12:11:50","guid":{"rendered":"https:\/\/evimotor.com\/siec-sprzedazy\/"},"modified":"2025-11-03T10:11:53","modified_gmt":"2025-11-03T09:11:53","slug":"siec-sprzedazy","status":"publish","type":"page","link":"https:\/\/evimotor.com\/pl\/siec-sprzedazy\/","title":{"rendered":"Sie\u0107 sprzeda\u017cy"},"content":{"rendered":"\t\t<div data-elementor-type=\"wp-page\" data-elementor-id=\"1952\" class=\"elementor elementor-1952 elementor-486\" data-elementor-post-type=\"page\">\n\t\t\t\t<div class=\"elementor-element elementor-element-9dc076b e-flex e-con-boxed e-con e-parent\" data-id=\"9dc076b\" data-element_type=\"container\" data-e-type=\"container\" data-settings=\"{&quot;background_background&quot;:&quot;classic&quot;}\">\n\t\t\t\t\t<div class=\"e-con-inner\">\n\t\t\t\t<div class=\"elementor-element elementor-element-32cc97c elementor-widget elementor-widget-spacer\" data-id=\"32cc97c\" data-element_type=\"widget\" data-e-type=\"widget\" data-widget_type=\"spacer.default\">\n\t\t\t\t<div class=\"elementor-widget-container\">\n\t\t\t\t\t\t\t<div class=\"elementor-spacer\">\n\t\t\t<div class=\"elementor-spacer-inner\"><\/div>\n\t\t<\/div>\n\t\t\t\t\t\t<\/div>\n\t\t\t\t<\/div>\n\t\t\t\t\t<\/div>\n\t\t\t\t<\/div>\n\t\t<div class=\"elementor-element elementor-element-00a6fc6 e-flex e-con-boxed e-con e-parent\" data-id=\"00a6fc6\" data-element_type=\"container\" data-e-type=\"container\">\n\t\t\t\t\t<div class=\"e-con-inner\">\n\t\t\t\t<div class=\"elementor-element elementor-element-df2987b elementor-widget elementor-widget-text-editor\" data-id=\"df2987b\" data-element_type=\"widget\" data-e-type=\"widget\" data-widget_type=\"text-editor.default\">\n\t\t\t\t<div class=\"elementor-widget-container\">\n\t\t\t\t\t\t\t\t\t<p>Prosz\u0119 skontaktowa\u0107 si\u0119 z nami, aby zosta\u0107 dystrybutorem produkt\u00f3w Evi Italia we W\u0142oszech.<\/p>\n<p>Telefon: +39 0444 1792373<\/p>\n<p>E-mail: <a href=\"mailto:info@evimotor.com\">info@evimotor.com<\/a><\/p>\n\t\t\t\t\t\t\t\t<\/div>\n\t\t\t\t<\/div>\n\t\t\t\t\t<\/div>\n\t\t\t\t<\/div>\n\t\t<div class=\"elementor-element elementor-element-648ee42 e-con-full e-flex e-con e-parent\" data-id=\"648ee42\" data-element_type=\"container\" data-e-type=\"container\">\n\t\t\t\t<div class=\"elementor-element elementor-element-d480474 elementor-widget elementor-widget-jet-engine-maps-listing\" data-id=\"d480474\" data-element_type=\"widget\" data-e-type=\"widget\" data-widget_type=\"jet-engine-maps-listing.default\">\n\t\t\t\t<div class=\"elementor-widget-container\">\n\t\t\t\t\t<div class=\"jet-map-listing jet-listing-grid--482 google-provider\" data-init=\"{&quot;zoomControl&quot;:true,&quot;fullscreenControl&quot;:true,&quot;streetViewControl&quot;:false,&quot;mapTypeControl&quot;:false}\" data-markers=\"[{&quot;id&quot;:2168,&quot;latLang&quot;:{&quot;lat&quot;:&quot;50.1035965&quot;,&quot;lng&quot;:&quot;14.4723881&quot;},&quot;label&quot;:&quot;Benesa Tech&quot;,&quot;custom_marker&quot;:false,&quot;geo_query_distance&quot;:-1},{&quot;id&quot;:2166,&quot;latLang&quot;:{&quot;lat&quot;:&quot;45.6565613&quot;,&quot;lng&quot;:&quot;9.3034376&quot;},&quot;label&quot;:&quot;Roberto Scavuzzo&quot;,&quot;custom_marker&quot;:false,&quot;geo_query_distance&quot;:-1},{&quot;id&quot;:1480,&quot;latLang&quot;:{&quot;lat&quot;:&quot;46.9630834&quot;,&quot;lng&quot;:&quot;8.3807373&quot;},&quot;label&quot;:&quot;Leo Schallberger AG&quot;,&quot;custom_marker&quot;:false,&quot;geo_query_distance&quot;:-1},{&quot;id&quot;:1374,&quot;latLang&quot;:{&quot;lat&quot;:&quot;51.6732628&quot;,&quot;lng&quot;:&quot;4.8112064&quot;},&quot;label&quot;:&quot;Van Dyck Nederland BV&quot;,&quot;custom_marker&quot;:false,&quot;geo_query_distance&quot;:-1},{&quot;id&quot;:1373,&quot;latLang&quot;:{&quot;lat&quot;:&quot;50.4261043&quot;,&quot;lng&quot;:&quot;4.9160038&quot;},&quot;label&quot;:&quot;Marcel Van Dyck Belgium SA&quot;,&quot;custom_marker&quot;:false,&quot;geo_query_distance&quot;:-1},{&quot;id&quot;:1372,&quot;latLang&quot;:{&quot;lat&quot;:&quot;51.0590107&quot;,&quot;lng&quot;:&quot;4.8083392&quot;},&quot;label&quot;:&quot;Marcel Van Dyck Belgium NV&quot;,&quot;custom_marker&quot;:false,&quot;geo_query_distance&quot;:-1},{&quot;id&quot;:657,&quot;latLang&quot;:{&quot;lat&quot;:&quot;56.0561368&quot;,&quot;lng&quot;:&quot;12.959662&quot;},&quot;label&quot;:&quot;Idamco&quot;,&quot;custom_marker&quot;:false,&quot;geo_query_distance&quot;:-1},{&quot;id&quot;:481,&quot;latLang&quot;:{&quot;lat&quot;:&quot;45.5143663&quot;,&quot;lng&quot;:&quot;11.6543967&quot;},&quot;label&quot;:&quot;Evitalia&quot;,&quot;custom_marker&quot;:false,&quot;geo_query_distance&quot;:-1}]\" data-general=\"{&quot;api&quot;:&quot;https:\\\/\\\/evimotor.com\\\/pl\\\/wp-json\\\/jet-engine\\\/v2\\\/get-map-marker-info\\\/&quot;,&quot;restNonce&quot;:&quot;e164399917&quot;,&quot;listingID&quot;:482,&quot;source&quot;:&quot;posts&quot;,&quot;width&quot;:320,&quot;offset&quot;:40,&quot;clustererImg&quot;:&quot;https:\\\/\\\/evimotor.com\\\/wp-content\\\/plugins\\\/jet-engine\\\/includes\\\/modules\\\/maps-listings\\\/assets\\\/lib\\\/markerclustererplus\\\/img\\\/m&quot;,&quot;marker&quot;:{&quot;type&quot;:&quot;text&quot;,&quot;html&quot;:&quot;&lt;div class=\\&quot; jet-map-marker-wrap\\&quot; style=\\&quot;cursor: pointer;\\&quot;&gt;_marker_label_&lt;\\\/div&gt;&quot;},&quot;autoCenter&quot;:true,&quot;maxZoom&quot;:14,&quot;minZoom&quot;:2,&quot;customCenter&quot;:false,&quot;customZoom&quot;:11,&quot;popupPreloader&quot;:true,&quot;querySeparator&quot;:&quot;?&quot;,&quot;markerClustering&quot;:true,&quot;customClusterImg&quot;:[],&quot;clusterMaxZoom&quot;:&quot;&quot;,&quot;clusterRadius&quot;:&quot;&quot;,&quot;popupOpenOn&quot;:&quot;click&quot;,&quot;centeringOnOpen&quot;:true,&quot;zoomOnOpen&quot;:false,&quot;advanced&quot;:{&quot;zoom_control&quot;:&quot;auto&quot;},&quot;user_location_enabled&quot;:false,&quot;user_location_marker&quot;:false,&quot;user_location_label&quot;:&quot;&quot;,&quot;styles&quot;:[{&quot;featureType&quot;:&quot;all&quot;,&quot;stylers&quot;:[{&quot;saturation&quot;:0},{&quot;hue&quot;:&quot;#e7ecf0&quot;}]},{&quot;featureType&quot;:&quot;road&quot;,&quot;stylers&quot;:[{&quot;saturation&quot;:-70}]},{&quot;featureType&quot;:&quot;transit&quot;,&quot;stylers&quot;:[{&quot;visibility&quot;:&quot;off&quot;}]},{&quot;featureType&quot;:&quot;poi&quot;,&quot;stylers&quot;:[{&quot;visibility&quot;:&quot;off&quot;}]},{&quot;featureType&quot;:&quot;water&quot;,&quot;stylers&quot;:[{&quot;visibility&quot;:&quot;simplified&quot;},{&quot;saturation&quot;:-60}]}]}\" data-listing-source=\"posts\" data-queried-id=\"1952|WP_Post\"><\/div>\t\t\t\t<\/div>\n\t\t\t\t<\/div>\n\t\t\t\t<\/div>\n\t\t\t\t<\/div>\n\t\t","protected":false},"excerpt":{"rendered":"<p>Prosz\u0119 skontaktowa\u0107 si\u0119 z nami, aby zosta\u0107 dystrybutorem produkt\u00f3w Evi Italia we W\u0142oszech. Telefon: +39 0444 1792373 E-mail: info@evimotor.com<\/p>\n","protected":false},"author":2,"featured_media":0,"parent":0,"menu_order":0,"comment_status":"closed","ping_status":"closed","template":"elementor_header_footer","meta":{"footnotes":""},"class_list":["post-1952","page","type-page","status-publish","hentry"],"yoast_head":"<!-- This site is optimized with the Yoast SEO plugin v27.2 - https:\/\/yoast.com\/product\/yoast-seo-wordpress\/ -->\n<title>Sie\u0107 sprzeda\u017cy - Evimotor<\/title>\n<meta name=\"robots\" content=\"index, follow, max-snippet:-1, max-image-preview:large, max-video-preview:-1\" \/>\n<link rel=\"canonical\" href=\"https:\/\/evimotor.com\/pl\/siec-sprzedazy\/\" \/>\n<meta property=\"og:locale\" content=\"pl_PL\" \/>\n<meta property=\"og:type\" content=\"article\" \/>\n<meta property=\"og:title\" content=\"Sie\u0107 sprzeda\u017cy - Evimotor\" \/>\n<meta property=\"og:description\" content=\"Prosz\u0119 skontaktowa\u0107 si\u0119 z nami, aby zosta\u0107 dystrybutorem produkt\u00f3w Evi Italia we W\u0142oszech. Telefon: +39 0444 1792373 E-mail: info@evimotor.com\" \/>\n<meta property=\"og:url\" content=\"https:\/\/evimotor.com\/pl\/siec-sprzedazy\/\" \/>\n<meta property=\"og:site_name\" content=\"Evimotor\" \/>\n<meta property=\"article:modified_time\" content=\"2025-11-03T09:11:53+00:00\" \/>\n<meta name=\"twitter:card\" content=\"summary_large_image\" \/>\n<script type=\"application\/ld+json\" class=\"yoast-schema-graph\">{\"@context\":\"https:\/\/schema.org\",\"@graph\":[{\"@type\":\"WebPage\",\"@id\":\"https:\/\/evimotor.com\/pl\/siec-sprzedazy\/\",\"url\":\"https:\/\/evimotor.com\/pl\/siec-sprzedazy\/\",\"name\":\"Sie\u0107 sprzeda\u017cy - Evimotor\",\"isPartOf\":{\"@id\":\"https:\/\/evimotor.com\/pl\/#website\"},\"datePublished\":\"2025-03-27T12:11:50+00:00\",\"dateModified\":\"2025-11-03T09:11:53+00:00\",\"breadcrumb\":{\"@id\":\"https:\/\/evimotor.com\/pl\/siec-sprzedazy\/#breadcrumb\"},\"inLanguage\":\"pl-PL\",\"potentialAction\":[{\"@type\":\"ReadAction\",\"target\":[\"https:\/\/evimotor.com\/pl\/siec-sprzedazy\/\"]}]},{\"@type\":\"BreadcrumbList\",\"@id\":\"https:\/\/evimotor.com\/pl\/siec-sprzedazy\/#breadcrumb\",\"itemListElement\":[{\"@type\":\"ListItem\",\"position\":1,\"name\":\"Home\",\"item\":\"https:\/\/evimotor.com\/pl\/\"},{\"@type\":\"ListItem\",\"position\":2,\"name\":\"Sie\u0107 sprzeda\u017cy\"}]},{\"@type\":\"WebSite\",\"@id\":\"https:\/\/evimotor.com\/pl\/#website\",\"url\":\"https:\/\/evimotor.com\/pl\/\",\"name\":\"Evimotor\",\"description\":\"Electric Vehicles Italia\",\"publisher\":{\"@id\":\"https:\/\/evimotor.com\/pl\/#organization\"},\"potentialAction\":[{\"@type\":\"SearchAction\",\"target\":{\"@type\":\"EntryPoint\",\"urlTemplate\":\"https:\/\/evimotor.com\/pl\/?s={search_term_string}\"},\"query-input\":{\"@type\":\"PropertyValueSpecification\",\"valueRequired\":true,\"valueName\":\"search_term_string\"}}],\"inLanguage\":\"pl-PL\"},{\"@type\":\"Organization\",\"@id\":\"https:\/\/evimotor.com\/pl\/#organization\",\"name\":\"Evimotor\",\"url\":\"https:\/\/evimotor.com\/pl\/\",\"logo\":{\"@type\":\"ImageObject\",\"inLanguage\":\"pl-PL\",\"@id\":\"https:\/\/evimotor.com\/pl\/#\/schema\/logo\/image\/\",\"url\":\"https:\/\/evimotor.com\/wp-content\/uploads\/2025\/02\/logo-evimotor.png\",\"contentUrl\":\"https:\/\/evimotor.com\/wp-content\/uploads\/2025\/02\/logo-evimotor.png\",\"width\":594,\"height\":110,\"caption\":\"Evimotor\"},\"image\":{\"@id\":\"https:\/\/evimotor.com\/pl\/#\/schema\/logo\/image\/\"}}]}<\/script>\n<!-- \/ Yoast SEO plugin. -->","yoast_head_json":{"title":"Sie\u0107 sprzeda\u017cy - Evimotor","robots":{"index":"index","follow":"follow","max-snippet":"max-snippet:-1","max-image-preview":"max-image-preview:large","max-video-preview":"max-video-preview:-1"},"canonical":"https:\/\/evimotor.com\/pl\/siec-sprzedazy\/","og_locale":"pl_PL","og_type":"article","og_title":"Sie\u0107 sprzeda\u017cy - Evimotor","og_description":"Prosz\u0119 skontaktowa\u0107 si\u0119 z nami, aby zosta\u0107 dystrybutorem produkt\u00f3w Evi Italia we W\u0142oszech. Telefon: +39 0444 1792373 E-mail: info@evimotor.com","og_url":"https:\/\/evimotor.com\/pl\/siec-sprzedazy\/","og_site_name":"Evimotor","article_modified_time":"2025-11-03T09:11:53+00:00","twitter_card":"summary_large_image","schema":{"@context":"https:\/\/schema.org","@graph":[{"@type":"WebPage","@id":"https:\/\/evimotor.com\/pl\/siec-sprzedazy\/","url":"https:\/\/evimotor.com\/pl\/siec-sprzedazy\/","name":"Sie\u0107 sprzeda\u017cy - Evimotor","isPartOf":{"@id":"https:\/\/evimotor.com\/pl\/#website"},"datePublished":"2025-03-27T12:11:50+00:00","dateModified":"2025-11-03T09:11:53+00:00","breadcrumb":{"@id":"https:\/\/evimotor.com\/pl\/siec-sprzedazy\/#breadcrumb"},"inLanguage":"pl-PL","potentialAction":[{"@type":"ReadAction","target":["https:\/\/evimotor.com\/pl\/siec-sprzedazy\/"]}]},{"@type":"BreadcrumbList","@id":"https:\/\/evimotor.com\/pl\/siec-sprzedazy\/#breadcrumb","itemListElement":[{"@type":"ListItem","position":1,"name":"Home","item":"https:\/\/evimotor.com\/pl\/"},{"@type":"ListItem","position":2,"name":"Sie\u0107 sprzeda\u017cy"}]},{"@type":"WebSite","@id":"https:\/\/evimotor.com\/pl\/#website","url":"https:\/\/evimotor.com\/pl\/","name":"Evimotor","description":"Electric Vehicles Italia","publisher":{"@id":"https:\/\/evimotor.com\/pl\/#organization"},"potentialAction":[{"@type":"SearchAction","target":{"@type":"EntryPoint","urlTemplate":"https:\/\/evimotor.com\/pl\/?s={search_term_string}"},"query-input":{"@type":"PropertyValueSpecification","valueRequired":true,"valueName":"search_term_string"}}],"inLanguage":"pl-PL"},{"@type":"Organization","@id":"https:\/\/evimotor.com\/pl\/#organization","name":"Evimotor","url":"https:\/\/evimotor.com\/pl\/","logo":{"@type":"ImageObject","inLanguage":"pl-PL","@id":"https:\/\/evimotor.com\/pl\/#\/schema\/logo\/image\/","url":"https:\/\/evimotor.com\/wp-content\/uploads\/2025\/02\/logo-evimotor.png","contentUrl":"https:\/\/evimotor.com\/wp-content\/uploads\/2025\/02\/logo-evimotor.png","width":594,"height":110,"caption":"Evimotor"},"image":{"@id":"https:\/\/evimotor.com\/pl\/#\/schema\/logo\/image\/"}}]}},"_links":{"self":[{"href":"https:\/\/evimotor.com\/pl\/wp-json\/wp\/v2\/pages\/1952","targetHints":{"allow":["GET"]}}],"collection":[{"href":"https:\/\/evimotor.com\/pl\/wp-json\/wp\/v2\/pages"}],"about":[{"href":"https:\/\/evimotor.com\/pl\/wp-json\/wp\/v2\/types\/page"}],"author":[{"embeddable":true,"href":"https:\/\/evimotor.com\/pl\/wp-json\/wp\/v2\/users\/2"}],"replies":[{"embeddable":true,"href":"https:\/\/evimotor.com\/pl\/wp-json\/wp\/v2\/comments?post=1952"}],"version-history":[{"count":1,"href":"https:\/\/evimotor.com\/pl\/wp-json\/wp\/v2\/pages\/1952\/revisions"}],"predecessor-version":[{"id":1953,"href":"https:\/\/evimotor.com\/pl\/wp-json\/wp\/v2\/pages\/1952\/revisions\/1953"}],"wp:attachment":[{"href":"https:\/\/evimotor.com\/pl\/wp-json\/wp\/v2\/media?parent=1952"}],"curies":[{"name":"wp","href":"https:\/\/api.w.org\/{rel}","templated":true}]}}