{"id":1551,"date":"2025-02-25T12:19:27","date_gmt":"2025-02-25T11:19:27","guid":{"rendered":"https:\/\/evimotor.com\/politica-de-privacidade\/"},"modified":"2025-09-24T10:19:29","modified_gmt":"2025-09-24T08:19:29","slug":"politica-de-privacidade","status":"publish","type":"page","link":"https:\/\/evimotor.com\/pt-pt\/politica-de-privacidade\/","title":{"rendered":"Pol\u00edtica de Privacidade"},"content":{"rendered":"\t\t<div data-elementor-type=\"wp-page\" data-elementor-id=\"1551\" class=\"elementor elementor-1551 elementor-3\" data-elementor-post-type=\"page\">\n\t\t\t\t<div class=\"elementor-element elementor-element-7b536ac e-flex e-con-boxed e-con e-parent\" data-id=\"7b536ac\" data-element_type=\"container\" data-e-type=\"container\" data-settings=\"{&quot;background_background&quot;:&quot;classic&quot;}\">\n\t\t\t\t\t<div class=\"e-con-inner\">\n\t\t\t\t<div class=\"elementor-element elementor-element-978c179 elementor-widget elementor-widget-spacer\" data-id=\"978c179\" data-element_type=\"widget\" data-e-type=\"widget\" data-widget_type=\"spacer.default\">\n\t\t\t\t<div class=\"elementor-widget-container\">\n\t\t\t\t\t\t\t<div class=\"elementor-spacer\">\n\t\t\t<div class=\"elementor-spacer-inner\"><\/div>\n\t\t<\/div>\n\t\t\t\t\t\t<\/div>\n\t\t\t\t<\/div>\n\t\t\t\t\t<\/div>\n\t\t\t\t<\/div>\n\t\t<div class=\"elementor-element elementor-element-9deb7f0 e-flex e-con-boxed e-con e-parent\" data-id=\"9deb7f0\" data-element_type=\"container\" data-e-type=\"container\" data-settings=\"{&quot;background_background&quot;:&quot;classic&quot;}\">\n\t\t\t\t\t<div class=\"e-con-inner\">\n\t\t\t\t<div class=\"elementor-element elementor-element-84979ab elementor-widget__width-inherit elementor-invisible elementor-widget elementor-widget-text-editor\" data-id=\"84979ab\" data-element_type=\"widget\" data-e-type=\"widget\" data-settings=\"{&quot;_animation&quot;:&quot;fadeIn&quot;}\" data-widget_type=\"text-editor.default\">\n\t\t\t\t<div class=\"elementor-widget-container\">\n\t\t\t\t\t\t\t\t\t<p>Evi Country<\/p>\n\t\t\t\t\t\t\t\t<\/div>\n\t\t\t\t<\/div>\n\t\t\t\t<div class=\"elementor-element elementor-element-8851182 elementor-widget elementor-widget-text-editor\" data-id=\"8851182\" data-element_type=\"widget\" data-e-type=\"widget\" data-widget_type=\"text-editor.default\">\n\t\t\t\t<div class=\"elementor-widget-container\">\n\t\t\t\t\t\t\t\t\t<p>A informa\u00e7\u00e3o \u00e9 prestada nos termos do artigo 13.\u00ba do Regulamento Geral Europeu sobre a Prote\u00e7\u00e3o de Dados (Regulamento UE 2016\/679).<br \/>A informa\u00e7\u00e3o \u00e9 prestada apenas para o site www.evimotor.com da Evitalia e n\u00e3o para outros sites que possam ser consultados pelo utilizador atrav\u00e9s de links.<\/p>\n<p><strong>Titular do tratamento<\/strong><br \/>Nos termos do Regulamento CE 2016\/679 (RGPD), declara-se que o titular do tratamento dos dados \u00e9 a \u00abEvitalia\u00bb, com n\u00famero de identifica\u00e7\u00e3o fiscal IT04398180242 e sede em Via Riale, 3 &#8211; 36040 Grumolo delle Abbadesse (VI) It\u00e1lia.<\/p>\n<p><strong>Local de tratamento dos dados<\/strong><br \/>Os tratamentos relacionados com os servi\u00e7os web deste site t\u00eam lugar na sede acima mencionada e s\u00e3o realizados apenas por pessoal encarregado do tratamento ou por eventuais respons\u00e1veis por opera\u00e7\u00f5es ocasionais de manuten\u00e7\u00e3o. Os dados pessoais fornecidos pelos utilizadores que enviam pedidos espec\u00edficos s\u00e3o utilizados apenas para executar o servi\u00e7o ou a presta\u00e7\u00e3o solicitada e s\u00e3o comunicados a terceiros apenas se tal for necess\u00e1rio para esse fim.<\/p>\n<p><strong>Tipos de dados tratados e finalidades<\/strong><\/p>\n<p><strong>Dados de navega\u00e7\u00e3o<\/strong><br \/>Os sistemas inform\u00e1ticos e os procedimentos de software utilizados para o funcionamento deste site adquirem, durante o seu funcionamento normal, alguns dados pessoais cuja transmiss\u00e3o est\u00e1 impl\u00edcita na utiliza\u00e7\u00e3o dos protocolos de comunica\u00e7\u00e3o da Internet. Trata-se de informa\u00e7\u00f5es que n\u00e3o s\u00e3o recolhidas para serem associadas a pessoas identificadas, mas que, pela sua pr\u00f3pria natureza, poderiam, atrav\u00e9s de processamento e associa\u00e7\u00e3o com dados detidos por terceiros, permitir a identifica\u00e7\u00e3o dos utilizadores.<br \/>Esses dados s\u00e3o utilizados apenas para obter informa\u00e7\u00f5es estat\u00edsticas an\u00f3nimas sobre a utiliza\u00e7\u00e3o do site e para verificar o seu correto funcionamento.<\/p>\n<p><strong>Dados fornecidos voluntariamente pelo utilizador<\/strong><br \/>O envio facultativo, expl\u00edcito e volunt\u00e1rio de correio eletr\u00f3nico para os endere\u00e7os indicados neste site implica a aquisi\u00e7\u00e3o subsequente do endere\u00e7o do remetente, necess\u00e1rio para responder \u00e0s solicita\u00e7\u00f5es, bem como quaisquer outros dados pessoais inclu\u00eddos na mensagem.<\/p>\n<p><strong>Cookies<\/strong><br \/>A utiliza\u00e7\u00e3o de cookies de sess\u00e3o \u00e9 estritamente funcional para otimizar a utiliza\u00e7\u00e3o do site e, portanto, tem como objetivo exclusivo garantir a melhor navega\u00e7\u00e3o no pr\u00f3prio site. Outros endere\u00e7os de Internet aos quais este site pode eventualmente \u00abligar-se\u00bb podem conter sistemas de rastreamento aos quais o propriet\u00e1rio do site \u00e9 alheio.<\/p>\n<p><strong>Facultatividade do fornecimento dos dados<\/strong><br \/>Al\u00e9m do especificado para os dados de navega\u00e7\u00e3o, o utilizador \u00e9 livre de fornecer os seus dados pessoais, caso tal seja solicitado em sec\u00e7\u00f5es espec\u00edficas do site. No entanto, o n\u00e3o fornecimento dos mesmos pode implicar a impossibilidade de obter o que for eventualmente solicitado.<\/p>\n<p><strong>Modalidades de tratamento<\/strong><br \/>Os dados pessoais s\u00e3o tratados com instrumentos automatizados durante o tempo estritamente necess\u00e1rio para atingir os fins para os quais foram recolhidos. Medidas de seguran\u00e7a espec\u00edficas, conforme previsto no artigo 32.\u00ba do Regulamento UE 2016\/679, s\u00e3o observadas para prevenir a perda de dados, usos il\u00edcitos ou incorretos e acessos n\u00e3o autorizados.<\/p>\n<p><strong>Direitos dos interessados<\/strong><br \/>Nos termos dos artigos 15.\u00ba, 16.\u00ba, 17.\u00ba e 18.\u00ba do Regulamento UE 2016\/679, os titulares dos dados pessoais t\u00eam o direito, a qualquer momento, de obter a confirma\u00e7\u00e3o da exist\u00eancia ou n\u00e3o desses dados, de conhecer o seu conte\u00fado e origem, verificar a sua exatid\u00e3o ou solicitar a sua integra\u00e7\u00e3o, atualiza\u00e7\u00e3o ou retifica\u00e7\u00e3o, solicitar o seu apagamento, transforma\u00e7\u00e3o em forma an\u00f3nima ou bloqueio dos dados tratados em viola\u00e7\u00e3o da lei, bem como opor-se, em qualquer caso, por motivos leg\u00edtimos, ao seu tratamento.<\/p>\n<p><strong>Contactos<\/strong><br \/>Para exercer qualquer um dos seus direitos, ou em caso de d\u00favidas ou reclama\u00e7\u00f5es adicionais sobre a nossa utiliza\u00e7\u00e3o dos Dados Pessoais e sobre a privacidade, os pedidos devem ser dirigidos a \u00abEvitalia\u00bb Via Riale, 3 &#8211; 36040 Grumolo delle Abbadesse (VI) It\u00e1lia.<\/p>\n<p>Al\u00e9m disso, tem o direito de apresentar uma reclama\u00e7\u00e3o \u00e0 autoridade de controlo, na It\u00e1lia institu\u00edda junto do Garante per la protezione dei dati personali (www.garanteprivacy.it).<\/p>\n\t\t\t\t\t\t\t\t<\/div>\n\t\t\t\t<\/div>\n\t\t\t\t\t<\/div>\n\t\t\t\t<\/div>\n\t\t\t\t<\/div>\n\t\t","protected":false},"excerpt":{"rendered":"<p>Evi Country A informa\u00e7\u00e3o \u00e9 prestada nos termos do artigo 13.\u00ba do Regulamento Geral Europeu sobre a Prote\u00e7\u00e3o de Dados (Regulamento UE 2016\/679).A informa\u00e7\u00e3o \u00e9 prestada apenas para o site www.evimotor.com da Evitalia e n\u00e3o para outros sites que possam ser consultados pelo utilizador atrav\u00e9s de links. Titular do tratamentoNos termos do Regulamento CE 2016\/679 [&hellip;]<\/p>\n","protected":false},"author":1,"featured_media":0,"parent":0,"menu_order":0,"comment_status":"closed","ping_status":"closed","template":"elementor_header_footer","meta":{"footnotes":""},"class_list":["post-1551","page","type-page","status-publish","hentry"],"yoast_head":"<!-- This site is optimized with the Yoast SEO plugin v27.2 - https:\/\/yoast.com\/product\/yoast-seo-wordpress\/ -->\n<title>Pol\u00edtica de Privacidade - Evimotor<\/title>\n<meta name=\"robots\" content=\"index, follow, max-snippet:-1, max-image-preview:large, max-video-preview:-1\" \/>\n<link rel=\"canonical\" href=\"https:\/\/evimotor.com\/pt-pt\/politica-de-privacidade\/\" \/>\n<meta property=\"og:locale\" content=\"pt_PT\" \/>\n<meta property=\"og:type\" content=\"article\" \/>\n<meta property=\"og:title\" content=\"Pol\u00edtica de Privacidade - Evimotor\" \/>\n<meta property=\"og:description\" content=\"Evi Country A informa\u00e7\u00e3o \u00e9 prestada nos termos do artigo 13.\u00ba do Regulamento Geral Europeu sobre a Prote\u00e7\u00e3o de Dados (Regulamento UE 2016\/679).A informa\u00e7\u00e3o \u00e9 prestada apenas para o site www.evimotor.com da Evitalia e n\u00e3o para outros sites que possam ser consultados pelo utilizador atrav\u00e9s de links. Titular do tratamentoNos termos do Regulamento CE 2016\/679 [&hellip;]\" \/>\n<meta property=\"og:url\" content=\"https:\/\/evimotor.com\/pt-pt\/politica-de-privacidade\/\" \/>\n<meta property=\"og:site_name\" content=\"Evimotor\" \/>\n<meta property=\"article:modified_time\" content=\"2025-09-24T08:19:29+00:00\" \/>\n<meta name=\"twitter:card\" content=\"summary_large_image\" \/>\n<meta name=\"twitter:label1\" content=\"Tempo estimado de leitura\" \/>\n\t<meta name=\"twitter:data1\" content=\"3 minutos\" \/>\n<script type=\"application\/ld+json\" class=\"yoast-schema-graph\">{\"@context\":\"https:\/\/schema.org\",\"@graph\":[{\"@type\":\"WebPage\",\"@id\":\"https:\/\/evimotor.com\/pt-pt\/politica-de-privacidade\/\",\"url\":\"https:\/\/evimotor.com\/pt-pt\/politica-de-privacidade\/\",\"name\":\"Pol\u00edtica de Privacidade - Evimotor\",\"isPartOf\":{\"@id\":\"https:\/\/evimotor.com\/pt-pt\/#website\"},\"datePublished\":\"2025-02-25T11:19:27+00:00\",\"dateModified\":\"2025-09-24T08:19:29+00:00\",\"breadcrumb\":{\"@id\":\"https:\/\/evimotor.com\/pt-pt\/politica-de-privacidade\/#breadcrumb\"},\"inLanguage\":\"pt-PT\",\"potentialAction\":[{\"@type\":\"ReadAction\",\"target\":[\"https:\/\/evimotor.com\/pt-pt\/politica-de-privacidade\/\"]}]},{\"@type\":\"BreadcrumbList\",\"@id\":\"https:\/\/evimotor.com\/pt-pt\/politica-de-privacidade\/#breadcrumb\",\"itemListElement\":[{\"@type\":\"ListItem\",\"position\":1,\"name\":\"Home\",\"item\":\"https:\/\/evimotor.com\/pt-pt\/\"},{\"@type\":\"ListItem\",\"position\":2,\"name\":\"Pol\u00edtica de Privacidade\"}]},{\"@type\":\"WebSite\",\"@id\":\"https:\/\/evimotor.com\/pt-pt\/#website\",\"url\":\"https:\/\/evimotor.com\/pt-pt\/\",\"name\":\"Evimotor\",\"description\":\"Electric Vehicles Italia\",\"publisher\":{\"@id\":\"https:\/\/evimotor.com\/pt-pt\/#organization\"},\"potentialAction\":[{\"@type\":\"SearchAction\",\"target\":{\"@type\":\"EntryPoint\",\"urlTemplate\":\"https:\/\/evimotor.com\/pt-pt\/?s={search_term_string}\"},\"query-input\":{\"@type\":\"PropertyValueSpecification\",\"valueRequired\":true,\"valueName\":\"search_term_string\"}}],\"inLanguage\":\"pt-PT\"},{\"@type\":\"Organization\",\"@id\":\"https:\/\/evimotor.com\/pt-pt\/#organization\",\"name\":\"Evimotor\",\"url\":\"https:\/\/evimotor.com\/pt-pt\/\",\"logo\":{\"@type\":\"ImageObject\",\"inLanguage\":\"pt-PT\",\"@id\":\"https:\/\/evimotor.com\/pt-pt\/#\/schema\/logo\/image\/\",\"url\":\"https:\/\/evimotor.com\/wp-content\/uploads\/2025\/02\/logo-evimotor.png\",\"contentUrl\":\"https:\/\/evimotor.com\/wp-content\/uploads\/2025\/02\/logo-evimotor.png\",\"width\":594,\"height\":110,\"caption\":\"Evimotor\"},\"image\":{\"@id\":\"https:\/\/evimotor.com\/pt-pt\/#\/schema\/logo\/image\/\"}}]}<\/script>\n<!-- \/ Yoast SEO plugin. -->","yoast_head_json":{"title":"Pol\u00edtica de Privacidade - Evimotor","robots":{"index":"index","follow":"follow","max-snippet":"max-snippet:-1","max-image-preview":"max-image-preview:large","max-video-preview":"max-video-preview:-1"},"canonical":"https:\/\/evimotor.com\/pt-pt\/politica-de-privacidade\/","og_locale":"pt_PT","og_type":"article","og_title":"Pol\u00edtica de Privacidade - Evimotor","og_description":"Evi Country A informa\u00e7\u00e3o \u00e9 prestada nos termos do artigo 13.\u00ba do Regulamento Geral Europeu sobre a Prote\u00e7\u00e3o de Dados (Regulamento UE 2016\/679).A informa\u00e7\u00e3o \u00e9 prestada apenas para o site www.evimotor.com da Evitalia e n\u00e3o para outros sites que possam ser consultados pelo utilizador atrav\u00e9s de links. Titular do tratamentoNos termos do Regulamento CE 2016\/679 [&hellip;]","og_url":"https:\/\/evimotor.com\/pt-pt\/politica-de-privacidade\/","og_site_name":"Evimotor","article_modified_time":"2025-09-24T08:19:29+00:00","twitter_card":"summary_large_image","twitter_misc":{"Tempo estimado de leitura":"3 minutos"},"schema":{"@context":"https:\/\/schema.org","@graph":[{"@type":"WebPage","@id":"https:\/\/evimotor.com\/pt-pt\/politica-de-privacidade\/","url":"https:\/\/evimotor.com\/pt-pt\/politica-de-privacidade\/","name":"Pol\u00edtica de Privacidade - Evimotor","isPartOf":{"@id":"https:\/\/evimotor.com\/pt-pt\/#website"},"datePublished":"2025-02-25T11:19:27+00:00","dateModified":"2025-09-24T08:19:29+00:00","breadcrumb":{"@id":"https:\/\/evimotor.com\/pt-pt\/politica-de-privacidade\/#breadcrumb"},"inLanguage":"pt-PT","potentialAction":[{"@type":"ReadAction","target":["https:\/\/evimotor.com\/pt-pt\/politica-de-privacidade\/"]}]},{"@type":"BreadcrumbList","@id":"https:\/\/evimotor.com\/pt-pt\/politica-de-privacidade\/#breadcrumb","itemListElement":[{"@type":"ListItem","position":1,"name":"Home","item":"https:\/\/evimotor.com\/pt-pt\/"},{"@type":"ListItem","position":2,"name":"Pol\u00edtica de Privacidade"}]},{"@type":"WebSite","@id":"https:\/\/evimotor.com\/pt-pt\/#website","url":"https:\/\/evimotor.com\/pt-pt\/","name":"Evimotor","description":"Electric Vehicles Italia","publisher":{"@id":"https:\/\/evimotor.com\/pt-pt\/#organization"},"potentialAction":[{"@type":"SearchAction","target":{"@type":"EntryPoint","urlTemplate":"https:\/\/evimotor.com\/pt-pt\/?s={search_term_string}"},"query-input":{"@type":"PropertyValueSpecification","valueRequired":true,"valueName":"search_term_string"}}],"inLanguage":"pt-PT"},{"@type":"Organization","@id":"https:\/\/evimotor.com\/pt-pt\/#organization","name":"Evimotor","url":"https:\/\/evimotor.com\/pt-pt\/","logo":{"@type":"ImageObject","inLanguage":"pt-PT","@id":"https:\/\/evimotor.com\/pt-pt\/#\/schema\/logo\/image\/","url":"https:\/\/evimotor.com\/wp-content\/uploads\/2025\/02\/logo-evimotor.png","contentUrl":"https:\/\/evimotor.com\/wp-content\/uploads\/2025\/02\/logo-evimotor.png","width":594,"height":110,"caption":"Evimotor"},"image":{"@id":"https:\/\/evimotor.com\/pt-pt\/#\/schema\/logo\/image\/"}}]}},"_links":{"self":[{"href":"https:\/\/evimotor.com\/pt-pt\/wp-json\/wp\/v2\/pages\/1551","targetHints":{"allow":["GET"]}}],"collection":[{"href":"https:\/\/evimotor.com\/pt-pt\/wp-json\/wp\/v2\/pages"}],"about":[{"href":"https:\/\/evimotor.com\/pt-pt\/wp-json\/wp\/v2\/types\/page"}],"author":[{"embeddable":true,"href":"https:\/\/evimotor.com\/pt-pt\/wp-json\/wp\/v2\/users\/1"}],"replies":[{"embeddable":true,"href":"https:\/\/evimotor.com\/pt-pt\/wp-json\/wp\/v2\/comments?post=1551"}],"version-history":[{"count":1,"href":"https:\/\/evimotor.com\/pt-pt\/wp-json\/wp\/v2\/pages\/1551\/revisions"}],"predecessor-version":[{"id":1552,"href":"https:\/\/evimotor.com\/pt-pt\/wp-json\/wp\/v2\/pages\/1551\/revisions\/1552"}],"wp:attachment":[{"href":"https:\/\/evimotor.com\/pt-pt\/wp-json\/wp\/v2\/media?parent=1551"}],"curies":[{"name":"wp","href":"https:\/\/api.w.org\/{rel}","templated":true}]}}