{"id":1562,"date":"2025-03-06T13:58:41","date_gmt":"2025-03-06T12:58:41","guid":{"rendered":"https:\/\/evimotor.com\/aplicacoes\/"},"modified":"2026-03-19T11:12:07","modified_gmt":"2026-03-19T10:12:07","slug":"aplicacoes","status":"publish","type":"page","link":"https:\/\/evimotor.com\/pt-pt\/aplicacoes\/","title":{"rendered":"Aplica\u00e7\u00f5es"},"content":{"rendered":"\t\t<div data-elementor-type=\"wp-page\" data-elementor-id=\"1562\" class=\"elementor elementor-1562 elementor-394\" data-elementor-post-type=\"page\">\n\t\t\t\t<div class=\"elementor-element elementor-element-9dc076b e-flex e-con-boxed e-con e-parent\" data-id=\"9dc076b\" data-element_type=\"container\" data-e-type=\"container\" data-settings=\"{&quot;background_background&quot;:&quot;classic&quot;}\">\n\t\t\t\t\t<div class=\"e-con-inner\">\n\t\t\t\t<div class=\"elementor-element elementor-element-32cc97c elementor-widget elementor-widget-spacer\" data-id=\"32cc97c\" data-element_type=\"widget\" data-e-type=\"widget\" data-widget_type=\"spacer.default\">\n\t\t\t\t<div class=\"elementor-widget-container\">\n\t\t\t\t\t\t\t<div class=\"elementor-spacer\">\n\t\t\t<div class=\"elementor-spacer-inner\"><\/div>\n\t\t<\/div>\n\t\t\t\t\t\t<\/div>\n\t\t\t\t<\/div>\n\t\t\t\t\t<\/div>\n\t\t\t\t<\/div>\n\t\t<div class=\"elementor-element elementor-element-00a6fc6 e-flex e-con-boxed e-con e-parent\" data-id=\"00a6fc6\" data-element_type=\"container\" data-e-type=\"container\">\n\t\t\t\t\t<div class=\"e-con-inner\">\n\t\t<div class=\"elementor-element elementor-element-b27523b e-con-full e-flex elementor-invisible e-con e-child\" data-id=\"b27523b\" data-element_type=\"container\" data-e-type=\"container\" data-settings=\"{&quot;background_background&quot;:&quot;classic&quot;,&quot;animation&quot;:&quot;fadeIn&quot;,&quot;animation_delay&quot;:400}\">\n\t\t\t\t<div class=\"elementor-element elementor-element-6479820 elementor-invisible elementor-widget elementor-widget-text-editor\" data-id=\"6479820\" data-element_type=\"widget\" data-e-type=\"widget\" data-settings=\"{&quot;_animation&quot;:&quot;fadeIn&quot;,&quot;_animation_delay&quot;:400}\" data-widget_type=\"text-editor.default\">\n\t\t\t\t<div class=\"elementor-widget-container\">\n\t\t\t\t\t\t\t\t\t<p>A solu\u00e7\u00e3o para cada tipo de trabalho e cada estilo de condu\u00e7\u00e3o.<\/p>\n\t\t\t\t\t\t\t\t<\/div>\n\t\t\t\t<\/div>\n\t\t\t\t<div class=\"elementor-element elementor-element-91b1012 elementor-widget elementor-widget-text-editor\" data-id=\"91b1012\" data-element_type=\"widget\" data-e-type=\"widget\" data-widget_type=\"text-editor.default\">\n\t\t\t\t<div class=\"elementor-widget-container\">\n\t\t\t\t\t\t\t\t\t<p>Os ve\u00edculos Evitalia <b>100% el\u00e9tricos<\/b>, al\u00e9m de n\u00e3o causarem impacto ambiental, s\u00e3o <b>vers\u00e1teis<\/b> e <b>silenciosos<\/b> quando em movimento.<\/p>\n<p>Gra\u00e7as \u00e0 tra\u00e7\u00e3o 4WD, funcionam em qualquer superf\u00edcie, com baixa ader\u00eancia, como terra batida, lama, neve, gelo, bem como em estradas asfaltadas.<\/p>\n<p>Os <b>in\u00fameros acess\u00f3rios<\/b> permitem realizar diversas atividades sem a necessidade de possuir v\u00e1rios ve\u00edculos.<\/p>\n\t\t\t\t\t\t\t\t<\/div>\n\t\t\t\t<\/div>\n\t\t\t\t<\/div>\n\t\t\t\t\t<\/div>\n\t\t\t\t<\/div>\n\t\t<div class=\"elementor-element elementor-element-3217bc6 e-flex e-con-boxed e-con e-parent\" data-id=\"3217bc6\" data-element_type=\"container\" data-e-type=\"container\" data-settings=\"{&quot;background_background&quot;:&quot;gradient&quot;}\">\n\t\t\t\t\t<div class=\"e-con-inner\">\n\t\t<div class=\"elementor-element elementor-element-1f723c1 e-grid e-con-full e-con e-child\" data-id=\"1f723c1\" data-element_type=\"container\" data-e-type=\"container\">\n\t\t<div class=\"elementor-element elementor-element-c241182 e-con-full e-flex elementor-invisible e-con e-child\" data-id=\"c241182\" data-element_type=\"container\" data-e-type=\"container\" data-settings=\"{&quot;background_background&quot;:&quot;classic&quot;,&quot;animation&quot;:&quot;fadeIn&quot;,&quot;animation_delay&quot;:400}\">\n\t\t\t\t<div class=\"elementor-element elementor-element-e137050 elementor-widget elementor-widget-image\" data-id=\"e137050\" data-element_type=\"widget\" data-e-type=\"widget\" data-widget_type=\"image.default\">\n\t\t\t\t<div class=\"elementor-widget-container\">\n\t\t\t\t\t\t\t\t\t\t\t\t\t\t\t<img fetchpriority=\"high\" decoding=\"async\" width=\"800\" height=\"534\" src=\"https:\/\/evimotor.com\/wp-content\/uploads\/2025\/03\/applicazioni-Municipalizzate-1024x683.jpg\" class=\"attachment-large size-large wp-image-1565\" alt=\"\" srcset=\"https:\/\/evimotor.com\/wp-content\/uploads\/2025\/03\/applicazioni-Municipalizzate-1024x683.jpg 1024w, https:\/\/evimotor.com\/wp-content\/uploads\/2025\/03\/applicazioni-Municipalizzate-300x200.jpg 300w, https:\/\/evimotor.com\/wp-content\/uploads\/2025\/03\/applicazioni-Municipalizzate-768x512.jpg 768w, https:\/\/evimotor.com\/wp-content\/uploads\/2025\/03\/applicazioni-Municipalizzate-1536x1024.jpg 1536w, https:\/\/evimotor.com\/wp-content\/uploads\/2025\/03\/applicazioni-Municipalizzate.jpg 1840w\" sizes=\"(max-width: 800px) 100vw, 800px\" \/>\t\t\t\t\t\t\t\t\t\t\t\t\t\t\t<\/div>\n\t\t\t\t<\/div>\n\t\t<div class=\"elementor-element elementor-element-b4105d4 e-con-full e-flex e-con e-child\" data-id=\"b4105d4\" data-element_type=\"container\" data-e-type=\"container\">\n\t\t\t\t<div class=\"elementor-element elementor-element-916501f elementor-widget elementor-widget-heading\" data-id=\"916501f\" data-element_type=\"widget\" data-e-type=\"widget\" data-widget_type=\"heading.default\">\n\t\t\t\t<div class=\"elementor-widget-container\">\n\t\t\t\t\t<h3 class=\"elementor-heading-title elementor-size-default\">Empresas municipais<\/h3>\t\t\t\t<\/div>\n\t\t\t\t<\/div>\n\t\t\t\t<div class=\"elementor-element elementor-element-ed12b7c elementor-widget elementor-widget-text-editor\" data-id=\"ed12b7c\" data-element_type=\"widget\" data-e-type=\"widget\" data-widget_type=\"text-editor.default\">\n\t\t\t\t<div class=\"elementor-widget-container\">\n\t\t\t\t\t\t\t\t\t<p>Os ve\u00edculos el\u00e9tricos Evitalia s\u00e3o a ferramenta ideal para realizar todos os trabalhos das empresas municipais respons\u00e1veis pelos servi\u00e7os p\u00fablicos. <b>Cuidados com a vegeta\u00e7\u00e3o, recolha de lixo e manuten\u00e7\u00e3o geral <\/b>s\u00e3o apenas alguns dos trabalhos em que os nossos ve\u00edculos de transporte el\u00e9tricos s\u00e3o eficazes.<\/p>\n<p>Para melhorar e tornar muito mais eficientes as frotas de ve\u00edculos de trabalho das empresas municipais, a Evitalia oferece os seus ve\u00edculos el\u00e9tricos equipados com uma vasta gama de acess\u00f3rios.<\/p>\n<p>Os ve\u00edculos el\u00e9tricos Evitalia tamb\u00e9m s\u00e3o ideais para atividades de remo\u00e7\u00e3o de neve.<\/p>\n<p>Quer se trate de limpar as ruas de um centro urbano ou desobstruir o acesso a hot\u00e9is, locais p\u00fablicos e resorts em geral, o EviCountry \u00e9 o ve\u00edculo ideal.<\/p>\n<p>Equipados com tra\u00e7\u00e3o \u00e0s quatro rodas impulsionada por dois motores el\u00e9tricos de alta pot\u00eancia, os nossos ve\u00edculos permitem-lhe remover a neve em qualquer condi\u00e7\u00e3o atmosf\u00e9rica.<\/p>\n\t\t\t\t\t\t\t\t<\/div>\n\t\t\t\t<\/div>\n\t\t\t\t<\/div>\n\t\t\t\t<\/div>\n\t\t<div class=\"elementor-element elementor-element-e40657a e-con-full e-flex elementor-invisible e-con e-child\" data-id=\"e40657a\" data-element_type=\"container\" data-e-type=\"container\" data-settings=\"{&quot;background_background&quot;:&quot;classic&quot;,&quot;animation&quot;:&quot;fadeIn&quot;,&quot;animation_delay&quot;:400}\">\n\t\t\t\t<div class=\"elementor-element elementor-element-03bf53f elementor-widget elementor-widget-image\" data-id=\"03bf53f\" data-element_type=\"widget\" data-e-type=\"widget\" data-widget_type=\"image.default\">\n\t\t\t\t<div class=\"elementor-widget-container\">\n\t\t\t\t\t\t\t\t\t\t\t\t\t\t\t<img decoding=\"async\" width=\"800\" height=\"534\" src=\"https:\/\/evimotor.com\/wp-content\/uploads\/2025\/03\/applicazioni-Agricoltura-1024x683.jpg\" class=\"attachment-large size-large wp-image-1564\" alt=\"\" srcset=\"https:\/\/evimotor.com\/wp-content\/uploads\/2025\/03\/applicazioni-Agricoltura-1024x683.jpg 1024w, https:\/\/evimotor.com\/wp-content\/uploads\/2025\/03\/applicazioni-Agricoltura-300x200.jpg 300w, https:\/\/evimotor.com\/wp-content\/uploads\/2025\/03\/applicazioni-Agricoltura-768x512.jpg 768w, https:\/\/evimotor.com\/wp-content\/uploads\/2025\/03\/applicazioni-Agricoltura-1536x1024.jpg 1536w, https:\/\/evimotor.com\/wp-content\/uploads\/2025\/03\/applicazioni-Agricoltura.jpg 1840w\" sizes=\"(max-width: 800px) 100vw, 800px\" \/>\t\t\t\t\t\t\t\t\t\t\t\t\t\t\t<\/div>\n\t\t\t\t<\/div>\n\t\t<div class=\"elementor-element elementor-element-efff621 e-con-full e-flex e-con e-child\" data-id=\"efff621\" data-element_type=\"container\" data-e-type=\"container\">\n\t\t\t\t<div class=\"elementor-element elementor-element-8ba8d8d elementor-widget elementor-widget-heading\" data-id=\"8ba8d8d\" data-element_type=\"widget\" data-e-type=\"widget\" data-widget_type=\"heading.default\">\n\t\t\t\t<div class=\"elementor-widget-container\">\n\t\t\t\t\t<h3 class=\"elementor-heading-title elementor-size-default\">Agricultura<\/h3>\t\t\t\t<\/div>\n\t\t\t\t<\/div>\n\t\t\t\t<div class=\"elementor-element elementor-element-0d59690 elementor-widget elementor-widget-text-editor\" data-id=\"0d59690\" data-element_type=\"widget\" data-e-type=\"widget\" data-widget_type=\"text-editor.default\">\n\t\t\t\t<div class=\"elementor-widget-container\">\n\t\t\t\t\t\t\t\t\t<p>Os ve\u00edculos el\u00e9tricos Evitalia s\u00e3o o meio ideal para a realiza\u00e7\u00e3o de in\u00fameras <b>atividades na agricultura, silvicultura<\/b> e muito mais.<\/p>\n<p>A tra\u00e7\u00e3o nas 4 rodas, a aus\u00eancia total de emiss\u00f5es poluentes e nenhum ru\u00eddo gerado pelo ve\u00edculo permitem a sua utiliza\u00e7\u00e3o tanto ao ar livre (em estrada e fora de estrada) como em ambientes fechados.<\/p>\n<p>A capacidade de superar inclina\u00e7\u00f5es de 35% e uma carga que pode chegar a 1.000 kg permitem a sua utiliza\u00e7\u00e3o tamb\u00e9m em colinas e montanhas.<\/p>\n<p>Os ve\u00edculos el\u00e9tricos multifuncionais Evitalia s\u00e3o uma solu\u00e7\u00e3o ideal para trabalhos em <b>ambientes inacess\u00edveis e dif\u00edceis de alcan\u00e7ar<\/b>. S\u00e3o silenciosos, n\u00e3o emitem poluentes e t\u00eam autonomia suficiente para realizar atividades de longa dura\u00e7\u00e3o.<\/p>\n<p>No setor florestal, os ve\u00edculos el\u00e9tricos multifuncionais podem ser utilizados para: <b>Transporte de materiais e equipamentos, Monitoriza\u00e7\u00e3o e controlo da \u00e1rea, Interven\u00e7\u00f5es de emerg\u00eancia, Manuten\u00e7\u00e3o e limpeza.<\/b><\/p>\n\t\t\t\t\t\t\t\t<\/div>\n\t\t\t\t<\/div>\n\t\t\t\t<\/div>\n\t\t\t\t<\/div>\n\t\t\t\t<\/div>\n\t\t<div class=\"elementor-element elementor-element-682c1e0 e-grid e-con-full e-con e-child\" data-id=\"682c1e0\" data-element_type=\"container\" data-e-type=\"container\">\n\t\t<div class=\"elementor-element elementor-element-20449d3 e-con-full e-flex elementor-invisible e-con e-child\" data-id=\"20449d3\" data-element_type=\"container\" data-e-type=\"container\" data-settings=\"{&quot;background_background&quot;:&quot;classic&quot;,&quot;animation&quot;:&quot;fadeIn&quot;,&quot;animation_delay&quot;:400}\">\n\t\t\t\t<div class=\"elementor-element elementor-element-b1bfb3f elementor-widget elementor-widget-image\" data-id=\"b1bfb3f\" data-element_type=\"widget\" data-e-type=\"widget\" data-widget_type=\"image.default\">\n\t\t\t\t<div class=\"elementor-widget-container\">\n\t\t\t\t\t\t\t\t\t\t\t\t\t\t\t<img decoding=\"async\" width=\"800\" height=\"534\" src=\"https:\/\/evimotor.com\/wp-content\/uploads\/2025\/05\/Industries2-1-1024x683.jpg\" class=\"attachment-large size-large wp-image-1568\" alt=\"\" srcset=\"https:\/\/evimotor.com\/wp-content\/uploads\/2025\/05\/Industries2-1-1024x683.jpg 1024w, https:\/\/evimotor.com\/wp-content\/uploads\/2025\/05\/Industries2-1-300x200.jpg 300w, https:\/\/evimotor.com\/wp-content\/uploads\/2025\/05\/Industries2-1-768x512.jpg 768w, https:\/\/evimotor.com\/wp-content\/uploads\/2025\/05\/Industries2-1.jpg 1200w\" sizes=\"(max-width: 800px) 100vw, 800px\" \/>\t\t\t\t\t\t\t\t\t\t\t\t\t\t\t<\/div>\n\t\t\t\t<\/div>\n\t\t<div class=\"elementor-element elementor-element-f47c41f e-con-full e-flex e-con e-child\" data-id=\"f47c41f\" data-element_type=\"container\" data-e-type=\"container\">\n\t\t\t\t<div class=\"elementor-element elementor-element-d3f6d28 elementor-widget elementor-widget-heading\" data-id=\"d3f6d28\" data-element_type=\"widget\" data-e-type=\"widget\" data-widget_type=\"heading.default\">\n\t\t\t\t<div class=\"elementor-widget-container\">\n\t\t\t\t\t<h3 class=\"elementor-heading-title elementor-size-default\">Residencial<\/h3>\t\t\t\t<\/div>\n\t\t\t\t<\/div>\n\t\t\t\t<div class=\"elementor-element elementor-element-4872084 elementor-widget elementor-widget-text-editor\" data-id=\"4872084\" data-element_type=\"widget\" data-e-type=\"widget\" data-widget_type=\"text-editor.default\">\n\t\t\t\t<div class=\"elementor-widget-container\">\n\t\t\t\t\t\t\t\t\t<p>A manuten\u00e7\u00e3o de \u00e1reas verdes, a limpeza das avenidas de uma zona residencial ou de um resort, a <b>manuten\u00e7\u00e3o de parques de campismo ou de centros desportivos<\/b> s\u00e3o tarefas realizadas com maior facilidade se o ve\u00edculo utilizado for um ve\u00edculo Evitalia.<\/p>\n<p>Os nossos ve\u00edculos, homologados para circula\u00e7\u00e3o rodovi\u00e1ria, s\u00e3o equipados com tra\u00e7\u00e3o \u00e0s quatro rodas e capazes de operar em qualquer tipo de terreno. Da estrada ao campo de golfe. No meio da floresta, na lama ou na neve.<\/p>\n<p>Nada impede os nossos ve\u00edculos e o conforto que garantem \u00e9 o mais elevado do mercado.<\/p>\n<p>A manuten\u00e7\u00e3o de resorts, hot\u00e9is e locais de f\u00e9rias requer a utiliza\u00e7\u00e3o de ve\u00edculos silenciosos e com impacto zero no ambiente.<\/p>\n<p>Muitas \u00e1reas residenciais ou tur\u00edsticas est\u00e3o localizadas em terrenos montanhosos e os ve\u00edculos Evitalia, gra\u00e7as \u00e0 tra\u00e7\u00e3o 4WD, s\u00e3o capazes de percorrer qualquer caminho, seja em estrada ou fora de estrada.<\/p>\n\t\t\t\t\t\t\t\t<\/div>\n\t\t\t\t<\/div>\n\t\t\t\t<\/div>\n\t\t\t\t<\/div>\n\t\t<div class=\"elementor-element elementor-element-cd37a7d e-con-full e-flex elementor-invisible e-con e-child\" data-id=\"cd37a7d\" data-element_type=\"container\" data-e-type=\"container\" data-settings=\"{&quot;background_background&quot;:&quot;classic&quot;,&quot;animation&quot;:&quot;fadeIn&quot;,&quot;animation_delay&quot;:400}\">\n\t\t\t\t<div class=\"elementor-element elementor-element-c47d288 elementor-widget elementor-widget-image\" data-id=\"c47d288\" data-element_type=\"widget\" data-e-type=\"widget\" data-widget_type=\"image.default\">\n\t\t\t\t<div class=\"elementor-widget-container\">\n\t\t\t\t\t\t\t\t\t\t\t\t\t\t\t<img loading=\"lazy\" decoding=\"async\" width=\"700\" height=\"467\" src=\"https:\/\/evimotor.com\/wp-content\/uploads\/2025\/05\/Golf-Course-ping-lee-unsplash-700x525-1.jpg\" class=\"attachment-large size-large wp-image-1567\" alt=\"\" srcset=\"https:\/\/evimotor.com\/wp-content\/uploads\/2025\/05\/Golf-Course-ping-lee-unsplash-700x525-1.jpg 700w, https:\/\/evimotor.com\/wp-content\/uploads\/2025\/05\/Golf-Course-ping-lee-unsplash-700x525-1-300x200.jpg 300w\" sizes=\"(max-width: 700px) 100vw, 700px\" \/>\t\t\t\t\t\t\t\t\t\t\t\t\t\t\t<\/div>\n\t\t\t\t<\/div>\n\t\t<div class=\"elementor-element elementor-element-71ef3a7 e-con-full e-flex e-con e-child\" data-id=\"71ef3a7\" data-element_type=\"container\" data-e-type=\"container\">\n\t\t\t\t<div class=\"elementor-element elementor-element-5c745ca elementor-widget elementor-widget-heading\" data-id=\"5c745ca\" data-element_type=\"widget\" data-e-type=\"widget\" data-widget_type=\"heading.default\">\n\t\t\t\t<div class=\"elementor-widget-container\">\n\t\t\t\t\t<h3 class=\"elementor-heading-title elementor-size-default\">Resort<\/h3>\t\t\t\t<\/div>\n\t\t\t\t<\/div>\n\t\t\t\t<div class=\"elementor-element elementor-element-4b81afa elementor-widget elementor-widget-text-editor\" data-id=\"4b81afa\" data-element_type=\"widget\" data-e-type=\"widget\" data-widget_type=\"text-editor.default\">\n\t\t\t\t<div class=\"elementor-widget-container\">\n\t\t\t\t\t\t\t\t\t<p>Atualmente, a manuten\u00e7\u00e3o de espa\u00e7os verdes requer m\u00e1quinas que <b>n\u00e3o causem impacto ambiental<\/b> e, se poss\u00edvel, <b>n\u00e3o perturbem a tranquilidade<\/b>.<\/p>\n<p>A suavidade de alguns terrenos (por exemplo, campos de golfe) e a instabilidade de outros (por exemplo, colinas lamacentas ou estradas com neve) exigem que os ve\u00edculos sejam capazes de se mover sem danificar ou agredir o terreno em que se movem.<\/p>\n<p>O EviCountry pode viajar facilmente em qualquer tipo de terreno.<\/p>\n\t\t\t\t\t\t\t\t<\/div>\n\t\t\t\t<\/div>\n\t\t\t\t<\/div>\n\t\t\t\t<\/div>\n\t\t\t\t<\/div>\n\t\t\t\t\t<\/div>\n\t\t\t\t<\/div>\n\t\t\t\t<\/div>\n\t\t","protected":false},"excerpt":{"rendered":"<p>A solu\u00e7\u00e3o para cada tipo de trabalho e cada estilo de condu\u00e7\u00e3o. Os ve\u00edculos Evitalia 100% el\u00e9tricos, al\u00e9m de n\u00e3o causarem impacto ambiental, s\u00e3o vers\u00e1teis e silenciosos quando em movimento. Gra\u00e7as \u00e0 tra\u00e7\u00e3o 4WD, funcionam em qualquer superf\u00edcie, com baixa ader\u00eancia, como terra batida, lama, neve, gelo, bem como em estradas asfaltadas. Os in\u00fameros acess\u00f3rios [&hellip;]<\/p>\n","protected":false},"author":1,"featured_media":0,"parent":0,"menu_order":0,"comment_status":"closed","ping_status":"closed","template":"elementor_header_footer","meta":{"footnotes":""},"class_list":["post-1562","page","type-page","status-publish","hentry"],"yoast_head":"<!-- This site is optimized with the Yoast SEO plugin v27.2 - https:\/\/yoast.com\/product\/yoast-seo-wordpress\/ -->\n<title>Aplica\u00e7\u00f5es e Usos de Ve\u00edculos El\u00e9tricos Industriais | Evimotor<\/title>\n<meta name=\"description\" content=\"Solu\u00e7\u00f5es Evimotor: recolha de res\u00edduos, log\u00edstica urbana, manuten\u00e7\u00e3o municipal e ind\u00fastria. Efici\u00eancia 100% el\u00e9trica para cidades inteligentes.\" \/>\n<meta name=\"robots\" content=\"index, follow, max-snippet:-1, max-image-preview:large, max-video-preview:-1\" \/>\n<link rel=\"canonical\" href=\"https:\/\/evimotor.com\/pt-pt\/aplicacoes\/\" \/>\n<meta property=\"og:locale\" content=\"pt_PT\" \/>\n<meta property=\"og:type\" content=\"article\" \/>\n<meta property=\"og:title\" content=\"Aplica\u00e7\u00f5es e Usos de Ve\u00edculos El\u00e9tricos Industriais | Evimotor\" \/>\n<meta property=\"og:description\" content=\"Solu\u00e7\u00f5es Evimotor: recolha de res\u00edduos, log\u00edstica urbana, manuten\u00e7\u00e3o municipal e ind\u00fastria. Efici\u00eancia 100% el\u00e9trica para cidades inteligentes.\" \/>\n<meta property=\"og:url\" content=\"https:\/\/evimotor.com\/pt-pt\/aplicacoes\/\" \/>\n<meta property=\"og:site_name\" content=\"Evimotor\" \/>\n<meta property=\"article:modified_time\" content=\"2026-03-19T10:12:07+00:00\" \/>\n<meta property=\"og:image\" content=\"https:\/\/evimotor.com\/wp-content\/uploads\/2025\/03\/applicazioni-Municipalizzate.jpg\" \/>\n\t<meta property=\"og:image:width\" content=\"1840\" \/>\n\t<meta property=\"og:image:height\" content=\"1227\" \/>\n\t<meta property=\"og:image:type\" content=\"image\/jpeg\" \/>\n<meta name=\"twitter:card\" content=\"summary_large_image\" \/>\n<meta name=\"twitter:label1\" content=\"Tempo estimado de leitura\" \/>\n\t<meta name=\"twitter:data1\" content=\"3 minutos\" \/>\n<script type=\"application\/ld+json\" class=\"yoast-schema-graph\">{\"@context\":\"https:\/\/schema.org\",\"@graph\":[{\"@type\":\"WebPage\",\"@id\":\"https:\/\/evimotor.com\/pt-pt\/aplicacoes\/\",\"url\":\"https:\/\/evimotor.com\/pt-pt\/aplicacoes\/\",\"name\":\"Aplica\u00e7\u00f5es e Usos de Ve\u00edculos El\u00e9tricos Industriais | Evimotor\",\"isPartOf\":{\"@id\":\"https:\/\/evimotor.com\/pt-pt\/#website\"},\"primaryImageOfPage\":{\"@id\":\"https:\/\/evimotor.com\/pt-pt\/aplicacoes\/#primaryimage\"},\"image\":{\"@id\":\"https:\/\/evimotor.com\/pt-pt\/aplicacoes\/#primaryimage\"},\"thumbnailUrl\":\"https:\/\/evimotor.com\/wp-content\/uploads\/2025\/03\/applicazioni-Municipalizzate-1024x683.jpg\",\"datePublished\":\"2025-03-06T12:58:41+00:00\",\"dateModified\":\"2026-03-19T10:12:07+00:00\",\"description\":\"Solu\u00e7\u00f5es Evimotor: recolha de res\u00edduos, log\u00edstica urbana, manuten\u00e7\u00e3o municipal e ind\u00fastria. Efici\u00eancia 100% el\u00e9trica para cidades inteligentes.\",\"breadcrumb\":{\"@id\":\"https:\/\/evimotor.com\/pt-pt\/aplicacoes\/#breadcrumb\"},\"inLanguage\":\"pt-PT\",\"potentialAction\":[{\"@type\":\"ReadAction\",\"target\":[\"https:\/\/evimotor.com\/pt-pt\/aplicacoes\/\"]}]},{\"@type\":\"ImageObject\",\"inLanguage\":\"pt-PT\",\"@id\":\"https:\/\/evimotor.com\/pt-pt\/aplicacoes\/#primaryimage\",\"url\":\"https:\/\/evimotor.com\/wp-content\/uploads\/2025\/03\/applicazioni-Municipalizzate-1024x683.jpg\",\"contentUrl\":\"https:\/\/evimotor.com\/wp-content\/uploads\/2025\/03\/applicazioni-Municipalizzate-1024x683.jpg\"},{\"@type\":\"BreadcrumbList\",\"@id\":\"https:\/\/evimotor.com\/pt-pt\/aplicacoes\/#breadcrumb\",\"itemListElement\":[{\"@type\":\"ListItem\",\"position\":1,\"name\":\"Home\",\"item\":\"https:\/\/evimotor.com\/pt-pt\/\"},{\"@type\":\"ListItem\",\"position\":2,\"name\":\"Aplica\u00e7\u00f5es\"}]},{\"@type\":\"WebSite\",\"@id\":\"https:\/\/evimotor.com\/pt-pt\/#website\",\"url\":\"https:\/\/evimotor.com\/pt-pt\/\",\"name\":\"Evimotor\",\"description\":\"Electric Vehicles Italia\",\"publisher\":{\"@id\":\"https:\/\/evimotor.com\/pt-pt\/#organization\"},\"potentialAction\":[{\"@type\":\"SearchAction\",\"target\":{\"@type\":\"EntryPoint\",\"urlTemplate\":\"https:\/\/evimotor.com\/pt-pt\/?s={search_term_string}\"},\"query-input\":{\"@type\":\"PropertyValueSpecification\",\"valueRequired\":true,\"valueName\":\"search_term_string\"}}],\"inLanguage\":\"pt-PT\"},{\"@type\":\"Organization\",\"@id\":\"https:\/\/evimotor.com\/pt-pt\/#organization\",\"name\":\"Evimotor\",\"url\":\"https:\/\/evimotor.com\/pt-pt\/\",\"logo\":{\"@type\":\"ImageObject\",\"inLanguage\":\"pt-PT\",\"@id\":\"https:\/\/evimotor.com\/pt-pt\/#\/schema\/logo\/image\/\",\"url\":\"https:\/\/evimotor.com\/wp-content\/uploads\/2025\/02\/logo-evimotor.png\",\"contentUrl\":\"https:\/\/evimotor.com\/wp-content\/uploads\/2025\/02\/logo-evimotor.png\",\"width\":594,\"height\":110,\"caption\":\"Evimotor\"},\"image\":{\"@id\":\"https:\/\/evimotor.com\/pt-pt\/#\/schema\/logo\/image\/\"}}]}<\/script>\n<!-- \/ Yoast SEO plugin. -->","yoast_head_json":{"title":"Aplica\u00e7\u00f5es e Usos de Ve\u00edculos El\u00e9tricos Industriais | Evimotor","description":"Solu\u00e7\u00f5es Evimotor: recolha de res\u00edduos, log\u00edstica urbana, manuten\u00e7\u00e3o municipal e ind\u00fastria. Efici\u00eancia 100% el\u00e9trica para cidades inteligentes.","robots":{"index":"index","follow":"follow","max-snippet":"max-snippet:-1","max-image-preview":"max-image-preview:large","max-video-preview":"max-video-preview:-1"},"canonical":"https:\/\/evimotor.com\/pt-pt\/aplicacoes\/","og_locale":"pt_PT","og_type":"article","og_title":"Aplica\u00e7\u00f5es e Usos de Ve\u00edculos El\u00e9tricos Industriais | Evimotor","og_description":"Solu\u00e7\u00f5es Evimotor: recolha de res\u00edduos, log\u00edstica urbana, manuten\u00e7\u00e3o municipal e ind\u00fastria. Efici\u00eancia 100% el\u00e9trica para cidades inteligentes.","og_url":"https:\/\/evimotor.com\/pt-pt\/aplicacoes\/","og_site_name":"Evimotor","article_modified_time":"2026-03-19T10:12:07+00:00","og_image":[{"width":1840,"height":1227,"url":"https:\/\/evimotor.com\/wp-content\/uploads\/2025\/03\/applicazioni-Municipalizzate.jpg","type":"image\/jpeg"}],"twitter_card":"summary_large_image","twitter_misc":{"Tempo estimado de leitura":"3 minutos"},"schema":{"@context":"https:\/\/schema.org","@graph":[{"@type":"WebPage","@id":"https:\/\/evimotor.com\/pt-pt\/aplicacoes\/","url":"https:\/\/evimotor.com\/pt-pt\/aplicacoes\/","name":"Aplica\u00e7\u00f5es e Usos de Ve\u00edculos El\u00e9tricos Industriais | Evimotor","isPartOf":{"@id":"https:\/\/evimotor.com\/pt-pt\/#website"},"primaryImageOfPage":{"@id":"https:\/\/evimotor.com\/pt-pt\/aplicacoes\/#primaryimage"},"image":{"@id":"https:\/\/evimotor.com\/pt-pt\/aplicacoes\/#primaryimage"},"thumbnailUrl":"https:\/\/evimotor.com\/wp-content\/uploads\/2025\/03\/applicazioni-Municipalizzate-1024x683.jpg","datePublished":"2025-03-06T12:58:41+00:00","dateModified":"2026-03-19T10:12:07+00:00","description":"Solu\u00e7\u00f5es Evimotor: recolha de res\u00edduos, log\u00edstica urbana, manuten\u00e7\u00e3o municipal e ind\u00fastria. Efici\u00eancia 100% el\u00e9trica para cidades inteligentes.","breadcrumb":{"@id":"https:\/\/evimotor.com\/pt-pt\/aplicacoes\/#breadcrumb"},"inLanguage":"pt-PT","potentialAction":[{"@type":"ReadAction","target":["https:\/\/evimotor.com\/pt-pt\/aplicacoes\/"]}]},{"@type":"ImageObject","inLanguage":"pt-PT","@id":"https:\/\/evimotor.com\/pt-pt\/aplicacoes\/#primaryimage","url":"https:\/\/evimotor.com\/wp-content\/uploads\/2025\/03\/applicazioni-Municipalizzate-1024x683.jpg","contentUrl":"https:\/\/evimotor.com\/wp-content\/uploads\/2025\/03\/applicazioni-Municipalizzate-1024x683.jpg"},{"@type":"BreadcrumbList","@id":"https:\/\/evimotor.com\/pt-pt\/aplicacoes\/#breadcrumb","itemListElement":[{"@type":"ListItem","position":1,"name":"Home","item":"https:\/\/evimotor.com\/pt-pt\/"},{"@type":"ListItem","position":2,"name":"Aplica\u00e7\u00f5es"}]},{"@type":"WebSite","@id":"https:\/\/evimotor.com\/pt-pt\/#website","url":"https:\/\/evimotor.com\/pt-pt\/","name":"Evimotor","description":"Electric Vehicles Italia","publisher":{"@id":"https:\/\/evimotor.com\/pt-pt\/#organization"},"potentialAction":[{"@type":"SearchAction","target":{"@type":"EntryPoint","urlTemplate":"https:\/\/evimotor.com\/pt-pt\/?s={search_term_string}"},"query-input":{"@type":"PropertyValueSpecification","valueRequired":true,"valueName":"search_term_string"}}],"inLanguage":"pt-PT"},{"@type":"Organization","@id":"https:\/\/evimotor.com\/pt-pt\/#organization","name":"Evimotor","url":"https:\/\/evimotor.com\/pt-pt\/","logo":{"@type":"ImageObject","inLanguage":"pt-PT","@id":"https:\/\/evimotor.com\/pt-pt\/#\/schema\/logo\/image\/","url":"https:\/\/evimotor.com\/wp-content\/uploads\/2025\/02\/logo-evimotor.png","contentUrl":"https:\/\/evimotor.com\/wp-content\/uploads\/2025\/02\/logo-evimotor.png","width":594,"height":110,"caption":"Evimotor"},"image":{"@id":"https:\/\/evimotor.com\/pt-pt\/#\/schema\/logo\/image\/"}}]}},"_links":{"self":[{"href":"https:\/\/evimotor.com\/pt-pt\/wp-json\/wp\/v2\/pages\/1562","targetHints":{"allow":["GET"]}}],"collection":[{"href":"https:\/\/evimotor.com\/pt-pt\/wp-json\/wp\/v2\/pages"}],"about":[{"href":"https:\/\/evimotor.com\/pt-pt\/wp-json\/wp\/v2\/types\/page"}],"author":[{"embeddable":true,"href":"https:\/\/evimotor.com\/pt-pt\/wp-json\/wp\/v2\/users\/1"}],"replies":[{"embeddable":true,"href":"https:\/\/evimotor.com\/pt-pt\/wp-json\/wp\/v2\/comments?post=1562"}],"version-history":[{"count":1,"href":"https:\/\/evimotor.com\/pt-pt\/wp-json\/wp\/v2\/pages\/1562\/revisions"}],"predecessor-version":[{"id":1569,"href":"https:\/\/evimotor.com\/pt-pt\/wp-json\/wp\/v2\/pages\/1562\/revisions\/1569"}],"wp:attachment":[{"href":"https:\/\/evimotor.com\/pt-pt\/wp-json\/wp\/v2\/media?parent=1562"}],"curies":[{"name":"wp","href":"https:\/\/api.w.org\/{rel}","templated":true}]}}