{"id":1605,"date":"2025-02-28T09:12:37","date_gmt":"2025-02-28T08:12:37","guid":{"rendered":"https:\/\/evimotor.com\/modelos\/"},"modified":"2026-03-19T11:01:21","modified_gmt":"2026-03-19T10:01:21","slug":"modelos","status":"publish","type":"page","link":"https:\/\/evimotor.com\/pt-pt\/modelos\/","title":{"rendered":"Modelos"},"content":{"rendered":"\t\t<div data-elementor-type=\"wp-page\" data-elementor-id=\"1605\" class=\"elementor elementor-1605 elementor-227\" data-elementor-post-type=\"page\">\n\t\t\t\t<div class=\"elementor-element elementor-element-31c8a9c e-flex e-con-boxed e-con e-parent\" data-id=\"31c8a9c\" data-element_type=\"container\" data-e-type=\"container\" data-settings=\"{&quot;background_background&quot;:&quot;classic&quot;}\">\n\t\t\t\t\t<div class=\"e-con-inner\">\n\t\t\t\t<div class=\"elementor-element elementor-element-8aed515 elementor-widget elementor-widget-spacer\" data-id=\"8aed515\" data-element_type=\"widget\" data-e-type=\"widget\" data-widget_type=\"spacer.default\">\n\t\t\t\t<div class=\"elementor-widget-container\">\n\t\t\t\t\t\t\t<div class=\"elementor-spacer\">\n\t\t\t<div class=\"elementor-spacer-inner\"><\/div>\n\t\t<\/div>\n\t\t\t\t\t\t<\/div>\n\t\t\t\t<\/div>\n\t\t\t\t\t<\/div>\n\t\t\t\t<\/div>\n\t\t<div class=\"elementor-element elementor-element-67a283cb e-flex e-con-boxed e-con e-parent\" data-id=\"67a283cb\" data-element_type=\"container\" data-e-type=\"container\">\n\t\t\t\t\t<div class=\"e-con-inner\">\n\t\t\t\t<div class=\"elementor-element elementor-element-26465f80 elementor-invisible elementor-widget elementor-widget-heading\" data-id=\"26465f80\" data-element_type=\"widget\" data-e-type=\"widget\" data-settings=\"{&quot;_animation&quot;:&quot;fadeIn&quot;,&quot;_animation_delay&quot;:200}\" data-widget_type=\"heading.default\">\n\t\t\t\t<div class=\"elementor-widget-container\">\n\t\t\t\t\t<h2 class=\"elementor-heading-title elementor-size-default\">Modelos dispon\u00edveis<\/h2>\t\t\t\t<\/div>\n\t\t\t\t<\/div>\n\t\t\t\t\t<\/div>\n\t\t\t\t<\/div>\n\t\t<div class=\"elementor-element elementor-element-c6ae247 e-con-full e-flex e-con e-parent\" data-id=\"c6ae247\" data-element_type=\"container\" data-e-type=\"container\">\n\t\t<div class=\"elementor-element elementor-element-697c243 e-con-full e-flex e-con e-child\" data-id=\"697c243\" data-element_type=\"container\" data-e-type=\"container\" data-settings=\"{&quot;background_background&quot;:&quot;gradient&quot;}\">\n\t\t<div class=\"elementor-element elementor-element-273831f e-con-full e-flex e-con e-child\" data-id=\"273831f\" data-element_type=\"container\" data-e-type=\"container\">\n\t\t\t\t<div class=\"elementor-element elementor-element-f74f037 elementor-widget__width-inherit elementor-invisible elementor-widget elementor-widget-text-editor\" data-id=\"f74f037\" data-element_type=\"widget\" data-e-type=\"widget\" data-settings=\"{&quot;_animation&quot;:&quot;fadeIn&quot;}\" data-widget_type=\"text-editor.default\">\n\t\t\t\t<div class=\"elementor-widget-container\">\n\t\t\t\t\t\t\t\t\t<p>EVITALIA<\/p>\n\t\t\t\t\t\t\t\t<\/div>\n\t\t\t\t<\/div>\n\t\t\t\t<div class=\"elementor-element elementor-element-832c38a elementor-invisible elementor-widget elementor-widget-heading\" data-id=\"832c38a\" data-element_type=\"widget\" data-e-type=\"widget\" data-settings=\"{&quot;_animation&quot;:&quot;fadeIn&quot;,&quot;_animation_delay&quot;:200}\" data-widget_type=\"heading.default\">\n\t\t\t\t<div class=\"elementor-widget-container\">\n\t\t\t\t\t<h3 class=\"elementor-heading-title elementor-size-default\">EVI COUNTRY<\/h3>\t\t\t\t<\/div>\n\t\t\t\t<\/div>\n\t\t\t\t<div class=\"elementor-element elementor-element-7e20641 elementor-invisible elementor-widget elementor-widget-text-editor\" data-id=\"7e20641\" data-element_type=\"widget\" data-e-type=\"widget\" data-settings=\"{&quot;_animation&quot;:&quot;fadeIn&quot;,&quot;_animation_delay&quot;:400}\" data-widget_type=\"text-editor.default\">\n\t\t\t\t<div class=\"elementor-widget-container\">\n\t\t\t\t\t\t\t\t\t<p><strong>EVI Country ha la dimensione perfetta per muoversi ovunque.<\/strong><\/p>\n<p>Non \u00e8 troppo ingombrante come un qualunque furgone da 3,5t ma \u00e8 grande abbastanza da garantire 1000 kg in capacit\u00e0 di carico ( es. 2 pallets) e una facile manovrabilit\u00e0 in spazi angusti. Il minimo raggio di manovra di 4,63 mt rende il lavoro agevole in piccoli spazi.<\/p>\n<p>Comfort e facile manovrabilit\u00e0 a grande velocit\u00e0 ( fino a 80 km\/h ) sono garantite grazie alle sofisticate sospensioni indipendenti e trazione a 4 ruote motrici.<\/p>\n\t\t\t\t\t\t\t\t<\/div>\n\t\t\t\t<\/div>\n\t\t\t\t<div class=\"elementor-element elementor-element-2265e3b elementor-invisible elementor-widget elementor-widget-button\" data-id=\"2265e3b\" data-element_type=\"widget\" data-e-type=\"widget\" data-settings=\"{&quot;_animation&quot;:&quot;fadeIn&quot;,&quot;_animation_delay&quot;:600}\" data-widget_type=\"button.default\">\n\t\t\t\t<div class=\"elementor-widget-container\">\n\t\t\t\t\t\t\t\t\t<div class=\"elementor-button-wrapper\">\n\t\t\t\t\t<a class=\"elementor-button elementor-button-link elementor-size-sm\" href=\"https:\/\/evimotor.com\/pt-pt\/modelos\/evi-country\/\">\n\t\t\t\t\t\t<span class=\"elementor-button-content-wrapper\">\n\t\t\t\t\t\t\t\t\t<span class=\"elementor-button-text\">Descubra o modelo<\/span>\n\t\t\t\t\t<\/span>\n\t\t\t\t\t<\/a>\n\t\t\t\t<\/div>\n\t\t\t\t\t\t\t\t<\/div>\n\t\t\t\t<\/div>\n\t\t\t\t<\/div>\n\t\t\t\t<\/div>\n\t\t<div class=\"elementor-element elementor-element-86b151b e-con-full e-flex e-con e-child\" data-id=\"86b151b\" data-element_type=\"container\" data-e-type=\"container\">\n\t\t\t\t<div class=\"elementor-element elementor-element-97ef390 elementor-widget elementor-widget-image\" data-id=\"97ef390\" data-element_type=\"widget\" data-e-type=\"widget\" data-widget_type=\"image.default\">\n\t\t\t\t<div class=\"elementor-widget-container\">\n\t\t\t\t\t\t\t\t\t\t\t\t\t\t\t<img fetchpriority=\"high\" decoding=\"async\" width=\"1600\" height=\"900\" src=\"https:\/\/evimotor.com\/wp-content\/uploads\/2025\/02\/Evicountry-by-Evitalia-02.jpg\" class=\"attachment-full size-full wp-image-1572\" alt=\"\" srcset=\"https:\/\/evimotor.com\/wp-content\/uploads\/2025\/02\/Evicountry-by-Evitalia-02.jpg 1600w, https:\/\/evimotor.com\/wp-content\/uploads\/2025\/02\/Evicountry-by-Evitalia-02-300x169.jpg 300w, https:\/\/evimotor.com\/wp-content\/uploads\/2025\/02\/Evicountry-by-Evitalia-02-1024x576.jpg 1024w, https:\/\/evimotor.com\/wp-content\/uploads\/2025\/02\/Evicountry-by-Evitalia-02-768x432.jpg 768w, https:\/\/evimotor.com\/wp-content\/uploads\/2025\/02\/Evicountry-by-Evitalia-02-1536x864.jpg 1536w\" sizes=\"(max-width: 1600px) 100vw, 1600px\" \/>\t\t\t\t\t\t\t\t\t\t\t\t\t\t\t<\/div>\n\t\t\t\t<\/div>\n\t\t\t\t<\/div>\n\t\t\t\t<\/div>\n\t\t<div class=\"elementor-element elementor-element-1007c5c e-con-full e-flex e-con e-parent\" data-id=\"1007c5c\" data-element_type=\"container\" data-e-type=\"container\">\n\t\t<div class=\"elementor-element elementor-element-f5533cb e-con-full e-flex e-con e-child\" data-id=\"f5533cb\" data-element_type=\"container\" data-e-type=\"container\">\n\t\t\t\t<div class=\"elementor-element elementor-element-cef9d2a elementor-widget elementor-widget-image\" data-id=\"cef9d2a\" data-element_type=\"widget\" data-e-type=\"widget\" data-widget_type=\"image.default\">\n\t\t\t\t<div class=\"elementor-widget-container\">\n\t\t\t\t\t\t\t\t\t\t\t\t\t\t\t<img decoding=\"async\" width=\"1960\" height=\"1307\" src=\"https:\/\/evimotor.com\/wp-content\/uploads\/2025\/05\/Evi-road1.jpg\" class=\"attachment-full size-full wp-image-666\" alt=\"\" srcset=\"https:\/\/evimotor.com\/wp-content\/uploads\/2025\/05\/Evi-road1.jpg 1960w, https:\/\/evimotor.com\/wp-content\/uploads\/2025\/05\/Evi-road1-300x200.jpg 300w, https:\/\/evimotor.com\/wp-content\/uploads\/2025\/05\/Evi-road1-1024x683.jpg 1024w, https:\/\/evimotor.com\/wp-content\/uploads\/2025\/05\/Evi-road1-768x512.jpg 768w, https:\/\/evimotor.com\/wp-content\/uploads\/2025\/05\/Evi-road1-1536x1024.jpg 1536w\" sizes=\"(max-width: 1960px) 100vw, 1960px\" \/>\t\t\t\t\t\t\t\t\t\t\t\t\t\t\t<\/div>\n\t\t\t\t<\/div>\n\t\t\t\t<\/div>\n\t\t<div class=\"elementor-element elementor-element-0c7e0c5 e-con-full e-flex e-con e-child\" data-id=\"0c7e0c5\" data-element_type=\"container\" data-e-type=\"container\" data-settings=\"{&quot;background_background&quot;:&quot;gradient&quot;}\">\n\t\t<div class=\"elementor-element elementor-element-a5e6a77 e-con-full e-flex e-con e-child\" data-id=\"a5e6a77\" data-element_type=\"container\" data-e-type=\"container\">\n\t\t\t\t<div class=\"elementor-element elementor-element-1e2b5d6 elementor-widget__width-inherit elementor-invisible elementor-widget elementor-widget-text-editor\" data-id=\"1e2b5d6\" data-element_type=\"widget\" data-e-type=\"widget\" data-settings=\"{&quot;_animation&quot;:&quot;fadeIn&quot;}\" data-widget_type=\"text-editor.default\">\n\t\t\t\t<div class=\"elementor-widget-container\">\n\t\t\t\t\t\t\t\t\t<p>EVITALIA<\/p>\n\t\t\t\t\t\t\t\t<\/div>\n\t\t\t\t<\/div>\n\t\t\t\t<div class=\"elementor-element elementor-element-805395f elementor-invisible elementor-widget elementor-widget-heading\" data-id=\"805395f\" data-element_type=\"widget\" data-e-type=\"widget\" data-settings=\"{&quot;_animation&quot;:&quot;fadeIn&quot;,&quot;_animation_delay&quot;:200}\" data-widget_type=\"heading.default\">\n\t\t\t\t<div class=\"elementor-widget-container\">\n\t\t\t\t\t<h3 class=\"elementor-heading-title elementor-size-default\">EVI ROAD<\/h3>\t\t\t\t<\/div>\n\t\t\t\t<\/div>\n\t\t\t\t<div class=\"elementor-element elementor-element-c26d4da elementor-invisible elementor-widget elementor-widget-text-editor\" data-id=\"c26d4da\" data-element_type=\"widget\" data-e-type=\"widget\" data-settings=\"{&quot;_animation&quot;:&quot;fadeIn&quot;,&quot;_animation_delay&quot;:400}\" data-widget_type=\"text-editor.default\">\n\t\t\t\t<div class=\"elementor-widget-container\">\n\t\t\t\t\t\t\t\t\t<p><b><strong>A EviRoad \u00e9 a carrinha el\u00e9trica que lhe permite trabalhar com total tranquilidade.<\/strong><\/b><\/p>\n<p>Gra\u00e7as \u00e0s suas baterias de 60 kWh, \u00e9 capaz de percorrer 250 km (Wltp) e transportar at\u00e9 800 kg de mercadorias. Pode atingir uma velocidade m\u00e1xima de 95 km\/h.<\/p>\n\t\t\t\t\t\t\t\t<\/div>\n\t\t\t\t<\/div>\n\t\t\t\t<div class=\"elementor-element elementor-element-6ec1f94 elementor-invisible elementor-widget elementor-widget-button\" data-id=\"6ec1f94\" data-element_type=\"widget\" data-e-type=\"widget\" data-settings=\"{&quot;_animation&quot;:&quot;fadeIn&quot;,&quot;_animation_delay&quot;:600}\" data-widget_type=\"button.default\">\n\t\t\t\t<div class=\"elementor-widget-container\">\n\t\t\t\t\t\t\t\t\t<div class=\"elementor-button-wrapper\">\n\t\t\t\t\t<a class=\"elementor-button elementor-button-link elementor-size-sm\" href=\"https:\/\/evimotor.com\/pt-pt\/modelos\/evi-road\/\">\n\t\t\t\t\t\t<span class=\"elementor-button-content-wrapper\">\n\t\t\t\t\t\t\t\t\t<span class=\"elementor-button-text\">Descubra o modelo<\/span>\n\t\t\t\t\t<\/span>\n\t\t\t\t\t<\/a>\n\t\t\t\t<\/div>\n\t\t\t\t\t\t\t\t<\/div>\n\t\t\t\t<\/div>\n\t\t\t\t<\/div>\n\t\t\t\t<\/div>\n\t\t\t\t<\/div>\n\t\t<div class=\"elementor-element elementor-element-4ef9285 e-con-full e-flex e-con e-parent\" data-id=\"4ef9285\" data-element_type=\"container\" data-e-type=\"container\">\n\t\t<div class=\"elementor-element elementor-element-c043b55 e-con-full e-flex e-con e-child\" data-id=\"c043b55\" data-element_type=\"container\" data-e-type=\"container\" data-settings=\"{&quot;background_background&quot;:&quot;gradient&quot;}\">\n\t\t<div class=\"elementor-element elementor-element-ac7c2c4 e-con-full e-flex e-con e-child\" data-id=\"ac7c2c4\" data-element_type=\"container\" data-e-type=\"container\">\n\t\t\t\t<div class=\"elementor-element elementor-element-6bd5e40 elementor-widget__width-inherit elementor-invisible elementor-widget elementor-widget-text-editor\" data-id=\"6bd5e40\" data-element_type=\"widget\" data-e-type=\"widget\" data-settings=\"{&quot;_animation&quot;:&quot;fadeIn&quot;}\" data-widget_type=\"text-editor.default\">\n\t\t\t\t<div class=\"elementor-widget-container\">\n\t\t\t\t\t\t\t\t\t<p>EVITALIA<\/p>\n\t\t\t\t\t\t\t\t<\/div>\n\t\t\t\t<\/div>\n\t\t\t\t<div class=\"elementor-element elementor-element-4ed70b1 elementor-invisible elementor-widget elementor-widget-heading\" data-id=\"4ed70b1\" data-element_type=\"widget\" data-e-type=\"widget\" data-settings=\"{&quot;_animation&quot;:&quot;fadeIn&quot;,&quot;_animation_delay&quot;:200}\" data-widget_type=\"heading.default\">\n\t\t\t\t<div class=\"elementor-widget-container\">\n\t\t\t\t\t<h3 class=\"elementor-heading-title elementor-size-default\">EVI COUNTRY PASSO LONGO<\/h3>\t\t\t\t<\/div>\n\t\t\t\t<\/div>\n\t\t\t\t<div class=\"elementor-element elementor-element-76bbd4a elementor-invisible elementor-widget elementor-widget-text-editor\" data-id=\"76bbd4a\" data-element_type=\"widget\" data-e-type=\"widget\" data-settings=\"{&quot;_animation&quot;:&quot;fadeIn&quot;,&quot;_animation_delay&quot;:400}\" data-widget_type=\"text-editor.default\">\n\t\t\t\t<div class=\"elementor-widget-container\">\n\t\t\t\t\t\t\t\t\t<p><b><strong>O EVI Country LWB possui o tamanho ideal para se deslocar em qualquer lugar.<\/strong><\/b><\/p>\n<p>N\u00e3o \u00e9 t\u00e3o volumoso como uma carrinha de 3,5 t, mas \u00e9 suficientemente grande para garantir 1000 kg de capacidade de carga (por exemplo, 2 paletes) e uma f\u00e1cil manobrabilidade em espa\u00e7os apertados. O raio m\u00ednimo de manobra de 4,63 m facilita o trabalho em espa\u00e7os reduzidos.<\/p>\n<p>O conforto e a f\u00e1cil manobrabilidade a alta velocidade (at\u00e9 80 km\/h) s\u00e3o garantidos gra\u00e7as \u00e0s sofisticadas suspens\u00f5es independentes e tra\u00e7\u00e3o \u00e0s 4 rodas.<\/p>\n\t\t\t\t\t\t\t\t<\/div>\n\t\t\t\t<\/div>\n\t\t\t\t<div class=\"elementor-element elementor-element-aa34d72 elementor-invisible elementor-widget elementor-widget-button\" data-id=\"aa34d72\" data-element_type=\"widget\" data-e-type=\"widget\" data-settings=\"{&quot;_animation&quot;:&quot;fadeIn&quot;,&quot;_animation_delay&quot;:600}\" data-widget_type=\"button.default\">\n\t\t\t\t<div class=\"elementor-widget-container\">\n\t\t\t\t\t\t\t\t\t<div class=\"elementor-button-wrapper\">\n\t\t\t\t\t<a class=\"elementor-button elementor-button-link elementor-size-sm\" href=\"https:\/\/evimotor.com\/pt-pt\/modelos\/evi-country-passo-longo\/\">\n\t\t\t\t\t\t<span class=\"elementor-button-content-wrapper\">\n\t\t\t\t\t\t\t\t\t<span class=\"elementor-button-text\">Descubra o modelo<\/span>\n\t\t\t\t\t<\/span>\n\t\t\t\t\t<\/a>\n\t\t\t\t<\/div>\n\t\t\t\t\t\t\t\t<\/div>\n\t\t\t\t<\/div>\n\t\t\t\t<\/div>\n\t\t\t\t<\/div>\n\t\t<div class=\"elementor-element elementor-element-4fbff12 e-con-full e-flex e-con e-child\" data-id=\"4fbff12\" data-element_type=\"container\" data-e-type=\"container\">\n\t\t\t\t<div class=\"elementor-element elementor-element-360397a elementor-widget elementor-widget-image\" data-id=\"360397a\" data-element_type=\"widget\" data-e-type=\"widget\" data-widget_type=\"image.default\">\n\t\t\t\t<div class=\"elementor-widget-container\">\n\t\t\t\t\t\t\t\t\t\t\t\t\t\t\t<img decoding=\"async\" width=\"1280\" height=\"848\" src=\"https:\/\/evimotor.com\/wp-content\/uploads\/2025\/07\/Evi-Country-LWB-6.png\" class=\"attachment-full size-full wp-image-1598\" alt=\"\" srcset=\"https:\/\/evimotor.com\/wp-content\/uploads\/2025\/07\/Evi-Country-LWB-6.png 1280w, https:\/\/evimotor.com\/wp-content\/uploads\/2025\/07\/Evi-Country-LWB-6-300x199.png 300w, https:\/\/evimotor.com\/wp-content\/uploads\/2025\/07\/Evi-Country-LWB-6-1024x678.png 1024w, https:\/\/evimotor.com\/wp-content\/uploads\/2025\/07\/Evi-Country-LWB-6-768x509.png 768w\" sizes=\"(max-width: 1280px) 100vw, 1280px\" \/>\t\t\t\t\t\t\t\t\t\t\t\t\t\t\t<\/div>\n\t\t\t\t<\/div>\n\t\t\t\t<\/div>\n\t\t\t\t<\/div>\n\t\t\t\t<\/div>\n\t\t","protected":false},"excerpt":{"rendered":"<p>Modelos dispon\u00edveis EVITALIA EVI COUNTRY EVI Country ha la dimensione perfetta per muoversi ovunque. Non \u00e8 troppo ingombrante come un qualunque furgone da 3,5t ma \u00e8 grande abbastanza da garantire 1000 kg in capacit\u00e0 di carico ( es. 2 pallets) e una facile manovrabilit\u00e0 in spazi angusti. Il minimo raggio di manovra di 4,63 mt [&hellip;]<\/p>\n","protected":false},"author":1,"featured_media":0,"parent":0,"menu_order":0,"comment_status":"closed","ping_status":"closed","template":"elementor_header_footer","meta":{"footnotes":""},"class_list":["post-1605","page","type-page","status-publish","hentry"],"yoast_head":"<!-- This site is optimized with the Yoast SEO plugin v27.2 - https:\/\/yoast.com\/product\/yoast-seo-wordpress\/ -->\n<title>Modelos de Ve\u00edculos El\u00e9tricos Comerciais e Industriais | Evimotor<\/title>\n<meta name=\"description\" content=\"Descubra a gama completa Evimotor: ve\u00edculos 100% el\u00e9tricos industriais e comerciais para log\u00edstica, munic\u00edpios e ind\u00fastria. Alta qualidade Made in Italy.\" \/>\n<meta name=\"robots\" content=\"index, follow, max-snippet:-1, max-image-preview:large, max-video-preview:-1\" \/>\n<link rel=\"canonical\" href=\"https:\/\/evimotor.com\/pt-pt\/modelos\/\" \/>\n<meta property=\"og:locale\" content=\"pt_PT\" \/>\n<meta property=\"og:type\" content=\"article\" \/>\n<meta property=\"og:title\" content=\"Modelos de Ve\u00edculos El\u00e9tricos Comerciais e Industriais | Evimotor\" \/>\n<meta property=\"og:description\" content=\"Descubra a gama completa Evimotor: ve\u00edculos 100% el\u00e9tricos industriais e comerciais para log\u00edstica, munic\u00edpios e ind\u00fastria. Alta qualidade Made in Italy.\" \/>\n<meta property=\"og:url\" content=\"https:\/\/evimotor.com\/pt-pt\/modelos\/\" \/>\n<meta property=\"og:site_name\" content=\"Evimotor\" \/>\n<meta property=\"article:modified_time\" content=\"2026-03-19T10:01:21+00:00\" \/>\n<meta property=\"og:image\" content=\"https:\/\/evimotor.com\/wp-content\/uploads\/2025\/02\/Evicountry-by-Evitalia-02.jpg\" \/>\n<meta name=\"twitter:card\" content=\"summary_large_image\" \/>\n<meta name=\"twitter:label1\" content=\"Tempo estimado de leitura\" \/>\n\t<meta name=\"twitter:data1\" content=\"1 minuto\" \/>\n<script type=\"application\/ld+json\" class=\"yoast-schema-graph\">{\"@context\":\"https:\/\/schema.org\",\"@graph\":[{\"@type\":\"WebPage\",\"@id\":\"https:\/\/evimotor.com\/pt-pt\/modelos\/\",\"url\":\"https:\/\/evimotor.com\/pt-pt\/modelos\/\",\"name\":\"Modelos de Ve\u00edculos El\u00e9tricos Comerciais e Industriais | Evimotor\",\"isPartOf\":{\"@id\":\"https:\/\/evimotor.com\/pt-pt\/#website\"},\"primaryImageOfPage\":{\"@id\":\"https:\/\/evimotor.com\/pt-pt\/modelos\/#primaryimage\"},\"image\":{\"@id\":\"https:\/\/evimotor.com\/pt-pt\/modelos\/#primaryimage\"},\"thumbnailUrl\":\"https:\/\/evimotor.com\/wp-content\/uploads\/2025\/02\/Evicountry-by-Evitalia-02.jpg\",\"datePublished\":\"2025-02-28T08:12:37+00:00\",\"dateModified\":\"2026-03-19T10:01:21+00:00\",\"description\":\"Descubra a gama completa Evimotor: ve\u00edculos 100% el\u00e9tricos industriais e comerciais para log\u00edstica, munic\u00edpios e ind\u00fastria. Alta qualidade Made in Italy.\",\"breadcrumb\":{\"@id\":\"https:\/\/evimotor.com\/pt-pt\/modelos\/#breadcrumb\"},\"inLanguage\":\"pt-PT\",\"potentialAction\":[{\"@type\":\"ReadAction\",\"target\":[\"https:\/\/evimotor.com\/pt-pt\/modelos\/\"]}]},{\"@type\":\"ImageObject\",\"inLanguage\":\"pt-PT\",\"@id\":\"https:\/\/evimotor.com\/pt-pt\/modelos\/#primaryimage\",\"url\":\"https:\/\/evimotor.com\/wp-content\/uploads\/2025\/02\/Evicountry-by-Evitalia-02.jpg\",\"contentUrl\":\"https:\/\/evimotor.com\/wp-content\/uploads\/2025\/02\/Evicountry-by-Evitalia-02.jpg\"},{\"@type\":\"BreadcrumbList\",\"@id\":\"https:\/\/evimotor.com\/pt-pt\/modelos\/#breadcrumb\",\"itemListElement\":[{\"@type\":\"ListItem\",\"position\":1,\"name\":\"Home\",\"item\":\"https:\/\/evimotor.com\/pt-pt\/\"},{\"@type\":\"ListItem\",\"position\":2,\"name\":\"Modelos\"}]},{\"@type\":\"WebSite\",\"@id\":\"https:\/\/evimotor.com\/pt-pt\/#website\",\"url\":\"https:\/\/evimotor.com\/pt-pt\/\",\"name\":\"Evimotor\",\"description\":\"Electric Vehicles Italia\",\"publisher\":{\"@id\":\"https:\/\/evimotor.com\/pt-pt\/#organization\"},\"potentialAction\":[{\"@type\":\"SearchAction\",\"target\":{\"@type\":\"EntryPoint\",\"urlTemplate\":\"https:\/\/evimotor.com\/pt-pt\/?s={search_term_string}\"},\"query-input\":{\"@type\":\"PropertyValueSpecification\",\"valueRequired\":true,\"valueName\":\"search_term_string\"}}],\"inLanguage\":\"pt-PT\"},{\"@type\":\"Organization\",\"@id\":\"https:\/\/evimotor.com\/pt-pt\/#organization\",\"name\":\"Evimotor\",\"url\":\"https:\/\/evimotor.com\/pt-pt\/\",\"logo\":{\"@type\":\"ImageObject\",\"inLanguage\":\"pt-PT\",\"@id\":\"https:\/\/evimotor.com\/pt-pt\/#\/schema\/logo\/image\/\",\"url\":\"https:\/\/evimotor.com\/wp-content\/uploads\/2025\/02\/logo-evimotor.png\",\"contentUrl\":\"https:\/\/evimotor.com\/wp-content\/uploads\/2025\/02\/logo-evimotor.png\",\"width\":594,\"height\":110,\"caption\":\"Evimotor\"},\"image\":{\"@id\":\"https:\/\/evimotor.com\/pt-pt\/#\/schema\/logo\/image\/\"}}]}<\/script>\n<!-- \/ Yoast SEO plugin. -->","yoast_head_json":{"title":"Modelos de Ve\u00edculos El\u00e9tricos Comerciais e Industriais | Evimotor","description":"Descubra a gama completa Evimotor: ve\u00edculos 100% el\u00e9tricos industriais e comerciais para log\u00edstica, munic\u00edpios e ind\u00fastria. Alta qualidade Made in Italy.","robots":{"index":"index","follow":"follow","max-snippet":"max-snippet:-1","max-image-preview":"max-image-preview:large","max-video-preview":"max-video-preview:-1"},"canonical":"https:\/\/evimotor.com\/pt-pt\/modelos\/","og_locale":"pt_PT","og_type":"article","og_title":"Modelos de Ve\u00edculos El\u00e9tricos Comerciais e Industriais | Evimotor","og_description":"Descubra a gama completa Evimotor: ve\u00edculos 100% el\u00e9tricos industriais e comerciais para log\u00edstica, munic\u00edpios e ind\u00fastria. Alta qualidade Made in Italy.","og_url":"https:\/\/evimotor.com\/pt-pt\/modelos\/","og_site_name":"Evimotor","article_modified_time":"2026-03-19T10:01:21+00:00","og_image":[{"url":"https:\/\/evimotor.com\/wp-content\/uploads\/2025\/02\/Evicountry-by-Evitalia-02.jpg","type":"","width":"","height":""}],"twitter_card":"summary_large_image","twitter_misc":{"Tempo estimado de leitura":"1 minuto"},"schema":{"@context":"https:\/\/schema.org","@graph":[{"@type":"WebPage","@id":"https:\/\/evimotor.com\/pt-pt\/modelos\/","url":"https:\/\/evimotor.com\/pt-pt\/modelos\/","name":"Modelos de Ve\u00edculos El\u00e9tricos Comerciais e Industriais | Evimotor","isPartOf":{"@id":"https:\/\/evimotor.com\/pt-pt\/#website"},"primaryImageOfPage":{"@id":"https:\/\/evimotor.com\/pt-pt\/modelos\/#primaryimage"},"image":{"@id":"https:\/\/evimotor.com\/pt-pt\/modelos\/#primaryimage"},"thumbnailUrl":"https:\/\/evimotor.com\/wp-content\/uploads\/2025\/02\/Evicountry-by-Evitalia-02.jpg","datePublished":"2025-02-28T08:12:37+00:00","dateModified":"2026-03-19T10:01:21+00:00","description":"Descubra a gama completa Evimotor: ve\u00edculos 100% el\u00e9tricos industriais e comerciais para log\u00edstica, munic\u00edpios e ind\u00fastria. Alta qualidade Made in Italy.","breadcrumb":{"@id":"https:\/\/evimotor.com\/pt-pt\/modelos\/#breadcrumb"},"inLanguage":"pt-PT","potentialAction":[{"@type":"ReadAction","target":["https:\/\/evimotor.com\/pt-pt\/modelos\/"]}]},{"@type":"ImageObject","inLanguage":"pt-PT","@id":"https:\/\/evimotor.com\/pt-pt\/modelos\/#primaryimage","url":"https:\/\/evimotor.com\/wp-content\/uploads\/2025\/02\/Evicountry-by-Evitalia-02.jpg","contentUrl":"https:\/\/evimotor.com\/wp-content\/uploads\/2025\/02\/Evicountry-by-Evitalia-02.jpg"},{"@type":"BreadcrumbList","@id":"https:\/\/evimotor.com\/pt-pt\/modelos\/#breadcrumb","itemListElement":[{"@type":"ListItem","position":1,"name":"Home","item":"https:\/\/evimotor.com\/pt-pt\/"},{"@type":"ListItem","position":2,"name":"Modelos"}]},{"@type":"WebSite","@id":"https:\/\/evimotor.com\/pt-pt\/#website","url":"https:\/\/evimotor.com\/pt-pt\/","name":"Evimotor","description":"Electric Vehicles Italia","publisher":{"@id":"https:\/\/evimotor.com\/pt-pt\/#organization"},"potentialAction":[{"@type":"SearchAction","target":{"@type":"EntryPoint","urlTemplate":"https:\/\/evimotor.com\/pt-pt\/?s={search_term_string}"},"query-input":{"@type":"PropertyValueSpecification","valueRequired":true,"valueName":"search_term_string"}}],"inLanguage":"pt-PT"},{"@type":"Organization","@id":"https:\/\/evimotor.com\/pt-pt\/#organization","name":"Evimotor","url":"https:\/\/evimotor.com\/pt-pt\/","logo":{"@type":"ImageObject","inLanguage":"pt-PT","@id":"https:\/\/evimotor.com\/pt-pt\/#\/schema\/logo\/image\/","url":"https:\/\/evimotor.com\/wp-content\/uploads\/2025\/02\/logo-evimotor.png","contentUrl":"https:\/\/evimotor.com\/wp-content\/uploads\/2025\/02\/logo-evimotor.png","width":594,"height":110,"caption":"Evimotor"},"image":{"@id":"https:\/\/evimotor.com\/pt-pt\/#\/schema\/logo\/image\/"}}]}},"_links":{"self":[{"href":"https:\/\/evimotor.com\/pt-pt\/wp-json\/wp\/v2\/pages\/1605","targetHints":{"allow":["GET"]}}],"collection":[{"href":"https:\/\/evimotor.com\/pt-pt\/wp-json\/wp\/v2\/pages"}],"about":[{"href":"https:\/\/evimotor.com\/pt-pt\/wp-json\/wp\/v2\/types\/page"}],"author":[{"embeddable":true,"href":"https:\/\/evimotor.com\/pt-pt\/wp-json\/wp\/v2\/users\/1"}],"replies":[{"embeddable":true,"href":"https:\/\/evimotor.com\/pt-pt\/wp-json\/wp\/v2\/comments?post=1605"}],"version-history":[{"count":2,"href":"https:\/\/evimotor.com\/pt-pt\/wp-json\/wp\/v2\/pages\/1605\/revisions"}],"predecessor-version":[{"id":1622,"href":"https:\/\/evimotor.com\/pt-pt\/wp-json\/wp\/v2\/pages\/1605\/revisions\/1622"}],"wp:attachment":[{"href":"https:\/\/evimotor.com\/pt-pt\/wp-json\/wp\/v2\/media?parent=1605"}],"curies":[{"name":"wp","href":"https:\/\/api.w.org\/{rel}","templated":true}]}}