{"id":1166,"date":"2025-03-06T13:58:41","date_gmt":"2025-03-06T12:58:41","guid":{"rendered":"https:\/\/evimotor.com\/anvandningsomraden\/"},"modified":"2026-03-19T12:25:39","modified_gmt":"2026-03-19T11:25:39","slug":"anvandningsomraden","status":"publish","type":"page","link":"https:\/\/evimotor.com\/sv\/anvandningsomraden\/","title":{"rendered":"Anv\u00e4ndningsomr\u00e5den"},"content":{"rendered":"\t\t<div data-elementor-type=\"wp-page\" data-elementor-id=\"1166\" class=\"elementor elementor-1166 elementor-394\" data-elementor-post-type=\"page\">\n\t\t\t\t<div class=\"elementor-element elementor-element-9dc076b e-flex e-con-boxed e-con e-parent\" data-id=\"9dc076b\" data-element_type=\"container\" data-e-type=\"container\" data-settings=\"{&quot;background_background&quot;:&quot;classic&quot;}\">\n\t\t\t\t\t<div class=\"e-con-inner\">\n\t\t\t\t<div class=\"elementor-element elementor-element-32cc97c elementor-widget elementor-widget-spacer\" data-id=\"32cc97c\" data-element_type=\"widget\" data-e-type=\"widget\" data-widget_type=\"spacer.default\">\n\t\t\t\t<div class=\"elementor-widget-container\">\n\t\t\t\t\t\t\t<div class=\"elementor-spacer\">\n\t\t\t<div class=\"elementor-spacer-inner\"><\/div>\n\t\t<\/div>\n\t\t\t\t\t\t<\/div>\n\t\t\t\t<\/div>\n\t\t\t\t\t<\/div>\n\t\t\t\t<\/div>\n\t\t<div class=\"elementor-element elementor-element-00a6fc6 e-flex e-con-boxed e-con e-parent\" data-id=\"00a6fc6\" data-element_type=\"container\" data-e-type=\"container\">\n\t\t\t\t\t<div class=\"e-con-inner\">\n\t\t<div class=\"elementor-element elementor-element-b27523b e-con-full e-flex elementor-invisible e-con e-child\" data-id=\"b27523b\" data-element_type=\"container\" data-e-type=\"container\" data-settings=\"{&quot;background_background&quot;:&quot;classic&quot;,&quot;animation&quot;:&quot;fadeIn&quot;,&quot;animation_delay&quot;:400}\">\n\t\t\t\t<div class=\"elementor-element elementor-element-6479820 elementor-invisible elementor-widget elementor-widget-text-editor\" data-id=\"6479820\" data-element_type=\"widget\" data-e-type=\"widget\" data-settings=\"{&quot;_animation&quot;:&quot;fadeIn&quot;,&quot;_animation_delay&quot;:400}\" data-widget_type=\"text-editor.default\">\n\t\t\t\t<div class=\"elementor-widget-container\">\n\t\t\t\t\t\t\t\t\t<p>L\u00f6sningen f\u00f6r alla typer av arbete och alla k\u00f6rstilar.<\/p>\n\t\t\t\t\t\t\t\t<\/div>\n\t\t\t\t<\/div>\n\t\t\t\t<div class=\"elementor-element elementor-element-91b1012 elementor-widget elementor-widget-text-editor\" data-id=\"91b1012\" data-element_type=\"widget\" data-e-type=\"widget\" data-widget_type=\"text-editor.default\">\n\t\t\t\t<div class=\"elementor-widget-container\">\n\t\t\t\t\t\t\t\t\t<p>Evitalia <b>100 % elektriska<\/b> fordon har ingen p\u00e5verkan p\u00e5 milj\u00f6n och \u00e4r dessutom <b>m\u00e5ngsidiga<\/b> och <b>tysta<\/b> n\u00e4r de k\u00f6r.<\/p>\n<p>Tack vare fyrhjulsdriften fungerar de p\u00e5 alla underlag, b\u00e5de p\u00e5 underlag med l\u00e5g friktion som grus, lera, sn\u00f6 och is och p\u00e5 asfalterade v\u00e4gar.<\/p>\n<p>De <b>m\u00e5nga tillbeh\u00f6ren<\/b> g\u00f6r det dessutom m\u00f6jligt att utf\u00f6ra m\u00e5nga olika aktiviteter utan att beh\u00f6va ha flera fordon.<\/p>\n\t\t\t\t\t\t\t\t<\/div>\n\t\t\t\t<\/div>\n\t\t\t\t<\/div>\n\t\t\t\t\t<\/div>\n\t\t\t\t<\/div>\n\t\t<div class=\"elementor-element elementor-element-3217bc6 e-flex e-con-boxed e-con e-parent\" data-id=\"3217bc6\" data-element_type=\"container\" data-e-type=\"container\" data-settings=\"{&quot;background_background&quot;:&quot;gradient&quot;}\">\n\t\t\t\t\t<div class=\"e-con-inner\">\n\t\t<div class=\"elementor-element elementor-element-1f723c1 e-grid e-con-full e-con e-child\" data-id=\"1f723c1\" data-element_type=\"container\" data-e-type=\"container\">\n\t\t<div class=\"elementor-element elementor-element-c241182 e-con-full e-flex elementor-invisible e-con e-child\" data-id=\"c241182\" data-element_type=\"container\" data-e-type=\"container\" data-settings=\"{&quot;background_background&quot;:&quot;classic&quot;,&quot;animation&quot;:&quot;fadeIn&quot;,&quot;animation_delay&quot;:400}\">\n\t\t\t\t<div class=\"elementor-element elementor-element-e137050 elementor-widget elementor-widget-image\" data-id=\"e137050\" data-element_type=\"widget\" data-e-type=\"widget\" data-widget_type=\"image.default\">\n\t\t\t\t<div class=\"elementor-widget-container\">\n\t\t\t\t\t\t\t\t\t\t\t\t\t\t\t<img fetchpriority=\"high\" decoding=\"async\" width=\"800\" height=\"534\" src=\"https:\/\/evimotor.com\/wp-content\/uploads\/2025\/03\/applicazioni-Municipalizzate-1024x683.jpg\" class=\"attachment-large size-large wp-image-1169\" alt=\"\" srcset=\"https:\/\/evimotor.com\/wp-content\/uploads\/2025\/03\/applicazioni-Municipalizzate-1024x683.jpg 1024w, https:\/\/evimotor.com\/wp-content\/uploads\/2025\/03\/applicazioni-Municipalizzate-300x200.jpg 300w, https:\/\/evimotor.com\/wp-content\/uploads\/2025\/03\/applicazioni-Municipalizzate-768x512.jpg 768w, https:\/\/evimotor.com\/wp-content\/uploads\/2025\/03\/applicazioni-Municipalizzate-1536x1024.jpg 1536w, https:\/\/evimotor.com\/wp-content\/uploads\/2025\/03\/applicazioni-Municipalizzate.jpg 1840w\" sizes=\"(max-width: 800px) 100vw, 800px\" \/>\t\t\t\t\t\t\t\t\t\t\t\t\t\t\t<\/div>\n\t\t\t\t<\/div>\n\t\t<div class=\"elementor-element elementor-element-b4105d4 e-con-full e-flex e-con e-child\" data-id=\"b4105d4\" data-element_type=\"container\" data-e-type=\"container\">\n\t\t\t\t<div class=\"elementor-element elementor-element-916501f elementor-widget elementor-widget-heading\" data-id=\"916501f\" data-element_type=\"widget\" data-e-type=\"widget\" data-widget_type=\"heading.default\">\n\t\t\t\t<div class=\"elementor-widget-container\">\n\t\t\t\t\t<h3 class=\"elementor-heading-title elementor-size-default\">Kommunala<\/h3>\t\t\t\t<\/div>\n\t\t\t\t<\/div>\n\t\t\t\t<div class=\"elementor-element elementor-element-ed12b7c elementor-widget elementor-widget-text-editor\" data-id=\"ed12b7c\" data-element_type=\"widget\" data-e-type=\"widget\" data-widget_type=\"text-editor.default\">\n\t\t\t\t<div class=\"elementor-widget-container\">\n\t\t\t\t\t\t\t\t\t<p>Evitalias elfordon \u00e4r det perfekta verktyget f\u00f6r alla uppgifter som kommunala f\u00f6retag utf\u00f6r inom kommunala tj\u00e4nster. <b>Gr\u00f6nsk\u00f6tsel, soph\u00e4mtning och allm\u00e4n <\/b>underh\u00e5ll \u00e4r bara n\u00e5gra av de uppgifter d\u00e4r v\u00e5ra elfordon \u00e4r effektiva.<\/p>\n<p>F\u00f6r att f\u00f6rb\u00e4ttra och g\u00f6ra kommunala arbetsfordonsflottor mycket mer effektiva erbjuder Evitalia sina elfordon med ett brett utbud av tillbeh\u00f6r.<\/p>\n<p>Evitalias elfordon \u00e4r ocks\u00e5 perfekta f\u00f6r sn\u00f6r\u00f6jning. Oavsett om det g\u00e4ller att rensa gatorna i ett stadscentrum eller sn\u00f6r\u00f6ja infarter till hotell, offentliga platser och semesteranl\u00e4ggningar i allm\u00e4nhet, \u00e4r EviCountry det perfekta fordonet.<\/p>\n<p>V\u00e5ra fordon \u00e4r utrustade med fyrhjulsdrift och tv\u00e5 kraftfulla elmotorer, vilket g\u00f6r att du kan r\u00f6ja sn\u00f6 under alla v\u00e4derf\u00f6rh\u00e5llanden.<\/p>\n\t\t\t\t\t\t\t\t<\/div>\n\t\t\t\t<\/div>\n\t\t\t\t<\/div>\n\t\t\t\t<\/div>\n\t\t<div class=\"elementor-element elementor-element-e40657a e-con-full e-flex elementor-invisible e-con e-child\" data-id=\"e40657a\" data-element_type=\"container\" data-e-type=\"container\" data-settings=\"{&quot;background_background&quot;:&quot;classic&quot;,&quot;animation&quot;:&quot;fadeIn&quot;,&quot;animation_delay&quot;:400}\">\n\t\t\t\t<div class=\"elementor-element elementor-element-03bf53f elementor-widget elementor-widget-image\" data-id=\"03bf53f\" data-element_type=\"widget\" data-e-type=\"widget\" data-widget_type=\"image.default\">\n\t\t\t\t<div class=\"elementor-widget-container\">\n\t\t\t\t\t\t\t\t\t\t\t\t\t\t\t<img decoding=\"async\" width=\"800\" height=\"534\" src=\"https:\/\/evimotor.com\/wp-content\/uploads\/2025\/03\/applicazioni-Agricoltura-1024x683.jpg\" class=\"attachment-large size-large wp-image-1168\" alt=\"\" srcset=\"https:\/\/evimotor.com\/wp-content\/uploads\/2025\/03\/applicazioni-Agricoltura-1024x683.jpg 1024w, https:\/\/evimotor.com\/wp-content\/uploads\/2025\/03\/applicazioni-Agricoltura-300x200.jpg 300w, https:\/\/evimotor.com\/wp-content\/uploads\/2025\/03\/applicazioni-Agricoltura-768x512.jpg 768w, https:\/\/evimotor.com\/wp-content\/uploads\/2025\/03\/applicazioni-Agricoltura-1536x1024.jpg 1536w, https:\/\/evimotor.com\/wp-content\/uploads\/2025\/03\/applicazioni-Agricoltura.jpg 1840w\" sizes=\"(max-width: 800px) 100vw, 800px\" \/>\t\t\t\t\t\t\t\t\t\t\t\t\t\t\t<\/div>\n\t\t\t\t<\/div>\n\t\t<div class=\"elementor-element elementor-element-efff621 e-con-full e-flex e-con e-child\" data-id=\"efff621\" data-element_type=\"container\" data-e-type=\"container\">\n\t\t\t\t<div class=\"elementor-element elementor-element-8ba8d8d elementor-widget elementor-widget-heading\" data-id=\"8ba8d8d\" data-element_type=\"widget\" data-e-type=\"widget\" data-widget_type=\"heading.default\">\n\t\t\t\t<div class=\"elementor-widget-container\">\n\t\t\t\t\t<h3 class=\"elementor-heading-title elementor-size-default\">Jordbruk<\/h3>\t\t\t\t<\/div>\n\t\t\t\t<\/div>\n\t\t\t\t<div class=\"elementor-element elementor-element-0d59690 elementor-widget elementor-widget-text-editor\" data-id=\"0d59690\" data-element_type=\"widget\" data-e-type=\"widget\" data-widget_type=\"text-editor.default\">\n\t\t\t\t<div class=\"elementor-widget-container\">\n\t\t\t\t\t\t\t\t\t<p>Evitalias elfordon \u00e4r det perfekta transportmedlet f\u00f6r m\u00e5nga olika <b>uppgifter inom jordbruk, skogsbruk<\/b> och mycket annat.<\/p>\n<p>Fyrhjulsdrift, nollutsl\u00e4pp och ingen buller g\u00f6r att fordonet kan anv\u00e4ndas b\u00e5de utomhus (p\u00e5 v\u00e4g och i terr\u00e4ng) och inomhus.<\/p>\n<p>F\u00f6rm\u00e5gan att klara <b>lutningar p\u00e5 35 %<\/b> och en lastkapacitet p\u00e5 upp till 1 000 kg g\u00f6r att de \u00e4ven kan anv\u00e4ndas i kuperad terr\u00e4ng och i berg.<\/p>\n<p>Evitalias multifunktionella elfordon \u00e4r en idealisk l\u00f6sning f\u00f6r arbete i <b>sv\u00e5rframkomliga och sv\u00e5r\u00e5tkomliga milj\u00f6er<\/b>. De \u00e4r tysta, utsl\u00e4ppsfria och har tillr\u00e4cklig r\u00e4ckvidd f\u00f6r att utf\u00f6ra l\u00e5ngvariga uppgifter.<\/p>\n<p>Inom skogsbruket kan multifunktionella elfordon anv\u00e4ndas f\u00f6r: <b>Transport av material och utrustning, \u00f6vervakning och kontroll av omr\u00e5det, n\u00f6dinsatser, underh\u00e5ll och reng\u00f6ring.<\/b><\/p>\n\t\t\t\t\t\t\t\t<\/div>\n\t\t\t\t<\/div>\n\t\t\t\t<\/div>\n\t\t\t\t<\/div>\n\t\t\t\t<\/div>\n\t\t<div class=\"elementor-element elementor-element-682c1e0 e-grid e-con-full e-con e-child\" data-id=\"682c1e0\" data-element_type=\"container\" data-e-type=\"container\">\n\t\t<div class=\"elementor-element elementor-element-20449d3 e-con-full e-flex elementor-invisible e-con e-child\" data-id=\"20449d3\" data-element_type=\"container\" data-e-type=\"container\" data-settings=\"{&quot;background_background&quot;:&quot;classic&quot;,&quot;animation&quot;:&quot;fadeIn&quot;,&quot;animation_delay&quot;:400}\">\n\t\t\t\t<div class=\"elementor-element elementor-element-b1bfb3f elementor-widget elementor-widget-image\" data-id=\"b1bfb3f\" data-element_type=\"widget\" data-e-type=\"widget\" data-widget_type=\"image.default\">\n\t\t\t\t<div class=\"elementor-widget-container\">\n\t\t\t\t\t\t\t\t\t\t\t\t\t\t\t<img decoding=\"async\" width=\"800\" height=\"534\" src=\"https:\/\/evimotor.com\/wp-content\/uploads\/2025\/05\/Industries2-1-1024x683.jpg\" class=\"attachment-large size-large wp-image-1172\" alt=\"\" srcset=\"https:\/\/evimotor.com\/wp-content\/uploads\/2025\/05\/Industries2-1-1024x683.jpg 1024w, https:\/\/evimotor.com\/wp-content\/uploads\/2025\/05\/Industries2-1-300x200.jpg 300w, https:\/\/evimotor.com\/wp-content\/uploads\/2025\/05\/Industries2-1-768x512.jpg 768w, https:\/\/evimotor.com\/wp-content\/uploads\/2025\/05\/Industries2-1.jpg 1200w\" sizes=\"(max-width: 800px) 100vw, 800px\" \/>\t\t\t\t\t\t\t\t\t\t\t\t\t\t\t<\/div>\n\t\t\t\t<\/div>\n\t\t<div class=\"elementor-element elementor-element-f47c41f e-con-full e-flex e-con e-child\" data-id=\"f47c41f\" data-element_type=\"container\" data-e-type=\"container\">\n\t\t\t\t<div class=\"elementor-element elementor-element-d3f6d28 elementor-widget elementor-widget-heading\" data-id=\"d3f6d28\" data-element_type=\"widget\" data-e-type=\"widget\" data-widget_type=\"heading.default\">\n\t\t\t\t<div class=\"elementor-widget-container\">\n\t\t\t\t\t<h3 class=\"elementor-heading-title elementor-size-default\">Bost\u00e4der<\/h3>\t\t\t\t<\/div>\n\t\t\t\t<\/div>\n\t\t\t\t<div class=\"elementor-element elementor-element-4872084 elementor-widget elementor-widget-text-editor\" data-id=\"4872084\" data-element_type=\"widget\" data-e-type=\"widget\" data-widget_type=\"text-editor.default\">\n\t\t\t\t<div class=\"elementor-widget-container\">\n\t\t\t\t\t\t\t\t\t<p>Gr\u00f6nsk\u00f6tsel, reng\u00f6ring av all\u00e9er i ett bostadsomr\u00e5de eller p\u00e5 en semesteranl\u00e4ggning, <b>underh\u00e5ll av campingplatser eller idrottsanl\u00e4ggningar<\/b> utf\u00f6rs enklare med ett fordon fr\u00e5n Evitalia.<\/p>\n<p>V\u00e5ra fordon \u00e4r godk\u00e4nda f\u00f6r v\u00e4gtrafik, har fyrhjulsdrift och kan k\u00f6ras p\u00e5 alla typer av underlag. Fr\u00e5n v\u00e4gar till golfbanor. I skogen, i lera eller p\u00e5 sn\u00f6.<\/p>\n<p>Ingenting stoppar v\u00e5ra fordon och de erbjuder marknadens h\u00f6gsta komfort.<\/p>\n<p>Underh\u00e5ll av semesteranl\u00e4ggningar, hotell och semesterorter kr\u00e4ver tysta fordon med noll p\u00e5verkan p\u00e5 milj\u00f6n.<\/p>\n<p>M\u00e5nga bostads- och turistomr\u00e5den ligger i kuperad och bergig terr\u00e4ng, och Evitalias fordon kan tack vare sin fyrhjulsdrift k\u00f6ra p\u00e5 alla typer av v\u00e4gar, b\u00e5de p\u00e5 och utanf\u00f6r v\u00e4gn\u00e4tet.<\/p>\n\t\t\t\t\t\t\t\t<\/div>\n\t\t\t\t<\/div>\n\t\t\t\t<\/div>\n\t\t\t\t<\/div>\n\t\t<div class=\"elementor-element elementor-element-cd37a7d e-con-full e-flex elementor-invisible e-con e-child\" data-id=\"cd37a7d\" data-element_type=\"container\" data-e-type=\"container\" data-settings=\"{&quot;background_background&quot;:&quot;classic&quot;,&quot;animation&quot;:&quot;fadeIn&quot;,&quot;animation_delay&quot;:400}\">\n\t\t\t\t<div class=\"elementor-element elementor-element-c47d288 elementor-widget elementor-widget-image\" data-id=\"c47d288\" data-element_type=\"widget\" data-e-type=\"widget\" data-widget_type=\"image.default\">\n\t\t\t\t<div class=\"elementor-widget-container\">\n\t\t\t\t\t\t\t\t\t\t\t\t\t\t\t<img loading=\"lazy\" decoding=\"async\" width=\"700\" height=\"467\" src=\"https:\/\/evimotor.com\/wp-content\/uploads\/2025\/05\/Golf-Course-ping-lee-unsplash-700x525-1.jpg\" class=\"attachment-large size-large wp-image-1171\" alt=\"\" srcset=\"https:\/\/evimotor.com\/wp-content\/uploads\/2025\/05\/Golf-Course-ping-lee-unsplash-700x525-1.jpg 700w, https:\/\/evimotor.com\/wp-content\/uploads\/2025\/05\/Golf-Course-ping-lee-unsplash-700x525-1-300x200.jpg 300w\" sizes=\"(max-width: 700px) 100vw, 700px\" \/>\t\t\t\t\t\t\t\t\t\t\t\t\t\t\t<\/div>\n\t\t\t\t<\/div>\n\t\t<div class=\"elementor-element elementor-element-71ef3a7 e-con-full e-flex e-con e-child\" data-id=\"71ef3a7\" data-element_type=\"container\" data-e-type=\"container\">\n\t\t\t\t<div class=\"elementor-element elementor-element-5c745ca elementor-widget elementor-widget-heading\" data-id=\"5c745ca\" data-element_type=\"widget\" data-e-type=\"widget\" data-widget_type=\"heading.default\">\n\t\t\t\t<div class=\"elementor-widget-container\">\n\t\t\t\t\t<h3 class=\"elementor-heading-title elementor-size-default\">Resort<\/h3>\t\t\t\t<\/div>\n\t\t\t\t<\/div>\n\t\t\t\t<div class=\"elementor-element elementor-element-4b81afa elementor-widget elementor-widget-text-editor\" data-id=\"4b81afa\" data-element_type=\"widget\" data-e-type=\"widget\" data-widget_type=\"text-editor.default\">\n\t\t\t\t<div class=\"elementor-widget-container\">\n\t\t\t\t\t\t\t\t\t<p>Underh\u00e5llet av gr\u00f6nomr\u00e5den kr\u00e4ver idag maskiner som <b>inte p\u00e5verkar milj\u00f6n<\/b> och, om m\u00f6jligt, <b>inte st\u00f6r lugnet<\/b>.<\/p>\n<p>Mjukheten hos vissa marktyper (t.ex. golfbanor) och instabiliteten hos andra (t.ex. leriga kullar eller sn\u00f6t\u00e4ckta v\u00e4gar) kr\u00e4ver dessutom att fordonen kan r\u00f6ra sig utan att skada eller f\u00f6rst\u00f6ra marken de f\u00e4rdas p\u00e5.<\/p>\n<p>EviCountry kan enkelt k\u00f6ra p\u00e5 alla typer av underlag.<\/p>\n\t\t\t\t\t\t\t\t<\/div>\n\t\t\t\t<\/div>\n\t\t\t\t<\/div>\n\t\t\t\t<\/div>\n\t\t\t\t<\/div>\n\t\t\t\t\t<\/div>\n\t\t\t\t<\/div>\n\t\t\t\t<\/div>\n\t\t","protected":false},"excerpt":{"rendered":"<p>L\u00f6sningen f\u00f6r alla typer av arbete och alla k\u00f6rstilar. Evitalia 100 % elektriska fordon har ingen p\u00e5verkan p\u00e5 milj\u00f6n och \u00e4r dessutom m\u00e5ngsidiga och tysta n\u00e4r de k\u00f6r. Tack vare fyrhjulsdriften fungerar de p\u00e5 alla underlag, b\u00e5de p\u00e5 underlag med l\u00e5g friktion som grus, lera, sn\u00f6 och is och p\u00e5 asfalterade v\u00e4gar. De m\u00e5nga tillbeh\u00f6ren [&hellip;]<\/p>\n","protected":false},"author":1,"featured_media":0,"parent":0,"menu_order":0,"comment_status":"closed","ping_status":"closed","template":"elementor_header_footer","meta":{"footnotes":""},"class_list":["post-1166","page","type-page","status-publish","hentry"],"yoast_head":"<!-- This site is optimized with the Yoast SEO plugin v27.2 - https:\/\/yoast.com\/product\/yoast-seo-wordpress\/ -->\n<title>Anv\u00e4ndningsomr\u00e5den f\u00f6r elektriska arbetsfordon | Evimotor<\/title>\n<meta name=\"description\" content=\"Evimotors l\u00f6sningar: avfallshantering, citylogistik, parksk\u00f6tsel och industri. 100 % elektrisk effektivitet f\u00f6r kommuner och f\u00f6retag.\" \/>\n<meta name=\"robots\" content=\"index, follow, max-snippet:-1, max-image-preview:large, max-video-preview:-1\" \/>\n<link rel=\"canonical\" href=\"https:\/\/evimotor.com\/sv\/anvandningsomraden\/\" \/>\n<meta property=\"og:locale\" content=\"sv_SE\" \/>\n<meta property=\"og:type\" content=\"article\" \/>\n<meta property=\"og:title\" content=\"Anv\u00e4ndningsomr\u00e5den f\u00f6r elektriska arbetsfordon | Evimotor\" \/>\n<meta property=\"og:description\" content=\"Evimotors l\u00f6sningar: avfallshantering, citylogistik, parksk\u00f6tsel och industri. 100 % elektrisk effektivitet f\u00f6r kommuner och f\u00f6retag.\" \/>\n<meta property=\"og:url\" content=\"https:\/\/evimotor.com\/sv\/anvandningsomraden\/\" \/>\n<meta property=\"og:site_name\" content=\"Evimotor\" \/>\n<meta property=\"article:modified_time\" content=\"2026-03-19T11:25:39+00:00\" \/>\n<meta property=\"og:image\" content=\"https:\/\/evimotor.com\/wp-content\/uploads\/2025\/03\/applicazioni-Municipalizzate.jpg\" \/>\n\t<meta property=\"og:image:width\" content=\"1840\" \/>\n\t<meta property=\"og:image:height\" content=\"1227\" \/>\n\t<meta property=\"og:image:type\" content=\"image\/jpeg\" \/>\n<meta name=\"twitter:card\" content=\"summary_large_image\" \/>\n<meta name=\"twitter:label1\" content=\"Ber\u00e4knad l\u00e4stid\" \/>\n\t<meta name=\"twitter:data1\" content=\"3 minuter\" \/>\n<script type=\"application\/ld+json\" class=\"yoast-schema-graph\">{\"@context\":\"https:\/\/schema.org\",\"@graph\":[{\"@type\":\"WebPage\",\"@id\":\"https:\/\/evimotor.com\/sv\/anvandningsomraden\/\",\"url\":\"https:\/\/evimotor.com\/sv\/anvandningsomraden\/\",\"name\":\"Anv\u00e4ndningsomr\u00e5den f\u00f6r elektriska arbetsfordon | Evimotor\",\"isPartOf\":{\"@id\":\"https:\/\/evimotor.com\/sv\/#website\"},\"primaryImageOfPage\":{\"@id\":\"https:\/\/evimotor.com\/sv\/anvandningsomraden\/#primaryimage\"},\"image\":{\"@id\":\"https:\/\/evimotor.com\/sv\/anvandningsomraden\/#primaryimage\"},\"thumbnailUrl\":\"https:\/\/evimotor.com\/wp-content\/uploads\/2025\/03\/applicazioni-Municipalizzate-1024x683.jpg\",\"datePublished\":\"2025-03-06T12:58:41+00:00\",\"dateModified\":\"2026-03-19T11:25:39+00:00\",\"description\":\"Evimotors l\u00f6sningar: avfallshantering, citylogistik, parksk\u00f6tsel och industri. 100 % elektrisk effektivitet f\u00f6r kommuner och f\u00f6retag.\",\"breadcrumb\":{\"@id\":\"https:\/\/evimotor.com\/sv\/anvandningsomraden\/#breadcrumb\"},\"inLanguage\":\"sv-SE\",\"potentialAction\":[{\"@type\":\"ReadAction\",\"target\":[\"https:\/\/evimotor.com\/sv\/anvandningsomraden\/\"]}]},{\"@type\":\"ImageObject\",\"inLanguage\":\"sv-SE\",\"@id\":\"https:\/\/evimotor.com\/sv\/anvandningsomraden\/#primaryimage\",\"url\":\"https:\/\/evimotor.com\/wp-content\/uploads\/2025\/03\/applicazioni-Municipalizzate-1024x683.jpg\",\"contentUrl\":\"https:\/\/evimotor.com\/wp-content\/uploads\/2025\/03\/applicazioni-Municipalizzate-1024x683.jpg\"},{\"@type\":\"BreadcrumbList\",\"@id\":\"https:\/\/evimotor.com\/sv\/anvandningsomraden\/#breadcrumb\",\"itemListElement\":[{\"@type\":\"ListItem\",\"position\":1,\"name\":\"Home\",\"item\":\"https:\/\/evimotor.com\/sv\/\"},{\"@type\":\"ListItem\",\"position\":2,\"name\":\"Anv\u00e4ndningsomr\u00e5den\"}]},{\"@type\":\"WebSite\",\"@id\":\"https:\/\/evimotor.com\/sv\/#website\",\"url\":\"https:\/\/evimotor.com\/sv\/\",\"name\":\"Evimotor\",\"description\":\"Electric Vehicles Italia\",\"publisher\":{\"@id\":\"https:\/\/evimotor.com\/sv\/#organization\"},\"potentialAction\":[{\"@type\":\"SearchAction\",\"target\":{\"@type\":\"EntryPoint\",\"urlTemplate\":\"https:\/\/evimotor.com\/sv\/?s={search_term_string}\"},\"query-input\":{\"@type\":\"PropertyValueSpecification\",\"valueRequired\":true,\"valueName\":\"search_term_string\"}}],\"inLanguage\":\"sv-SE\"},{\"@type\":\"Organization\",\"@id\":\"https:\/\/evimotor.com\/sv\/#organization\",\"name\":\"Evimotor\",\"url\":\"https:\/\/evimotor.com\/sv\/\",\"logo\":{\"@type\":\"ImageObject\",\"inLanguage\":\"sv-SE\",\"@id\":\"https:\/\/evimotor.com\/sv\/#\/schema\/logo\/image\/\",\"url\":\"https:\/\/evimotor.com\/wp-content\/uploads\/2025\/02\/logo-evimotor.png\",\"contentUrl\":\"https:\/\/evimotor.com\/wp-content\/uploads\/2025\/02\/logo-evimotor.png\",\"width\":594,\"height\":110,\"caption\":\"Evimotor\"},\"image\":{\"@id\":\"https:\/\/evimotor.com\/sv\/#\/schema\/logo\/image\/\"}}]}<\/script>\n<!-- \/ Yoast SEO plugin. -->","yoast_head_json":{"title":"Anv\u00e4ndningsomr\u00e5den f\u00f6r elektriska arbetsfordon | Evimotor","description":"Evimotors l\u00f6sningar: avfallshantering, citylogistik, parksk\u00f6tsel och industri. 100 % elektrisk effektivitet f\u00f6r kommuner och f\u00f6retag.","robots":{"index":"index","follow":"follow","max-snippet":"max-snippet:-1","max-image-preview":"max-image-preview:large","max-video-preview":"max-video-preview:-1"},"canonical":"https:\/\/evimotor.com\/sv\/anvandningsomraden\/","og_locale":"sv_SE","og_type":"article","og_title":"Anv\u00e4ndningsomr\u00e5den f\u00f6r elektriska arbetsfordon | Evimotor","og_description":"Evimotors l\u00f6sningar: avfallshantering, citylogistik, parksk\u00f6tsel och industri. 100 % elektrisk effektivitet f\u00f6r kommuner och f\u00f6retag.","og_url":"https:\/\/evimotor.com\/sv\/anvandningsomraden\/","og_site_name":"Evimotor","article_modified_time":"2026-03-19T11:25:39+00:00","og_image":[{"width":1840,"height":1227,"url":"https:\/\/evimotor.com\/wp-content\/uploads\/2025\/03\/applicazioni-Municipalizzate.jpg","type":"image\/jpeg"}],"twitter_card":"summary_large_image","twitter_misc":{"Ber\u00e4knad l\u00e4stid":"3 minuter"},"schema":{"@context":"https:\/\/schema.org","@graph":[{"@type":"WebPage","@id":"https:\/\/evimotor.com\/sv\/anvandningsomraden\/","url":"https:\/\/evimotor.com\/sv\/anvandningsomraden\/","name":"Anv\u00e4ndningsomr\u00e5den f\u00f6r elektriska arbetsfordon | Evimotor","isPartOf":{"@id":"https:\/\/evimotor.com\/sv\/#website"},"primaryImageOfPage":{"@id":"https:\/\/evimotor.com\/sv\/anvandningsomraden\/#primaryimage"},"image":{"@id":"https:\/\/evimotor.com\/sv\/anvandningsomraden\/#primaryimage"},"thumbnailUrl":"https:\/\/evimotor.com\/wp-content\/uploads\/2025\/03\/applicazioni-Municipalizzate-1024x683.jpg","datePublished":"2025-03-06T12:58:41+00:00","dateModified":"2026-03-19T11:25:39+00:00","description":"Evimotors l\u00f6sningar: avfallshantering, citylogistik, parksk\u00f6tsel och industri. 100 % elektrisk effektivitet f\u00f6r kommuner och f\u00f6retag.","breadcrumb":{"@id":"https:\/\/evimotor.com\/sv\/anvandningsomraden\/#breadcrumb"},"inLanguage":"sv-SE","potentialAction":[{"@type":"ReadAction","target":["https:\/\/evimotor.com\/sv\/anvandningsomraden\/"]}]},{"@type":"ImageObject","inLanguage":"sv-SE","@id":"https:\/\/evimotor.com\/sv\/anvandningsomraden\/#primaryimage","url":"https:\/\/evimotor.com\/wp-content\/uploads\/2025\/03\/applicazioni-Municipalizzate-1024x683.jpg","contentUrl":"https:\/\/evimotor.com\/wp-content\/uploads\/2025\/03\/applicazioni-Municipalizzate-1024x683.jpg"},{"@type":"BreadcrumbList","@id":"https:\/\/evimotor.com\/sv\/anvandningsomraden\/#breadcrumb","itemListElement":[{"@type":"ListItem","position":1,"name":"Home","item":"https:\/\/evimotor.com\/sv\/"},{"@type":"ListItem","position":2,"name":"Anv\u00e4ndningsomr\u00e5den"}]},{"@type":"WebSite","@id":"https:\/\/evimotor.com\/sv\/#website","url":"https:\/\/evimotor.com\/sv\/","name":"Evimotor","description":"Electric Vehicles Italia","publisher":{"@id":"https:\/\/evimotor.com\/sv\/#organization"},"potentialAction":[{"@type":"SearchAction","target":{"@type":"EntryPoint","urlTemplate":"https:\/\/evimotor.com\/sv\/?s={search_term_string}"},"query-input":{"@type":"PropertyValueSpecification","valueRequired":true,"valueName":"search_term_string"}}],"inLanguage":"sv-SE"},{"@type":"Organization","@id":"https:\/\/evimotor.com\/sv\/#organization","name":"Evimotor","url":"https:\/\/evimotor.com\/sv\/","logo":{"@type":"ImageObject","inLanguage":"sv-SE","@id":"https:\/\/evimotor.com\/sv\/#\/schema\/logo\/image\/","url":"https:\/\/evimotor.com\/wp-content\/uploads\/2025\/02\/logo-evimotor.png","contentUrl":"https:\/\/evimotor.com\/wp-content\/uploads\/2025\/02\/logo-evimotor.png","width":594,"height":110,"caption":"Evimotor"},"image":{"@id":"https:\/\/evimotor.com\/sv\/#\/schema\/logo\/image\/"}}]}},"_links":{"self":[{"href":"https:\/\/evimotor.com\/sv\/wp-json\/wp\/v2\/pages\/1166","targetHints":{"allow":["GET"]}}],"collection":[{"href":"https:\/\/evimotor.com\/sv\/wp-json\/wp\/v2\/pages"}],"about":[{"href":"https:\/\/evimotor.com\/sv\/wp-json\/wp\/v2\/types\/page"}],"author":[{"embeddable":true,"href":"https:\/\/evimotor.com\/sv\/wp-json\/wp\/v2\/users\/1"}],"replies":[{"embeddable":true,"href":"https:\/\/evimotor.com\/sv\/wp-json\/wp\/v2\/comments?post=1166"}],"version-history":[{"count":2,"href":"https:\/\/evimotor.com\/sv\/wp-json\/wp\/v2\/pages\/1166\/revisions"}],"predecessor-version":[{"id":1310,"href":"https:\/\/evimotor.com\/sv\/wp-json\/wp\/v2\/pages\/1166\/revisions\/1310"}],"wp:attachment":[{"href":"https:\/\/evimotor.com\/sv\/wp-json\/wp\/v2\/media?parent=1166"}],"curies":[{"name":"wp","href":"https:\/\/api.w.org\/{rel}","templated":true}]}}