{"id":1179,"date":"2025-03-13T12:30:57","date_gmt":"2025-03-13T11:30:57","guid":{"rendered":"https:\/\/evimotor.com\/evitaila\/"},"modified":"2025-07-28T13:48:22","modified_gmt":"2025-07-28T11:48:22","slug":"evitaila","status":"publish","type":"page","link":"https:\/\/evimotor.com\/sv\/evitaila\/","title":{"rendered":"Evitalia"},"content":{"rendered":"\t\t<div data-elementor-type=\"wp-page\" data-elementor-id=\"1179\" class=\"elementor elementor-1179 elementor-463\" data-elementor-post-type=\"page\">\n\t\t\t\t<div class=\"elementor-element elementor-element-34d7975e e-flex e-con-boxed e-con e-parent\" data-id=\"34d7975e\" data-element_type=\"container\" data-e-type=\"container\" data-settings=\"{&quot;background_background&quot;:&quot;classic&quot;}\">\n\t\t\t\t\t<div class=\"e-con-inner\">\n\t\t\t\t\t<\/div>\n\t\t\t\t<\/div>\n\t\t<div class=\"elementor-element elementor-element-adf8b0 e-flex e-con-boxed e-con e-parent\" data-id=\"adf8b0\" data-element_type=\"container\" data-e-type=\"container\">\n\t\t\t\t\t<div class=\"e-con-inner\">\n\t\t<div class=\"elementor-element elementor-element-1903060d e-con-full e-flex elementor-invisible e-con e-child\" data-id=\"1903060d\" data-element_type=\"container\" data-e-type=\"container\" data-settings=\"{&quot;background_background&quot;:&quot;classic&quot;,&quot;animation&quot;:&quot;fadeIn&quot;}\">\n\t\t\t\t<div class=\"elementor-element elementor-element-a99a723 elementor-widget-divider--view-line elementor-widget elementor-widget-divider\" data-id=\"a99a723\" data-element_type=\"widget\" data-e-type=\"widget\" data-widget_type=\"divider.default\">\n\t\t\t\t<div class=\"elementor-widget-container\">\n\t\t\t\t\t\t\t<div class=\"elementor-divider\">\n\t\t\t<span class=\"elementor-divider-separator\">\n\t\t\t\t\t\t<\/span>\n\t\t<\/div>\n\t\t\t\t\t\t<\/div>\n\t\t\t\t<\/div>\n\t\t\t\t<\/div>\n\t\t<div class=\"elementor-element elementor-element-1e1fbed0 e-con-full e-flex e-con e-child\" data-id=\"1e1fbed0\" data-element_type=\"container\" data-e-type=\"container\">\n\t\t\t\t<div class=\"elementor-element elementor-element-508a6188 elementor-invisible elementor-widget elementor-widget-heading\" data-id=\"508a6188\" data-element_type=\"widget\" data-e-type=\"widget\" data-settings=\"{&quot;_animation&quot;:&quot;fadeIn&quot;,&quot;_animation_delay&quot;:200}\" data-widget_type=\"heading.default\">\n\t\t\t\t<div class=\"elementor-widget-container\">\n\t\t\t\t\t<h2 class=\"elementor-heading-title elementor-size-default\">Gr\u00f6n filosofi<\/h2>\t\t\t\t<\/div>\n\t\t\t\t<\/div>\n\t\t\t\t<div class=\"elementor-element elementor-element-5819804b elementor-widget elementor-widget-spacer\" data-id=\"5819804b\" data-element_type=\"widget\" data-e-type=\"widget\" data-widget_type=\"spacer.default\">\n\t\t\t\t<div class=\"elementor-widget-container\">\n\t\t\t\t\t\t\t<div class=\"elementor-spacer\">\n\t\t\t<div class=\"elementor-spacer-inner\"><\/div>\n\t\t<\/div>\n\t\t\t\t\t\t<\/div>\n\t\t\t\t<\/div>\n\t\t\t\t<div class=\"elementor-element elementor-element-2b69eaa3 elementor-invisible elementor-widget elementor-widget-text-editor\" data-id=\"2b69eaa3\" data-element_type=\"widget\" data-e-type=\"widget\" data-settings=\"{&quot;_animation&quot;:&quot;fadeIn&quot;,&quot;_animation_delay&quot;:400}\" data-widget_type=\"text-editor.default\">\n\t\t\t\t<div class=\"elementor-widget-container\">\n\t\t\t\t\t\t\t\t\t<p><b>Evitalia <\/b>\u00e4r ett italienskt f\u00f6retag som tillverkar multifunktionella elfordon.<\/p>\n<p>V\u00e5ra fordon \u00e4r konstruerade f\u00f6r att vara effektiva och milj\u00f6v\u00e4nliga, med noll milj\u00f6p\u00e5verkan.<\/p>\n<p>Tack vare den 1 MW solcellsanl\u00e4ggning som \u00e4r installerad ovanf\u00f6r v\u00e5r fabrik kan vi producera all energi som beh\u00f6vs f\u00f6r tillverkningen av v\u00e5ra fordon. P\u00e5 s\u00e5 s\u00e4tt producerar vi inga koldioxidutsl\u00e4pp och bidrar till att minska milj\u00f6f\u00f6roreningarna.<\/p>\n<p>V\u00e5ra fordon finns i en m\u00e4ngd olika modeller och med ett brett utbud av tillbeh\u00f6r f\u00f6r att tillgodose v\u00e5ra kunders olika behov.<\/p>\n<p>V\u00e5ra fordon \u00e4r dessutom utrustade med en rad innovativa tekniker som g\u00f6r dem mer effektiva och s\u00e4kra.<\/p>\n\t\t\t\t\t\t\t\t<\/div>\n\t\t\t\t<\/div>\n\t\t\t\t<div class=\"elementor-element elementor-element-104bea09 elementor-invisible elementor-widget elementor-widget-button\" data-id=\"104bea09\" data-element_type=\"widget\" data-e-type=\"widget\" data-settings=\"{&quot;_animation&quot;:&quot;fadeIn&quot;,&quot;_animation_delay&quot;:600}\" data-widget_type=\"button.default\">\n\t\t\t\t<div class=\"elementor-widget-container\">\n\t\t\t\t\t\t\t\t\t<div class=\"elementor-button-wrapper\">\n\t\t\t\t\t<a class=\"elementor-button elementor-button-link elementor-size-sm\" href=\"#\">\n\t\t\t\t\t\t<span class=\"elementor-button-content-wrapper\">\n\t\t\t\t\t\t\t\t\t<span class=\"elementor-button-text\">Ladda ner v\u00e5r presentation<\/span>\n\t\t\t\t\t<\/span>\n\t\t\t\t\t<\/a>\n\t\t\t\t<\/div>\n\t\t\t\t\t\t\t\t<\/div>\n\t\t\t\t<\/div>\n\t\t\t\t<\/div>\n\t\t\t\t\t<\/div>\n\t\t\t\t<\/div>\n\t\t<div class=\"elementor-element elementor-element-15b3c016 e-flex e-con-boxed e-con e-parent\" data-id=\"15b3c016\" data-element_type=\"container\" data-e-type=\"container\" data-settings=\"{&quot;background_background&quot;:&quot;classic&quot;}\">\n\t\t\t\t\t<div class=\"e-con-inner\">\n\t\t\t\t<div class=\"elementor-element elementor-element-71439c8d elementor-invisible elementor-widget elementor-widget-heading\" data-id=\"71439c8d\" data-element_type=\"widget\" data-e-type=\"widget\" data-settings=\"{&quot;_animation&quot;:&quot;fadeIn&quot;,&quot;_animation_delay&quot;:200}\" data-widget_type=\"heading.default\">\n\t\t\t\t<div class=\"elementor-widget-container\">\n\t\t\t\t\t<h4 class=\"elementor-heading-title elementor-size-default\">Evitalia \u00e4r engagerat i att fr\u00e4mja h\u00e5llbar mobilitet och de fordon vi tillverkar \u00e4r en idealisk l\u00f6sning f\u00f6r dem som s\u00f6ker ett s\u00e4tt att f\u00f6rflytta sig, transportera och arbeta p\u00e5 ett ekologiskt och milj\u00f6v\u00e4nligt s\u00e4tt.<\/h4>\t\t\t\t<\/div>\n\t\t\t\t<\/div>\n\t\t<div class=\"elementor-element elementor-element-266d6c34 e-con-full e-flex e-con e-child\" data-id=\"266d6c34\" data-element_type=\"container\" data-e-type=\"container\">\n\t\t<div class=\"elementor-element elementor-element-41cd720e e-con-full e-flex elementor-invisible e-con e-child\" data-id=\"41cd720e\" data-element_type=\"container\" data-e-type=\"container\" data-settings=\"{&quot;background_background&quot;:&quot;classic&quot;,&quot;animation&quot;:&quot;fadeIn&quot;,&quot;animation_delay&quot;:400}\">\n\t\t\t\t<div class=\"elementor-element elementor-element-2cfb714c elementor-widget-divider--view-line elementor-widget elementor-widget-divider\" data-id=\"2cfb714c\" data-element_type=\"widget\" data-e-type=\"widget\" data-widget_type=\"divider.default\">\n\t\t\t\t<div class=\"elementor-widget-container\">\n\t\t\t\t\t\t\t<div class=\"elementor-divider\">\n\t\t\t<span class=\"elementor-divider-separator\">\n\t\t\t\t\t\t<\/span>\n\t\t<\/div>\n\t\t\t\t\t\t<\/div>\n\t\t\t\t<\/div>\n\t\t\t\t<\/div>\n\t\t<div class=\"elementor-element elementor-element-59b47bc7 e-con-full e-flex elementor-invisible e-con e-child\" data-id=\"59b47bc7\" data-element_type=\"container\" data-e-type=\"container\" data-settings=\"{&quot;background_background&quot;:&quot;slideshow&quot;,&quot;background_slideshow_gallery&quot;:[{&quot;id&quot;:428,&quot;url&quot;:&quot;https:\\\/\\\/evimotor.com\\\/wp-content\\\/uploads\\\/2025\\\/03\\\/applicazioni-Agricoltura.jpg&quot;},{&quot;id&quot;:132,&quot;url&quot;:&quot;https:\\\/\\\/evimotor.com\\\/wp-content\\\/uploads\\\/2025\\\/02\\\/EvItalia-EviCountry-03.jpg&quot;},{&quot;id&quot;:248,&quot;url&quot;:&quot;https:\\\/\\\/evimotor.com\\\/wp-content\\\/uploads\\\/2025\\\/02\\\/country-offroad.jpg&quot;}],&quot;animation&quot;:&quot;fadeIn&quot;,&quot;animation_delay&quot;:500,&quot;background_slideshow_loop&quot;:&quot;yes&quot;,&quot;background_slideshow_slide_duration&quot;:5000,&quot;background_slideshow_slide_transition&quot;:&quot;fade&quot;,&quot;background_slideshow_transition_duration&quot;:500}\">\n\t\t\t\t<div class=\"elementor-element elementor-element-540dbf14 elementor-widget-divider--view-line elementor-widget elementor-widget-divider\" data-id=\"540dbf14\" data-element_type=\"widget\" data-e-type=\"widget\" data-widget_type=\"divider.default\">\n\t\t\t\t<div class=\"elementor-widget-container\">\n\t\t\t\t\t\t\t<div class=\"elementor-divider\">\n\t\t\t<span class=\"elementor-divider-separator\">\n\t\t\t\t\t\t<\/span>\n\t\t<\/div>\n\t\t\t\t\t\t<\/div>\n\t\t\t\t<\/div>\n\t\t\t\t<\/div>\n\t\t\t\t<\/div>\n\t\t<div class=\"elementor-element elementor-element-3aaafd20 e-grid e-con-full e-con e-child\" data-id=\"3aaafd20\" data-element_type=\"container\" data-e-type=\"container\">\n\t\t<div class=\"elementor-element elementor-element-161ca2 e-con-full e-flex elementor-invisible e-con e-child\" data-id=\"161ca2\" data-element_type=\"container\" data-e-type=\"container\" data-settings=\"{&quot;animation&quot;:&quot;fadeIn&quot;}\">\n\t\t\t\t<div class=\"elementor-element elementor-element-b8cd8b4 elementor-widget-divider--view-line elementor-widget elementor-widget-divider\" data-id=\"b8cd8b4\" data-element_type=\"widget\" data-e-type=\"widget\" data-widget_type=\"divider.default\">\n\t\t\t\t<div class=\"elementor-widget-container\">\n\t\t\t\t\t\t\t<div class=\"elementor-divider\">\n\t\t\t<span class=\"elementor-divider-separator\">\n\t\t\t\t\t\t<\/span>\n\t\t<\/div>\n\t\t\t\t\t\t<\/div>\n\t\t\t\t<\/div>\n\t\t\t\t<div class=\"elementor-element elementor-element-60fcf756 elementor-widget elementor-widget-heading\" data-id=\"60fcf756\" data-element_type=\"widget\" data-e-type=\"widget\" data-widget_type=\"heading.default\">\n\t\t\t\t<div class=\"elementor-widget-container\">\n\t\t\t\t\t<h3 class=\"elementor-heading-title elementor-size-default\">V\u00e5ra v\u00e4rderingar<\/h3>\t\t\t\t<\/div>\n\t\t\t\t<\/div>\n\t\t\t\t<div class=\"elementor-element elementor-element-63b3275a elementor-widget elementor-widget-text-editor\" data-id=\"63b3275a\" data-element_type=\"widget\" data-e-type=\"widget\" data-widget_type=\"text-editor.default\">\n\t\t\t\t<div class=\"elementor-widget-container\">\n\t\t\t\t\t\t\t\t\t<ul>\n<li><b>H\u00e5llbarhet:<\/b> Vi str\u00e4var efter att minska v\u00e5r verksamhets milj\u00f6p\u00e5verkan.<\/li>\n<li><b>Innovation<\/b>: Vi letar alltid efter nya tekniker f\u00f6r att f\u00f6rb\u00e4ttra v\u00e5ra produkter och tj\u00e4nster.<\/li>\n<li><b>Kvalitet<\/b>: Vi str\u00e4var efter att erbjuda v\u00e5ra kunder produkter och tj\u00e4nster av h\u00f6g kvalitet.<\/li>\n<\/ul>\n\t\t\t\t\t\t\t\t<\/div>\n\t\t\t\t<\/div>\n\t\t\t\t<\/div>\n\t\t<div class=\"elementor-element elementor-element-3dbc4d7f e-con-full e-flex elementor-invisible e-con e-child\" data-id=\"3dbc4d7f\" data-element_type=\"container\" data-e-type=\"container\" data-settings=\"{&quot;animation&quot;:&quot;fadeIn&quot;,&quot;animation_delay&quot;:200}\">\n\t\t\t\t<div class=\"elementor-element elementor-element-60177e08 elementor-widget-divider--view-line elementor-widget elementor-widget-divider\" data-id=\"60177e08\" data-element_type=\"widget\" data-e-type=\"widget\" data-widget_type=\"divider.default\">\n\t\t\t\t<div class=\"elementor-widget-container\">\n\t\t\t\t\t\t\t<div class=\"elementor-divider\">\n\t\t\t<span class=\"elementor-divider-separator\">\n\t\t\t\t\t\t<\/span>\n\t\t<\/div>\n\t\t\t\t\t\t<\/div>\n\t\t\t\t<\/div>\n\t\t\t\t<div class=\"elementor-element elementor-element-1087ef15 elementor-widget elementor-widget-heading\" data-id=\"1087ef15\" data-element_type=\"widget\" data-e-type=\"widget\" data-widget_type=\"heading.default\">\n\t\t\t\t<div class=\"elementor-widget-container\">\n\t\t\t\t\t<h3 class=\"elementor-heading-title elementor-size-default\">V\u00e5ra m\u00e5l<\/h3>\t\t\t\t<\/div>\n\t\t\t\t<\/div>\n\t\t\t\t<div class=\"elementor-element elementor-element-1d5a643a elementor-widget elementor-widget-text-editor\" data-id=\"1d5a643a\" data-element_type=\"widget\" data-e-type=\"widget\" data-widget_type=\"text-editor.default\">\n\t\t\t\t<div class=\"elementor-widget-container\">\n\t\t\t\t\t\t\t\t\t<ul>\n<li>Bli ledande inom tillverkning av multifunktionella elfordon.<\/li>\n<li>Minska transportindustrins koldioxidutsl\u00e4pp.<\/li>\n<li>Bidra till en mer h\u00e5llbar framtid.<\/li>\n<\/ul>\n\t\t\t\t\t\t\t\t<\/div>\n\t\t\t\t<\/div>\n\t\t\t\t<\/div>\n\t\t\t\t<\/div>\n\t\t\t\t\t<\/div>\n\t\t\t\t<\/div>\n\t\t\t\t<\/div>\n\t\t","protected":false},"excerpt":{"rendered":"<p>Gr\u00f6n filosofi Evitalia \u00e4r ett italienskt f\u00f6retag som tillverkar multifunktionella elfordon. V\u00e5ra fordon \u00e4r konstruerade f\u00f6r att vara effektiva och milj\u00f6v\u00e4nliga, med noll milj\u00f6p\u00e5verkan. Tack vare den 1 MW solcellsanl\u00e4ggning som \u00e4r installerad ovanf\u00f6r v\u00e5r fabrik kan vi producera all energi som beh\u00f6vs f\u00f6r tillverkningen av v\u00e5ra fordon. P\u00e5 s\u00e5 s\u00e4tt producerar vi inga koldioxidutsl\u00e4pp [&hellip;]<\/p>\n","protected":false},"author":2,"featured_media":0,"parent":0,"menu_order":0,"comment_status":"closed","ping_status":"closed","template":"elementor_header_footer","meta":{"footnotes":""},"class_list":["post-1179","page","type-page","status-publish","hentry"],"yoast_head":"<!-- This site is optimized with the Yoast SEO plugin v27.2 - https:\/\/yoast.com\/product\/yoast-seo-wordpress\/ -->\n<title>Evitalia - Evimotor<\/title>\n<meta name=\"robots\" content=\"index, follow, max-snippet:-1, max-image-preview:large, max-video-preview:-1\" \/>\n<link rel=\"canonical\" href=\"https:\/\/evimotor.com\/sv\/evitaila\/\" \/>\n<meta property=\"og:locale\" content=\"sv_SE\" \/>\n<meta property=\"og:type\" content=\"article\" \/>\n<meta property=\"og:title\" content=\"Evitalia - Evimotor\" \/>\n<meta property=\"og:description\" content=\"Gr\u00f6n filosofi Evitalia \u00e4r ett italienskt f\u00f6retag som tillverkar multifunktionella elfordon. V\u00e5ra fordon \u00e4r konstruerade f\u00f6r att vara effektiva och milj\u00f6v\u00e4nliga, med noll milj\u00f6p\u00e5verkan. Tack vare den 1 MW solcellsanl\u00e4ggning som \u00e4r installerad ovanf\u00f6r v\u00e5r fabrik kan vi producera all energi som beh\u00f6vs f\u00f6r tillverkningen av v\u00e5ra fordon. P\u00e5 s\u00e5 s\u00e4tt producerar vi inga koldioxidutsl\u00e4pp [&hellip;]\" \/>\n<meta property=\"og:url\" content=\"https:\/\/evimotor.com\/sv\/evitaila\/\" \/>\n<meta property=\"og:site_name\" content=\"Evimotor\" \/>\n<meta property=\"article:modified_time\" content=\"2025-07-28T11:48:22+00:00\" \/>\n<meta name=\"twitter:card\" content=\"summary_large_image\" \/>\n<meta name=\"twitter:label1\" content=\"Ber\u00e4knad l\u00e4stid\" \/>\n\t<meta name=\"twitter:data1\" content=\"1 minut\" \/>\n<script type=\"application\/ld+json\" class=\"yoast-schema-graph\">{\"@context\":\"https:\/\/schema.org\",\"@graph\":[{\"@type\":\"WebPage\",\"@id\":\"https:\/\/evimotor.com\/sv\/evitaila\/\",\"url\":\"https:\/\/evimotor.com\/sv\/evitaila\/\",\"name\":\"Evitalia - Evimotor\",\"isPartOf\":{\"@id\":\"https:\/\/evimotor.com\/sv\/#website\"},\"datePublished\":\"2025-03-13T11:30:57+00:00\",\"dateModified\":\"2025-07-28T11:48:22+00:00\",\"breadcrumb\":{\"@id\":\"https:\/\/evimotor.com\/sv\/evitaila\/#breadcrumb\"},\"inLanguage\":\"sv-SE\",\"potentialAction\":[{\"@type\":\"ReadAction\",\"target\":[\"https:\/\/evimotor.com\/sv\/evitaila\/\"]}]},{\"@type\":\"BreadcrumbList\",\"@id\":\"https:\/\/evimotor.com\/sv\/evitaila\/#breadcrumb\",\"itemListElement\":[{\"@type\":\"ListItem\",\"position\":1,\"name\":\"Home\",\"item\":\"https:\/\/evimotor.com\/sv\/\"},{\"@type\":\"ListItem\",\"position\":2,\"name\":\"Evitalia\"}]},{\"@type\":\"WebSite\",\"@id\":\"https:\/\/evimotor.com\/sv\/#website\",\"url\":\"https:\/\/evimotor.com\/sv\/\",\"name\":\"Evimotor\",\"description\":\"Electric Vehicles Italia\",\"publisher\":{\"@id\":\"https:\/\/evimotor.com\/sv\/#organization\"},\"potentialAction\":[{\"@type\":\"SearchAction\",\"target\":{\"@type\":\"EntryPoint\",\"urlTemplate\":\"https:\/\/evimotor.com\/sv\/?s={search_term_string}\"},\"query-input\":{\"@type\":\"PropertyValueSpecification\",\"valueRequired\":true,\"valueName\":\"search_term_string\"}}],\"inLanguage\":\"sv-SE\"},{\"@type\":\"Organization\",\"@id\":\"https:\/\/evimotor.com\/sv\/#organization\",\"name\":\"Evimotor\",\"url\":\"https:\/\/evimotor.com\/sv\/\",\"logo\":{\"@type\":\"ImageObject\",\"inLanguage\":\"sv-SE\",\"@id\":\"https:\/\/evimotor.com\/sv\/#\/schema\/logo\/image\/\",\"url\":\"https:\/\/evimotor.com\/wp-content\/uploads\/2025\/02\/logo-evimotor.png\",\"contentUrl\":\"https:\/\/evimotor.com\/wp-content\/uploads\/2025\/02\/logo-evimotor.png\",\"width\":594,\"height\":110,\"caption\":\"Evimotor\"},\"image\":{\"@id\":\"https:\/\/evimotor.com\/sv\/#\/schema\/logo\/image\/\"}}]}<\/script>\n<!-- \/ Yoast SEO plugin. -->","yoast_head_json":{"title":"Evitalia - Evimotor","robots":{"index":"index","follow":"follow","max-snippet":"max-snippet:-1","max-image-preview":"max-image-preview:large","max-video-preview":"max-video-preview:-1"},"canonical":"https:\/\/evimotor.com\/sv\/evitaila\/","og_locale":"sv_SE","og_type":"article","og_title":"Evitalia - Evimotor","og_description":"Gr\u00f6n filosofi Evitalia \u00e4r ett italienskt f\u00f6retag som tillverkar multifunktionella elfordon. V\u00e5ra fordon \u00e4r konstruerade f\u00f6r att vara effektiva och milj\u00f6v\u00e4nliga, med noll milj\u00f6p\u00e5verkan. Tack vare den 1 MW solcellsanl\u00e4ggning som \u00e4r installerad ovanf\u00f6r v\u00e5r fabrik kan vi producera all energi som beh\u00f6vs f\u00f6r tillverkningen av v\u00e5ra fordon. P\u00e5 s\u00e5 s\u00e4tt producerar vi inga koldioxidutsl\u00e4pp [&hellip;]","og_url":"https:\/\/evimotor.com\/sv\/evitaila\/","og_site_name":"Evimotor","article_modified_time":"2025-07-28T11:48:22+00:00","twitter_card":"summary_large_image","twitter_misc":{"Ber\u00e4knad l\u00e4stid":"1 minut"},"schema":{"@context":"https:\/\/schema.org","@graph":[{"@type":"WebPage","@id":"https:\/\/evimotor.com\/sv\/evitaila\/","url":"https:\/\/evimotor.com\/sv\/evitaila\/","name":"Evitalia - Evimotor","isPartOf":{"@id":"https:\/\/evimotor.com\/sv\/#website"},"datePublished":"2025-03-13T11:30:57+00:00","dateModified":"2025-07-28T11:48:22+00:00","breadcrumb":{"@id":"https:\/\/evimotor.com\/sv\/evitaila\/#breadcrumb"},"inLanguage":"sv-SE","potentialAction":[{"@type":"ReadAction","target":["https:\/\/evimotor.com\/sv\/evitaila\/"]}]},{"@type":"BreadcrumbList","@id":"https:\/\/evimotor.com\/sv\/evitaila\/#breadcrumb","itemListElement":[{"@type":"ListItem","position":1,"name":"Home","item":"https:\/\/evimotor.com\/sv\/"},{"@type":"ListItem","position":2,"name":"Evitalia"}]},{"@type":"WebSite","@id":"https:\/\/evimotor.com\/sv\/#website","url":"https:\/\/evimotor.com\/sv\/","name":"Evimotor","description":"Electric Vehicles Italia","publisher":{"@id":"https:\/\/evimotor.com\/sv\/#organization"},"potentialAction":[{"@type":"SearchAction","target":{"@type":"EntryPoint","urlTemplate":"https:\/\/evimotor.com\/sv\/?s={search_term_string}"},"query-input":{"@type":"PropertyValueSpecification","valueRequired":true,"valueName":"search_term_string"}}],"inLanguage":"sv-SE"},{"@type":"Organization","@id":"https:\/\/evimotor.com\/sv\/#organization","name":"Evimotor","url":"https:\/\/evimotor.com\/sv\/","logo":{"@type":"ImageObject","inLanguage":"sv-SE","@id":"https:\/\/evimotor.com\/sv\/#\/schema\/logo\/image\/","url":"https:\/\/evimotor.com\/wp-content\/uploads\/2025\/02\/logo-evimotor.png","contentUrl":"https:\/\/evimotor.com\/wp-content\/uploads\/2025\/02\/logo-evimotor.png","width":594,"height":110,"caption":"Evimotor"},"image":{"@id":"https:\/\/evimotor.com\/sv\/#\/schema\/logo\/image\/"}}]}},"_links":{"self":[{"href":"https:\/\/evimotor.com\/sv\/wp-json\/wp\/v2\/pages\/1179","targetHints":{"allow":["GET"]}}],"collection":[{"href":"https:\/\/evimotor.com\/sv\/wp-json\/wp\/v2\/pages"}],"about":[{"href":"https:\/\/evimotor.com\/sv\/wp-json\/wp\/v2\/types\/page"}],"author":[{"embeddable":true,"href":"https:\/\/evimotor.com\/sv\/wp-json\/wp\/v2\/users\/2"}],"replies":[{"embeddable":true,"href":"https:\/\/evimotor.com\/sv\/wp-json\/wp\/v2\/comments?post=1179"}],"version-history":[{"count":2,"href":"https:\/\/evimotor.com\/sv\/wp-json\/wp\/v2\/pages\/1179\/revisions"}],"predecessor-version":[{"id":1350,"href":"https:\/\/evimotor.com\/sv\/wp-json\/wp\/v2\/pages\/1179\/revisions\/1350"}],"wp:attachment":[{"href":"https:\/\/evimotor.com\/sv\/wp-json\/wp\/v2\/media?parent=1179"}],"curies":[{"name":"wp","href":"https:\/\/api.w.org\/{rel}","templated":true}]}}